{"id":277,"date":"2013-03-22T18:55:22","date_gmt":"2013-03-22T17:55:22","guid":{"rendered":"http:\/\/lawyers-attorneys.vamtam.com\/?page_id=277"},"modified":"2024-01-10T13:41:53","modified_gmt":"2024-01-10T12:41:53","slug":"aktuelles","status":"publish","type":"page","link":"https:\/\/vineyard-mc.com\/de_de\/aktuelles\/","title":{"rendered":"Mediathek"},"content":{"rendered":"<div class=\"push\" style='height:50px'><\/div>\n<div class=\"row \"><div class=\"wpv-grid grid-1-3  wpv-first-level first unextended\" style=\"padding-top:0px;padding-bottom:0px\" id=\"wpv-column-027b22a4d9a2ec4e9512f4f6d640d2d6\" >\n<div  data-href=\"https:\/\/vineyard-mc.com\/aktuelles\/neuigkeiten\/\" tabindex=\"1\" data-target=\"_blank\" class=\"linkarea clearfix accent7  background-transparent\">\n\t\t\t<div class=\"first\"><span class='icon shortcode   use-hover' style='font-size:62px !important;color:#CCA876;'>&#57352;<\/span><\/div>\n\t\t\t\t<div class=\"last\"><div class=\"push\" style='height:20px'><\/div>\n<h3 style=\"text-align: center;\">Neuigkeiten<\/h3>\n<p style=\"text-align: center;\"><div class=\"push\" style='height:10px'><\/div><\/div>\n\t<\/div><\/div>\n<div class=\"wpv-grid grid-1-3  wpv-first-level unextended\" style=\"padding-top:0px;padding-bottom:0px\" id=\"wpv-column-703da2204c91559cb01b690d4313996d\" >\n<div  data-href=\"https:\/\/vineyard-mc.com\/aktuelles\/neuigkeiten\/\" tabindex=\"1\" data-target=\"_blank\" class=\"linkarea clearfix accent7  background-transparent\">\n\t\t\t<div class=\"first\"><span class='icon shortcode   use-hover' style='font-size:62px !important;color:#CCA876;'>&#57417;<\/span><\/div>\n\t\t\t\t<div class=\"last\"><div class=\"push\" style='height:20px'><\/div>\n<h3 style=\"text-align: center;\">Publikationen<\/h3>\n<p style=\"text-align: center;\"><div class=\"push\" style='height:10px'><\/div><\/div>\n\t<\/div><\/div>\n<div class=\"wpv-grid grid-1-3  wpv-first-level unextended\" style=\"padding-top:0px;padding-bottom:0px\" id=\"wpv-column-3931d6b5cc5cbe4fe83de41c35253c8c\" >\n<div  data-href=\"https:\/\/vineyard-mc.com\/aktuelles\/neuigkeiten\/\" tabindex=\"1\" data-target=\"_blank\" class=\"linkarea clearfix accent7  background-transparent\">\n\t\t\t<div class=\"first\"><span class='icon shortcode   use-hover' style='font-size:62px !important;color:#CCA876;'>&#57582;<\/span><\/div>\n\t\t\t\t<div class=\"last\"><div class=\"push\" style='height:20px'><\/div>\n<h3 style=\"text-align: center;\">Interviews<\/h3>\n<p style=\"text-align: center;\"><div class=\"push\" style='height:10px'><\/div><\/div>\n\t<\/div><\/div><\/div>\n<div class=\"push\" style='height:30px'><\/div>\n<div class=\"sep\"><\/div>\n<div class=\"row \"><div class=\"wpv-grid grid-1-1  wpv-first-level first unextended\" style=\"padding-top:0px;padding-bottom:0px\" id=\"wpv-column-24bc62cc6b97dc27891a929283f4ee7c\" >\t\t<div class=\"sep-text single centered\">\n\t\t\t\t\t\t\t<span class=\"sep-text-before\"><div class=\"sep-text-line\"><\/div><\/span>\n\t\t\t\t\t\t<div class=\"content\">\n\t\t\t\t<h2 class=\"text-divider-double\">Neuigkeiten<\/h2>\t\t\t<\/div>\n\t\t\t<span class=\"sep-text-after\"><div class=\"sep-text-line\"><\/div><\/span>\n\t\t\t\t\t<\/div>\n\t<div class=\"loop-wrapper clearfix regular normal paginated\" data-columns=\"1\"  >\n\t\t<div class=\"page-content post-header clearfix list-item post-988810 post type-post status-publish format-standard hentry category-publikationen\" >\n\t\t\t<div>\n\t\t\t\t<div class=\"post-article no-image-wrapper \">\n\t<div class=\"standard-post-format clearfix as-normal as-standard-post-format\">\n\t\t<div class=\"post-row\">\n\t<div class=\"post-row-left\">\n\t\n<div class=\"post-date\">\n\t<time class=\"date updated\" datetime=\"2023-11-23T00:00:37+01:00\">\n\t\t\t\t\t<span class=\"top-part\">\n\t\t\t\t23\t\t\t<\/span>\n\t\t\t<span class=\"bottom-part\">\n\t\t\t\t11 '23\t\t\t<\/span>\n\t\t\t<\/time>\n<\/div><\/div>\n\t<div class=\"post-row-center\">\n\t\t\t\t<div class=\"post-content-outer\">\n\t\t\t\t\t<header class=\"single\">\n\t\t\t<div class=\"content\">\n\t\t\t\t\t\t\t\t<h3>\n\t\t\t\t\t<a href=\"https:\/\/vineyard-mc.com\/de_de\/publikation-information-security\/\" title=\"Publikation &#8220;Information Security &#8211; Smarte L\u00f6sungen zu neuartigen Bedrohungen und erweiterter Regulatorik&#8221;\" class=\"entry-title\">Publikation &#8220;Information Security &#8211; Smarte L\u00f6sungen zu neuartigen Bedrohungen und erweiterter Regulatorik&#8221;<\/a>\n\t\t\t\t<\/h3>\n\t\t\t<\/div>\n\t\t<\/header>\n\t<div class=\"post-content the-content\">\n\t<p>Die Vineyard Management Consulting GmbH hat das Buch \u201cInformation Security &#8211; Smarte L\u00f6sungen zu neuartigen Bedrohungen und erweiterter Regulatorik\u201d publiziert: In einer Welt mit weiteren neuen globalen Krisen und neuartigen Bedrohungen gilt es mehr denn je gewappnet zu sein. Dies trifft auch in einem nie gekannten Ausma\u00df auf den Cyberspace zu, dessen Schutz einen immer&#8230;<\/p>\n<\/div><div class=\"post-meta\">\n\t<nav class=\"clearfix\">\n\t\t\n\t\t\t\t\t\t\t\t\t\t<\/nav>\n<\/div>\t\t<\/div>\n\t<\/div>\n<\/div>\t<\/div>\n<\/div>\n\t\t\t<\/div>\n\t\t<\/div>\n\t\t<div class=\"page-content post-header clearfix list-item post-988807 post type-post status-publish format-standard hentry category-publikationen\" >\n\t\t\t<div>\n\t\t\t\t<div class=\"post-article no-image-wrapper \">\n\t<div class=\"standard-post-format clearfix as-normal as-standard-post-format\">\n\t\t<div class=\"post-row\">\n\t<div class=\"post-row-left\">\n\t\n<div class=\"post-date\">\n\t<time class=\"date updated\" datetime=\"2022-11-22T00:00:07+01:00\">\n\t\t\t\t\t<span class=\"top-part\">\n\t\t\t\t22\t\t\t<\/span>\n\t\t\t<span class=\"bottom-part\">\n\t\t\t\t11 '22\t\t\t<\/span>\n\t\t\t<\/time>\n<\/div><\/div>\n\t<div class=\"post-row-center\">\n\t\t\t\t<div class=\"post-content-outer\">\n\t\t\t\t\t<header class=\"single\">\n\t\t\t<div class=\"content\">\n\t\t\t\t\t\t\t\t<h3>\n\t\t\t\t\t<a href=\"https:\/\/vineyard-mc.com\/de_de\/publikation-transformation-von-business-und-it\/\" title=\"Publikation &#8220;Transformation von Business und IT: Auswirkungen der Mega-Trends der kommenden Jahre&#8221;\" class=\"entry-title\">Publikation &#8220;Transformation von Business und IT: Auswirkungen der Mega-Trends der kommenden Jahre&#8221;<\/a>\n\t\t\t\t<\/h3>\n\t\t\t<\/div>\n\t\t<\/header>\n\t<div class=\"post-content the-content\">\n\t<p>Die Vineyard Management Consulting GmbH hat das Buch \u201cTransformation von Business und IT: Auswirkungen der Mega-Trends der kommenden Jahre\u201d publiziert: Transformation und IT. Ursache und Wirkung k\u00f6nnten in diesem Zusammenhang wechselseitig sein: wollen die Menschen immer noch mehr oder g\u00e4nzlich Neues aus der IT herausholen? Oder transformiert die IT selbst bereits in gro\u00dfen Teilen schon&#8230;<\/p>\n<\/div><div class=\"post-meta\">\n\t<nav class=\"clearfix\">\n\t\t\n\t\t\t\t\t\t\t\t\t\t<\/nav>\n<\/div>\t\t<\/div>\n\t<\/div>\n<\/div>\t<\/div>\n<\/div>\n\t\t\t<\/div>\n\t\t<\/div>\n\t\t<div class=\"page-content post-header clearfix list-item post-988802 post type-post status-publish format-standard hentry category-publikationen\" >\n\t\t\t<div>\n\t\t\t\t<div class=\"post-article no-image-wrapper \">\n\t<div class=\"standard-post-format clearfix as-normal as-standard-post-format\">\n\t\t<div class=\"post-row\">\n\t<div class=\"post-row-left\">\n\t\n<div class=\"post-date\">\n\t<time class=\"date updated\" datetime=\"2021-11-21T00:00:10+01:00\">\n\t\t\t\t\t<span class=\"top-part\">\n\t\t\t\t21\t\t\t<\/span>\n\t\t\t<span class=\"bottom-part\">\n\t\t\t\t11 '21\t\t\t<\/span>\n\t\t\t<\/time>\n<\/div><\/div>\n\t<div class=\"post-row-center\">\n\t\t\t\t<div class=\"post-content-outer\">\n\t\t\t\t\t<header class=\"single\">\n\t\t\t<div class=\"content\">\n\t\t\t\t\t\t\t\t<h3>\n\t\t\t\t\t<a href=\"https:\/\/vineyard-mc.com\/de_de\/publikation-chance-oder-risiko-chancen-nutzen-und-risiken-mitigieren-in-einer-komplexen-welt\/\" title=\"Publikation &#8220;Chance oder Risiko? Chancen nutzen und Risiken mitigieren in einer komplexen Welt&#8221;\" class=\"entry-title\">Publikation &#8220;Chance oder Risiko? Chancen nutzen und Risiken mitigieren in einer komplexen Welt&#8221;<\/a>\n\t\t\t\t<\/h3>\n\t\t\t<\/div>\n\t\t<\/header>\n\t<div class=\"post-content the-content\">\n\t<p>Die Vineyard Management Consulting GmbH hat das Buch \u201cChance oder Risiko? Chancen nutzen und Risiken mitigieren in einer komplexen Welt\u201d publiziert: Chancen gibt es im Gesch\u00e4ftsleben eigentlich zu jeder Zeit. Doch welche Organisationen nutzten Chancen immer zeitnah und zielgerichtet? Sicherlich nicht die gro\u00dfe Mehrheit der Akteure. Zu den erfolgreichsten und langlebigsten Unternehmen z\u00e4hlen in der&#8230;<\/p>\n<\/div><div class=\"post-meta\">\n\t<nav class=\"clearfix\">\n\t\t\n\t\t\t\t\t\t\t\t\t\t<\/nav>\n<\/div>\t\t<\/div>\n\t<\/div>\n<\/div>\t<\/div>\n<\/div>\n\t\t\t<\/div>\n\t\t<\/div>\n<\/div>\n\n<div class=\"wp-pagenavi\"><span class=\"pages\">Page 1 of 15<\/span><span aria-current=\"page\" class=\"page-numbers current\">1<\/span>\n<a class=\"page-numbers\" href=\"https:\/\/vineyard-mc.com\/de_de\/wp-json\/wp\/v2\/pages\/277\/page\/2\/\">2<\/a>\n<a class=\"page-numbers\" href=\"https:\/\/vineyard-mc.com\/de_de\/wp-json\/wp\/v2\/pages\/277\/page\/3\/\">3<\/a>\n<span class=\"page-numbers dots\">&hellip;<\/span>\n<a class=\"page-numbers\" href=\"https:\/\/vineyard-mc.com\/de_de\/wp-json\/wp\/v2\/pages\/277\/page\/15\/\">15<\/a>\n<a class=\"next page-numbers\" href=\"https:\/\/vineyard-mc.com\/de_de\/wp-json\/wp\/v2\/pages\/277\/page\/2\/\">Next<\/a><\/div><\/div><\/div>\n","protected":false},"excerpt":{"rendered":"<p>Die Vineyard Management Consulting GmbH hat das Buch \u201cChance oder Risiko? Chancen nutzen und Risiken mitigieren in einer komplexen Welt\u201d publiziert: Chancen gibt es im Gesch\u00e4ftsleben eigentlich zu jeder Zeit. Doch welche Organisationen nutzten Chancen immer zeitnah und zielgerichtet? Sicherlich nicht die gro\u00dfe Mehrheit der Akteure. Zu den erfolgreichsten und langlebigsten Unternehmen z\u00e4hlen in der&#8230;<\/p>\n","protected":false},"author":2,"featured_media":0,"parent":0,"menu_order":14,"comment_status":"closed","ping_status":"closed","template":"","meta":{"footnotes":""},"class_list":["post-277","page","type-page","status-publish","hentry"],"yoast_head":"<!-- This site is optimized with the Yoast SEO plugin v27.4 - https:\/\/yoast.com\/product\/yoast-seo-wordpress\/ -->\n<title>Mediathek - Vineyard Management Consulting GmbH<\/title>\n<meta name=\"robots\" content=\"index, follow, max-snippet:-1, max-image-preview:large, max-video-preview:-1\" \/>\n<link rel=\"canonical\" href=\"https:\/\/vineyard-mc.com\/de_de\/aktuelles\/\" \/>\n<meta property=\"og:locale\" content=\"de_DE\" \/>\n<meta property=\"og:type\" content=\"article\" \/>\n<meta property=\"og:title\" content=\"Mediathek - Vineyard Management Consulting GmbH\" \/>\n<meta property=\"og:description\" content=\"Die Vineyard Management Consulting GmbH hat das Buch \u201cChance oder Risiko? Chancen nutzen und Risiken mitigieren in einer komplexen Welt\u201d publiziert: Chancen gibt es im Gesch\u00e4ftsleben eigentlich zu jeder Zeit. Doch welche Organisationen nutzten Chancen immer zeitnah und zielgerichtet? Sicherlich nicht die gro\u00dfe Mehrheit der Akteure. Zu den erfolgreichsten und langlebigsten Unternehmen z\u00e4hlen in der...\" \/>\n<meta property=\"og:url\" content=\"https:\/\/vineyard-mc.com\/de_de\/aktuelles\/\" \/>\n<meta property=\"og:site_name\" content=\"Vineyard Management Consulting GmbH\" \/>\n<meta property=\"article:modified_time\" content=\"2024-01-10T12:41:53+00:00\" \/>\n<meta name=\"twitter:card\" content=\"summary_large_image\" \/>\n<meta name=\"twitter:label1\" content=\"Gesch\u00e4tzte Lesezeit\" \/>\n\t<meta name=\"twitter:data1\" content=\"1\u00a0Minute\" \/>\n<script type=\"application\/ld+json\" class=\"yoast-schema-graph\">{\"@context\":\"https:\\\/\\\/schema.org\",\"@graph\":[{\"@type\":\"WebPage\",\"@id\":\"https:\\\/\\\/vineyard-mc.com\\\/de_de\\\/aktuelles\\\/\",\"url\":\"https:\\\/\\\/vineyard-mc.com\\\/de_de\\\/aktuelles\\\/\",\"name\":\"Mediathek - Vineyard Management Consulting GmbH\",\"isPartOf\":{\"@id\":\"https:\\\/\\\/vineyard-mc.com\\\/#website\"},\"datePublished\":\"2013-03-22T17:55:22+00:00\",\"dateModified\":\"2024-01-10T12:41:53+00:00\",\"breadcrumb\":{\"@id\":\"https:\\\/\\\/vineyard-mc.com\\\/de_de\\\/aktuelles\\\/#breadcrumb\"},\"inLanguage\":\"de\",\"potentialAction\":[{\"@type\":\"ReadAction\",\"target\":[\"https:\\\/\\\/vineyard-mc.com\\\/de_de\\\/aktuelles\\\/\"]}]},{\"@type\":\"BreadcrumbList\",\"@id\":\"https:\\\/\\\/vineyard-mc.com\\\/de_de\\\/aktuelles\\\/#breadcrumb\",\"itemListElement\":[{\"@type\":\"ListItem\",\"position\":1,\"name\":\"Startseite\",\"item\":\"https:\\\/\\\/vineyard-mc.com\\\/\"},{\"@type\":\"ListItem\",\"position\":2,\"name\":\"Mediathek\"}]},{\"@type\":\"WebSite\",\"@id\":\"https:\\\/\\\/vineyard-mc.com\\\/#website\",\"url\":\"https:\\\/\\\/vineyard-mc.com\\\/\",\"name\":\"Vineyard Management Consulting GmbH\",\"description\":\"Better Ideas - Better Results\",\"publisher\":{\"@id\":\"https:\\\/\\\/vineyard-mc.com\\\/#organization\"},\"alternateName\":\"VMC GmbH\",\"potentialAction\":[{\"@type\":\"SearchAction\",\"target\":{\"@type\":\"EntryPoint\",\"urlTemplate\":\"https:\\\/\\\/vineyard-mc.com\\\/?s={search_term_string}\"},\"query-input\":{\"@type\":\"PropertyValueSpecification\",\"valueRequired\":true,\"valueName\":\"search_term_string\"}}],\"inLanguage\":\"de\"},{\"@type\":\"Organization\",\"@id\":\"https:\\\/\\\/vineyard-mc.com\\\/#organization\",\"name\":\"Vineyard Management Consulting GmbH\",\"url\":\"https:\\\/\\\/vineyard-mc.com\\\/\",\"logo\":{\"@type\":\"ImageObject\",\"inLanguage\":\"de\",\"@id\":\"https:\\\/\\\/vineyard-mc.com\\\/#\\\/schema\\\/logo\\\/image\\\/\",\"url\":\"https:\\\/\\\/vineyard-mc.com\\\/wp-content\\\/uploads\\\/2021\\\/03\\\/VMC-Logo_1.jpg\",\"contentUrl\":\"https:\\\/\\\/vineyard-mc.com\\\/wp-content\\\/uploads\\\/2021\\\/03\\\/VMC-Logo_1.jpg\",\"width\":506,\"height\":665,\"caption\":\"Vineyard Management Consulting GmbH\"},\"image\":{\"@id\":\"https:\\\/\\\/vineyard-mc.com\\\/#\\\/schema\\\/logo\\\/image\\\/\"},\"sameAs\":[\"https:\\\/\\\/de.linkedin.com\\\/company\\\/vineyard-management-consulting-gmbh\"]}]}<\/script>\n<!-- \/ Yoast SEO plugin. -->","yoast_head_json":{"title":"Mediathek - Vineyard Management Consulting GmbH","robots":{"index":"index","follow":"follow","max-snippet":"max-snippet:-1","max-image-preview":"max-image-preview:large","max-video-preview":"max-video-preview:-1"},"canonical":"https:\/\/vineyard-mc.com\/de_de\/aktuelles\/","og_locale":"de_DE","og_type":"article","og_title":"Mediathek - Vineyard Management Consulting GmbH","og_description":"Die Vineyard Management Consulting GmbH hat das Buch \u201cChance oder Risiko? Chancen nutzen und Risiken mitigieren in einer komplexen Welt\u201d publiziert: Chancen gibt es im Gesch\u00e4ftsleben eigentlich zu jeder Zeit. Doch welche Organisationen nutzten Chancen immer zeitnah und zielgerichtet? Sicherlich nicht die gro\u00dfe Mehrheit der Akteure. Zu den erfolgreichsten und langlebigsten Unternehmen z\u00e4hlen in der...","og_url":"https:\/\/vineyard-mc.com\/de_de\/aktuelles\/","og_site_name":"Vineyard Management Consulting GmbH","article_modified_time":"2024-01-10T12:41:53+00:00","twitter_card":"summary_large_image","twitter_misc":{"Gesch\u00e4tzte Lesezeit":"1\u00a0Minute"},"schema":{"@context":"https:\/\/schema.org","@graph":[{"@type":"WebPage","@id":"https:\/\/vineyard-mc.com\/de_de\/aktuelles\/","url":"https:\/\/vineyard-mc.com\/de_de\/aktuelles\/","name":"Mediathek - Vineyard Management Consulting GmbH","isPartOf":{"@id":"https:\/\/vineyard-mc.com\/#website"},"datePublished":"2013-03-22T17:55:22+00:00","dateModified":"2024-01-10T12:41:53+00:00","breadcrumb":{"@id":"https:\/\/vineyard-mc.com\/de_de\/aktuelles\/#breadcrumb"},"inLanguage":"de","potentialAction":[{"@type":"ReadAction","target":["https:\/\/vineyard-mc.com\/de_de\/aktuelles\/"]}]},{"@type":"BreadcrumbList","@id":"https:\/\/vineyard-mc.com\/de_de\/aktuelles\/#breadcrumb","itemListElement":[{"@type":"ListItem","position":1,"name":"Startseite","item":"https:\/\/vineyard-mc.com\/"},{"@type":"ListItem","position":2,"name":"Mediathek"}]},{"@type":"WebSite","@id":"https:\/\/vineyard-mc.com\/#website","url":"https:\/\/vineyard-mc.com\/","name":"Vineyard Management Consulting GmbH","description":"Better Ideas - Better Results","publisher":{"@id":"https:\/\/vineyard-mc.com\/#organization"},"alternateName":"VMC GmbH","potentialAction":[{"@type":"SearchAction","target":{"@type":"EntryPoint","urlTemplate":"https:\/\/vineyard-mc.com\/?s={search_term_string}"},"query-input":{"@type":"PropertyValueSpecification","valueRequired":true,"valueName":"search_term_string"}}],"inLanguage":"de"},{"@type":"Organization","@id":"https:\/\/vineyard-mc.com\/#organization","name":"Vineyard Management Consulting GmbH","url":"https:\/\/vineyard-mc.com\/","logo":{"@type":"ImageObject","inLanguage":"de","@id":"https:\/\/vineyard-mc.com\/#\/schema\/logo\/image\/","url":"https:\/\/vineyard-mc.com\/wp-content\/uploads\/2021\/03\/VMC-Logo_1.jpg","contentUrl":"https:\/\/vineyard-mc.com\/wp-content\/uploads\/2021\/03\/VMC-Logo_1.jpg","width":506,"height":665,"caption":"Vineyard Management Consulting GmbH"},"image":{"@id":"https:\/\/vineyard-mc.com\/#\/schema\/logo\/image\/"},"sameAs":["https:\/\/de.linkedin.com\/company\/vineyard-management-consulting-gmbh"]}]}},"_links":{"self":[{"href":"https:\/\/vineyard-mc.com\/de_de\/wp-json\/wp\/v2\/pages\/277","targetHints":{"allow":["GET"]}}],"collection":[{"href":"https:\/\/vineyard-mc.com\/de_de\/wp-json\/wp\/v2\/pages"}],"about":[{"href":"https:\/\/vineyard-mc.com\/de_de\/wp-json\/wp\/v2\/types\/page"}],"author":[{"embeddable":true,"href":"https:\/\/vineyard-mc.com\/de_de\/wp-json\/wp\/v2\/users\/2"}],"replies":[{"embeddable":true,"href":"https:\/\/vineyard-mc.com\/de_de\/wp-json\/wp\/v2\/comments?post=277"}],"version-history":[{"count":1,"href":"https:\/\/vineyard-mc.com\/de_de\/wp-json\/wp\/v2\/pages\/277\/revisions"}],"predecessor-version":[{"id":988887,"href":"https:\/\/vineyard-mc.com\/de_de\/wp-json\/wp\/v2\/pages\/277\/revisions\/988887"}],"wp:attachment":[{"href":"https:\/\/vineyard-mc.com\/de_de\/wp-json\/wp\/v2\/media?parent=277"}],"curies":[{"name":"wp","href":"https:\/\/api.w.org\/{rel}","templated":true}]}}