{"id":31,"date":"2013-03-22T14:19:51","date_gmt":"2013-03-22T13:19:51","guid":{"rendered":"http:\/\/lawyers-attorneys.vamtam.com\/?page_id=31"},"modified":"2026-01-05T10:21:01","modified_gmt":"2026-01-05T09:21:01","slug":"kontakt","status":"publish","type":"page","link":"https:\/\/vineyard-mc.com\/de_de\/kontakt\/","title":{"rendered":"Kontakt"},"content":{"rendered":"<div class=\"row \"><div class=\"wpv-grid grid-1-1  wpv-first-level first unextended\" style=\"padding-top:0px;padding-bottom:0px\" id=\"wpv-column-4b194628ed13a06ea71a4c988a6ca501\" >\t\t<h2 class=\"text-divider-double\">\t\t\tLangj\u00e4hrige Kompetenz im Rhein-Main-Gebiet\t\t<\/h2>\t\t<div class=\"sep\"><\/div>\t<div class=\"push\" style='height:30px'><\/div>\n<div class=\"row \"><div class=\"wpv-grid grid-1-1  first unextended animation-fade-in animated-active\" style=\"padding-top:0px;padding-bottom:0px\" id=\"wpv-column-4bac1abdf6d838fdea6bd2a09b12e76e\" ><h4 style=\"text-align: center;\">Vielen Dank f\u00fcr Ihr Interesse an der Vineyard Management Consulting GmbH. Wie k\u00f6nnen wir Ihnen weiterhelfen?<\/h4><\/div><\/div>\n<div class=\"push\" style='height:30px'><\/div>\n<div class=\"row \"><div class=\"wpv-grid grid-1-4  first unextended animation-fade-in animated-active\" style=\"padding-top:0px;padding-bottom:0px\" id=\"wpv-column-4b43a58e440c6913806d9c0d2d1e80aa\" ><p style=\"text-align: center;\"><span class='icon shortcode theme  use-hover' style='font-size:32px !important;color:#CCA876;'>&#57547;<\/span>\n<p style=\"text-align: center;\">Alfred-Herrhausen-Allee 3-5<br \/>\n65760 Eschborn<\/div>\n<div class=\"wpv-grid grid-1-4  unextended animation-fade-in animated-active\" style=\"padding-top:0px;padding-bottom:0px\" id=\"wpv-column-f073558b54b7e693730442e3534cc572\" ><p style=\"text-align: center;\"><span class='icon shortcode theme  use-hover' style='font-size:32px !important;color:#CCA876;'>&#57471;<\/span>\n<p style=\"text-align: center;\">p: +49 6196 58655512<\/div>\n<div class=\"wpv-grid grid-1-4  unextended animation-fade-in animated-active\" style=\"padding-top:0px;padding-bottom:0px\" id=\"wpv-column-b475bd4e433a0fb3d6fc1e5fe2c9dd9c\" ><p style=\"text-align: center;\"><span class='icon shortcode theme  use-hover' style='font-size:32px !important;color:#CCA876;'>&#58883;<\/span>\n<p style=\"text-align: center;\">e:\u00a0<a href=\"mailto:info@vineyard-mc.com\">info@vineyard-mc.com<\/a><br \/>\nw:\u00a0<a title=\"Homepage Vineyard Management Consulting GmbH\" href=\"http:\/\/www.vineyard-mc.com\/\">www.vineyard-mc.com<\/a><\/div>\n<div class=\"wpv-grid grid-1-4  unextended\" style=\"padding-top:0px;padding-bottom:0px\" id=\"wpv-column-72e8fd03206314970de717a9dce913f2\" ><p style=\"text-align: center;\"><span class='icon shortcode theme  use-hover' style='font-size:32px !important;color:#CCA876;'>&#57526;<\/span>\n<p style=\"text-align: center;\"><a href=\"https:\/\/www.linkedin.com\/company\/vineyard-management-consulting-gmbh\/\">LinkedIn<\/a><br \/>\n<a href=\"https:\/\/www.xing.com\/pages\/vineyardmanagementconsultinggmbh\">Xing<\/a><br \/>\n<a href=\"https:\/\/www.facebook.com\/VineyardMC\/\">Facebook<\/a><br \/>\n<a href=\"https:\/\/x.com\/vineyardmc\">X<\/a><\/div><\/div>\n<div class=\"push\" style='height:30px'><\/div><\/div><\/div>\n<div class=\"row \"><div class=\"wpv-grid grid-1-1  wpv-first-level first has-background extended\" style=\"background-color:#efefef;padding-top:15px;padding-bottom:15px\" id=\"wpv-column-39a7e5b4b91df12bc42022a95c9aa567\" ><div class=\"extended-column-inner\"><style>#wpv-column-39a7e5b4b91df12bc42022a95c9aa567 p,#wpv-column-39a7e5b4b91df12bc42022a95c9aa567 em,#wpv-column-39a7e5b4b91df12bc42022a95c9aa567 .column-title,#wpv-column-39a7e5b4b91df12bc42022a95c9aa567 .sep-text h2.regular-title-wrapper,#wpv-column-39a7e5b4b91df12bc42022a95c9aa567 .text-divider-double,#wpv-column-39a7e5b4b91df12bc42022a95c9aa567 .sep-text .sep-text-line,#wpv-column-39a7e5b4b91df12bc42022a95c9aa567 .sep,#wpv-column-39a7e5b4b91df12bc42022a95c9aa567 .sep-2,#wpv-column-39a7e5b4b91df12bc42022a95c9aa567 .sep-3,#wpv-column-39a7e5b4b91df12bc42022a95c9aa567 td,#wpv-column-39a7e5b4b91df12bc42022a95c9aa567 th,#wpv-column-39a7e5b4b91df12bc42022a95c9aa567 caption{color:#6f6f6f;}#wpv-column-39a7e5b4b91df12bc42022a95c9aa567:before{background-color:transparent;}<\/style>\t\t<div class=\"sep-text single centered\">\n\t\t\t\t\t\t\t<span class=\"sep-text-before\"><div class=\"sep-text-line\"><\/div><\/span>\n\t\t\t\t\t\t<div class=\"content\">\n\t\t\t\t<h2 class=\"text-divider-double\">Wir freuen uns auf Ihre Nachricht<\/h2>\t\t\t<\/div>\n\t\t\t<span class=\"sep-text-after\"><div class=\"sep-text-line\"><\/div><\/span>\n\t\t\t\t\t<\/div>\n\t<div class=\"row \"><div class=\"wpv-grid grid-1-1  first unextended animation-from-bottom animated-active\" style=\"padding-top:0px;padding-bottom:0px\" id=\"wpv-column-443e99c9d06839de8c451ecd19ad90a2\" ><p>\n<div class=\"wpcf7 no-js\" id=\"wpcf7-f10-o1\" lang=\"en-US\" dir=\"ltr\" data-wpcf7-id=\"10\">\n<div class=\"screen-reader-response\"><p role=\"status\" aria-live=\"polite\" aria-atomic=\"true\"><\/p> <ul><\/ul><\/div>\n<form action=\"\/de_de\/wp-json\/wp\/v2\/pages\/31#wpcf7-f10-o1\" method=\"post\" class=\"wpcf7-form init\" aria-label=\"Contact form\" novalidate=\"novalidate\" data-status=\"init\">\n<fieldset class=\"hidden-fields-container\"><input type=\"hidden\" name=\"_wpcf7\" value=\"10\" \/><input type=\"hidden\" name=\"_wpcf7_version\" value=\"6.1.5\" \/><input type=\"hidden\" name=\"_wpcf7_locale\" value=\"en_US\" \/><input type=\"hidden\" name=\"_wpcf7_unit_tag\" value=\"wpcf7-f10-o1\" \/><input type=\"hidden\" name=\"_wpcf7_container_post\" value=\"0\" \/><input type=\"hidden\" name=\"_wpcf7_posted_data_hash\" value=\"\" \/>\n<\/fieldset>\n<div class=\"row\">\n\t<div class=\"grid-1-3\">\n\t\t<p><span class=\"wpcf7-form-control-wrap\" data-name=\"Name\"><input size=\"40\" maxlength=\"400\" class=\"wpcf7-form-control wpcf7-text wpcf7-validates-as-required\" aria-required=\"true\" aria-invalid=\"false\" value=\"Ihr Name \/ Your name\" type=\"text\" name=\"Name\" \/><\/span>\n\t\t<\/p>\n\t<\/div>\n\t<div class=\"grid-1-3\">\n\t\t<p><span class=\"wpcf7-form-control-wrap\" data-name=\"E-mail\"><input size=\"40\" maxlength=\"400\" class=\"wpcf7-form-control wpcf7-text wpcf7-validates-as-required\" aria-required=\"true\" aria-invalid=\"false\" value=\"E-Mail \/ email\" type=\"text\" name=\"E-mail\" \/><\/span>\n\t\t<\/p>\n\t<\/div>\n\t<div class=\"grid-1-3\">\n\t\t<p><span class=\"wpcf7-form-control-wrap\" data-name=\"Phone\"><input size=\"40\" maxlength=\"400\" class=\"wpcf7-form-control wpcf7-text\" aria-invalid=\"false\" value=\"Telefon \/ Phone\" type=\"text\" name=\"Phone\" \/><\/span>\n\t\t<\/p>\n\t<\/div>\n\t<div class=\"grid-1-1\">\n\t\t<p><span class=\"wpcf7-form-control-wrap\" data-name=\"Subject\"><input size=\"40\" maxlength=\"400\" class=\"wpcf7-form-control wpcf7-text wpcf7-validates-as-required\" aria-required=\"true\" aria-invalid=\"false\" value=\"Ihr Thema \/ Subject\" type=\"text\" name=\"Subject\" \/><\/span>\n\t\t<\/p>\n\t<\/div>\n\t<div class=\"grid-1-1\">\n\t\t<p><span class=\"wpcf7-form-control-wrap\" data-name=\"Message\"><textarea cols=\"40\" rows=\"10\" maxlength=\"2000\" class=\"wpcf7-form-control wpcf7-textarea wpcf7-validates-as-required\" aria-required=\"true\" aria-invalid=\"false\" name=\"Message\">Ihre Nachricht... \/ Your message...<\/textarea><\/span>\n\t\t<\/p>\n\t<\/div>\n\t<div style= \"text-align: center;\">\n\t\t<p><input class=\"wpcf7-form-control wpcf7-submit has-spinner\" type=\"submit\" value=\"Absenden \/ Send \u2192\" \/>\n\t\t<\/p>\n\t<\/div>\n<\/div><div class=\"wpcf7-response-output\" aria-hidden=\"true\"><\/div>\n<\/form>\n<\/div>\n<\/div><\/div>\n<div class=\"push\" style='height:30px'><\/div><\/div><\/div><\/div>\n<div class=\"row \"><div class=\"wpv-grid grid-1-1  wpv-first-level first unextended\" style=\"padding-top:0px;padding-bottom:0px\" id=\"wpv-column-8bde99bbb117ebbbc8b89ded39127449\" >\t\t<h2 class=\"text-divider-double\">\t\t\tIhr Weg zu uns\t\t<\/h2>\t\t<div class=\"sep\"><\/div>\t<div class=\"row \"><div class=\"wpv-grid grid-2-5  first unextended\" style=\"padding-top:0px;padding-bottom:0px\" id=\"wpv-column-84757a49778218d2303cc330d976ff77\" ><p><strong>Anfahrt mit dem Auto<\/strong><\/p>\n<p class=\"my-2 &#091;&amp;+p&#093;:mt-4 &#091;&amp;_strong:has(+br)&#093;:inline-block &#091;&amp;_strong:has(+br)&#093;:pb-2\">Die Anfahrt zum Office in der Alfred-Herrhausen-Allee erfolgt \u00fcber die Autobahnen A5 und A66. Verlassen Sie die A66 \u00fcber die Ausfahrt Eschborn und folgen der Beschilderung in das Gewerbegebiet Eschborn-S\u00fcd.<\/p>\n<p class=\"my-2 &#091;&amp;+p&#093;:mt-4 &#091;&amp;_strong:has(+br)&#093;:inline-block &#091;&amp;_strong:has(+br)&#093;:pb-2\"><strong>Anfahrt mit der S-Bahn<\/strong><\/p>\n<p class=\"my-2 &#091;&amp;+p&#093;:mt-4 &#091;&amp;_strong:has(+br)&#093;:inline-block &#091;&amp;_strong:has(+br)&#093;:pb-2\">Die S-Bahn-Station Eschborn S\u00fcd wird von den Linien S3\u00a0und\u00a0S4 bedient, die regelm\u00e4\u00dfig aus Richtung Frankfurt und Umgebung verkehren. Von der Station aus erreichen Sie das B\u00fcro in wenigen Gehminuten.<\/div>\n<div class=\"wpv-grid grid-3-5  unextended\" style=\"padding-top:0px;padding-bottom:0px\" id=\"wpv-column-87db9fe3f101ffee3d87a4fc2837884d\" ><p><div class=\"ba_map_holder\" id=\"6a9b71ad201023ac094dcde807483311\" data-map-id=\"987735\"><\/div><\/div><\/div><\/div><\/div>\n<div class=\"push\" style='height:80px'><\/div>\n","protected":false},"excerpt":{"rendered":"<p>Vielen Dank f\u00fcr Ihr Interesse an der Vineyard Management Consulting GmbH. Wie k\u00f6nnen wir Ihnen weiterhelfen? Alfred-Herrhausen-Allee 3-5 65760 Eschborn p: +49 6196 58655512 e:\u00a0info@vineyard-mc.com w:\u00a0www.vineyard-mc.com LinkedIn Xing Facebook X Anfahrt mit dem Auto Die Anfahrt zum Office in der Alfred-Herrhausen-Allee erfolgt \u00fcber die Autobahnen A5 und A66. Verlassen Sie die A66 \u00fcber die Ausfahrt&#8230;<\/p>\n","protected":false},"author":2,"featured_media":0,"parent":0,"menu_order":16,"comment_status":"closed","ping_status":"closed","template":"","meta":{"footnotes":""},"class_list":["post-31","page","type-page","status-publish","hentry"],"yoast_head":"<!-- This site is optimized with the Yoast SEO plugin v27.3 - https:\/\/yoast.com\/product\/yoast-seo-wordpress\/ -->\n<title>Kontakt - Vineyard Management Consulting GmbH<\/title>\n<meta name=\"description\" content=\"Vineyard Management Consulting GmbH. +49 6196 58655512 \u00b7 e: info@vineyard-mc.com. Alfred-Herrhausen-Allee 3-5 | 65760 Eschborn.\" \/>\n<meta name=\"robots\" content=\"index, follow, max-snippet:-1, max-image-preview:large, max-video-preview:-1\" \/>\n<link rel=\"canonical\" href=\"https:\/\/vineyard-mc.com\/de_de\/kontakt\/\" \/>\n<meta property=\"og:locale\" content=\"de_DE\" \/>\n<meta property=\"og:type\" content=\"article\" \/>\n<meta property=\"og:title\" content=\"Kontakt - Vineyard Management Consulting GmbH\" \/>\n<meta property=\"og:description\" content=\"Vineyard Management Consulting GmbH. +49 6196 58655512 \u00b7 e: info@vineyard-mc.com. Alfred-Herrhausen-Allee 3-5 | 65760 Eschborn.\" \/>\n<meta property=\"og:url\" content=\"https:\/\/vineyard-mc.com\/de_de\/kontakt\/\" \/>\n<meta property=\"og:site_name\" content=\"Vineyard Management Consulting GmbH\" \/>\n<meta property=\"article:modified_time\" content=\"2026-01-05T09:21:01+00:00\" \/>\n<meta name=\"twitter:card\" content=\"summary_large_image\" \/>\n<meta name=\"twitter:label1\" content=\"Gesch\u00e4tzte Lesezeit\" \/>\n\t<meta name=\"twitter:data1\" content=\"2\u00a0Minuten\" \/>\n<script type=\"application\/ld+json\" class=\"yoast-schema-graph\">{\"@context\":\"https:\\\/\\\/schema.org\",\"@graph\":[{\"@type\":\"WebPage\",\"@id\":\"https:\\\/\\\/vineyard-mc.com\\\/kontakt\\\/\",\"url\":\"https:\\\/\\\/vineyard-mc.com\\\/kontakt\\\/\",\"name\":\"Kontakt - Vineyard Management Consulting GmbH\",\"isPartOf\":{\"@id\":\"https:\\\/\\\/vineyard-mc.com\\\/#website\"},\"datePublished\":\"2013-03-22T13:19:51+00:00\",\"dateModified\":\"2026-01-05T09:21:01+00:00\",\"description\":\"Vineyard Management Consulting GmbH. +49 6196 58655512 \u00b7 e: info@vineyard-mc.com. Alfred-Herrhausen-Allee 3-5 | 65760 Eschborn.\",\"breadcrumb\":{\"@id\":\"https:\\\/\\\/vineyard-mc.com\\\/kontakt\\\/#breadcrumb\"},\"inLanguage\":\"de\",\"potentialAction\":[{\"@type\":\"ReadAction\",\"target\":[\"https:\\\/\\\/vineyard-mc.com\\\/kontakt\\\/\"]}]},{\"@type\":\"BreadcrumbList\",\"@id\":\"https:\\\/\\\/vineyard-mc.com\\\/kontakt\\\/#breadcrumb\",\"itemListElement\":[{\"@type\":\"ListItem\",\"position\":1,\"name\":\"Startseite\",\"item\":\"https:\\\/\\\/vineyard-mc.com\\\/\"},{\"@type\":\"ListItem\",\"position\":2,\"name\":\"Kontakt\"}]},{\"@type\":\"WebSite\",\"@id\":\"https:\\\/\\\/vineyard-mc.com\\\/#website\",\"url\":\"https:\\\/\\\/vineyard-mc.com\\\/\",\"name\":\"Vineyard Management Consulting GmbH\",\"description\":\"Better Ideas - Better Results\",\"publisher\":{\"@id\":\"https:\\\/\\\/vineyard-mc.com\\\/#organization\"},\"alternateName\":\"VMC GmbH\",\"potentialAction\":[{\"@type\":\"SearchAction\",\"target\":{\"@type\":\"EntryPoint\",\"urlTemplate\":\"https:\\\/\\\/vineyard-mc.com\\\/?s={search_term_string}\"},\"query-input\":{\"@type\":\"PropertyValueSpecification\",\"valueRequired\":true,\"valueName\":\"search_term_string\"}}],\"inLanguage\":\"de\"},{\"@type\":\"Organization\",\"@id\":\"https:\\\/\\\/vineyard-mc.com\\\/#organization\",\"name\":\"Vineyard Management Consulting GmbH\",\"url\":\"https:\\\/\\\/vineyard-mc.com\\\/\",\"logo\":{\"@type\":\"ImageObject\",\"inLanguage\":\"de\",\"@id\":\"https:\\\/\\\/vineyard-mc.com\\\/#\\\/schema\\\/logo\\\/image\\\/\",\"url\":\"https:\\\/\\\/vineyard-mc.com\\\/wp-content\\\/uploads\\\/2021\\\/03\\\/VMC-Logo_1.jpg\",\"contentUrl\":\"https:\\\/\\\/vineyard-mc.com\\\/wp-content\\\/uploads\\\/2021\\\/03\\\/VMC-Logo_1.jpg\",\"width\":506,\"height\":665,\"caption\":\"Vineyard Management Consulting GmbH\"},\"image\":{\"@id\":\"https:\\\/\\\/vineyard-mc.com\\\/#\\\/schema\\\/logo\\\/image\\\/\"},\"sameAs\":[\"https:\\\/\\\/de.linkedin.com\\\/company\\\/vineyard-management-consulting-gmbh\"]}]}<\/script>\n<!-- \/ Yoast SEO plugin. -->","yoast_head_json":{"title":"Kontakt - Vineyard Management Consulting GmbH","description":"Vineyard Management Consulting GmbH. +49 6196 58655512 \u00b7 e: info@vineyard-mc.com. Alfred-Herrhausen-Allee 3-5 | 65760 Eschborn.","robots":{"index":"index","follow":"follow","max-snippet":"max-snippet:-1","max-image-preview":"max-image-preview:large","max-video-preview":"max-video-preview:-1"},"canonical":"https:\/\/vineyard-mc.com\/de_de\/kontakt\/","og_locale":"de_DE","og_type":"article","og_title":"Kontakt - Vineyard Management Consulting GmbH","og_description":"Vineyard Management Consulting GmbH. +49 6196 58655512 \u00b7 e: info@vineyard-mc.com. Alfred-Herrhausen-Allee 3-5 | 65760 Eschborn.","og_url":"https:\/\/vineyard-mc.com\/de_de\/kontakt\/","og_site_name":"Vineyard Management Consulting GmbH","article_modified_time":"2026-01-05T09:21:01+00:00","twitter_card":"summary_large_image","twitter_misc":{"Gesch\u00e4tzte Lesezeit":"2\u00a0Minuten"},"schema":{"@context":"https:\/\/schema.org","@graph":[{"@type":"WebPage","@id":"https:\/\/vineyard-mc.com\/kontakt\/","url":"https:\/\/vineyard-mc.com\/kontakt\/","name":"Kontakt - Vineyard Management Consulting GmbH","isPartOf":{"@id":"https:\/\/vineyard-mc.com\/#website"},"datePublished":"2013-03-22T13:19:51+00:00","dateModified":"2026-01-05T09:21:01+00:00","description":"Vineyard Management Consulting GmbH. +49 6196 58655512 \u00b7 e: info@vineyard-mc.com. Alfred-Herrhausen-Allee 3-5 | 65760 Eschborn.","breadcrumb":{"@id":"https:\/\/vineyard-mc.com\/kontakt\/#breadcrumb"},"inLanguage":"de","potentialAction":[{"@type":"ReadAction","target":["https:\/\/vineyard-mc.com\/kontakt\/"]}]},{"@type":"BreadcrumbList","@id":"https:\/\/vineyard-mc.com\/kontakt\/#breadcrumb","itemListElement":[{"@type":"ListItem","position":1,"name":"Startseite","item":"https:\/\/vineyard-mc.com\/"},{"@type":"ListItem","position":2,"name":"Kontakt"}]},{"@type":"WebSite","@id":"https:\/\/vineyard-mc.com\/#website","url":"https:\/\/vineyard-mc.com\/","name":"Vineyard Management Consulting GmbH","description":"Better Ideas - Better Results","publisher":{"@id":"https:\/\/vineyard-mc.com\/#organization"},"alternateName":"VMC GmbH","potentialAction":[{"@type":"SearchAction","target":{"@type":"EntryPoint","urlTemplate":"https:\/\/vineyard-mc.com\/?s={search_term_string}"},"query-input":{"@type":"PropertyValueSpecification","valueRequired":true,"valueName":"search_term_string"}}],"inLanguage":"de"},{"@type":"Organization","@id":"https:\/\/vineyard-mc.com\/#organization","name":"Vineyard Management Consulting GmbH","url":"https:\/\/vineyard-mc.com\/","logo":{"@type":"ImageObject","inLanguage":"de","@id":"https:\/\/vineyard-mc.com\/#\/schema\/logo\/image\/","url":"https:\/\/vineyard-mc.com\/wp-content\/uploads\/2021\/03\/VMC-Logo_1.jpg","contentUrl":"https:\/\/vineyard-mc.com\/wp-content\/uploads\/2021\/03\/VMC-Logo_1.jpg","width":506,"height":665,"caption":"Vineyard Management Consulting GmbH"},"image":{"@id":"https:\/\/vineyard-mc.com\/#\/schema\/logo\/image\/"},"sameAs":["https:\/\/de.linkedin.com\/company\/vineyard-management-consulting-gmbh"]}]}},"_links":{"self":[{"href":"https:\/\/vineyard-mc.com\/de_de\/wp-json\/wp\/v2\/pages\/31","targetHints":{"allow":["GET"]}}],"collection":[{"href":"https:\/\/vineyard-mc.com\/de_de\/wp-json\/wp\/v2\/pages"}],"about":[{"href":"https:\/\/vineyard-mc.com\/de_de\/wp-json\/wp\/v2\/types\/page"}],"author":[{"embeddable":true,"href":"https:\/\/vineyard-mc.com\/de_de\/wp-json\/wp\/v2\/users\/2"}],"replies":[{"embeddable":true,"href":"https:\/\/vineyard-mc.com\/de_de\/wp-json\/wp\/v2\/comments?post=31"}],"version-history":[{"count":15,"href":"https:\/\/vineyard-mc.com\/de_de\/wp-json\/wp\/v2\/pages\/31\/revisions"}],"predecessor-version":[{"id":989660,"href":"https:\/\/vineyard-mc.com\/de_de\/wp-json\/wp\/v2\/pages\/31\/revisions\/989660"}],"wp:attachment":[{"href":"https:\/\/vineyard-mc.com\/de_de\/wp-json\/wp\/v2\/media?parent=31"}],"curies":[{"name":"wp","href":"https:\/\/api.w.org\/{rel}","templated":true}]}}