{"id":7778,"date":"2014-04-23T10:38:38","date_gmt":"2014-04-23T08:38:38","guid":{"rendered":"http:\/\/lawyers-attorneys.vamtam.com\/?page_id=7778"},"modified":"2024-01-10T13:37:57","modified_gmt":"2024-01-10T12:37:57","slug":"vmc-philosophie","status":"publish","type":"page","link":"https:\/\/vineyard-mc.com\/de_de\/vmc-philosophie\/","title":{"rendered":"Philosophie"},"content":{"rendered":"<div class=\"push\" style='height:30px'><\/div>\n<div class=\"row \"><div class=\"wpv-grid grid-1-1  wpv-first-level parallax-bg first unextended\" style=\"padding-top:0px;padding-bottom:0px\" id=\"wpv-column-4bdbb4b04aaa80133cdfb6aeb59ac37c\"  data-parallax-method=\"to-centre\" data-parallax-inertia=\"-0.2\"><div class=\"row \"><div class=\"wpv-grid grid-2-3  first unextended\" style=\"padding-top:0px;padding-bottom:0px\" id=\"wpv-column-80d738dc58dc14d86af2461a43b91b79\" ><p>F\u00fcr Beratungsunternehmen ist es letztlich wie mit Weinen \u2013 je h\u00f6her die Qualit\u00e4t, desto besser sind die Ergebnisse und die daraus resultierenden Erfolge f\u00fcr die Mandanten.<\/p>\n<p>F\u00fcr einen Wein muss je nach Rebsorte die Art und Dauer der Reifelagerung, die \u00d6chsle und die Geschmacksrichtung eine hervorragende Qualit\u00e4t aufweisen, damit er als au\u00dferordentlich eingestuft werden kann\u2026<\/p>\n<p>\u2026 f\u00fcr Unternehmensberater sind neben fachlichen Kenntnissen umfassende Kompetenzen f\u00fcr die erfolgreiche Umsetzung von Projekten erforderlich: Erfahrung, soziales Gesp\u00fcr und interkulturelle Besonderheiten als auch wertsch\u00e4tzende, zielgerichtete Kommunikation \u2013 um nur einige zu nennen \u2013 und wie beim Wein gibt es daher oft besondere Jahrg\u00e4nge bzw. Menschen, die den Unterschied zwischen Erfolg und Misserfolg ausmachen:<\/p>\n<p>Die Management Berater der Vineyard Management Consulting GmbH sind daher gesch\u00e4tzte Partner in ihren Projekten. Dazu bringen sie ihre ganzheitliche Betrachtungsweise, umfassende Erfahrungen und den \u201cgewissen Reifegrad\u201d in die Projekte ein.<\/p>\n<p><strong>\u2026Best Consultants\u2026 \u2026Better Ideas\u2026 \u2026Better Results\u2026<\/strong><\/p>\n<p>\u00dcberzeugen Sie sich selbst \u2013 wir freuen uns auf Sie.<\/div>\n<div class=\"wpv-grid grid-1-3  unextended\" style=\"padding-top:0px;padding-bottom:0px\" id=\"wpv-column-e6939f029f6d4f0b6d9bf6d5219747ed\" ><p><img loading=\"lazy\" decoding=\"async\" class=\"alignnone wp-image-555 size-full\" src=\"https:\/\/vineyard-mc.com\/wp-content\/uploads\/2021\/03\/Jahrgaenge.jpg\" alt=\"\" width=\"424\" height=\"283\" srcset=\"https:\/\/vineyard-mc.com\/wp-content\/uploads\/2021\/03\/Jahrgaenge.jpg 424w, https:\/\/vineyard-mc.com\/wp-content\/uploads\/2021\/03\/Jahrgaenge-300x200.jpg 300w, https:\/\/vineyard-mc.com\/wp-content\/uploads\/2021\/03\/Jahrgaenge-18x12.jpg 18w, https:\/\/vineyard-mc.com\/wp-content\/uploads\/2021\/03\/Jahrgaenge-400x266.jpg 400w, https:\/\/vineyard-mc.com\/wp-content\/uploads\/2021\/03\/Jahrgaenge-292x195.jpg 292w\" sizes=\"auto, (max-width: 424px) 100vw, 424px\" \/><\/div><\/div><\/div><\/div>\n","protected":false},"excerpt":{"rendered":"<p>F\u00fcr Beratungsunternehmen ist es letztlich wie mit Weinen \u2013 je h\u00f6her die Qualit\u00e4t, desto besser sind die Ergebnisse und die daraus resultierenden Erfolge f\u00fcr die Mandanten. F\u00fcr einen Wein muss je nach Rebsorte die Art und Dauer der Reifelagerung, die \u00d6chsle und die Geschmacksrichtung eine hervorragende Qualit\u00e4t aufweisen, damit er als au\u00dferordentlich eingestuft werden kann\u2026&#8230;<\/p>\n","protected":false},"author":2,"featured_media":0,"parent":0,"menu_order":3,"comment_status":"closed","ping_status":"closed","template":"","meta":{"footnotes":""},"class_list":["post-7778","page","type-page","status-publish","hentry"],"yoast_head":"<!-- This site is optimized with the Yoast SEO plugin v27.4 - https:\/\/yoast.com\/product\/yoast-seo-wordpress\/ -->\n<title>Philosophie - Vineyard Management Consulting GmbH<\/title>\n<meta name=\"robots\" content=\"index, follow, max-snippet:-1, max-image-preview:large, max-video-preview:-1\" \/>\n<link rel=\"canonical\" href=\"https:\/\/vineyard-mc.com\/de_de\/vmc-philosophie\/\" \/>\n<meta property=\"og:locale\" content=\"de_DE\" \/>\n<meta property=\"og:type\" content=\"article\" \/>\n<meta property=\"og:title\" content=\"Philosophie - Vineyard Management Consulting GmbH\" \/>\n<meta property=\"og:description\" content=\"F\u00fcr Beratungsunternehmen ist es letztlich wie mit Weinen \u2013 je h\u00f6her die Qualit\u00e4t, desto besser sind die Ergebnisse und die daraus resultierenden Erfolge f\u00fcr die Mandanten. F\u00fcr einen Wein muss je nach Rebsorte die Art und Dauer der Reifelagerung, die \u00d6chsle und die Geschmacksrichtung eine hervorragende Qualit\u00e4t aufweisen, damit er als au\u00dferordentlich eingestuft werden kann\u2026...\" \/>\n<meta property=\"og:url\" content=\"https:\/\/vineyard-mc.com\/de_de\/vmc-philosophie\/\" \/>\n<meta property=\"og:site_name\" content=\"Vineyard Management Consulting GmbH\" \/>\n<meta property=\"article:modified_time\" content=\"2024-01-10T12:37:57+00:00\" \/>\n<meta property=\"og:image\" content=\"https:\/\/vineyard-mc.com\/wp-content\/uploads\/2021\/03\/Jahrgaenge.jpg\" \/>\n<meta name=\"twitter:card\" content=\"summary_large_image\" \/>\n<meta name=\"twitter:label1\" content=\"Gesch\u00e4tzte Lesezeit\" \/>\n\t<meta name=\"twitter:data1\" content=\"1\u00a0Minute\" \/>\n<script type=\"application\/ld+json\" class=\"yoast-schema-graph\">{\"@context\":\"https:\\\/\\\/schema.org\",\"@graph\":[{\"@type\":\"WebPage\",\"@id\":\"https:\\\/\\\/vineyard-mc.com\\\/vmc-philosophie\\\/\",\"url\":\"https:\\\/\\\/vineyard-mc.com\\\/vmc-philosophie\\\/\",\"name\":\"Philosophie - Vineyard Management Consulting GmbH\",\"isPartOf\":{\"@id\":\"https:\\\/\\\/vineyard-mc.com\\\/#website\"},\"primaryImageOfPage\":{\"@id\":\"https:\\\/\\\/vineyard-mc.com\\\/vmc-philosophie\\\/#primaryimage\"},\"image\":{\"@id\":\"https:\\\/\\\/vineyard-mc.com\\\/vmc-philosophie\\\/#primaryimage\"},\"thumbnailUrl\":\"https:\\\/\\\/vineyard-mc.com\\\/wp-content\\\/uploads\\\/2021\\\/03\\\/Jahrgaenge.jpg\",\"datePublished\":\"2014-04-23T08:38:38+00:00\",\"dateModified\":\"2024-01-10T12:37:57+00:00\",\"breadcrumb\":{\"@id\":\"https:\\\/\\\/vineyard-mc.com\\\/vmc-philosophie\\\/#breadcrumb\"},\"inLanguage\":\"de\",\"potentialAction\":[{\"@type\":\"ReadAction\",\"target\":[\"https:\\\/\\\/vineyard-mc.com\\\/vmc-philosophie\\\/\"]}]},{\"@type\":\"ImageObject\",\"inLanguage\":\"de\",\"@id\":\"https:\\\/\\\/vineyard-mc.com\\\/vmc-philosophie\\\/#primaryimage\",\"url\":\"https:\\\/\\\/vineyard-mc.com\\\/wp-content\\\/uploads\\\/2021\\\/03\\\/Jahrgaenge.jpg\",\"contentUrl\":\"https:\\\/\\\/vineyard-mc.com\\\/wp-content\\\/uploads\\\/2021\\\/03\\\/Jahrgaenge.jpg\"},{\"@type\":\"BreadcrumbList\",\"@id\":\"https:\\\/\\\/vineyard-mc.com\\\/vmc-philosophie\\\/#breadcrumb\",\"itemListElement\":[{\"@type\":\"ListItem\",\"position\":1,\"name\":\"Startseite\",\"item\":\"https:\\\/\\\/vineyard-mc.com\\\/\"},{\"@type\":\"ListItem\",\"position\":2,\"name\":\"Philosophie\"}]},{\"@type\":\"WebSite\",\"@id\":\"https:\\\/\\\/vineyard-mc.com\\\/#website\",\"url\":\"https:\\\/\\\/vineyard-mc.com\\\/\",\"name\":\"Vineyard Management Consulting GmbH\",\"description\":\"Better Ideas - Better Results\",\"publisher\":{\"@id\":\"https:\\\/\\\/vineyard-mc.com\\\/#organization\"},\"alternateName\":\"VMC GmbH\",\"potentialAction\":[{\"@type\":\"SearchAction\",\"target\":{\"@type\":\"EntryPoint\",\"urlTemplate\":\"https:\\\/\\\/vineyard-mc.com\\\/?s={search_term_string}\"},\"query-input\":{\"@type\":\"PropertyValueSpecification\",\"valueRequired\":true,\"valueName\":\"search_term_string\"}}],\"inLanguage\":\"de\"},{\"@type\":\"Organization\",\"@id\":\"https:\\\/\\\/vineyard-mc.com\\\/#organization\",\"name\":\"Vineyard Management Consulting GmbH\",\"url\":\"https:\\\/\\\/vineyard-mc.com\\\/\",\"logo\":{\"@type\":\"ImageObject\",\"inLanguage\":\"de\",\"@id\":\"https:\\\/\\\/vineyard-mc.com\\\/#\\\/schema\\\/logo\\\/image\\\/\",\"url\":\"https:\\\/\\\/vineyard-mc.com\\\/wp-content\\\/uploads\\\/2021\\\/03\\\/VMC-Logo_1.jpg\",\"contentUrl\":\"https:\\\/\\\/vineyard-mc.com\\\/wp-content\\\/uploads\\\/2021\\\/03\\\/VMC-Logo_1.jpg\",\"width\":506,\"height\":665,\"caption\":\"Vineyard Management Consulting GmbH\"},\"image\":{\"@id\":\"https:\\\/\\\/vineyard-mc.com\\\/#\\\/schema\\\/logo\\\/image\\\/\"},\"sameAs\":[\"https:\\\/\\\/de.linkedin.com\\\/company\\\/vineyard-management-consulting-gmbh\"]}]}<\/script>\n<!-- \/ Yoast SEO plugin. -->","yoast_head_json":{"title":"Philosophie - Vineyard Management Consulting GmbH","robots":{"index":"index","follow":"follow","max-snippet":"max-snippet:-1","max-image-preview":"max-image-preview:large","max-video-preview":"max-video-preview:-1"},"canonical":"https:\/\/vineyard-mc.com\/de_de\/vmc-philosophie\/","og_locale":"de_DE","og_type":"article","og_title":"Philosophie - Vineyard Management Consulting GmbH","og_description":"F\u00fcr Beratungsunternehmen ist es letztlich wie mit Weinen \u2013 je h\u00f6her die Qualit\u00e4t, desto besser sind die Ergebnisse und die daraus resultierenden Erfolge f\u00fcr die Mandanten. F\u00fcr einen Wein muss je nach Rebsorte die Art und Dauer der Reifelagerung, die \u00d6chsle und die Geschmacksrichtung eine hervorragende Qualit\u00e4t aufweisen, damit er als au\u00dferordentlich eingestuft werden kann\u2026...","og_url":"https:\/\/vineyard-mc.com\/de_de\/vmc-philosophie\/","og_site_name":"Vineyard Management Consulting GmbH","article_modified_time":"2024-01-10T12:37:57+00:00","og_image":[{"url":"https:\/\/vineyard-mc.com\/wp-content\/uploads\/2021\/03\/Jahrgaenge.jpg","type":"","width":"","height":""}],"twitter_card":"summary_large_image","twitter_misc":{"Gesch\u00e4tzte Lesezeit":"1\u00a0Minute"},"schema":{"@context":"https:\/\/schema.org","@graph":[{"@type":"WebPage","@id":"https:\/\/vineyard-mc.com\/vmc-philosophie\/","url":"https:\/\/vineyard-mc.com\/vmc-philosophie\/","name":"Philosophie - Vineyard Management Consulting GmbH","isPartOf":{"@id":"https:\/\/vineyard-mc.com\/#website"},"primaryImageOfPage":{"@id":"https:\/\/vineyard-mc.com\/vmc-philosophie\/#primaryimage"},"image":{"@id":"https:\/\/vineyard-mc.com\/vmc-philosophie\/#primaryimage"},"thumbnailUrl":"https:\/\/vineyard-mc.com\/wp-content\/uploads\/2021\/03\/Jahrgaenge.jpg","datePublished":"2014-04-23T08:38:38+00:00","dateModified":"2024-01-10T12:37:57+00:00","breadcrumb":{"@id":"https:\/\/vineyard-mc.com\/vmc-philosophie\/#breadcrumb"},"inLanguage":"de","potentialAction":[{"@type":"ReadAction","target":["https:\/\/vineyard-mc.com\/vmc-philosophie\/"]}]},{"@type":"ImageObject","inLanguage":"de","@id":"https:\/\/vineyard-mc.com\/vmc-philosophie\/#primaryimage","url":"https:\/\/vineyard-mc.com\/wp-content\/uploads\/2021\/03\/Jahrgaenge.jpg","contentUrl":"https:\/\/vineyard-mc.com\/wp-content\/uploads\/2021\/03\/Jahrgaenge.jpg"},{"@type":"BreadcrumbList","@id":"https:\/\/vineyard-mc.com\/vmc-philosophie\/#breadcrumb","itemListElement":[{"@type":"ListItem","position":1,"name":"Startseite","item":"https:\/\/vineyard-mc.com\/"},{"@type":"ListItem","position":2,"name":"Philosophie"}]},{"@type":"WebSite","@id":"https:\/\/vineyard-mc.com\/#website","url":"https:\/\/vineyard-mc.com\/","name":"Vineyard Management Consulting GmbH","description":"Better Ideas - Better Results","publisher":{"@id":"https:\/\/vineyard-mc.com\/#organization"},"alternateName":"VMC GmbH","potentialAction":[{"@type":"SearchAction","target":{"@type":"EntryPoint","urlTemplate":"https:\/\/vineyard-mc.com\/?s={search_term_string}"},"query-input":{"@type":"PropertyValueSpecification","valueRequired":true,"valueName":"search_term_string"}}],"inLanguage":"de"},{"@type":"Organization","@id":"https:\/\/vineyard-mc.com\/#organization","name":"Vineyard Management Consulting GmbH","url":"https:\/\/vineyard-mc.com\/","logo":{"@type":"ImageObject","inLanguage":"de","@id":"https:\/\/vineyard-mc.com\/#\/schema\/logo\/image\/","url":"https:\/\/vineyard-mc.com\/wp-content\/uploads\/2021\/03\/VMC-Logo_1.jpg","contentUrl":"https:\/\/vineyard-mc.com\/wp-content\/uploads\/2021\/03\/VMC-Logo_1.jpg","width":506,"height":665,"caption":"Vineyard Management Consulting GmbH"},"image":{"@id":"https:\/\/vineyard-mc.com\/#\/schema\/logo\/image\/"},"sameAs":["https:\/\/de.linkedin.com\/company\/vineyard-management-consulting-gmbh"]}]}},"_links":{"self":[{"href":"https:\/\/vineyard-mc.com\/de_de\/wp-json\/wp\/v2\/pages\/7778","targetHints":{"allow":["GET"]}}],"collection":[{"href":"https:\/\/vineyard-mc.com\/de_de\/wp-json\/wp\/v2\/pages"}],"about":[{"href":"https:\/\/vineyard-mc.com\/de_de\/wp-json\/wp\/v2\/types\/page"}],"author":[{"embeddable":true,"href":"https:\/\/vineyard-mc.com\/de_de\/wp-json\/wp\/v2\/users\/2"}],"replies":[{"embeddable":true,"href":"https:\/\/vineyard-mc.com\/de_de\/wp-json\/wp\/v2\/comments?post=7778"}],"version-history":[{"count":0,"href":"https:\/\/vineyard-mc.com\/de_de\/wp-json\/wp\/v2\/pages\/7778\/revisions"}],"wp:attachment":[{"href":"https:\/\/vineyard-mc.com\/de_de\/wp-json\/wp\/v2\/media?parent=7778"}],"curies":[{"name":"wp","href":"https:\/\/api.w.org\/{rel}","templated":true}]}}