{"id":9473,"date":"2014-09-28T00:23:46","date_gmt":"2014-09-28T00:23:46","guid":{"rendered":"http:\/\/lawyers-attorneys.vamtam.com\/?page_id=9473"},"modified":"2025-12-22T15:12:12","modified_gmt":"2025-12-22T14:12:12","slug":"carsten-fabig","status":"publish","type":"page","link":"https:\/\/vineyard-mc.com\/de_de\/das-team-der-vineyard-management-consulting-gmbh\/carsten-fabig\/","title":{"rendered":"Carsten Fabig"},"content":{"rendered":"<div class=\"row \"><div class=\"wpv-grid grid-2-5  wpv-first-level first unextended\" style=\"padding-top:0px;padding-bottom:15px\" id=\"wpv-column-47b0c6bde8390526e4fe832d88c02fc3\" ><div class=\"row \"><div class=\"wpv-grid grid-1-1  first unextended\" style=\"padding-top:0px;padding-bottom:0px\" id=\"wpv-column-c4a156ecda43e257ea2527515a471a28\" ><p><img loading=\"lazy\" decoding=\"async\" class=\"alignnone size-medium wp-image-987729 aligncenter\" src=\"https:\/\/vineyard-mc.com\/wp-content\/uploads\/2021\/03\/DSC_5483-Edit-Carsten-scaled-e1704988073774-264x300.jpg\" alt=\"ProfilbildCarstenFabig\" width=\"264\" height=\"300\" srcset=\"https:\/\/vineyard-mc.com\/wp-content\/uploads\/2021\/03\/DSC_5483-Edit-Carsten-scaled-e1704988073774-264x300.jpg 264w, https:\/\/vineyard-mc.com\/wp-content\/uploads\/2021\/03\/DSC_5483-Edit-Carsten-scaled-e1704988073774-902x1024.jpg 902w, https:\/\/vineyard-mc.com\/wp-content\/uploads\/2021\/03\/DSC_5483-Edit-Carsten-scaled-e1704988073774-11x12.jpg 11w, https:\/\/vineyard-mc.com\/wp-content\/uploads\/2021\/03\/DSC_5483-Edit-Carsten-scaled-e1704988073774.jpg 1706w\" sizes=\"auto, (max-width: 264px) 100vw, 264px\" \/><\/div><\/div>\n<div class=\"row \"><div class=\"wpv-grid grid-1-1  first unextended animation-fade-in animated-active\" style=\"padding-top:0px;padding-bottom:0px\" id=\"wpv-column-6234113b2dfd865deb7167461022ff6a\" ><h4 style=\"padding-left: 20px;\">KONTAKT:<\/h4>\n<p style=\"padding-left: 20px;\"><a href=\"mailto:fabig@vineyard-mc.com\">fabig@vineyard-mc.com<\/a><\/p>\n<p style=\"padding-left: 20px;\"><div class=\"push\" style='height:10px'><\/div>\n<h4 style=\"padding-left: 20px;\">SCHWERPUNKTE:<\/h4>\n<p style=\"padding-left: 20px;\"><a href=\"https:\/\/vineyard-mc.com\/leistungen\/people\/\">People Management \u2192<\/a><br \/>\n<a href=\"https:\/\/vineyard-mc.com\/leistungen\/project\/\">Project Management \u2192<\/a><br \/>\n<a href=\"https:\/\/vineyard-mc.com\/leistungen\/transition\/\">Transition Management \u2192<\/a><\/p>\n<p style=\"padding-left: 20px;\"><div class=\"push\" style='height:10px'><\/div>\n<h4 style=\"padding-left: 20px;\">STUDIUM:<\/h4>\n<p style=\"padding-left: 20px;\">Diplom-\u00d6konom, Universit\u00e4t Hohenheim<\/div><\/div><\/div>\n<div class=\"wpv-grid grid-3-5  wpv-first-level unextended\" style=\"padding-top:0px;padding-bottom:0px\" id=\"wpv-column-a6a961fe7a6b510f90d2b3906430214c\" ><div class=\"row \"><div class=\"wpv-grid grid-1-1  first unextended\" style=\"padding-top:0px;padding-bottom:0px\" id=\"wpv-column-a51cfc51d5192ec298cf6ba231f34ce1\" ><p>Carsten, Management Berater und Gr\u00fcnder der Vineyard Management Consulting GmbH, ist darauf spezialisiert, strategische Initiativen voranzutreiben und innovative L\u00f6sungen umzusetzen. Mit mehr als 25 Jahren praktischer Erfahrung im Portfolio- und Programmmanagement unterst\u00fctzt er gro\u00dfe (DAX30) und mittelst\u00e4ndische Unternehmen aus Branchen wie Finanzenindustrie, Energieversorger und IT-Services. Carsten zeichnet sich durch seine F\u00e4higkeit aus, komplexe Transformationen zu orchestrieren, Kunden durch dynamische Gesch\u00e4ftslandschaften zu f\u00fchren und die Umsetzung strategischer Ziele auch im operativen Gesch\u00e4ft sicherzustellen. Sein unerm\u00fcdlicher Einsatz f\u00fcr den Erfolg seiner Kunden zeigt sich in seinem Engagement f\u00fcr die Optimierung von Prozessen und die Verbesserung derer Leistung. Carsten spricht flie\u00dfend Deutsch und Englisch und \u00fcberbr\u00fcckt effektiv Kommunikationsbarrieren und f\u00f6rdert die Zusammenarbeit auf globaler Ebene.<\/p>\n<p>Kernkompetenzen von Carsten sind:<\/p>\n<ul>\n<li><strong>Interim Management und strategische Unterst\u00fctzung f\u00fcr Ver\u00e4nderungs-, Transformations- und Innovationsprozesse: <\/strong>Carsten ist ein erfahrener Unternehmensberater mit einer nachgewiesenen Erfolgsbilanz im Interimsmanagement und in der strategischen Begleitung von organisatorischen Ver\u00e4nderungs-, Transformations- und Innovationsprozessen. Als Change Agent und Programmleiter hat er sich auf die \u00dcberwachung kritischer Initiativen wie das Outsourcing von Serviceeinheiten, die Bereitstellung von Management-Coaching und die Begleitung von Organisationen bei Umstrukturierungen oder der Einf\u00fchrung neuer Managementmethoden spezialisiert.<\/li>\n<li><strong>(Agiles) Projektmanagement im Umfeld von Gro\u00dfprojekten: <\/strong>Im Bereich des (agilen) Projektmanagements zeichnet sich Carsten durch die Leitung von Gro\u00dfprojekten auf nationaler und internationaler Ebene aus. Er hat erfolgreich Projektportfolios und agile Teams (u.a. als Chief Product Owner, Release Train Engineer oder Scrum Master) geleitet und die Implementierung von IT-Systemen und -L\u00f6sungen vorangetrieben. Sein Fachwissen erstreckt sich auf die \u00dcberwachung von IT- oder Softwareimplementierungen und die Durchf\u00fchrung von IT-Sicherheits- und Risikomanagementprojekten.<\/li>\n<li><strong><b>Informationssicherheit<\/b><b> &#038; <\/b><b>Compliance<\/b>: <\/strong>Carsten verf\u00fcgt auch \u00fcber umfassende Kenntnisse und Erfahrungen im GRC-Management. Er bietet unsch\u00e4tzbare Unterst\u00fctzung bei der Navigation der aufsichtsrechtlichen Herausforderungen, einschlie\u00dflich der Durchf\u00fchrung von BAIT-Audits, der Implementierung von Programmen zur Behebung aufsichtsrechtlicher Feststellungen der BaFin und der Verbesserung von Informations- und Cybersicherheitsma\u00dfnahmen.<\/li>\n<li><strong>IT- und Prozessmanagement: <\/strong>Dar\u00fcber hinaus ist Carsten auf Komplexit\u00e4ts- und Prozessmanagement spezialisiert und bietet Dienstleistungen wie Prozessanalyse, Modellierung, Simulation und Implementierung an. Er ist versiert in der Erstellung und Durchf\u00fchrung von Effizienzprogrammen, der Definition von Servicekatalogen, der Ableitung von KPIs und der Implementierung von Gesch\u00e4fts- und IT-Supportprozessen. Zu seinen Kompetenzen geh\u00f6rt auch die Einf\u00fchrung von prozessbasierten Kostenverrechnungsmethoden zur Optimierung der Ressourcenauslastung.<\/li>\n<li><strong>Controlling und Projektbegleitung: <\/strong>Dar\u00fcber hinaus zeichnet sich Carsten im Controlling und Projektcontrolling aus, wo er robuste Methoden und Tools implementiert, die eine fundierte Entscheidungsfindung und Ressourcenallokation erm\u00f6glichen. Von der Optimierung der Budgetierungsprozesse bis hin zur Verbesserung des Lieferantenmanagements und der Provider-\u00dcberwachung sorgt er f\u00fcr eine transparente finanzielle Steuerung und ein effektives Projektmanagement durch ein umfassendes KPI- und Management-Reporting.<\/li>\n<li><strong>Publizierter Autor <\/strong>zu Themen wie: Change Management, Balanced Scorecard, Softwarelizenzmanagement, Prozesskostenrechnung, Basel II und Projektmanagement \u2192 <a href=\"https:\/\/vineyard-mc.com\/de_de\/aktuelles\/neuigkeiten-3\/\">Link<\/a><\/li>\n<\/ul>\n<p>Carsten hat seinen Universit\u00e4tsabschluss in Wirtschaftswissenschaften an der Universit\u00e4t Hohenheim erworben und verf\u00fcgt \u00fcber ein solides Portfolio an branchenweit anerkannten Zertifizierungen und Standards. Zu diesen geh\u00f6ren:<\/p>\n<ul>\n<li><strong><b>Informationssicherheit<\/b><b> &#038; <\/b><b>Compliance<\/b>:<\/strong> DORA, MaRisk, BAIT\/VAIT, NIST<\/li>\n<li><strong>(Agiles) Projektmanagement: <\/strong>Project Management Professional (PMP \/ PMI\u00ae), Professional Scrum Master I (Scrum.org), zertifizierter Product Owner (Scrum Institute\u2122), Scaled Agile Framework (SAFe)<\/li>\n<li><strong>IT- und Prozessmanagement: <\/strong>ITIL Foundation (T\u00dcV S\u00dcD Akademie GmbH), Six Sigma Green Belt (6sigmastudy), CMMI for Services and Development (Anywhere24).<\/li>\n<li><strong>Technology &#038; Tools: <\/strong>ServiceNow, ARIS, AdoIT, SharePoint, SmartTrack Software Lizenzmanagement, SAP.<\/li>\n<\/ul><\/div><\/div><\/div><\/div>\n<div class=\"row \"><div class=\"wpv-grid grid-1-1  wpv-first-level first unextended animation-from-bottom animated-active\" style=\"padding-top:15px;padding-bottom:15px\" id=\"wpv-column-f3ab87835f8cc2f8702d99543db240dd\" >\t\t<div class=\"sep-text single centered\">\n\t\t\t\t\t\t\t<span class=\"sep-text-before\"><div class=\"sep-text-line\"><\/div><\/span>\n\t\t\t\t\t\t<div class=\"content\">\n\t\t\t\t<h2 class=\"text-divider-double\">Ihre Nachricht<\/h2>\t\t\t<\/div>\n\t\t\t<span class=\"sep-text-after\"><div class=\"sep-text-line\"><\/div><\/span>\n\t\t\t\t\t<\/div>\n\t<div class=\"row \"><div class=\"wpv-grid grid-1-1  first unextended\" style=\"padding-top:0px;padding-bottom:0px\" id=\"wpv-column-d6399118756d04685cc946259f32f7a4\" ><p>\n<div class=\"wpcf7 no-js\" id=\"wpcf7-f10-o1\" lang=\"en-US\" dir=\"ltr\" data-wpcf7-id=\"10\">\n<div class=\"screen-reader-response\"><p role=\"status\" aria-live=\"polite\" aria-atomic=\"true\"><\/p> <ul><\/ul><\/div>\n<form action=\"\/de_de\/wp-json\/wp\/v2\/pages\/9473#wpcf7-f10-o1\" method=\"post\" class=\"wpcf7-form init\" aria-label=\"Contact form\" novalidate=\"novalidate\" data-status=\"init\">\n<fieldset class=\"hidden-fields-container\"><input type=\"hidden\" name=\"_wpcf7\" value=\"10\" \/><input type=\"hidden\" name=\"_wpcf7_version\" value=\"6.1.5\" \/><input type=\"hidden\" name=\"_wpcf7_locale\" value=\"en_US\" \/><input type=\"hidden\" name=\"_wpcf7_unit_tag\" value=\"wpcf7-f10-o1\" \/><input type=\"hidden\" name=\"_wpcf7_container_post\" value=\"0\" \/><input type=\"hidden\" name=\"_wpcf7_posted_data_hash\" value=\"\" \/>\n<\/fieldset>\n<div class=\"row\">\n\t<div class=\"grid-1-3\">\n\t\t<p><span class=\"wpcf7-form-control-wrap\" data-name=\"Name\"><input size=\"40\" maxlength=\"400\" class=\"wpcf7-form-control wpcf7-text wpcf7-validates-as-required\" aria-required=\"true\" aria-invalid=\"false\" value=\"Ihr Name \/ Your name\" type=\"text\" name=\"Name\" \/><\/span>\n\t\t<\/p>\n\t<\/div>\n\t<div class=\"grid-1-3\">\n\t\t<p><span class=\"wpcf7-form-control-wrap\" data-name=\"E-mail\"><input size=\"40\" maxlength=\"400\" class=\"wpcf7-form-control wpcf7-text wpcf7-validates-as-required\" aria-required=\"true\" aria-invalid=\"false\" value=\"E-Mail \/ email\" type=\"text\" name=\"E-mail\" \/><\/span>\n\t\t<\/p>\n\t<\/div>\n\t<div class=\"grid-1-3\">\n\t\t<p><span class=\"wpcf7-form-control-wrap\" data-name=\"Phone\"><input size=\"40\" maxlength=\"400\" class=\"wpcf7-form-control wpcf7-text\" aria-invalid=\"false\" value=\"Telefon \/ Phone\" type=\"text\" name=\"Phone\" \/><\/span>\n\t\t<\/p>\n\t<\/div>\n\t<div class=\"grid-1-1\">\n\t\t<p><span class=\"wpcf7-form-control-wrap\" data-name=\"Subject\"><input size=\"40\" maxlength=\"400\" class=\"wpcf7-form-control wpcf7-text wpcf7-validates-as-required\" aria-required=\"true\" aria-invalid=\"false\" value=\"Ihr Thema \/ Subject\" type=\"text\" name=\"Subject\" \/><\/span>\n\t\t<\/p>\n\t<\/div>\n\t<div class=\"grid-1-1\">\n\t\t<p><span class=\"wpcf7-form-control-wrap\" data-name=\"Message\"><textarea cols=\"40\" rows=\"10\" maxlength=\"2000\" class=\"wpcf7-form-control wpcf7-textarea wpcf7-validates-as-required\" aria-required=\"true\" aria-invalid=\"false\" name=\"Message\">Ihre Nachricht... \/ Your message...<\/textarea><\/span>\n\t\t<\/p>\n\t<\/div>\n\t<div style= \"text-align: center;\">\n\t\t<p><input class=\"wpcf7-form-control wpcf7-submit has-spinner\" type=\"submit\" value=\"Absenden \/ Send \u2192\" \/>\n\t\t<\/p>\n\t<\/div>\n<\/div><div class=\"wpcf7-response-output\" aria-hidden=\"true\"><\/div>\n<\/form>\n<\/div>\n<\/div><\/div><\/div><\/div>\n","protected":false},"excerpt":{"rendered":"<p>KONTAKT: fabig@vineyard-mc.com SCHWERPUNKTE: People Management \u2192 Project Management \u2192 Transition Management \u2192 STUDIUM: Diplom-\u00d6konom, Universit\u00e4t Hohenheim Carsten, Management Berater und Gr\u00fcnder der Vineyard Management Consulting GmbH, ist darauf spezialisiert, strategische Initiativen voranzutreiben und innovative L\u00f6sungen umzusetzen. Mit mehr als 25 Jahren praktischer Erfahrung im Portfolio- und Programmmanagement unterst\u00fctzt er gro\u00dfe (DAX30) und mittelst\u00e4ndische Unternehmen aus&#8230;<\/p>\n","protected":false},"author":2,"featured_media":0,"parent":7774,"menu_order":1,"comment_status":"closed","ping_status":"closed","template":"","meta":{"footnotes":""},"class_list":["post-9473","page","type-page","status-publish","hentry"],"yoast_head":"<!-- This site is optimized with the Yoast SEO plugin v27.3 - https:\/\/yoast.com\/product\/yoast-seo-wordpress\/ -->\n<title>Carsten Fabig - Vineyard Management Consulting GmbH<\/title>\n<meta name=\"robots\" content=\"index, follow, max-snippet:-1, max-image-preview:large, max-video-preview:-1\" \/>\n<link rel=\"canonical\" href=\"https:\/\/vineyard-mc.com\/de_de\/das-team-der-vineyard-management-consulting-gmbh\/carsten-fabig\/\" \/>\n<meta property=\"og:locale\" content=\"de_DE\" \/>\n<meta property=\"og:type\" content=\"article\" \/>\n<meta property=\"og:title\" content=\"Carsten Fabig - Vineyard Management Consulting GmbH\" \/>\n<meta property=\"og:description\" content=\"KONTAKT: fabig@vineyard-mc.com SCHWERPUNKTE: People Management \u2192 Project Management \u2192 Transition Management \u2192 STUDIUM: Diplom-\u00d6konom, Universit\u00e4t Hohenheim Carsten, Management Berater und Gr\u00fcnder der Vineyard Management Consulting GmbH, ist darauf spezialisiert, strategische Initiativen voranzutreiben und innovative L\u00f6sungen umzusetzen. Mit mehr als 25 Jahren praktischer Erfahrung im Portfolio- und Programmmanagement unterst\u00fctzt er gro\u00dfe (DAX30) und mittelst\u00e4ndische Unternehmen aus...\" \/>\n<meta property=\"og:url\" content=\"https:\/\/vineyard-mc.com\/de_de\/das-team-der-vineyard-management-consulting-gmbh\/carsten-fabig\/\" \/>\n<meta property=\"og:site_name\" content=\"Vineyard Management Consulting GmbH\" \/>\n<meta property=\"article:modified_time\" content=\"2025-12-22T14:12:12+00:00\" \/>\n<meta property=\"og:image\" content=\"https:\/\/vineyard-mc.com\/wp-content\/uploads\/2021\/03\/DSC_5483-Edit-Carsten-scaled-e1704988073774.jpg\" \/>\n\t<meta property=\"og:image:width\" content=\"1706\" \/>\n\t<meta property=\"og:image:height\" content=\"1937\" \/>\n\t<meta property=\"og:image:type\" content=\"image\/jpeg\" \/>\n<meta name=\"twitter:card\" content=\"summary_large_image\" \/>\n<meta name=\"twitter:label1\" content=\"Gesch\u00e4tzte Lesezeit\" \/>\n\t<meta name=\"twitter:data1\" content=\"4\u00a0Minuten\" \/>\n<script type=\"application\/ld+json\" class=\"yoast-schema-graph\">{\"@context\":\"https:\\\/\\\/schema.org\",\"@graph\":[{\"@type\":\"WebPage\",\"@id\":\"https:\\\/\\\/vineyard-mc.com\\\/das-team-der-vineyard-management-consulting-gmbh\\\/carsten-fabig\\\/\",\"url\":\"https:\\\/\\\/vineyard-mc.com\\\/das-team-der-vineyard-management-consulting-gmbh\\\/carsten-fabig\\\/\",\"name\":\"Carsten Fabig - Vineyard Management Consulting GmbH\",\"isPartOf\":{\"@id\":\"https:\\\/\\\/vineyard-mc.com\\\/#website\"},\"primaryImageOfPage\":{\"@id\":\"https:\\\/\\\/vineyard-mc.com\\\/das-team-der-vineyard-management-consulting-gmbh\\\/carsten-fabig\\\/#primaryimage\"},\"image\":{\"@id\":\"https:\\\/\\\/vineyard-mc.com\\\/das-team-der-vineyard-management-consulting-gmbh\\\/carsten-fabig\\\/#primaryimage\"},\"thumbnailUrl\":\"https:\\\/\\\/vineyard-mc.com\\\/wp-content\\\/uploads\\\/2021\\\/03\\\/DSC_5483-Edit-Carsten-scaled-e1704988073774-264x300.jpg\",\"datePublished\":\"2014-09-28T00:23:46+00:00\",\"dateModified\":\"2025-12-22T14:12:12+00:00\",\"breadcrumb\":{\"@id\":\"https:\\\/\\\/vineyard-mc.com\\\/das-team-der-vineyard-management-consulting-gmbh\\\/carsten-fabig\\\/#breadcrumb\"},\"inLanguage\":\"de\",\"potentialAction\":[{\"@type\":\"ReadAction\",\"target\":[\"https:\\\/\\\/vineyard-mc.com\\\/das-team-der-vineyard-management-consulting-gmbh\\\/carsten-fabig\\\/\"]}]},{\"@type\":\"ImageObject\",\"inLanguage\":\"de\",\"@id\":\"https:\\\/\\\/vineyard-mc.com\\\/das-team-der-vineyard-management-consulting-gmbh\\\/carsten-fabig\\\/#primaryimage\",\"url\":\"https:\\\/\\\/vineyard-mc.com\\\/wp-content\\\/uploads\\\/2021\\\/03\\\/DSC_5483-Edit-Carsten-scaled-e1704988073774-264x300.jpg\",\"contentUrl\":\"https:\\\/\\\/vineyard-mc.com\\\/wp-content\\\/uploads\\\/2021\\\/03\\\/DSC_5483-Edit-Carsten-scaled-e1704988073774-264x300.jpg\"},{\"@type\":\"BreadcrumbList\",\"@id\":\"https:\\\/\\\/vineyard-mc.com\\\/das-team-der-vineyard-management-consulting-gmbh\\\/carsten-fabig\\\/#breadcrumb\",\"itemListElement\":[{\"@type\":\"ListItem\",\"position\":1,\"name\":\"Startseite\",\"item\":\"https:\\\/\\\/vineyard-mc.com\\\/\"},{\"@type\":\"ListItem\",\"position\":2,\"name\":\"Unser Team\",\"item\":\"https:\\\/\\\/vineyard-mc.com\\\/das-team-der-vineyard-management-consulting-gmbh\\\/\"},{\"@type\":\"ListItem\",\"position\":3,\"name\":\"Carsten Fabig\"}]},{\"@type\":\"WebSite\",\"@id\":\"https:\\\/\\\/vineyard-mc.com\\\/#website\",\"url\":\"https:\\\/\\\/vineyard-mc.com\\\/\",\"name\":\"Vineyard Management Consulting GmbH\",\"description\":\"Better Ideas - Better Results\",\"publisher\":{\"@id\":\"https:\\\/\\\/vineyard-mc.com\\\/#organization\"},\"alternateName\":\"VMC GmbH\",\"potentialAction\":[{\"@type\":\"SearchAction\",\"target\":{\"@type\":\"EntryPoint\",\"urlTemplate\":\"https:\\\/\\\/vineyard-mc.com\\\/?s={search_term_string}\"},\"query-input\":{\"@type\":\"PropertyValueSpecification\",\"valueRequired\":true,\"valueName\":\"search_term_string\"}}],\"inLanguage\":\"de\"},{\"@type\":\"Organization\",\"@id\":\"https:\\\/\\\/vineyard-mc.com\\\/#organization\",\"name\":\"Vineyard Management Consulting GmbH\",\"url\":\"https:\\\/\\\/vineyard-mc.com\\\/\",\"logo\":{\"@type\":\"ImageObject\",\"inLanguage\":\"de\",\"@id\":\"https:\\\/\\\/vineyard-mc.com\\\/#\\\/schema\\\/logo\\\/image\\\/\",\"url\":\"https:\\\/\\\/vineyard-mc.com\\\/wp-content\\\/uploads\\\/2021\\\/03\\\/VMC-Logo_1.jpg\",\"contentUrl\":\"https:\\\/\\\/vineyard-mc.com\\\/wp-content\\\/uploads\\\/2021\\\/03\\\/VMC-Logo_1.jpg\",\"width\":506,\"height\":665,\"caption\":\"Vineyard Management Consulting GmbH\"},\"image\":{\"@id\":\"https:\\\/\\\/vineyard-mc.com\\\/#\\\/schema\\\/logo\\\/image\\\/\"},\"sameAs\":[\"https:\\\/\\\/de.linkedin.com\\\/company\\\/vineyard-management-consulting-gmbh\"]}]}<\/script>\n<!-- \/ Yoast SEO plugin. -->","yoast_head_json":{"title":"Carsten Fabig - Vineyard Management Consulting GmbH","robots":{"index":"index","follow":"follow","max-snippet":"max-snippet:-1","max-image-preview":"max-image-preview:large","max-video-preview":"max-video-preview:-1"},"canonical":"https:\/\/vineyard-mc.com\/de_de\/das-team-der-vineyard-management-consulting-gmbh\/carsten-fabig\/","og_locale":"de_DE","og_type":"article","og_title":"Carsten Fabig - Vineyard Management Consulting GmbH","og_description":"KONTAKT: fabig@vineyard-mc.com SCHWERPUNKTE: People Management \u2192 Project Management \u2192 Transition Management \u2192 STUDIUM: Diplom-\u00d6konom, Universit\u00e4t Hohenheim Carsten, Management Berater und Gr\u00fcnder der Vineyard Management Consulting GmbH, ist darauf spezialisiert, strategische Initiativen voranzutreiben und innovative L\u00f6sungen umzusetzen. Mit mehr als 25 Jahren praktischer Erfahrung im Portfolio- und Programmmanagement unterst\u00fctzt er gro\u00dfe (DAX30) und mittelst\u00e4ndische Unternehmen aus...","og_url":"https:\/\/vineyard-mc.com\/de_de\/das-team-der-vineyard-management-consulting-gmbh\/carsten-fabig\/","og_site_name":"Vineyard Management Consulting GmbH","article_modified_time":"2025-12-22T14:12:12+00:00","og_image":[{"width":1706,"height":1937,"url":"https:\/\/vineyard-mc.com\/wp-content\/uploads\/2021\/03\/DSC_5483-Edit-Carsten-scaled-e1704988073774.jpg","type":"image\/jpeg"}],"twitter_card":"summary_large_image","twitter_misc":{"Gesch\u00e4tzte Lesezeit":"4\u00a0Minuten"},"schema":{"@context":"https:\/\/schema.org","@graph":[{"@type":"WebPage","@id":"https:\/\/vineyard-mc.com\/das-team-der-vineyard-management-consulting-gmbh\/carsten-fabig\/","url":"https:\/\/vineyard-mc.com\/das-team-der-vineyard-management-consulting-gmbh\/carsten-fabig\/","name":"Carsten Fabig - Vineyard Management Consulting GmbH","isPartOf":{"@id":"https:\/\/vineyard-mc.com\/#website"},"primaryImageOfPage":{"@id":"https:\/\/vineyard-mc.com\/das-team-der-vineyard-management-consulting-gmbh\/carsten-fabig\/#primaryimage"},"image":{"@id":"https:\/\/vineyard-mc.com\/das-team-der-vineyard-management-consulting-gmbh\/carsten-fabig\/#primaryimage"},"thumbnailUrl":"https:\/\/vineyard-mc.com\/wp-content\/uploads\/2021\/03\/DSC_5483-Edit-Carsten-scaled-e1704988073774-264x300.jpg","datePublished":"2014-09-28T00:23:46+00:00","dateModified":"2025-12-22T14:12:12+00:00","breadcrumb":{"@id":"https:\/\/vineyard-mc.com\/das-team-der-vineyard-management-consulting-gmbh\/carsten-fabig\/#breadcrumb"},"inLanguage":"de","potentialAction":[{"@type":"ReadAction","target":["https:\/\/vineyard-mc.com\/das-team-der-vineyard-management-consulting-gmbh\/carsten-fabig\/"]}]},{"@type":"ImageObject","inLanguage":"de","@id":"https:\/\/vineyard-mc.com\/das-team-der-vineyard-management-consulting-gmbh\/carsten-fabig\/#primaryimage","url":"https:\/\/vineyard-mc.com\/wp-content\/uploads\/2021\/03\/DSC_5483-Edit-Carsten-scaled-e1704988073774-264x300.jpg","contentUrl":"https:\/\/vineyard-mc.com\/wp-content\/uploads\/2021\/03\/DSC_5483-Edit-Carsten-scaled-e1704988073774-264x300.jpg"},{"@type":"BreadcrumbList","@id":"https:\/\/vineyard-mc.com\/das-team-der-vineyard-management-consulting-gmbh\/carsten-fabig\/#breadcrumb","itemListElement":[{"@type":"ListItem","position":1,"name":"Startseite","item":"https:\/\/vineyard-mc.com\/"},{"@type":"ListItem","position":2,"name":"Unser Team","item":"https:\/\/vineyard-mc.com\/das-team-der-vineyard-management-consulting-gmbh\/"},{"@type":"ListItem","position":3,"name":"Carsten Fabig"}]},{"@type":"WebSite","@id":"https:\/\/vineyard-mc.com\/#website","url":"https:\/\/vineyard-mc.com\/","name":"Vineyard Management Consulting GmbH","description":"Better Ideas - Better Results","publisher":{"@id":"https:\/\/vineyard-mc.com\/#organization"},"alternateName":"VMC GmbH","potentialAction":[{"@type":"SearchAction","target":{"@type":"EntryPoint","urlTemplate":"https:\/\/vineyard-mc.com\/?s={search_term_string}"},"query-input":{"@type":"PropertyValueSpecification","valueRequired":true,"valueName":"search_term_string"}}],"inLanguage":"de"},{"@type":"Organization","@id":"https:\/\/vineyard-mc.com\/#organization","name":"Vineyard Management Consulting GmbH","url":"https:\/\/vineyard-mc.com\/","logo":{"@type":"ImageObject","inLanguage":"de","@id":"https:\/\/vineyard-mc.com\/#\/schema\/logo\/image\/","url":"https:\/\/vineyard-mc.com\/wp-content\/uploads\/2021\/03\/VMC-Logo_1.jpg","contentUrl":"https:\/\/vineyard-mc.com\/wp-content\/uploads\/2021\/03\/VMC-Logo_1.jpg","width":506,"height":665,"caption":"Vineyard Management Consulting GmbH"},"image":{"@id":"https:\/\/vineyard-mc.com\/#\/schema\/logo\/image\/"},"sameAs":["https:\/\/de.linkedin.com\/company\/vineyard-management-consulting-gmbh"]}]}},"_links":{"self":[{"href":"https:\/\/vineyard-mc.com\/de_de\/wp-json\/wp\/v2\/pages\/9473","targetHints":{"allow":["GET"]}}],"collection":[{"href":"https:\/\/vineyard-mc.com\/de_de\/wp-json\/wp\/v2\/pages"}],"about":[{"href":"https:\/\/vineyard-mc.com\/de_de\/wp-json\/wp\/v2\/types\/page"}],"author":[{"embeddable":true,"href":"https:\/\/vineyard-mc.com\/de_de\/wp-json\/wp\/v2\/users\/2"}],"replies":[{"embeddable":true,"href":"https:\/\/vineyard-mc.com\/de_de\/wp-json\/wp\/v2\/comments?post=9473"}],"version-history":[{"count":16,"href":"https:\/\/vineyard-mc.com\/de_de\/wp-json\/wp\/v2\/pages\/9473\/revisions"}],"predecessor-version":[{"id":989600,"href":"https:\/\/vineyard-mc.com\/de_de\/wp-json\/wp\/v2\/pages\/9473\/revisions\/989600"}],"up":[{"embeddable":true,"href":"https:\/\/vineyard-mc.com\/de_de\/wp-json\/wp\/v2\/pages\/7774"}],"wp:attachment":[{"href":"https:\/\/vineyard-mc.com\/de_de\/wp-json\/wp\/v2\/media?parent=9473"}],"curies":[{"name":"wp","href":"https:\/\/api.w.org\/{rel}","templated":true}]}}