{"id":9482,"date":"2014-09-28T01:06:43","date_gmt":"2014-09-27T23:06:43","guid":{"rendered":"http:\/\/lawyers-attorneys.vamtam.com\/?page_id=9482"},"modified":"2025-12-22T15:23:01","modified_gmt":"2025-12-22T14:23:01","slug":"alexander-haasper","status":"publish","type":"page","link":"https:\/\/vineyard-mc.com\/de_de\/das-team-der-vineyard-management-consulting-gmbh\/alexander-haasper\/","title":{"rendered":"Alexander Haasper"},"content":{"rendered":"<div class=\"row \"><div class=\"wpv-grid grid-2-5  wpv-first-level first unextended\" style=\"padding-top:0px;padding-bottom:15px\" id=\"wpv-column-e3dd30045791890f1c445ac39a569952\" ><div class=\"row \"><div class=\"wpv-grid grid-1-1  first unextended\" style=\"padding-top:0px;padding-bottom:0px\" id=\"wpv-column-70c2fd35de2da6dc58cdcdbcc8795266\" ><p><img loading=\"lazy\" decoding=\"async\" class=\"size-medium wp-image-987728 aligncenter\" src=\"https:\/\/vineyard-mc.com\/wp-content\/uploads\/2021\/03\/AH-2016-Geradeaus-scaled-e1704984457257-256x300.jpg\" alt=\"ProfilbildAlexanderHaasper\" width=\"256\" height=\"300\" srcset=\"https:\/\/vineyard-mc.com\/wp-content\/uploads\/2021\/03\/AH-2016-Geradeaus-scaled-e1704984457257-256x300.jpg 256w, https:\/\/vineyard-mc.com\/wp-content\/uploads\/2021\/03\/AH-2016-Geradeaus-scaled-e1704984457257-874x1024.jpg 874w, https:\/\/vineyard-mc.com\/wp-content\/uploads\/2021\/03\/AH-2016-Geradeaus-scaled-e1704984457257-10x12.jpg 10w, https:\/\/vineyard-mc.com\/wp-content\/uploads\/2021\/03\/AH-2016-Geradeaus-scaled-e1704984457257.jpg 1459w\" sizes=\"auto, (max-width: 256px) 100vw, 256px\" \/><\/div><\/div>\n<div class=\"row \"><div class=\"wpv-grid grid-1-1  first unextended animation-fade-in animated-active\" style=\"padding-top:0px;padding-bottom:0px\" id=\"wpv-column-a6d9944d44783b3218749aa17076e099\" ><h4 style=\"padding-left: 20px;\">CONTACT<\/h4>\n<p style=\"padding-left: 20px;\"><a href=\"mailto:haasper@vineyard-mc.com\">haasper@vineyard-mc.com<\/a><\/p>\n<p style=\"padding-left: 20px;\"><div class=\"push\" style='height:10px'><\/div>\n<h4 style=\"padding-left: 20px;\">AREAS OF PRACTICE<\/h4>\n<p style=\"padding-left: 20px;\"><a href=\"https:\/\/vineyard-mc.com\/leistungen\/complexity\/\">Complexity Management \u2192<\/a><br \/>\n<a href=\"https:\/\/vineyard-mc.com\/leistungen\/project\/\">Project Management \u2192<\/a><br \/>\n<a href=\"https:\/\/vineyard-mc.com\/leistungen\/transition\/\">Transition Management \u2192<\/a><br \/>\n<div class=\"push\" style='height:10px'><\/div>\n<h4 style=\"padding-left: 20px;\">EDUCATION<\/h4>\n<p style=\"padding-left: 20px;\">Diplom-Informatiker, Universit\u00e4t Paderborn<\/div><\/div><\/div>\n<div class=\"wpv-grid grid-3-5  wpv-first-level unextended\" style=\"padding-top:0px;padding-bottom:0px\" id=\"wpv-column-1e13e89605af3fc4b8a5b7d1a1998142\" ><div class=\"row \"><div class=\"wpv-grid grid-1-1  first unextended\" style=\"padding-top:0px;padding-bottom:0px\" id=\"wpv-column-44356ecc8c8fc36ee54d1a583e73600b\" ><p>Alexander ist als Gr\u00fcnder und Gesch\u00e4ftsf\u00fchrer von Vineyard seit mehr als 20 Jahren selbst\u00e4ndig und \u00fcbernimmt gern die Verantwortung, komplexe Vorhaben gemeinsam mit dem Kunden anzugehen und zum Erfolg zu f\u00fchren. Nicht \u201enur\u201c als Partner in der Verantwortung f\u00fcr die Vineyard-Teams beim Kunden, sondern auch als Projektmanager bzw. Interimsmanager ist er aus eigener \u00dcberzeugung und Leidenschaft in Kundenprojekten aktiv.\u00a0Dies bringt ihm dauerhaft den Mehrwert aktueller Themen aus der Praxis, Bodenhaftung und den direkten Kontakt zu den strategischen Projekten bei unseren Kunden.<\/p>\n<p>Flie\u00dfend in Deutsch und Englisch sowie mit viel Erfahrung mit der Lieferung von passenden L\u00f6sungen sowohl in globalen Gro\u00dfkonzernen als auch in mittelst\u00e4ndischen Strukturen kommuniziert er auf allen Ebenen effektiv und ber\u00fccksichtigt dabei kulturelle Besonderheiten.<\/p>\n<p>Kernkompetenzen von Alexander sind:<\/p>\n<ul>\n<li><strong>Digitalisierungs- und Cybersicherheitsmanagement:<\/strong> Alexander hat Erfahrungen aus zahlreichen Projekten und Programmen in diesem Bereich. Grundlegend die Entwicklung von Business Cases und Implementierung einer Microsoft Azure Cloud-L\u00f6sung im Luftfahrtsektor. Er hat auch globale Cybersicherheitsprojekte geleitet, wie z. B. &#8220;Netzwerksegregierung&#8221; oder &#8220;Group Information Risk Management&#8221; innerhalb einer gro\u00dfen Bank. Dar\u00fcber hinaus hat er Projekte wie &#8220;Data Leakage Prevention (DLP)&#8221; und die Einf\u00fchrung von &#8220;Cyber Security KPI Systemen&#8221; in verschiedenen Branchen federf\u00fchrend umgesetzt und dabei toolseitig Sicherheitsl\u00f6sungen zu DLP und Compliance Reporting Tools evaluiert und implementiert.<\/li>\n<li><strong>Management von Gro\u00dfprojekten und Programmen:<\/strong> Alexander hat eine nachgewiesene Erfolgsbilanz bei beim Management von Multiprojekt- und Programmportfolios und der Steuerung von Gro\u00dfprojekten \u00fcber IT- und Gesch\u00e4ftsbereiche hinweg. Zu seinen Erfahrungen geh\u00f6ren die Leitung von Projekten mit agilen Methoden, das Management von PMOs und die \u00dcberwachung von Infrastrukturprojekten. Er hat auch Projektportfolios f\u00fcr die 2nd Line of Defense innerhalb eines DAX-Konzerns verwaltet.<\/li>\n<li><strong>IT-Management:<\/strong> Mit mehr als 15 Jahren Erfahrung im IT Service Management (ITSM) ist Alexander spezialisiert auf Transition und Provider Management und die Entwicklung von IT Service Management Frameworks. Er hat IT-Business Cases entwickelt sowie Ausschreibungen f\u00fcr Kunden als auch f\u00fcr Provider koordiniert.<\/li>\n<li><strong>Komplexit\u00e4tsmanagement (Strategie, Architekturen und Prozesse):<\/strong> Alexander bietet Fachwissen bei der Durchf\u00fchrung von Strategie\u00fcberpr\u00fcfungen f\u00fcr Outsourcing-Optionen, der Implementierung von Enterprise Architecture Management (EAM) und der Einrichtung von Datenmanagement-Frameworks in Finanzdienstleistungen und der pharmazeutischen Industrie. Er ist erfahren in der Analyse, Modellierung und Standardisierung von Prozessen sowie in der Entwicklung und Implementierung kundenspezifischer Prozesse und Frameworks in CISO-, HR- und IT-Organisationen.<\/li>\n<li><strong>Coaching von CISOs, Programm- und Projektmanagern, Workshop-Moderation:<\/strong> Alexander bietet CISOs, Programm- und Projektmanagern Coaching an, wobei er seine umfassende Erfahrung nutzt, um Fachleute anzuleiten und zu unterst\u00fctzen. Er ist au\u00dferdem aktives Mitglied der GPM &#8211; Deutsche Gesellschaft f\u00fcr Projektmanagement e.V., wo er durch Vortr\u00e4ge, Publikationen und Workshop-Moderation bei interPM-Veranstaltungen mitgewirkt.<\/li>\n<li><strong>Publikationen<\/strong> zu Themen wie: Umgang mit Komplexit\u00e4t im Projektmanagement, Business Continuity Management, Cyber Security Frameworks als Basis zur Steuerung von Strategie und Risiken \u2192<a href=\"https:\/\/vineyard-mc.com\/de_de\/aktuelles\/neuigkeiten-3\/\"><strong>Link<\/strong><\/a><\/li>\n<\/ul>\n<p>Alexander hat seinen Diplom-Abschluss in Informatik mit Fachrichtung Wirtschaftswissenschaften an der Universit\u00e4t Paderborn erworben und hat Kenntnisse folgender Methoden bzw. Zertifizierungen:<\/p>\n<ul>\n<li><b>Project Management Certifications &#038; Standards: <\/b>Projektmanagement-Fachmann, Deutsche Gesellschaft f\u00fcr Projektmanagement (GPM-IPMA), Scrum, Agile Vorgehensweisen im Projektmanagement, Confluence, JIRA, UML, Application Lifecycle Management (ALM)<\/li>\n<li><b>Service &#038; <\/b><b>Process<\/b><b> Management: <\/b>Prozess-Management-Tools: Aris &#038; IBO, Microsoft: MS Project, MS Azure, O365 inkl. Access, Sharepoint, MS Purview, ITIL-Foundation Certificate, IT Service Management, T\u00dcV, Introduction to CMMI (Dev and Services), Software Engineering Institute (SEI)<\/li>\n<li><b>Security <\/b><b>Certifications<\/b><b> &#038; <\/b><b>standards<\/b><b>: <\/b>Datenschutzbeauftragter DSB-T\u00dcV, T\u00dcV S\u00fcd, SANS20, ISO27001, NIST, Azure Cloud Security, IT-Grundschutz (BSI), MaRisk, BAIT\/VAIT, DORA<\/li>\n<li><b>Technology &#038; Tools: <\/b>C, C++, JAVA, AMPEG Security Lighthouse, IBM Cognos Analytics, Tableau<\/li>\n<\/ul><\/div><\/div><\/div><\/div>\n<div class=\"row \"><div class=\"wpv-grid grid-1-1  wpv-first-level first unextended animation-from-bottom animated-active\" style=\"padding-top:15px;padding-bottom:15px\" id=\"wpv-column-a91e51d2f27aaf669708527b5721d1a1\" >\t\t<div class=\"sep-text single centered\">\n\t\t\t\t\t\t\t<span class=\"sep-text-before\"><div class=\"sep-text-line\"><\/div><\/span>\n\t\t\t\t\t\t<div class=\"content\">\n\t\t\t\t<h2 class=\"text-divider-double\">Ihre Nachricht<\/h2>\t\t\t<\/div>\n\t\t\t<span class=\"sep-text-after\"><div class=\"sep-text-line\"><\/div><\/span>\n\t\t\t\t\t<\/div>\n\t<div class=\"row \"><div class=\"wpv-grid grid-1-1  first unextended\" style=\"padding-top:0px;padding-bottom:0px\" id=\"wpv-column-2e32241d43e92e6bb4ef72ef02251be3\" ><p>\n<div class=\"wpcf7 no-js\" id=\"wpcf7-f10-o1\" lang=\"en-US\" dir=\"ltr\" data-wpcf7-id=\"10\">\n<div class=\"screen-reader-response\"><p role=\"status\" aria-live=\"polite\" aria-atomic=\"true\"><\/p> <ul><\/ul><\/div>\n<form action=\"\/de_de\/wp-json\/wp\/v2\/pages\/9482#wpcf7-f10-o1\" method=\"post\" class=\"wpcf7-form init\" aria-label=\"Contact form\" novalidate=\"novalidate\" data-status=\"init\">\n<fieldset class=\"hidden-fields-container\"><input type=\"hidden\" name=\"_wpcf7\" value=\"10\" \/><input type=\"hidden\" name=\"_wpcf7_version\" value=\"6.1.5\" \/><input type=\"hidden\" name=\"_wpcf7_locale\" value=\"en_US\" \/><input type=\"hidden\" name=\"_wpcf7_unit_tag\" value=\"wpcf7-f10-o1\" \/><input type=\"hidden\" name=\"_wpcf7_container_post\" value=\"0\" \/><input type=\"hidden\" name=\"_wpcf7_posted_data_hash\" value=\"\" \/>\n<\/fieldset>\n<div class=\"row\">\n\t<div class=\"grid-1-3\">\n\t\t<p><span class=\"wpcf7-form-control-wrap\" data-name=\"Name\"><input size=\"40\" maxlength=\"400\" class=\"wpcf7-form-control wpcf7-text wpcf7-validates-as-required\" aria-required=\"true\" aria-invalid=\"false\" value=\"Ihr Name \/ Your name\" type=\"text\" name=\"Name\" \/><\/span>\n\t\t<\/p>\n\t<\/div>\n\t<div class=\"grid-1-3\">\n\t\t<p><span class=\"wpcf7-form-control-wrap\" data-name=\"E-mail\"><input size=\"40\" maxlength=\"400\" class=\"wpcf7-form-control wpcf7-text wpcf7-validates-as-required\" aria-required=\"true\" aria-invalid=\"false\" value=\"E-Mail \/ email\" type=\"text\" name=\"E-mail\" \/><\/span>\n\t\t<\/p>\n\t<\/div>\n\t<div class=\"grid-1-3\">\n\t\t<p><span class=\"wpcf7-form-control-wrap\" data-name=\"Phone\"><input size=\"40\" maxlength=\"400\" class=\"wpcf7-form-control wpcf7-text\" aria-invalid=\"false\" value=\"Telefon \/ Phone\" type=\"text\" name=\"Phone\" \/><\/span>\n\t\t<\/p>\n\t<\/div>\n\t<div class=\"grid-1-1\">\n\t\t<p><span class=\"wpcf7-form-control-wrap\" data-name=\"Subject\"><input size=\"40\" maxlength=\"400\" class=\"wpcf7-form-control wpcf7-text wpcf7-validates-as-required\" aria-required=\"true\" aria-invalid=\"false\" value=\"Ihr Thema \/ Subject\" type=\"text\" name=\"Subject\" \/><\/span>\n\t\t<\/p>\n\t<\/div>\n\t<div class=\"grid-1-1\">\n\t\t<p><span class=\"wpcf7-form-control-wrap\" data-name=\"Message\"><textarea cols=\"40\" rows=\"10\" maxlength=\"2000\" class=\"wpcf7-form-control wpcf7-textarea wpcf7-validates-as-required\" aria-required=\"true\" aria-invalid=\"false\" name=\"Message\">Ihre Nachricht... \/ Your message...<\/textarea><\/span>\n\t\t<\/p>\n\t<\/div>\n\t<div style= \"text-align: center;\">\n\t\t<p><input class=\"wpcf7-form-control wpcf7-submit has-spinner\" type=\"submit\" value=\"Absenden \/ Send \u2192\" \/>\n\t\t<\/p>\n\t<\/div>\n<\/div><div class=\"wpcf7-response-output\" aria-hidden=\"true\"><\/div>\n<\/form>\n<\/div>\n<\/div><\/div><\/div><\/div>\n","protected":false},"excerpt":{"rendered":"<p>CONTACT haasper@vineyard-mc.com AREAS OF PRACTICE Complexity Management \u2192 Project Management \u2192 Transition Management \u2192 EDUCATION Diplom-Informatiker, Universit\u00e4t Paderborn Alexander ist als Gr\u00fcnder und Gesch\u00e4ftsf\u00fchrer von Vineyard seit mehr als 20 Jahren selbst\u00e4ndig und \u00fcbernimmt gern die Verantwortung, komplexe Vorhaben gemeinsam mit dem Kunden anzugehen und zum Erfolg zu f\u00fchren. Nicht \u201enur\u201c als Partner in der&#8230;<\/p>\n","protected":false},"author":2,"featured_media":0,"parent":7774,"menu_order":2,"comment_status":"closed","ping_status":"closed","template":"","meta":{"footnotes":""},"class_list":["post-9482","page","type-page","status-publish","hentry"],"yoast_head":"<!-- This site is optimized with the Yoast SEO plugin v27.3 - https:\/\/yoast.com\/product\/yoast-seo-wordpress\/ -->\n<title>Alexander Haasper - Vineyard Management Consulting GmbH<\/title>\n<meta name=\"robots\" content=\"index, follow, max-snippet:-1, max-image-preview:large, max-video-preview:-1\" \/>\n<link rel=\"canonical\" href=\"https:\/\/vineyard-mc.com\/de_de\/das-team-der-vineyard-management-consulting-gmbh\/alexander-haasper\/\" \/>\n<meta property=\"og:locale\" content=\"de_DE\" \/>\n<meta property=\"og:type\" content=\"article\" \/>\n<meta property=\"og:title\" content=\"Alexander Haasper - Vineyard Management Consulting GmbH\" \/>\n<meta property=\"og:description\" content=\"CONTACT haasper@vineyard-mc.com AREAS OF PRACTICE Complexity Management \u2192 Project Management \u2192 Transition Management \u2192 EDUCATION Diplom-Informatiker, Universit\u00e4t Paderborn Alexander ist als Gr\u00fcnder und Gesch\u00e4ftsf\u00fchrer von Vineyard seit mehr als 20 Jahren selbst\u00e4ndig und \u00fcbernimmt gern die Verantwortung, komplexe Vorhaben gemeinsam mit dem Kunden anzugehen und zum Erfolg zu f\u00fchren. Nicht \u201enur\u201c als Partner in der...\" \/>\n<meta property=\"og:url\" content=\"https:\/\/vineyard-mc.com\/de_de\/das-team-der-vineyard-management-consulting-gmbh\/alexander-haasper\/\" \/>\n<meta property=\"og:site_name\" content=\"Vineyard Management Consulting GmbH\" \/>\n<meta property=\"article:modified_time\" content=\"2025-12-22T14:23:01+00:00\" \/>\n<meta property=\"og:image\" content=\"https:\/\/vineyard-mc.com\/wp-content\/uploads\/2021\/03\/AH-2016-Geradeaus-scaled-e1704984457257.jpg\" \/>\n\t<meta property=\"og:image:width\" content=\"1459\" \/>\n\t<meta property=\"og:image:height\" content=\"1709\" \/>\n\t<meta property=\"og:image:type\" content=\"image\/jpeg\" \/>\n<meta name=\"twitter:card\" content=\"summary_large_image\" \/>\n<meta name=\"twitter:label1\" content=\"Gesch\u00e4tzte Lesezeit\" \/>\n\t<meta name=\"twitter:data1\" content=\"5\u00a0Minuten\" \/>\n<script type=\"application\/ld+json\" class=\"yoast-schema-graph\">{\"@context\":\"https:\\\/\\\/schema.org\",\"@graph\":[{\"@type\":\"WebPage\",\"@id\":\"https:\\\/\\\/vineyard-mc.com\\\/das-team-der-vineyard-management-consulting-gmbh\\\/alexander-haasper\\\/\",\"url\":\"https:\\\/\\\/vineyard-mc.com\\\/das-team-der-vineyard-management-consulting-gmbh\\\/alexander-haasper\\\/\",\"name\":\"Alexander Haasper - Vineyard Management Consulting GmbH\",\"isPartOf\":{\"@id\":\"https:\\\/\\\/vineyard-mc.com\\\/#website\"},\"primaryImageOfPage\":{\"@id\":\"https:\\\/\\\/vineyard-mc.com\\\/das-team-der-vineyard-management-consulting-gmbh\\\/alexander-haasper\\\/#primaryimage\"},\"image\":{\"@id\":\"https:\\\/\\\/vineyard-mc.com\\\/das-team-der-vineyard-management-consulting-gmbh\\\/alexander-haasper\\\/#primaryimage\"},\"thumbnailUrl\":\"https:\\\/\\\/vineyard-mc.com\\\/wp-content\\\/uploads\\\/2021\\\/03\\\/AH-2016-Geradeaus-scaled-e1704984457257-256x300.jpg\",\"datePublished\":\"2014-09-27T23:06:43+00:00\",\"dateModified\":\"2025-12-22T14:23:01+00:00\",\"breadcrumb\":{\"@id\":\"https:\\\/\\\/vineyard-mc.com\\\/das-team-der-vineyard-management-consulting-gmbh\\\/alexander-haasper\\\/#breadcrumb\"},\"inLanguage\":\"de\",\"potentialAction\":[{\"@type\":\"ReadAction\",\"target\":[\"https:\\\/\\\/vineyard-mc.com\\\/das-team-der-vineyard-management-consulting-gmbh\\\/alexander-haasper\\\/\"]}]},{\"@type\":\"ImageObject\",\"inLanguage\":\"de\",\"@id\":\"https:\\\/\\\/vineyard-mc.com\\\/das-team-der-vineyard-management-consulting-gmbh\\\/alexander-haasper\\\/#primaryimage\",\"url\":\"https:\\\/\\\/vineyard-mc.com\\\/wp-content\\\/uploads\\\/2021\\\/03\\\/AH-2016-Geradeaus-scaled-e1704984457257-256x300.jpg\",\"contentUrl\":\"https:\\\/\\\/vineyard-mc.com\\\/wp-content\\\/uploads\\\/2021\\\/03\\\/AH-2016-Geradeaus-scaled-e1704984457257-256x300.jpg\"},{\"@type\":\"BreadcrumbList\",\"@id\":\"https:\\\/\\\/vineyard-mc.com\\\/das-team-der-vineyard-management-consulting-gmbh\\\/alexander-haasper\\\/#breadcrumb\",\"itemListElement\":[{\"@type\":\"ListItem\",\"position\":1,\"name\":\"Startseite\",\"item\":\"https:\\\/\\\/vineyard-mc.com\\\/\"},{\"@type\":\"ListItem\",\"position\":2,\"name\":\"Unser Team\",\"item\":\"https:\\\/\\\/vineyard-mc.com\\\/das-team-der-vineyard-management-consulting-gmbh\\\/\"},{\"@type\":\"ListItem\",\"position\":3,\"name\":\"Alexander Haasper\"}]},{\"@type\":\"WebSite\",\"@id\":\"https:\\\/\\\/vineyard-mc.com\\\/#website\",\"url\":\"https:\\\/\\\/vineyard-mc.com\\\/\",\"name\":\"Vineyard Management Consulting GmbH\",\"description\":\"Better Ideas - Better Results\",\"publisher\":{\"@id\":\"https:\\\/\\\/vineyard-mc.com\\\/#organization\"},\"alternateName\":\"VMC GmbH\",\"potentialAction\":[{\"@type\":\"SearchAction\",\"target\":{\"@type\":\"EntryPoint\",\"urlTemplate\":\"https:\\\/\\\/vineyard-mc.com\\\/?s={search_term_string}\"},\"query-input\":{\"@type\":\"PropertyValueSpecification\",\"valueRequired\":true,\"valueName\":\"search_term_string\"}}],\"inLanguage\":\"de\"},{\"@type\":\"Organization\",\"@id\":\"https:\\\/\\\/vineyard-mc.com\\\/#organization\",\"name\":\"Vineyard Management Consulting GmbH\",\"url\":\"https:\\\/\\\/vineyard-mc.com\\\/\",\"logo\":{\"@type\":\"ImageObject\",\"inLanguage\":\"de\",\"@id\":\"https:\\\/\\\/vineyard-mc.com\\\/#\\\/schema\\\/logo\\\/image\\\/\",\"url\":\"https:\\\/\\\/vineyard-mc.com\\\/wp-content\\\/uploads\\\/2021\\\/03\\\/VMC-Logo_1.jpg\",\"contentUrl\":\"https:\\\/\\\/vineyard-mc.com\\\/wp-content\\\/uploads\\\/2021\\\/03\\\/VMC-Logo_1.jpg\",\"width\":506,\"height\":665,\"caption\":\"Vineyard Management Consulting GmbH\"},\"image\":{\"@id\":\"https:\\\/\\\/vineyard-mc.com\\\/#\\\/schema\\\/logo\\\/image\\\/\"},\"sameAs\":[\"https:\\\/\\\/de.linkedin.com\\\/company\\\/vineyard-management-consulting-gmbh\"]}]}<\/script>\n<!-- \/ Yoast SEO plugin. -->","yoast_head_json":{"title":"Alexander Haasper - Vineyard Management Consulting GmbH","robots":{"index":"index","follow":"follow","max-snippet":"max-snippet:-1","max-image-preview":"max-image-preview:large","max-video-preview":"max-video-preview:-1"},"canonical":"https:\/\/vineyard-mc.com\/de_de\/das-team-der-vineyard-management-consulting-gmbh\/alexander-haasper\/","og_locale":"de_DE","og_type":"article","og_title":"Alexander Haasper - Vineyard Management Consulting GmbH","og_description":"CONTACT haasper@vineyard-mc.com AREAS OF PRACTICE Complexity Management \u2192 Project Management \u2192 Transition Management \u2192 EDUCATION Diplom-Informatiker, Universit\u00e4t Paderborn Alexander ist als Gr\u00fcnder und Gesch\u00e4ftsf\u00fchrer von Vineyard seit mehr als 20 Jahren selbst\u00e4ndig und \u00fcbernimmt gern die Verantwortung, komplexe Vorhaben gemeinsam mit dem Kunden anzugehen und zum Erfolg zu f\u00fchren. Nicht \u201enur\u201c als Partner in der...","og_url":"https:\/\/vineyard-mc.com\/de_de\/das-team-der-vineyard-management-consulting-gmbh\/alexander-haasper\/","og_site_name":"Vineyard Management Consulting GmbH","article_modified_time":"2025-12-22T14:23:01+00:00","og_image":[{"width":1459,"height":1709,"url":"https:\/\/vineyard-mc.com\/wp-content\/uploads\/2021\/03\/AH-2016-Geradeaus-scaled-e1704984457257.jpg","type":"image\/jpeg"}],"twitter_card":"summary_large_image","twitter_misc":{"Gesch\u00e4tzte Lesezeit":"5\u00a0Minuten"},"schema":{"@context":"https:\/\/schema.org","@graph":[{"@type":"WebPage","@id":"https:\/\/vineyard-mc.com\/das-team-der-vineyard-management-consulting-gmbh\/alexander-haasper\/","url":"https:\/\/vineyard-mc.com\/das-team-der-vineyard-management-consulting-gmbh\/alexander-haasper\/","name":"Alexander Haasper - Vineyard Management Consulting GmbH","isPartOf":{"@id":"https:\/\/vineyard-mc.com\/#website"},"primaryImageOfPage":{"@id":"https:\/\/vineyard-mc.com\/das-team-der-vineyard-management-consulting-gmbh\/alexander-haasper\/#primaryimage"},"image":{"@id":"https:\/\/vineyard-mc.com\/das-team-der-vineyard-management-consulting-gmbh\/alexander-haasper\/#primaryimage"},"thumbnailUrl":"https:\/\/vineyard-mc.com\/wp-content\/uploads\/2021\/03\/AH-2016-Geradeaus-scaled-e1704984457257-256x300.jpg","datePublished":"2014-09-27T23:06:43+00:00","dateModified":"2025-12-22T14:23:01+00:00","breadcrumb":{"@id":"https:\/\/vineyard-mc.com\/das-team-der-vineyard-management-consulting-gmbh\/alexander-haasper\/#breadcrumb"},"inLanguage":"de","potentialAction":[{"@type":"ReadAction","target":["https:\/\/vineyard-mc.com\/das-team-der-vineyard-management-consulting-gmbh\/alexander-haasper\/"]}]},{"@type":"ImageObject","inLanguage":"de","@id":"https:\/\/vineyard-mc.com\/das-team-der-vineyard-management-consulting-gmbh\/alexander-haasper\/#primaryimage","url":"https:\/\/vineyard-mc.com\/wp-content\/uploads\/2021\/03\/AH-2016-Geradeaus-scaled-e1704984457257-256x300.jpg","contentUrl":"https:\/\/vineyard-mc.com\/wp-content\/uploads\/2021\/03\/AH-2016-Geradeaus-scaled-e1704984457257-256x300.jpg"},{"@type":"BreadcrumbList","@id":"https:\/\/vineyard-mc.com\/das-team-der-vineyard-management-consulting-gmbh\/alexander-haasper\/#breadcrumb","itemListElement":[{"@type":"ListItem","position":1,"name":"Startseite","item":"https:\/\/vineyard-mc.com\/"},{"@type":"ListItem","position":2,"name":"Unser Team","item":"https:\/\/vineyard-mc.com\/das-team-der-vineyard-management-consulting-gmbh\/"},{"@type":"ListItem","position":3,"name":"Alexander Haasper"}]},{"@type":"WebSite","@id":"https:\/\/vineyard-mc.com\/#website","url":"https:\/\/vineyard-mc.com\/","name":"Vineyard Management Consulting GmbH","description":"Better Ideas - Better Results","publisher":{"@id":"https:\/\/vineyard-mc.com\/#organization"},"alternateName":"VMC GmbH","potentialAction":[{"@type":"SearchAction","target":{"@type":"EntryPoint","urlTemplate":"https:\/\/vineyard-mc.com\/?s={search_term_string}"},"query-input":{"@type":"PropertyValueSpecification","valueRequired":true,"valueName":"search_term_string"}}],"inLanguage":"de"},{"@type":"Organization","@id":"https:\/\/vineyard-mc.com\/#organization","name":"Vineyard Management Consulting GmbH","url":"https:\/\/vineyard-mc.com\/","logo":{"@type":"ImageObject","inLanguage":"de","@id":"https:\/\/vineyard-mc.com\/#\/schema\/logo\/image\/","url":"https:\/\/vineyard-mc.com\/wp-content\/uploads\/2021\/03\/VMC-Logo_1.jpg","contentUrl":"https:\/\/vineyard-mc.com\/wp-content\/uploads\/2021\/03\/VMC-Logo_1.jpg","width":506,"height":665,"caption":"Vineyard Management Consulting GmbH"},"image":{"@id":"https:\/\/vineyard-mc.com\/#\/schema\/logo\/image\/"},"sameAs":["https:\/\/de.linkedin.com\/company\/vineyard-management-consulting-gmbh"]}]}},"_links":{"self":[{"href":"https:\/\/vineyard-mc.com\/de_de\/wp-json\/wp\/v2\/pages\/9482","targetHints":{"allow":["GET"]}}],"collection":[{"href":"https:\/\/vineyard-mc.com\/de_de\/wp-json\/wp\/v2\/pages"}],"about":[{"href":"https:\/\/vineyard-mc.com\/de_de\/wp-json\/wp\/v2\/types\/page"}],"author":[{"embeddable":true,"href":"https:\/\/vineyard-mc.com\/de_de\/wp-json\/wp\/v2\/users\/2"}],"replies":[{"embeddable":true,"href":"https:\/\/vineyard-mc.com\/de_de\/wp-json\/wp\/v2\/comments?post=9482"}],"version-history":[{"count":10,"href":"https:\/\/vineyard-mc.com\/de_de\/wp-json\/wp\/v2\/pages\/9482\/revisions"}],"predecessor-version":[{"id":989625,"href":"https:\/\/vineyard-mc.com\/de_de\/wp-json\/wp\/v2\/pages\/9482\/revisions\/989625"}],"up":[{"embeddable":true,"href":"https:\/\/vineyard-mc.com\/de_de\/wp-json\/wp\/v2\/pages\/7774"}],"wp:attachment":[{"href":"https:\/\/vineyard-mc.com\/de_de\/wp-json\/wp\/v2\/media?parent=9482"}],"curies":[{"name":"wp","href":"https:\/\/api.w.org\/{rel}","templated":true}]}}