{"id":987846,"date":"2021-03-27T10:41:49","date_gmt":"2021-03-27T09:41:49","guid":{"rendered":"https:\/\/vineyard-mc.com\/?page_id=987846"},"modified":"2026-01-05T10:21:28","modified_gmt":"2026-01-05T09:21:28","slug":"impressum","status":"publish","type":"page","link":"https:\/\/vineyard-mc.com\/de_de\/kontakt\/impressum\/","title":{"rendered":"Impressum"},"content":{"rendered":"<div class=\"row \"><div class=\"wpv-grid grid-1-1  wpv-first-level first unextended\" style=\"padding-top:0px;padding-bottom:0px\" id=\"about-content\" ><div class=\"push\" style='height:60px'><\/div>\n<div class=\"row \"><div class=\"wpv-grid grid-1-2  first unextended animation-from-bottom animated-active\" style=\"padding-top:0px;padding-bottom:0px\" id=\"wpv-column-f6e75d139b6c13e3d646fb612469d681\" ><p><strong>Vineyard Management Consulting GmbH<\/strong><br \/>\nAlfred-Herrhausen-Allee 3-5<br \/>\n65760 Eschborn<\/p>\n<p>p: +49 6196 58655512<br \/>\ne:\u00a0<a href=\"mailto:info@vineyard-mc.com\">info@vineyard-mc.com<\/a><br \/>\nw:\u00a0<a title=\"Homepage Vineyard Management Consulting GmbH\" href=\"http:\/\/www.vineyard-mc.com\/\">www.vineyard-mc.com<\/a><\/p>\n<p>Gesch\u00e4ftsf\u00fchrer: Carsten Fabig, Alexander Haasper<br \/>\nUSt-ID: DE272140241<\/div>\n<div class=\"wpv-grid grid-1-2  unextended animation-from-bottom animated-active\" style=\"padding-top:0px;padding-bottom:0px\" id=\"wpv-column-c9b87a66e6c8d76b049193d311b77a88\" ><p>S\u00e4mtliche Inhalte dieser Website, insbesondere Texte, Bilder, Grafiken, Sounds, Videos, Animationen und Layout, sind urheberrechtlich gesch\u00fctzt. Die unerlaubte Verwendung, Reproduktion oder Weitergabe einzelner Inhalte, des Logos oder kompletter Seiten kann sowohl zivil- als auch strafrechtlich verfolgt werden.<br \/>\nEin Link auf die Homepage der Vineyard Management Consulting GmbH darf gesetzt werden. Teile der Website d\u00fcrfen nur mit schriftlicher Zustimmung der Vineyard Management Consulting GmbH verarbeitet, verbreitet oder vervielf\u00e4ltigt werden. Dies gilt insbesondere f\u00fcr die Aufnahme in Online-Diensten sowie auf Datentr\u00e4ger wie CD-ROM, DVD-ROM etc. Die Erlaubnis der Nutzung kann unter Angabe der beabsichtigten Ver\u00f6ffentlichung oder Nutzung unter info@vineyard-mc.com angefragt werden.<\/div><\/div><\/div><\/div>\n<div class=\"push\" style='height:30px'><\/div>\n","protected":false},"excerpt":{"rendered":"<p>Vineyard Management Consulting GmbH Alfred-Herrhausen-Allee 3-5 65760 Eschborn p: +49 6196 58655512 e:\u00a0info@vineyard-mc.com w:\u00a0www.vineyard-mc.com Gesch\u00e4ftsf\u00fchrer: Carsten Fabig, Alexander Haasper USt-ID: DE272140241 S\u00e4mtliche Inhalte dieser Website, insbesondere Texte, Bilder, Grafiken, Sounds, Videos, Animationen und Layout, sind urheberrechtlich gesch\u00fctzt. Die unerlaubte Verwendung, Reproduktion oder Weitergabe einzelner Inhalte, des Logos oder kompletter Seiten kann sowohl zivil- als auch&#8230;<\/p>\n","protected":false},"author":2,"featured_media":0,"parent":31,"menu_order":22,"comment_status":"closed","ping_status":"closed","template":"","meta":{"footnotes":""},"class_list":["post-987846","page","type-page","status-publish","hentry"],"yoast_head":"<!-- This site is optimized with the Yoast SEO plugin v27.4 - https:\/\/yoast.com\/product\/yoast-seo-wordpress\/ -->\n<title>Impressum - Vineyard Management Consulting GmbH<\/title>\n<meta name=\"description\" content=\"Vineyard Management Consulting GmbH. +49 6196 58655512 \u00b7 e: info@vineyard-mc.com. Alfred-Herrhausen-Allee 3-5 | 65760 Eschborn.\" \/>\n<meta name=\"robots\" content=\"index, follow, max-snippet:-1, max-image-preview:large, max-video-preview:-1\" \/>\n<link rel=\"canonical\" href=\"https:\/\/vineyard-mc.com\/de_de\/kontakt\/impressum\/\" \/>\n<meta property=\"og:locale\" content=\"de_DE\" \/>\n<meta property=\"og:type\" content=\"article\" \/>\n<meta property=\"og:title\" content=\"Impressum - Vineyard Management Consulting GmbH\" \/>\n<meta property=\"og:description\" content=\"Vineyard Management Consulting GmbH. +49 6196 58655512 \u00b7 e: info@vineyard-mc.com. Alfred-Herrhausen-Allee 3-5 | 65760 Eschborn.\" \/>\n<meta property=\"og:url\" content=\"https:\/\/vineyard-mc.com\/de_de\/kontakt\/impressum\/\" \/>\n<meta property=\"og:site_name\" content=\"Vineyard Management Consulting GmbH\" \/>\n<meta property=\"article:modified_time\" content=\"2026-01-05T09:21:28+00:00\" \/>\n<meta name=\"twitter:card\" content=\"summary_large_image\" \/>\n<meta name=\"twitter:label1\" content=\"Gesch\u00e4tzte Lesezeit\" \/>\n\t<meta name=\"twitter:data1\" content=\"1\u00a0Minute\" \/>\n<script type=\"application\/ld+json\" class=\"yoast-schema-graph\">{\"@context\":\"https:\\\/\\\/schema.org\",\"@graph\":[{\"@type\":\"WebPage\",\"@id\":\"https:\\\/\\\/vineyard-mc.com\\\/kontakt\\\/impressum\\\/\",\"url\":\"https:\\\/\\\/vineyard-mc.com\\\/kontakt\\\/impressum\\\/\",\"name\":\"Impressum - Vineyard Management Consulting GmbH\",\"isPartOf\":{\"@id\":\"https:\\\/\\\/vineyard-mc.com\\\/#website\"},\"datePublished\":\"2021-03-27T09:41:49+00:00\",\"dateModified\":\"2026-01-05T09:21:28+00:00\",\"description\":\"Vineyard Management Consulting GmbH. +49 6196 58655512 \u00b7 e: info@vineyard-mc.com. Alfred-Herrhausen-Allee 3-5 | 65760 Eschborn.\",\"breadcrumb\":{\"@id\":\"https:\\\/\\\/vineyard-mc.com\\\/kontakt\\\/impressum\\\/#breadcrumb\"},\"inLanguage\":\"de\",\"potentialAction\":[{\"@type\":\"ReadAction\",\"target\":[\"https:\\\/\\\/vineyard-mc.com\\\/kontakt\\\/impressum\\\/\"]}]},{\"@type\":\"BreadcrumbList\",\"@id\":\"https:\\\/\\\/vineyard-mc.com\\\/kontakt\\\/impressum\\\/#breadcrumb\",\"itemListElement\":[{\"@type\":\"ListItem\",\"position\":1,\"name\":\"Startseite\",\"item\":\"https:\\\/\\\/vineyard-mc.com\\\/\"},{\"@type\":\"ListItem\",\"position\":2,\"name\":\"Kontakt\",\"item\":\"https:\\\/\\\/vineyard-mc.com\\\/kontakt\\\/\"},{\"@type\":\"ListItem\",\"position\":3,\"name\":\"Impressum\"}]},{\"@type\":\"WebSite\",\"@id\":\"https:\\\/\\\/vineyard-mc.com\\\/#website\",\"url\":\"https:\\\/\\\/vineyard-mc.com\\\/\",\"name\":\"Vineyard Management Consulting GmbH\",\"description\":\"Better Ideas - Better Results\",\"publisher\":{\"@id\":\"https:\\\/\\\/vineyard-mc.com\\\/#organization\"},\"alternateName\":\"VMC GmbH\",\"potentialAction\":[{\"@type\":\"SearchAction\",\"target\":{\"@type\":\"EntryPoint\",\"urlTemplate\":\"https:\\\/\\\/vineyard-mc.com\\\/?s={search_term_string}\"},\"query-input\":{\"@type\":\"PropertyValueSpecification\",\"valueRequired\":true,\"valueName\":\"search_term_string\"}}],\"inLanguage\":\"de\"},{\"@type\":\"Organization\",\"@id\":\"https:\\\/\\\/vineyard-mc.com\\\/#organization\",\"name\":\"Vineyard Management Consulting GmbH\",\"url\":\"https:\\\/\\\/vineyard-mc.com\\\/\",\"logo\":{\"@type\":\"ImageObject\",\"inLanguage\":\"de\",\"@id\":\"https:\\\/\\\/vineyard-mc.com\\\/#\\\/schema\\\/logo\\\/image\\\/\",\"url\":\"https:\\\/\\\/vineyard-mc.com\\\/wp-content\\\/uploads\\\/2021\\\/03\\\/VMC-Logo_1.jpg\",\"contentUrl\":\"https:\\\/\\\/vineyard-mc.com\\\/wp-content\\\/uploads\\\/2021\\\/03\\\/VMC-Logo_1.jpg\",\"width\":506,\"height\":665,\"caption\":\"Vineyard Management Consulting GmbH\"},\"image\":{\"@id\":\"https:\\\/\\\/vineyard-mc.com\\\/#\\\/schema\\\/logo\\\/image\\\/\"},\"sameAs\":[\"https:\\\/\\\/de.linkedin.com\\\/company\\\/vineyard-management-consulting-gmbh\"]}]}<\/script>\n<!-- \/ Yoast SEO plugin. -->","yoast_head_json":{"title":"Impressum - Vineyard Management Consulting GmbH","description":"Vineyard Management Consulting GmbH. +49 6196 58655512 \u00b7 e: info@vineyard-mc.com. Alfred-Herrhausen-Allee 3-5 | 65760 Eschborn.","robots":{"index":"index","follow":"follow","max-snippet":"max-snippet:-1","max-image-preview":"max-image-preview:large","max-video-preview":"max-video-preview:-1"},"canonical":"https:\/\/vineyard-mc.com\/de_de\/kontakt\/impressum\/","og_locale":"de_DE","og_type":"article","og_title":"Impressum - Vineyard Management Consulting GmbH","og_description":"Vineyard Management Consulting GmbH. +49 6196 58655512 \u00b7 e: info@vineyard-mc.com. Alfred-Herrhausen-Allee 3-5 | 65760 Eschborn.","og_url":"https:\/\/vineyard-mc.com\/de_de\/kontakt\/impressum\/","og_site_name":"Vineyard Management Consulting GmbH","article_modified_time":"2026-01-05T09:21:28+00:00","twitter_card":"summary_large_image","twitter_misc":{"Gesch\u00e4tzte Lesezeit":"1\u00a0Minute"},"schema":{"@context":"https:\/\/schema.org","@graph":[{"@type":"WebPage","@id":"https:\/\/vineyard-mc.com\/kontakt\/impressum\/","url":"https:\/\/vineyard-mc.com\/kontakt\/impressum\/","name":"Impressum - Vineyard Management Consulting GmbH","isPartOf":{"@id":"https:\/\/vineyard-mc.com\/#website"},"datePublished":"2021-03-27T09:41:49+00:00","dateModified":"2026-01-05T09:21:28+00:00","description":"Vineyard Management Consulting GmbH. +49 6196 58655512 \u00b7 e: info@vineyard-mc.com. Alfred-Herrhausen-Allee 3-5 | 65760 Eschborn.","breadcrumb":{"@id":"https:\/\/vineyard-mc.com\/kontakt\/impressum\/#breadcrumb"},"inLanguage":"de","potentialAction":[{"@type":"ReadAction","target":["https:\/\/vineyard-mc.com\/kontakt\/impressum\/"]}]},{"@type":"BreadcrumbList","@id":"https:\/\/vineyard-mc.com\/kontakt\/impressum\/#breadcrumb","itemListElement":[{"@type":"ListItem","position":1,"name":"Startseite","item":"https:\/\/vineyard-mc.com\/"},{"@type":"ListItem","position":2,"name":"Kontakt","item":"https:\/\/vineyard-mc.com\/kontakt\/"},{"@type":"ListItem","position":3,"name":"Impressum"}]},{"@type":"WebSite","@id":"https:\/\/vineyard-mc.com\/#website","url":"https:\/\/vineyard-mc.com\/","name":"Vineyard Management Consulting GmbH","description":"Better Ideas - Better Results","publisher":{"@id":"https:\/\/vineyard-mc.com\/#organization"},"alternateName":"VMC GmbH","potentialAction":[{"@type":"SearchAction","target":{"@type":"EntryPoint","urlTemplate":"https:\/\/vineyard-mc.com\/?s={search_term_string}"},"query-input":{"@type":"PropertyValueSpecification","valueRequired":true,"valueName":"search_term_string"}}],"inLanguage":"de"},{"@type":"Organization","@id":"https:\/\/vineyard-mc.com\/#organization","name":"Vineyard Management Consulting GmbH","url":"https:\/\/vineyard-mc.com\/","logo":{"@type":"ImageObject","inLanguage":"de","@id":"https:\/\/vineyard-mc.com\/#\/schema\/logo\/image\/","url":"https:\/\/vineyard-mc.com\/wp-content\/uploads\/2021\/03\/VMC-Logo_1.jpg","contentUrl":"https:\/\/vineyard-mc.com\/wp-content\/uploads\/2021\/03\/VMC-Logo_1.jpg","width":506,"height":665,"caption":"Vineyard Management Consulting GmbH"},"image":{"@id":"https:\/\/vineyard-mc.com\/#\/schema\/logo\/image\/"},"sameAs":["https:\/\/de.linkedin.com\/company\/vineyard-management-consulting-gmbh"]}]}},"_links":{"self":[{"href":"https:\/\/vineyard-mc.com\/de_de\/wp-json\/wp\/v2\/pages\/987846","targetHints":{"allow":["GET"]}}],"collection":[{"href":"https:\/\/vineyard-mc.com\/de_de\/wp-json\/wp\/v2\/pages"}],"about":[{"href":"https:\/\/vineyard-mc.com\/de_de\/wp-json\/wp\/v2\/types\/page"}],"author":[{"embeddable":true,"href":"https:\/\/vineyard-mc.com\/de_de\/wp-json\/wp\/v2\/users\/2"}],"replies":[{"embeddable":true,"href":"https:\/\/vineyard-mc.com\/de_de\/wp-json\/wp\/v2\/comments?post=987846"}],"version-history":[{"count":3,"href":"https:\/\/vineyard-mc.com\/de_de\/wp-json\/wp\/v2\/pages\/987846\/revisions"}],"predecessor-version":[{"id":989559,"href":"https:\/\/vineyard-mc.com\/de_de\/wp-json\/wp\/v2\/pages\/987846\/revisions\/989559"}],"up":[{"embeddable":true,"href":"https:\/\/vineyard-mc.com\/de_de\/wp-json\/wp\/v2\/pages\/31"}],"wp:attachment":[{"href":"https:\/\/vineyard-mc.com\/de_de\/wp-json\/wp\/v2\/media?parent=987846"}],"curies":[{"name":"wp","href":"https:\/\/api.w.org\/{rel}","templated":true}]}}