{"id":987851,"date":"2021-03-27T10:46:13","date_gmt":"2021-03-27T09:46:13","guid":{"rendered":"https:\/\/vineyard-mc.com\/?page_id=987851"},"modified":"2024-01-11T17:29:09","modified_gmt":"2024-01-11T16:29:09","slug":"datenschutz","status":"publish","type":"page","link":"https:\/\/vineyard-mc.com\/de_de\/kontakt\/datenschutz\/","title":{"rendered":"Datenschutzerkl\u00e4rung"},"content":{"rendered":"<div class=\"row \"><div class=\"wpv-grid grid-1-1  wpv-first-level first unextended\" style=\"padding-top:0px;padding-bottom:0px\" id=\"about-content\" ><div class=\"push\" style='height:60px'><\/div>\n\t\t<div class=\"sep-text single centered\">\n\t\t\t\t\t\t\t<span class=\"sep-text-before\"><div class=\"sep-text-line\"><\/div><\/span>\n\t\t\t\t\t\t<div class=\"content\">\n\t\t\t\t<h2 class=\"text-divider-double\">\nIhre Cookie-Einstellungen<\/h2>\t\t\t<\/div>\n\t\t\t<span class=\"sep-text-after\"><div class=\"sep-text-line\"><\/div><\/span>\n\t\t\t\t\t<\/div>\n\t\n<div class=\"row \"><div class=\"wpv-grid grid-1-1  first unextended\" style=\"padding-top:0px;padding-bottom:0px\" id=\"wpv-column-5a28029f3cb661c2413344c5c7b918b3\" ><div class=\"row \"><div class=\"wpv-grid grid-1-1  first unextended\" style=\"padding-top:0px;padding-bottom:0px\" id=\"wpv-column-bb880920e6deb8dc4652354cfe3f5810\" ><p><style>#tarteaucitronAlertSmall, #tarteaucitronManager { display: none !important;} #dsgvo_service_control #tarteaucitronServices {position: relative; float: left; width: 100%;}  #tarteaucitronBack, #tarteaucitronAlertBig { display: none !important;}<\/style><div id=\"dsgvo_service_control\"><\/div><\/div><\/div>\n<div class=\"row \"><div class=\"wpv-grid grid-1-1  first unextended\" style=\"padding-top:0px;padding-bottom:0px\" id=\"wpv-column-a8e5c3ebf15ef6917cbf9ceab3f7ed38\" >\t\t<div class=\"sep-text single centered\">\n\t\t\t\t\t\t\t<span class=\"sep-text-before\"><div class=\"sep-text-line\"><\/div><\/span>\n\t\t\t\t\t\t<div class=\"content\">\n\t\t\t\t<h2 class=\"text-divider-double\">\nHaftungsausschluss<\/h2>\t\t\t<\/div>\n\t\t\t<span class=\"sep-text-after\"><div class=\"sep-text-line\"><\/div><\/span>\n\t\t\t\t\t<\/div>\n\t\n<div class=\"row \"><div class=\"wpv-grid grid-1-1  first unextended\" style=\"padding-top:0px;padding-bottom:0px\" id=\"wpv-column-80b05f11b7c1245d8d14596d9e4c5bee\" ><p><strong>1. Inhalt des Onlineangebotes<\/strong><\/p>\n<p>Der Autor \u00fcbernimmt keinerlei Gew\u00e4hr f\u00fcr die Aktualit\u00e4t, Korrektheit, Vollst\u00e4ndigkeit oder Qualit\u00e4t der bereitgestellten Informationen. Haftungsanspr\u00fcche gegen den Autor, welche sich auf Sch\u00e4den materieller oder ideeller Art beziehen, die durch die Nutzung oder Nichtnutzung der dargebotenen Informationen bzw. durch die Nutzung fehlerhafter und unvollst\u00e4ndiger Informationen verursacht wurden, sind grunds\u00e4tzlich ausgeschlossen, sofern seitens des Autors kein nachweislich vors\u00e4tzliches oder grob fahrl\u00e4ssiges Verschulden vorliegt.<br \/>\nAlle Angebote sind freibleibend und unverbindlich. Der Autor beh\u00e4lt es sich ausdr\u00fccklich vor, Teile der Seiten oder das gesamte Angebot ohne gesonderte Ank\u00fcndigung zu ver\u00e4ndern, zu erg\u00e4nzen, zu l\u00f6schen oder die Ver\u00f6ffentlichung zeitweise oder endg\u00fcltig einzustellen.<\/p>\n<p><strong>2. Verweise und Links<\/strong><br \/>\nBei direkten oder indirekten Verweisen auf fremde Webseiten (\u201cHyperlinks\u201d), die au\u00dferhalb des Verantwortungsbereiches des Autors liegen, w\u00fcrde eine Haftungsverpflichtung ausschlie\u00dflich in dem Fall in Kraft treten, in dem der Autor von den Inhalten Kenntnis hat und es ihm technisch m\u00f6glich und zumutbar w\u00e4re, die Nutzung im Falle rechtswidriger Inhalte zu verhindern.<br \/>\nDer Autor erkl\u00e4rt hiermit ausdr\u00fccklich, dass zum Zeitpunkt der Linksetzung keine illegalen Inhalte auf den zu verlinkenden Seiten erkennbar waren. Auf die aktuelle und zuk\u00fcnftige Gestaltung, die Inhalte oder die Urheberschaft der verlinkten\/verkn\u00fcpften Seiten hat der Autor keinerlei Einfluss. Deshalb distanziert er sich hiermit ausdr\u00fccklich von allen Inhalten aller verlinkten \/verkn\u00fcpften Seiten, die nach der Linksetzung ver\u00e4ndert wurden. Diese Feststellung gilt f\u00fcr alle innerhalb des eigenen Internetangebotes gesetzten Links und Verweise sowie f\u00fcr Fremdeintr\u00e4ge in vom Autor eingerichteten G\u00e4steb\u00fcchern, Diskussionsforen, Linkverzeichnissen, Mailinglisten und in allen anderen Formen von Datenbanken, auf deren Inhalt externe Schreibzugriffe m\u00f6glich sind. F\u00fcr illegale, fehlerhafte oder unvollst\u00e4ndige Inhalte und insbesondere f\u00fcr Sch\u00e4den, die aus der Nutzung oder Nichtnutzung solcherart dargebotener Informationen entstehen, haftet allein der Anbieter der Seite, auf welche verwiesen wurde, nicht derjenige, der \u00fcber Links auf die jeweilige Ver\u00f6ffentlichung lediglich verweist.<\/p>\n<p><strong>3. Urheber- und Kennzeichenrecht<\/strong><br \/>\nDer Autor ist bestrebt, in allen Publikationen die Urheberrechte der verwendeten Bilder, Grafiken, Tondokumente, Videosequenzen und Texte zu beachten, von ihm selbst erstellte Bilder, Grafiken, Tondokumente, Videosequenzen und Texte zu nutzen oder auf lizenzfreie Grafiken, Tondokumente, Videosequenzen und Texte zur\u00fcckzugreifen.<br \/>\nAlle innerhalb des Internetangebotes genannten und ggf. durch Dritte gesch\u00fctzten Marken- und Warenzeichen unterliegen uneingeschr\u00e4nkt den Bestimmungen des jeweils g\u00fcltigen Kennzeichenrechts und den Besitzrechten der jeweiligen eingetragenen Eigent\u00fcmer. Allein aufgrund der blo\u00dfen Nennung ist nicht der Schluss zu ziehen, dass Markenzeichen nicht durch Rechte Dritter gesch\u00fctzt sind!<br \/>\nDas Copyright f\u00fcr ver\u00f6ffentlichte, vom Autor selbst erstellte Objekte bleibt allein beim Autor der Seiten. Eine Vervielf\u00e4ltigung oder Verwendung solcher Grafiken, Tondokumente, Videosequenzen und Texte in anderen elektronischen oder gedruckten Publikationen ist ohne ausdr\u00fcckliche Zustimmung des Autors nicht gestattet.<\/p>\n<p><strong>4. Datenschutzerkl\u00e4rung<\/strong><\/p>\n<p><strong>a) Datenschutz<\/strong><\/p>\n<p>Die Betreiber dieser Seiten nehmen den Schutz Ihrer pers\u00f6nlichen Daten sehr ernst. Wir behandeln Ihre personenbezogenen Daten vertraulich und entsprechend der gesetzlichen Datenschutzvorschriften sowie dieser Datenschutzerkl\u00e4rung.<\/p>\n<p>Die Nutzung unserer Webseite ist in der Regel ohne Angabe personenbezogener Daten m\u00f6glich. Soweit auf unseren Seiten personenbezogene Daten (beispielsweise Name, Anschrift oder E-Mail-Adressen) erhoben werden, erfolgt dies, soweit m\u00f6glich, stets auf freiwilliger Basis. Diese Daten werden ohne Ihre ausdr\u00fcckliche Zustimmung nicht an Dritte weitergegeben.<\/p>\n<p>Wir weisen darauf hin, dass die Daten\u00fcbertragung im Internet (z.B. bei der Kommunikation per E-Mail) Sicherheitsl\u00fccken aufweisen kann. Ein l\u00fcckenloser Schutz der Daten vor dem Zugriff durch Dritte ist nicht m\u00f6glich.<\/p>\n<p><strong>b) Cookies<\/strong><br \/>\nDie Internetseiten verwenden teilweise so genannte Cookies. Cookies richten auf Ihrem Rechner keinen Schaden an und enthalten keine Viren. Cookies dienen dazu, unser Angebot nutzerfreundlicher, effektiver und sicherer zu machen. Cookies sind kleine Textdateien, die auf Ihrem Rechner abgelegt werden und die Ihr Browser speichert.<\/p>\n<p>Die meisten der von uns verwendeten Cookies sind so genannte \u201eSession-Cookies\u201c. Sie werden nach Ende Ihres Besuchs automatisch gel\u00f6scht. Andere Cookies bleiben auf Ihrem Endger\u00e4t gespeichert, bis Sie diese l\u00f6schen. Diese Cookies erm\u00f6glichen es uns, Ihren Browser beim n\u00e4chsten Besuch wiederzuerkennen.<\/p>\n<p>Sie k\u00f6nnen Ihren Browser so einstellen, dass Sie \u00fcber das Setzen von Cookies informiert werden und Cookies nur im Einzelfall erlauben, die Annahme von Cookies f\u00fcr bestimmte F\u00e4lle oder generell ausschlie\u00dfen sowie das automatische L\u00f6schen der Cookies beim Schlie\u00dfen des Browser aktivieren. Bei der Deaktivierung von Cookies kann die Funktionalit\u00e4t dieser Website eingeschr\u00e4nkt sein.<\/p>\n<p><strong>c) Server-Log-Files<\/strong><\/p>\n<p>Der Provider der Seiten erhebt und speichert automatisch Informationen in so genannten Server-Log Files, die Ihr Browser automatisch an uns \u00fcbermittelt. Dies sind:<\/p>\n<p>&#8211; Browsertyp und Browserversion<br \/>\n&#8211; verwendetes Betriebssystem<br \/>\n&#8211; Referrer URL<br \/>\n&#8211; Hostname des zugreifenden Rechners<br \/>\n&#8211; Uhrzeit der Serveranfrage<\/p>\n<p>Diese Daten sind nicht bestimmten Personen zuordenbar. Eine Zusammenf\u00fchrung dieser Daten mit anderen Datenquellen wird nicht vorgenommen. Wir behalten uns vor, diese Daten nachtr\u00e4glich zu pr\u00fcfen, wenn uns konkrete Anhaltspunkte f\u00fcr eine rechtswidrige Nutzung bekannt werden.<\/p>\n<p><strong>d) Kontaktformular<\/strong><\/p>\n<p>Wenn Sie uns per Kontaktformular Anfragen zukommen lassen, werden Ihre Angaben aus dem Anfrageformular inklusive der von Ihnen dort angegebenen Kontaktdaten zwecks Bearbeitung der Anfrage und f\u00fcr den Fall von Anschlussfragen bei uns gespeichert. Diese Daten geben wir nicht ohne Ihre Einwilligung weiter.<\/p>\n<p><strong>e) Cookies<\/strong><\/p>\n<p>Diese Website benutzt so genannte \u201cCookies\u201d. Das sind Textdateien, die auf Ihrem Computer gespeichert werden und die eine Analyse der Benutzung der Website durch Sie erm\u00f6glichen. Dazu werden die durch den Cookie erzeugten Informationen \u00fcber die Benutzung dieser Website auf unserem Server gespeichert. Die IP-Adresse wird vor der Speicherung anonymisiert.<\/p>\n<p>Die durch den Cookie erzeugten Informationen \u00fcber die Benutzung dieser Website werden nicht an Dritte weitergegeben. Sie k\u00f6nnen die Speicherung der Cookies durch eine entsprechende Einstellung Ihrer Browser-Software verhindern; wir weisen Sie jedoch darauf hin, dass Sie in diesem Fall gegebenenfalls nicht s\u00e4mtliche Funktionen dieser Website vollumf\u00e4nglich werden nutzen k\u00f6nnen.<\/p>\n<p>Wenn Sie mit der Speicherung und Nutzung Ihrer Daten nicht einverstanden sind, k\u00f6nnen Sie die Speicherung und Nutzung hier deaktivieren. In diesem Fall wird in Ihrem Browser ein Opt-Out-Cookie hinterlegt der verhindert, dass Nutzungsdaten gespeichert werden. Wenn Sie Ihre Cookies l\u00f6schen hat dies zur Folge, dass auch das Opt-Out-Cookie gel\u00f6scht wird. Das Opt-Out muss bei einem erneuten Besuch unserer Seite wieder aktiviert werden.<\/p>\n<p><strong>f) SSL Verschl\u00fcsselung<br \/>\n<\/strong><\/p>\n<p>Diese Seite nutzt aus Gr\u00fcnden der Sicherheit und zum Schutz der \u00dcbertragung vertraulicher Inhalte, wie zum Beispiel der Anfragen, die Sie an uns als Seitenbetreiber senden, eine SSL-Verschl\u00fcsselung. Eine verschl\u00fcsselte Verbindung erkennen Sie daran, dass die Adresszeile des Browsers von \u201chttp:\/\/\u201d auf \u201chttps:\/\/\u201d wechselt und an dem Schloss-Symbol in Ihrer Browserzeile.<\/p>\n<p>Wenn die SSL Verschl\u00fcsselung aktiviert ist, k\u00f6nnen die Daten, die Sie an uns \u00fcbermitteln, nicht von Dritten mitgelesen werden.<\/p>\n<p><strong>g) Recht auf Auskunft, L\u00f6schung, Sperrung<\/strong><\/p>\n<p>Sie haben jederzeit das Recht auf unentgeltliche Auskunft \u00fcber Ihre gespeicherten personenbezogenen Daten, deren Herkunft und Empf\u00e4nger und den Zweck der Datenverarbeitung sowie ein Recht auf Berichtigung, Sperrung oder L\u00f6schung dieser Daten. Hierzu sowie zu weiteren Fragen zum Thema personenbezogene Daten k\u00f6nnen Sie sich jederzeit unter der im Impressum angegebenen Adresse an uns wenden.<\/p>\n<p><strong>h) Widerspruch Werbe-Mails<\/strong><\/p>\n<p>Der Nutzung von im Rahmen der Impressumspflicht ver\u00f6ffentlichten Kontaktdaten zur \u00dcbersendung von nicht ausdr\u00fccklich angeforderter Werbung und Informationsmaterialien wird hiermit widersprochen. Die Betreiber der Seiten behalten sich ausdr\u00fccklich rechtliche Schritte im Falle der unverlangten Zusendung von Werbeinformationen, etwa durch Spam-E-Mails, vor. \u00a0 \u00a0 Quelle:\u00a0<a href=\"https:\/\/www.e-recht24.de\/\">www.erecht24.de<\/a><strong><br \/>\n<\/strong><\/p>\n<p><strong>5. Rechtswirksamkeit dieses Haftungsausschlusses<\/strong><br \/>\nDieser Haftungsausschluss ist als Teil des Internetangebotes zu betrachten, von dem aus auf diese Seite verwiesen wurde. Sofern Teile oder einzelne Formulierungen dieses Textes der geltenden Rechtslage nicht, nicht mehr oder nicht vollst\u00e4ndig entsprechen sollten, bleiben die \u00fcbrigen Teile des Dokumentes in ihrem Inhalt und ihrer G\u00fcltigkeit davon unber\u00fchrt.<\/div><\/div><\/div><\/div><\/div><\/div><\/div><\/div>\n","protected":false},"excerpt":{"rendered":"<p>1. Inhalt des Onlineangebotes Der Autor \u00fcbernimmt keinerlei Gew\u00e4hr f\u00fcr die Aktualit\u00e4t, Korrektheit, Vollst\u00e4ndigkeit oder Qualit\u00e4t der bereitgestellten Informationen. Haftungsanspr\u00fcche gegen den Autor, welche sich auf Sch\u00e4den materieller oder ideeller Art beziehen, die durch die Nutzung oder Nichtnutzung der dargebotenen Informationen bzw. durch die Nutzung fehlerhafter und unvollst\u00e4ndiger Informationen verursacht wurden, sind grunds\u00e4tzlich ausgeschlossen, sofern&#8230;<\/p>\n","protected":false},"author":2,"featured_media":0,"parent":31,"menu_order":24,"comment_status":"closed","ping_status":"closed","template":"","meta":{"footnotes":""},"class_list":["post-987851","page","type-page","status-publish","hentry"],"yoast_head":"<!-- This site is optimized with the Yoast SEO plugin v27.3 - https:\/\/yoast.com\/product\/yoast-seo-wordpress\/ -->\n<title>Datenschutzerkl\u00e4rung - Vineyard Management Consulting GmbH<\/title>\n<meta name=\"robots\" content=\"index, follow, max-snippet:-1, max-image-preview:large, max-video-preview:-1\" \/>\n<link rel=\"canonical\" href=\"https:\/\/vineyard-mc.com\/de_de\/kontakt\/datenschutz\/\" \/>\n<meta property=\"og:locale\" content=\"de_DE\" \/>\n<meta property=\"og:type\" content=\"article\" \/>\n<meta property=\"og:title\" content=\"Datenschutzerkl\u00e4rung - Vineyard Management Consulting GmbH\" \/>\n<meta property=\"og:description\" content=\"1. Inhalt des Onlineangebotes Der Autor \u00fcbernimmt keinerlei Gew\u00e4hr f\u00fcr die Aktualit\u00e4t, Korrektheit, Vollst\u00e4ndigkeit oder Qualit\u00e4t der bereitgestellten Informationen. Haftungsanspr\u00fcche gegen den Autor, welche sich auf Sch\u00e4den materieller oder ideeller Art beziehen, die durch die Nutzung oder Nichtnutzung der dargebotenen Informationen bzw. durch die Nutzung fehlerhafter und unvollst\u00e4ndiger Informationen verursacht wurden, sind grunds\u00e4tzlich ausgeschlossen, sofern...\" \/>\n<meta property=\"og:url\" content=\"https:\/\/vineyard-mc.com\/de_de\/kontakt\/datenschutz\/\" \/>\n<meta property=\"og:site_name\" content=\"Vineyard Management Consulting GmbH\" \/>\n<meta property=\"article:modified_time\" content=\"2024-01-11T16:29:09+00:00\" \/>\n<meta name=\"twitter:card\" content=\"summary_large_image\" \/>\n<meta name=\"twitter:label1\" content=\"Gesch\u00e4tzte Lesezeit\" \/>\n\t<meta name=\"twitter:data1\" content=\"8\u00a0Minuten\" \/>\n<script type=\"application\/ld+json\" class=\"yoast-schema-graph\">{\"@context\":\"https:\\\/\\\/schema.org\",\"@graph\":[{\"@type\":\"WebPage\",\"@id\":\"https:\\\/\\\/vineyard-mc.com\\\/kontakt\\\/datenschutz\\\/\",\"url\":\"https:\\\/\\\/vineyard-mc.com\\\/kontakt\\\/datenschutz\\\/\",\"name\":\"Datenschutzerkl\u00e4rung - Vineyard Management Consulting GmbH\",\"isPartOf\":{\"@id\":\"https:\\\/\\\/vineyard-mc.com\\\/#website\"},\"datePublished\":\"2021-03-27T09:46:13+00:00\",\"dateModified\":\"2024-01-11T16:29:09+00:00\",\"breadcrumb\":{\"@id\":\"https:\\\/\\\/vineyard-mc.com\\\/kontakt\\\/datenschutz\\\/#breadcrumb\"},\"inLanguage\":\"de\",\"potentialAction\":[{\"@type\":\"ReadAction\",\"target\":[\"https:\\\/\\\/vineyard-mc.com\\\/kontakt\\\/datenschutz\\\/\"]}]},{\"@type\":\"BreadcrumbList\",\"@id\":\"https:\\\/\\\/vineyard-mc.com\\\/kontakt\\\/datenschutz\\\/#breadcrumb\",\"itemListElement\":[{\"@type\":\"ListItem\",\"position\":1,\"name\":\"Startseite\",\"item\":\"https:\\\/\\\/vineyard-mc.com\\\/\"},{\"@type\":\"ListItem\",\"position\":2,\"name\":\"Kontakt\",\"item\":\"https:\\\/\\\/vineyard-mc.com\\\/kontakt\\\/\"},{\"@type\":\"ListItem\",\"position\":3,\"name\":\"Datenschutzerkl\u00e4rung\"}]},{\"@type\":\"WebSite\",\"@id\":\"https:\\\/\\\/vineyard-mc.com\\\/#website\",\"url\":\"https:\\\/\\\/vineyard-mc.com\\\/\",\"name\":\"Vineyard Management Consulting GmbH\",\"description\":\"Better Ideas - Better Results\",\"publisher\":{\"@id\":\"https:\\\/\\\/vineyard-mc.com\\\/#organization\"},\"alternateName\":\"VMC GmbH\",\"potentialAction\":[{\"@type\":\"SearchAction\",\"target\":{\"@type\":\"EntryPoint\",\"urlTemplate\":\"https:\\\/\\\/vineyard-mc.com\\\/?s={search_term_string}\"},\"query-input\":{\"@type\":\"PropertyValueSpecification\",\"valueRequired\":true,\"valueName\":\"search_term_string\"}}],\"inLanguage\":\"de\"},{\"@type\":\"Organization\",\"@id\":\"https:\\\/\\\/vineyard-mc.com\\\/#organization\",\"name\":\"Vineyard Management Consulting GmbH\",\"url\":\"https:\\\/\\\/vineyard-mc.com\\\/\",\"logo\":{\"@type\":\"ImageObject\",\"inLanguage\":\"de\",\"@id\":\"https:\\\/\\\/vineyard-mc.com\\\/#\\\/schema\\\/logo\\\/image\\\/\",\"url\":\"https:\\\/\\\/vineyard-mc.com\\\/wp-content\\\/uploads\\\/2021\\\/03\\\/VMC-Logo_1.jpg\",\"contentUrl\":\"https:\\\/\\\/vineyard-mc.com\\\/wp-content\\\/uploads\\\/2021\\\/03\\\/VMC-Logo_1.jpg\",\"width\":506,\"height\":665,\"caption\":\"Vineyard Management Consulting GmbH\"},\"image\":{\"@id\":\"https:\\\/\\\/vineyard-mc.com\\\/#\\\/schema\\\/logo\\\/image\\\/\"},\"sameAs\":[\"https:\\\/\\\/de.linkedin.com\\\/company\\\/vineyard-management-consulting-gmbh\"]}]}<\/script>\n<!-- \/ Yoast SEO plugin. -->","yoast_head_json":{"title":"Datenschutzerkl\u00e4rung - Vineyard Management Consulting GmbH","robots":{"index":"index","follow":"follow","max-snippet":"max-snippet:-1","max-image-preview":"max-image-preview:large","max-video-preview":"max-video-preview:-1"},"canonical":"https:\/\/vineyard-mc.com\/de_de\/kontakt\/datenschutz\/","og_locale":"de_DE","og_type":"article","og_title":"Datenschutzerkl\u00e4rung - Vineyard Management Consulting GmbH","og_description":"1. Inhalt des Onlineangebotes Der Autor \u00fcbernimmt keinerlei Gew\u00e4hr f\u00fcr die Aktualit\u00e4t, Korrektheit, Vollst\u00e4ndigkeit oder Qualit\u00e4t der bereitgestellten Informationen. Haftungsanspr\u00fcche gegen den Autor, welche sich auf Sch\u00e4den materieller oder ideeller Art beziehen, die durch die Nutzung oder Nichtnutzung der dargebotenen Informationen bzw. durch die Nutzung fehlerhafter und unvollst\u00e4ndiger Informationen verursacht wurden, sind grunds\u00e4tzlich ausgeschlossen, sofern...","og_url":"https:\/\/vineyard-mc.com\/de_de\/kontakt\/datenschutz\/","og_site_name":"Vineyard Management Consulting GmbH","article_modified_time":"2024-01-11T16:29:09+00:00","twitter_card":"summary_large_image","twitter_misc":{"Gesch\u00e4tzte Lesezeit":"8\u00a0Minuten"},"schema":{"@context":"https:\/\/schema.org","@graph":[{"@type":"WebPage","@id":"https:\/\/vineyard-mc.com\/kontakt\/datenschutz\/","url":"https:\/\/vineyard-mc.com\/kontakt\/datenschutz\/","name":"Datenschutzerkl\u00e4rung - Vineyard Management Consulting GmbH","isPartOf":{"@id":"https:\/\/vineyard-mc.com\/#website"},"datePublished":"2021-03-27T09:46:13+00:00","dateModified":"2024-01-11T16:29:09+00:00","breadcrumb":{"@id":"https:\/\/vineyard-mc.com\/kontakt\/datenschutz\/#breadcrumb"},"inLanguage":"de","potentialAction":[{"@type":"ReadAction","target":["https:\/\/vineyard-mc.com\/kontakt\/datenschutz\/"]}]},{"@type":"BreadcrumbList","@id":"https:\/\/vineyard-mc.com\/kontakt\/datenschutz\/#breadcrumb","itemListElement":[{"@type":"ListItem","position":1,"name":"Startseite","item":"https:\/\/vineyard-mc.com\/"},{"@type":"ListItem","position":2,"name":"Kontakt","item":"https:\/\/vineyard-mc.com\/kontakt\/"},{"@type":"ListItem","position":3,"name":"Datenschutzerkl\u00e4rung"}]},{"@type":"WebSite","@id":"https:\/\/vineyard-mc.com\/#website","url":"https:\/\/vineyard-mc.com\/","name":"Vineyard Management Consulting GmbH","description":"Better Ideas - Better Results","publisher":{"@id":"https:\/\/vineyard-mc.com\/#organization"},"alternateName":"VMC GmbH","potentialAction":[{"@type":"SearchAction","target":{"@type":"EntryPoint","urlTemplate":"https:\/\/vineyard-mc.com\/?s={search_term_string}"},"query-input":{"@type":"PropertyValueSpecification","valueRequired":true,"valueName":"search_term_string"}}],"inLanguage":"de"},{"@type":"Organization","@id":"https:\/\/vineyard-mc.com\/#organization","name":"Vineyard Management Consulting GmbH","url":"https:\/\/vineyard-mc.com\/","logo":{"@type":"ImageObject","inLanguage":"de","@id":"https:\/\/vineyard-mc.com\/#\/schema\/logo\/image\/","url":"https:\/\/vineyard-mc.com\/wp-content\/uploads\/2021\/03\/VMC-Logo_1.jpg","contentUrl":"https:\/\/vineyard-mc.com\/wp-content\/uploads\/2021\/03\/VMC-Logo_1.jpg","width":506,"height":665,"caption":"Vineyard Management Consulting GmbH"},"image":{"@id":"https:\/\/vineyard-mc.com\/#\/schema\/logo\/image\/"},"sameAs":["https:\/\/de.linkedin.com\/company\/vineyard-management-consulting-gmbh"]}]}},"_links":{"self":[{"href":"https:\/\/vineyard-mc.com\/de_de\/wp-json\/wp\/v2\/pages\/987851","targetHints":{"allow":["GET"]}}],"collection":[{"href":"https:\/\/vineyard-mc.com\/de_de\/wp-json\/wp\/v2\/pages"}],"about":[{"href":"https:\/\/vineyard-mc.com\/de_de\/wp-json\/wp\/v2\/types\/page"}],"author":[{"embeddable":true,"href":"https:\/\/vineyard-mc.com\/de_de\/wp-json\/wp\/v2\/users\/2"}],"replies":[{"embeddable":true,"href":"https:\/\/vineyard-mc.com\/de_de\/wp-json\/wp\/v2\/comments?post=987851"}],"version-history":[{"count":3,"href":"https:\/\/vineyard-mc.com\/de_de\/wp-json\/wp\/v2\/pages\/987851\/revisions"}],"predecessor-version":[{"id":988594,"href":"https:\/\/vineyard-mc.com\/de_de\/wp-json\/wp\/v2\/pages\/987851\/revisions\/988594"}],"up":[{"embeddable":true,"href":"https:\/\/vineyard-mc.com\/de_de\/wp-json\/wp\/v2\/pages\/31"}],"wp:attachment":[{"href":"https:\/\/vineyard-mc.com\/de_de\/wp-json\/wp\/v2\/media?parent=987851"}],"curies":[{"name":"wp","href":"https:\/\/api.w.org\/{rel}","templated":true}]}}