{"id":987893,"date":"2021-03-27T11:51:17","date_gmt":"2021-03-27T10:51:17","guid":{"rendered":"https:\/\/vineyard-mc.com\/?page_id=987893"},"modified":"2024-01-11T16:55:38","modified_gmt":"2024-01-11T15:55:38","slug":"transition","status":"publish","type":"page","link":"https:\/\/vineyard-mc.com\/de_de\/kompetenzen\/transition\/","title":{"rendered":"Transition Management"},"content":{"rendered":"<div class=\"row \"><div class=\"wpv-grid grid-1-1  wpv-first-level first unextended\" style=\"padding-top:0px;padding-bottom:0px\" id=\"about-content\" ><div class=\"row \"><div class=\"wpv-grid grid-3-5  first unextended\" style=\"padding-top:0px;padding-bottom:0px\" id=\"wpv-column-4eecaa2c39d905417b73873d55958414\" ><div class=\"row \"><div class=\"wpv-grid grid-1-1  first unextended\" style=\"padding-top:0px;padding-bottom:0px\" id=\"wpv-column-4a5e0b2d2effca66e5384030f13f4b72\" ><p><strong>Transition Management umfasst in unseren Projekten die Strategiedefinition, Umsetzungsplanung und vor allem die Etablierung der Ver\u00e4nderungen im Unternehmensumfeld:<\/strong><\/p>\n<p>Ver\u00e4nderungsprozesse sind komplexe Gebilde. Sie beinhalten sehr oft sachliche, emotionale, psychologische und systemeigene Komponenten.<\/p>\n<p>Da sie sich auf unterschiedlichsten Ebenen wie z.B. der des einzelnen Individuums, eines umfangreichen Beziehungsgeflechts oder gar der ganzen Organisation auswirken, muss der Transitionprozess und seine Interdependenzen zielgerichtet beeinflusst und gesteuert werden.<\/div><\/div><\/div>\n<div class=\"wpv-grid grid-2-5  unextended animation-fade-in animated-active\" style=\"padding-top:0px;padding-bottom:0px\" id=\"wpv-column-85042c6bbbb6d895a61088528208ef35\" ><div class=\"row \"><div class=\"wpv-grid grid-1-1  first unextended animation-from-bottom animated-active\" style=\"padding-top:0px;padding-bottom:0px\" id=\"wpv-column-1e0d6b5e8bd5192a77d25e2ed622f868\" ><p style=\"text-align: center;\"><strong>Ihr Ansprechpartner<\/strong><\/p>\n<p><img loading=\"lazy\" decoding=\"async\" class=\"aligncenter wp-image-987729\" src=\"https:\/\/vineyard-mc.com\/wp-content\/uploads\/2021\/03\/DSC_5483-Edit-Carsten-scaled-e1704988073774-264x300.jpg\" alt=\"\" width=\"232\" height=\"263\" srcset=\"https:\/\/vineyard-mc.com\/wp-content\/uploads\/2021\/03\/DSC_5483-Edit-Carsten-scaled-e1704988073774-264x300.jpg 264w, https:\/\/vineyard-mc.com\/wp-content\/uploads\/2021\/03\/DSC_5483-Edit-Carsten-scaled-e1704988073774-902x1024.jpg 902w, https:\/\/vineyard-mc.com\/wp-content\/uploads\/2021\/03\/DSC_5483-Edit-Carsten-scaled-e1704988073774-11x12.jpg 11w, https:\/\/vineyard-mc.com\/wp-content\/uploads\/2021\/03\/DSC_5483-Edit-Carsten-scaled-e1704988073774.jpg 1706w\" sizes=\"auto, (max-width: 232px) 100vw, 232px\" \/><\/p>\n<p style=\"text-align: center;\"><strong>Carsten Fabig<\/strong><br \/>\nManaging Director<\/div><\/div><\/div><\/div>\n<div class=\"row \"><div class=\"wpv-grid grid-1-1  first unextended\" style=\"padding-top:0px;padding-bottom:0px\" id=\"wpv-column-d587496028105f1549d08f006e935c85\" ><div class=\"row \"><div class=\"wpv-grid grid-1-1  first unextended\" style=\"padding-top:0px;padding-bottom:0px\" id=\"wpv-column-4e95dfbfac8169f951671ab8ab637aa6\" ><p>Der <strong>8-stufige Ansatz<\/strong>\u00a0der Vineyard Management Consulting GmbH bedient sich einer\u00a0<strong>mehrstufigen Vorgehensweise f\u00fcr die erfolgreiche Gestaltung von Transitionprozessen<\/strong>. Dabei werden insbesondere emotionale sowie rationale Akzeptanzgrade der Ver\u00e4nderungsphase ber\u00fccksichtigt.<\/p>\n<p>Phase 1 \u2013\u00a0<strong>Planung<\/strong>: Zum Start wird zumeist mit Hilfe moderner Methoden rational analysiert, warum eine Ver\u00e4nderung notwendig ist und daraufhin geplant, was diese bewirken soll.<\/p>\n<p>Phase 2\u00a0&#8211;\u00a0<strong>Ver\u00f6ffentlichung<\/strong>: In dieser Phase kommt es zur Ver\u00f6ffentlichung des Ver\u00e4nderungsbedarfs, die nicht selten in emotionaler Betroffenheit und \u00dcberraschung bestimmter Zielgruppen der Ver\u00e4nderung resultiert.<\/p>\n<p><img loading=\"lazy\" decoding=\"async\" class=\"alignright wp-image-615 size-full\" src=\"https:\/\/vineyard-mc.com\/wp-content\/uploads\/2021\/03\/VMC_TM.jpg\" alt=\"\" width=\"334\" height=\"485\" srcset=\"https:\/\/vineyard-mc.com\/wp-content\/uploads\/2021\/03\/VMC_TM.jpg 334w, https:\/\/vineyard-mc.com\/wp-content\/uploads\/2021\/03\/VMC_TM-207x300.jpg 207w, https:\/\/vineyard-mc.com\/wp-content\/uploads\/2021\/03\/VMC_TM-8x12.jpg 8w\" sizes=\"auto, (max-width: 334px) 100vw, 334px\" \/>Phase 3 &#8211;\u00a0<strong>Positionierung<\/strong>: Hierbei positionieren sich normalerweise alle Zielgruppen. Dabei ist es entscheidend, zielgruppenorientiert den Ver\u00e4nderungsbedarf zu erl\u00e4utern und darauf hinzuarbeiten, dass trotz unterschiedlicher Interessenslagen ein gemeinsames Bewusstsein zu z.B. Zielen, Chancen und Risiken als auch Rahmenbedingungen der bevorstehenden Initiative und dem dazu aufgesetzten Transitionprozess entstehen.<\/p>\n<p>Phase 4 \u2013\u00a0<strong>Schaffung von rationaler Akzeptanz<\/strong>: Durch diesen wichtigen Schritt werden bei Zielgruppen (und v.a. Schl\u00fcsselpersonen f\u00fcr die erfolgreiche Ver\u00e4nderung) Vertrauen in den Transitionprozess und seine Prozessgestalter gewonnen.<\/p>\n<p>Phase 5 \u2013\u00a0<strong>Schaffung von emotionaler Akzeptanz<\/strong>: In dieser Phase erfolgt die (wirkliche) Sicherung der emotionalen Akzeptanz der Betroffenen und Beteiligten durch eine ernsthafte, verbindliche und tiefgr\u00fcndige Auseinandersetzung mit \u00c4ngsten, Risiken und Sorgen der Zielgruppen.<\/p>\n<p>Phase 6 \u2013\u00a0<strong>Testen und Pilotieren<\/strong>: Als n\u00e4chstes werden dann Ressourcen aktiviert, Projekte operativ gestartet, Anpassungen getestet bzw. pilotiert und \u00c4nderungsm\u00f6glichkeiten aufgezeigt \u2013 die Ver\u00e4nderung nimmt Gestalt an!<\/p>\n<p>Phase 7\u00a0&#8211;\u00a0<strong>Umsetzung<\/strong>: Erst dann (!) werden idealerweise die m\u00f6glichst straffen und zielgerichteten Ver\u00e4nderungsvorhaben umgesetzt, z.B. mit Hilfe eindeutiger Priorisierung, klaren Verantwortlichkeiten und Rollen sowie konsequenter Verhaltensweisen.<\/p>\n<p>Phase 8 \u2013\u00a0<strong>Integration<\/strong>: Abschlie\u00dfend erfolgt die Integration der transferierten Strukturen, Prozesse, IT-Systeme, Verhaltensweisen oder Strategien in die Ex-Post-Transitionphase. Die \u00dcberf\u00fchrung in neue Gewohnheiten, die Stabilisierung noch neuen Lernerfahrungen als auch eine laufende Erfolgskontrolle sind hier hervorzuheben \u2013 und nicht zuletzt auch die Honorierung von Erfolgen und die Anerkennung f\u00fcr Geleistestes in den vorangegangenen Phasen.<\/div><\/div>\n<div class=\"row \"><div class=\"wpv-grid grid-1-1  first unextended\" style=\"padding-top:0px;padding-bottom:0px\" id=\"wpv-column-87fae047dfd98ade0399ac12b924abe4\" ><p><strong><img loading=\"lazy\" decoding=\"async\" class=\"wp-image-639 alignleft\" src=\"https:\/\/vineyard-mc.com\/wp-content\/uploads\/2021\/03\/Transition.jpg\" alt=\"\" width=\"410\" height=\"346\" srcset=\"https:\/\/vineyard-mc.com\/wp-content\/uploads\/2021\/03\/Transition.jpg 377w, https:\/\/vineyard-mc.com\/wp-content\/uploads\/2021\/03\/Transition-300x253.jpg 300w, https:\/\/vineyard-mc.com\/wp-content\/uploads\/2021\/03\/Transition-14x12.jpg 14w\" sizes=\"auto, (max-width: 410px) 100vw, 410px\" \/>Wenn es so viel Modelle gibt, warum geht dann immer noch so viel schief?<\/strong><\/p>\n<p>Im Allgemeinen liegt bei vielen unserer Kunden die Problematik v. a. in der Anwendung und der Erfahrung der Protagonisten im Umgang mit Transformationsprozessen.<\/p>\n<p>Exemplarische Gr\u00fcnde f\u00fcr ein m\u00f6gliches Scheitern sind:<\/p>\n<ol>\n<li>Zu hohe Selbstzufriedenheit<\/li>\n<li>Nicht ausreichende Unterst\u00fctzung<\/li>\n<li>Unklare Ziele<\/li>\n<li>Mangelnde Kommunikation, unklare Informationslagen<\/li>\n<li>Zu wenig kurzfristige Erfolge<\/li>\n<li>Fehlende Integration des Wandels<\/li>\n<li>Zu langwierige Prozesse und Entscheidungen<\/li>\n<\/ol>\n<p>Gerne helfen wir Ihnen, diese Gefahren zu umschiffen und Ihre Transformationsprozesse erfolgreich zu gestalten \u2013 wir freuen uns auf Ihre Kontaktaufnahme!<\/div><\/div><\/div><\/div><\/div><\/div>\n<div class=\"sep\"><\/div>\n<div class=\"row \"><div class=\"wpv-grid grid-1-1  wpv-first-level first unextended\" style=\"padding-top:0px;padding-bottom:0px\" id=\"wpv-column-f86295bc07ef4580c41b3ac042d91912\" ><h2 class='column-title'>Umgesetzte Projekte (Auszug)<\/h2><div class=\"row \"><div class=\"wpv-grid grid-1-3  first unextended\" style=\"padding-top:0px;padding-bottom:0px\" id=\"wpv-column-9030826c62a76e2fbeb430804f4a752b\" ><p><strong>Bank<\/strong><br \/>\nTransition Management einer weltweiten Reorganisation (inkl. Outsourcing in Service Center) eines Gesch\u00e4ftsbereiches mit \u00fcber 5.000 Mitarbeitern<\/div>\n<div class=\"wpv-grid grid-1-3  unextended\" style=\"padding-top:0px;padding-bottom:0px\" id=\"wpv-column-2c2d08f9ade61902a862364b98ef37d8\" ><p><strong>Telekommunikation<\/strong><br \/>\nChange Begleitung bei der Integration der Mobilfunk- und Festnetzsparte sowie prozessualen Neuausrichtung eines IT Solutionsbereiches<\/div>\n<div class=\"wpv-grid grid-1-3  unextended\" style=\"padding-top:0px;padding-bottom:0px\" id=\"wpv-column-1d7bfb55c7fa10ec726bb42c9b436113\" ><p><strong>Versicherung<\/strong><br \/>\nChange und Transition Management f\u00fcr die strategische Neupositionierung und der damit einher gehenden Restrukturierung und Implementierung des neuen Gesch\u00e4ftsmodells<\/div><\/div>\n<div class=\"sep\"><\/div><\/div><\/div>\n","protected":false},"excerpt":{"rendered":"<p>Transition Management umfasst in unseren Projekten die Strategiedefinition, Umsetzungsplanung und vor allem die Etablierung der Ver\u00e4nderungen im Unternehmensumfeld: Ver\u00e4nderungsprozesse sind komplexe Gebilde. Sie beinhalten sehr oft sachliche, emotionale, psychologische und systemeigene Komponenten. Da sie sich auf unterschiedlichsten Ebenen wie z.B. der des einzelnen Individuums, eines umfangreichen Beziehungsgeflechts oder gar der ganzen Organisation auswirken, muss der&#8230;<\/p>\n","protected":false},"author":2,"featured_media":0,"parent":987814,"menu_order":1,"comment_status":"closed","ping_status":"closed","template":"","meta":{"footnotes":""},"class_list":["post-987893","page","type-page","status-publish","hentry"],"yoast_head":"<!-- This site is optimized with the Yoast SEO plugin v27.3 - https:\/\/yoast.com\/product\/yoast-seo-wordpress\/ -->\n<title>Transition Management - Vineyard Management Consulting GmbH<\/title>\n<meta name=\"robots\" content=\"index, follow, max-snippet:-1, max-image-preview:large, max-video-preview:-1\" \/>\n<link rel=\"canonical\" href=\"https:\/\/vineyard-mc.com\/de_de\/kompetenzen\/transition\/\" \/>\n<meta property=\"og:locale\" content=\"de_DE\" \/>\n<meta property=\"og:type\" content=\"article\" \/>\n<meta property=\"og:title\" content=\"Transition Management - Vineyard Management Consulting GmbH\" \/>\n<meta property=\"og:description\" content=\"Transition Management umfasst in unseren Projekten die Strategiedefinition, Umsetzungsplanung und vor allem die Etablierung der Ver\u00e4nderungen im Unternehmensumfeld: Ver\u00e4nderungsprozesse sind komplexe Gebilde. Sie beinhalten sehr oft sachliche, emotionale, psychologische und systemeigene Komponenten. Da sie sich auf unterschiedlichsten Ebenen wie z.B. der des einzelnen Individuums, eines umfangreichen Beziehungsgeflechts oder gar der ganzen Organisation auswirken, muss der...\" \/>\n<meta property=\"og:url\" content=\"https:\/\/vineyard-mc.com\/de_de\/kompetenzen\/transition\/\" \/>\n<meta property=\"og:site_name\" content=\"Vineyard Management Consulting GmbH\" \/>\n<meta property=\"article:modified_time\" content=\"2024-01-11T15:55:38+00:00\" \/>\n<meta property=\"og:image\" content=\"https:\/\/vineyard-mc.com\/wp-content\/uploads\/2021\/03\/DSC_5483-Edit-Carsten-scaled-e1704988073774-264x300.jpg\" \/>\n<meta name=\"twitter:card\" content=\"summary_large_image\" \/>\n<meta name=\"twitter:label1\" content=\"Gesch\u00e4tzte Lesezeit\" \/>\n\t<meta name=\"twitter:data1\" content=\"5\u00a0Minuten\" \/>\n<script type=\"application\/ld+json\" class=\"yoast-schema-graph\">{\"@context\":\"https:\\\/\\\/schema.org\",\"@graph\":[{\"@type\":\"WebPage\",\"@id\":\"https:\\\/\\\/vineyard-mc.com\\\/kompetenzen\\\/transition\\\/\",\"url\":\"https:\\\/\\\/vineyard-mc.com\\\/kompetenzen\\\/transition\\\/\",\"name\":\"Transition Management - Vineyard Management Consulting GmbH\",\"isPartOf\":{\"@id\":\"https:\\\/\\\/vineyard-mc.com\\\/#website\"},\"primaryImageOfPage\":{\"@id\":\"https:\\\/\\\/vineyard-mc.com\\\/kompetenzen\\\/transition\\\/#primaryimage\"},\"image\":{\"@id\":\"https:\\\/\\\/vineyard-mc.com\\\/kompetenzen\\\/transition\\\/#primaryimage\"},\"thumbnailUrl\":\"https:\\\/\\\/vineyard-mc.com\\\/wp-content\\\/uploads\\\/2021\\\/03\\\/DSC_5483-Edit-Carsten-scaled-e1704988073774-264x300.jpg\",\"datePublished\":\"2021-03-27T10:51:17+00:00\",\"dateModified\":\"2024-01-11T15:55:38+00:00\",\"breadcrumb\":{\"@id\":\"https:\\\/\\\/vineyard-mc.com\\\/kompetenzen\\\/transition\\\/#breadcrumb\"},\"inLanguage\":\"de\",\"potentialAction\":[{\"@type\":\"ReadAction\",\"target\":[\"https:\\\/\\\/vineyard-mc.com\\\/kompetenzen\\\/transition\\\/\"]}]},{\"@type\":\"ImageObject\",\"inLanguage\":\"de\",\"@id\":\"https:\\\/\\\/vineyard-mc.com\\\/kompetenzen\\\/transition\\\/#primaryimage\",\"url\":\"https:\\\/\\\/vineyard-mc.com\\\/wp-content\\\/uploads\\\/2021\\\/03\\\/DSC_5483-Edit-Carsten-scaled-e1704988073774-264x300.jpg\",\"contentUrl\":\"https:\\\/\\\/vineyard-mc.com\\\/wp-content\\\/uploads\\\/2021\\\/03\\\/DSC_5483-Edit-Carsten-scaled-e1704988073774-264x300.jpg\"},{\"@type\":\"BreadcrumbList\",\"@id\":\"https:\\\/\\\/vineyard-mc.com\\\/kompetenzen\\\/transition\\\/#breadcrumb\",\"itemListElement\":[{\"@type\":\"ListItem\",\"position\":1,\"name\":\"Startseite\",\"item\":\"https:\\\/\\\/vineyard-mc.com\\\/\"},{\"@type\":\"ListItem\",\"position\":2,\"name\":\"Kompetenzen\",\"item\":\"https:\\\/\\\/vineyard-mc.com\\\/kompetenzen\\\/\"},{\"@type\":\"ListItem\",\"position\":3,\"name\":\"Transition Management\"}]},{\"@type\":\"WebSite\",\"@id\":\"https:\\\/\\\/vineyard-mc.com\\\/#website\",\"url\":\"https:\\\/\\\/vineyard-mc.com\\\/\",\"name\":\"Vineyard Management Consulting GmbH\",\"description\":\"Better Ideas - Better Results\",\"publisher\":{\"@id\":\"https:\\\/\\\/vineyard-mc.com\\\/#organization\"},\"alternateName\":\"VMC GmbH\",\"potentialAction\":[{\"@type\":\"SearchAction\",\"target\":{\"@type\":\"EntryPoint\",\"urlTemplate\":\"https:\\\/\\\/vineyard-mc.com\\\/?s={search_term_string}\"},\"query-input\":{\"@type\":\"PropertyValueSpecification\",\"valueRequired\":true,\"valueName\":\"search_term_string\"}}],\"inLanguage\":\"de\"},{\"@type\":\"Organization\",\"@id\":\"https:\\\/\\\/vineyard-mc.com\\\/#organization\",\"name\":\"Vineyard Management Consulting GmbH\",\"url\":\"https:\\\/\\\/vineyard-mc.com\\\/\",\"logo\":{\"@type\":\"ImageObject\",\"inLanguage\":\"de\",\"@id\":\"https:\\\/\\\/vineyard-mc.com\\\/#\\\/schema\\\/logo\\\/image\\\/\",\"url\":\"https:\\\/\\\/vineyard-mc.com\\\/wp-content\\\/uploads\\\/2021\\\/03\\\/VMC-Logo_1.jpg\",\"contentUrl\":\"https:\\\/\\\/vineyard-mc.com\\\/wp-content\\\/uploads\\\/2021\\\/03\\\/VMC-Logo_1.jpg\",\"width\":506,\"height\":665,\"caption\":\"Vineyard Management Consulting GmbH\"},\"image\":{\"@id\":\"https:\\\/\\\/vineyard-mc.com\\\/#\\\/schema\\\/logo\\\/image\\\/\"},\"sameAs\":[\"https:\\\/\\\/de.linkedin.com\\\/company\\\/vineyard-management-consulting-gmbh\"]}]}<\/script>\n<!-- \/ Yoast SEO plugin. -->","yoast_head_json":{"title":"Transition Management - Vineyard Management Consulting GmbH","robots":{"index":"index","follow":"follow","max-snippet":"max-snippet:-1","max-image-preview":"max-image-preview:large","max-video-preview":"max-video-preview:-1"},"canonical":"https:\/\/vineyard-mc.com\/de_de\/kompetenzen\/transition\/","og_locale":"de_DE","og_type":"article","og_title":"Transition Management - Vineyard Management Consulting GmbH","og_description":"Transition Management umfasst in unseren Projekten die Strategiedefinition, Umsetzungsplanung und vor allem die Etablierung der Ver\u00e4nderungen im Unternehmensumfeld: Ver\u00e4nderungsprozesse sind komplexe Gebilde. Sie beinhalten sehr oft sachliche, emotionale, psychologische und systemeigene Komponenten. Da sie sich auf unterschiedlichsten Ebenen wie z.B. der des einzelnen Individuums, eines umfangreichen Beziehungsgeflechts oder gar der ganzen Organisation auswirken, muss der...","og_url":"https:\/\/vineyard-mc.com\/de_de\/kompetenzen\/transition\/","og_site_name":"Vineyard Management Consulting GmbH","article_modified_time":"2024-01-11T15:55:38+00:00","og_image":[{"url":"https:\/\/vineyard-mc.com\/wp-content\/uploads\/2021\/03\/DSC_5483-Edit-Carsten-scaled-e1704988073774-264x300.jpg","type":"","width":"","height":""}],"twitter_card":"summary_large_image","twitter_misc":{"Gesch\u00e4tzte Lesezeit":"5\u00a0Minuten"},"schema":{"@context":"https:\/\/schema.org","@graph":[{"@type":"WebPage","@id":"https:\/\/vineyard-mc.com\/kompetenzen\/transition\/","url":"https:\/\/vineyard-mc.com\/kompetenzen\/transition\/","name":"Transition Management - Vineyard Management Consulting GmbH","isPartOf":{"@id":"https:\/\/vineyard-mc.com\/#website"},"primaryImageOfPage":{"@id":"https:\/\/vineyard-mc.com\/kompetenzen\/transition\/#primaryimage"},"image":{"@id":"https:\/\/vineyard-mc.com\/kompetenzen\/transition\/#primaryimage"},"thumbnailUrl":"https:\/\/vineyard-mc.com\/wp-content\/uploads\/2021\/03\/DSC_5483-Edit-Carsten-scaled-e1704988073774-264x300.jpg","datePublished":"2021-03-27T10:51:17+00:00","dateModified":"2024-01-11T15:55:38+00:00","breadcrumb":{"@id":"https:\/\/vineyard-mc.com\/kompetenzen\/transition\/#breadcrumb"},"inLanguage":"de","potentialAction":[{"@type":"ReadAction","target":["https:\/\/vineyard-mc.com\/kompetenzen\/transition\/"]}]},{"@type":"ImageObject","inLanguage":"de","@id":"https:\/\/vineyard-mc.com\/kompetenzen\/transition\/#primaryimage","url":"https:\/\/vineyard-mc.com\/wp-content\/uploads\/2021\/03\/DSC_5483-Edit-Carsten-scaled-e1704988073774-264x300.jpg","contentUrl":"https:\/\/vineyard-mc.com\/wp-content\/uploads\/2021\/03\/DSC_5483-Edit-Carsten-scaled-e1704988073774-264x300.jpg"},{"@type":"BreadcrumbList","@id":"https:\/\/vineyard-mc.com\/kompetenzen\/transition\/#breadcrumb","itemListElement":[{"@type":"ListItem","position":1,"name":"Startseite","item":"https:\/\/vineyard-mc.com\/"},{"@type":"ListItem","position":2,"name":"Kompetenzen","item":"https:\/\/vineyard-mc.com\/kompetenzen\/"},{"@type":"ListItem","position":3,"name":"Transition Management"}]},{"@type":"WebSite","@id":"https:\/\/vineyard-mc.com\/#website","url":"https:\/\/vineyard-mc.com\/","name":"Vineyard Management Consulting GmbH","description":"Better Ideas - Better Results","publisher":{"@id":"https:\/\/vineyard-mc.com\/#organization"},"alternateName":"VMC GmbH","potentialAction":[{"@type":"SearchAction","target":{"@type":"EntryPoint","urlTemplate":"https:\/\/vineyard-mc.com\/?s={search_term_string}"},"query-input":{"@type":"PropertyValueSpecification","valueRequired":true,"valueName":"search_term_string"}}],"inLanguage":"de"},{"@type":"Organization","@id":"https:\/\/vineyard-mc.com\/#organization","name":"Vineyard Management Consulting GmbH","url":"https:\/\/vineyard-mc.com\/","logo":{"@type":"ImageObject","inLanguage":"de","@id":"https:\/\/vineyard-mc.com\/#\/schema\/logo\/image\/","url":"https:\/\/vineyard-mc.com\/wp-content\/uploads\/2021\/03\/VMC-Logo_1.jpg","contentUrl":"https:\/\/vineyard-mc.com\/wp-content\/uploads\/2021\/03\/VMC-Logo_1.jpg","width":506,"height":665,"caption":"Vineyard Management Consulting GmbH"},"image":{"@id":"https:\/\/vineyard-mc.com\/#\/schema\/logo\/image\/"},"sameAs":["https:\/\/de.linkedin.com\/company\/vineyard-management-consulting-gmbh"]}]}},"_links":{"self":[{"href":"https:\/\/vineyard-mc.com\/de_de\/wp-json\/wp\/v2\/pages\/987893","targetHints":{"allow":["GET"]}}],"collection":[{"href":"https:\/\/vineyard-mc.com\/de_de\/wp-json\/wp\/v2\/pages"}],"about":[{"href":"https:\/\/vineyard-mc.com\/de_de\/wp-json\/wp\/v2\/types\/page"}],"author":[{"embeddable":true,"href":"https:\/\/vineyard-mc.com\/de_de\/wp-json\/wp\/v2\/users\/2"}],"replies":[{"embeddable":true,"href":"https:\/\/vineyard-mc.com\/de_de\/wp-json\/wp\/v2\/comments?post=987893"}],"version-history":[{"count":3,"href":"https:\/\/vineyard-mc.com\/de_de\/wp-json\/wp\/v2\/pages\/987893\/revisions"}],"predecessor-version":[{"id":989208,"href":"https:\/\/vineyard-mc.com\/de_de\/wp-json\/wp\/v2\/pages\/987893\/revisions\/989208"}],"up":[{"embeddable":true,"href":"https:\/\/vineyard-mc.com\/de_de\/wp-json\/wp\/v2\/pages\/987814"}],"wp:attachment":[{"href":"https:\/\/vineyard-mc.com\/de_de\/wp-json\/wp\/v2\/media?parent=987893"}],"curies":[{"name":"wp","href":"https:\/\/api.w.org\/{rel}","templated":true}]}}