{"id":988032,"date":"2021-03-27T14:56:53","date_gmt":"2021-03-27T13:56:53","guid":{"rendered":"https:\/\/vineyard-mc.com\/?page_id=988032"},"modified":"2024-01-11T17:06:42","modified_gmt":"2024-01-11T16:06:42","slug":"complexity","status":"publish","type":"page","link":"https:\/\/vineyard-mc.com\/de_de\/kompetenzen\/complexity\/","title":{"rendered":"Complexity Management"},"content":{"rendered":"<div class=\"row \"><div class=\"wpv-grid grid-1-1  wpv-first-level first unextended\" style=\"padding-top:0px;padding-bottom:0px\" id=\"about-content\" ><div class=\"row \"><div class=\"wpv-grid grid-3-5  first unextended\" style=\"padding-top:0px;padding-bottom:0px\" id=\"wpv-column-068e594d14fc3e82209e43db4b73402f\" ><div class=\"row \"><div class=\"wpv-grid grid-1-1  first unextended\" style=\"padding-top:0px;padding-bottom:0px\" id=\"wpv-column-b2c486f18d2a5155d1db82f330bb2a6e\" ><p><strong>Complexity Management bedeutet f\u00fcr unsere Berater die F\u00e4higkeit, komplexe Strukturen, Prozesse und IT-Systeme zu analysieren, zu bewerten und zu ver\u00e4ndern.<\/strong><\/p>\n<p>Unsere Ans\u00e4tze sind darauf ausgerichtet, Komplexit\u00e4t in Strukturen, IT-Systemen\u00a0und Prozessen auf ein Minimum zu reduzieren.<\/p>\n<p>Durch die fortlaufende Zerlegung von Wertsch\u00f6pfungsketten und dem Trend zum Customizing von Dienstleistungen steigt die zur Steuerung erforderliche Vernetzungsdichte \u2013 und damit auch die Komplexit\u00e4t in s\u00e4mtlichen Unternehmensstrukturen.<\/div><\/div><\/div>\n<div class=\"wpv-grid grid-2-5  unextended animation-fade-in animated-active\" style=\"padding-top:0px;padding-bottom:0px\" id=\"wpv-column-46155e801cde9c9fc6a7989cbed96df3\" ><div class=\"row \"><div class=\"wpv-grid grid-1-1  first unextended animation-from-bottom animated-active\" style=\"padding-top:0px;padding-bottom:0px\" id=\"wpv-column-15ed7bffabe4d1707fe99005b10490f0\" ><p style=\"text-align: center;\"><strong>Ihr Ansprechpartner<\/strong><\/p>\n<p><img loading=\"lazy\" decoding=\"async\" class=\"wp-image-556 size-medium aligncenter\" src=\"https:\/\/vineyard-mc.com\/wp-content\/uploads\/2021\/03\/AH_2016-263x300.jpg\" alt=\"Alexander Haasper, Managing Director\" width=\"263\" height=\"300\" srcset=\"https:\/\/vineyard-mc.com\/wp-content\/uploads\/2021\/03\/AH_2016-263x300.jpg 263w, https:\/\/vineyard-mc.com\/wp-content\/uploads\/2021\/03\/AH_2016-11x12.jpg 11w, https:\/\/vineyard-mc.com\/wp-content\/uploads\/2021\/03\/AH_2016.jpg 414w\" sizes=\"auto, (max-width: 263px) 100vw, 263px\" \/><\/p>\n<p style=\"text-align: center;\"><strong>Alexander Haasper<\/strong><br \/>\nManaging Director<\/div><\/div><\/div><\/div>\n<div class=\"row \"><div class=\"wpv-grid grid-1-1  first unextended\" style=\"padding-top:0px;padding-bottom:0px\" id=\"wpv-column-11ea7c6efedb9425b712ddf4fa272673\" ><p><img loading=\"lazy\" decoding=\"async\" class=\"wp-image-599 size-full alignleft\" src=\"https:\/\/vineyard-mc.com\/wp-content\/uploads\/2021\/03\/Complexity.jpg\" alt=\"\" width=\"384\" height=\"313\" srcset=\"https:\/\/vineyard-mc.com\/wp-content\/uploads\/2021\/03\/Complexity.jpg 384w, https:\/\/vineyard-mc.com\/wp-content\/uploads\/2021\/03\/Complexity-300x245.jpg 300w, https:\/\/vineyard-mc.com\/wp-content\/uploads\/2021\/03\/Complexity-15x12.jpg 15w\" sizes=\"auto, (max-width: 384px) 100vw, 384px\" \/><\/p>\n<p>Unabh\u00e4ngig vom Kurs der individuellen Komplexit\u00e4t, den ein Unternehmen eingeschlagen hat,\u00a0 l\u00e4sst sich jedoch die Komplexit\u00e4t zur Durchf\u00fchrung von Projekten sowie die Dynamik im Arbeitsalltag auf ein\u00a0gesundes Ma\u00df begrenzen.<\/p>\n<p>Unsere Berater bringen dieses strategische Wissen und das zur Umsetzung dieser Ans\u00e4tze erforderliche methodische R\u00fcstzeug zusammen mit ihrer Praxiserfahrung aktiv als direkten Nutzen f\u00fcr die Kunden in die Projekte ein.<\/p>\n<p>Im Fokus von Complexity Management stehen dabei L\u00f6sungen zum Organizational Design und zur Optimierung von Prozessen auf Basis von Best Practices wie CMMI, PMI und ITIL.<\/div><\/div><\/div><\/div>\n<div class=\"sep\"><\/div>\n<div class=\"row \"><div class=\"wpv-grid grid-1-1  wpv-first-level first unextended\" style=\"padding-top:0px;padding-bottom:0px\" id=\"wpv-column-42eac2f6e46ae8b1116af3a16ba4ec22\" ><h2 class='column-title'>Umgesetzte Projekte (Auszug)<\/h2><div class=\"row \"><div class=\"wpv-grid grid-1-3  first unextended\" style=\"padding-top:0px;padding-bottom:0px\" id=\"wpv-column-2dcf504bd0eb2ce223a8c5411e6250b8\" ><p><strong>Bank<\/strong><br \/>\nProzessdesign und -implementierung sowie Programm Management f\u00fcr die weltweite Einf\u00fchrung eines Software Lizenzmanagements, Umsetzung einer ITIL-basierten, globalen IT-Restrukturierung<\/div>\n<div class=\"wpv-grid grid-1-3  unextended\" style=\"padding-top:0px;padding-bottom:0px\" id=\"wpv-column-f710ca863140c421f65e8440a976c523\" ><p><strong>Telekommunikation<\/strong><br \/>\nEinf\u00fchrung einer Service Orientierten Architektur-(SOA)Plattform zur Abwicklung von Kernprozessen (Order, Business Logik und Billing)<\/div>\n<div class=\"wpv-grid grid-1-3  unextended\" style=\"padding-top:0px;padding-bottom:0px\" id=\"wpv-column-fbfa8d34d951ec4a9cbe10fd05185aaf\" ><p><strong>Automobilsektor<\/strong><br \/>\nEinf\u00fchrung von IT Security-Prozessen und KPIs, Optimierung des CISO-Bereichs sowie Umsetzung der neuesten Vorschriften gem. SANS20, ISO27001, BA IT, BaFin zur IT-Compliance<\/div><\/div>\n<div class=\"sep\"><\/div><\/div><\/div>\n","protected":false},"excerpt":{"rendered":"<p>Complexity Management bedeutet f\u00fcr unsere Berater die F\u00e4higkeit, komplexe Strukturen, Prozesse und IT-Systeme zu analysieren, zu bewerten und zu ver\u00e4ndern. Unsere Ans\u00e4tze sind darauf ausgerichtet, Komplexit\u00e4t in Strukturen, IT-Systemen\u00a0und Prozessen auf ein Minimum zu reduzieren. Durch die fortlaufende Zerlegung von Wertsch\u00f6pfungsketten und dem Trend zum Customizing von Dienstleistungen steigt die zur Steuerung erforderliche Vernetzungsdichte \u2013&#8230;<\/p>\n","protected":false},"author":2,"featured_media":0,"parent":987814,"menu_order":2,"comment_status":"closed","ping_status":"closed","template":"","meta":{"footnotes":""},"class_list":["post-988032","page","type-page","status-publish","hentry"],"yoast_head":"<!-- This site is optimized with the Yoast SEO plugin v27.3 - https:\/\/yoast.com\/product\/yoast-seo-wordpress\/ -->\n<title>Complexity Management - Vineyard Management Consulting GmbH<\/title>\n<meta name=\"robots\" content=\"index, follow, max-snippet:-1, max-image-preview:large, max-video-preview:-1\" \/>\n<link rel=\"canonical\" href=\"https:\/\/vineyard-mc.com\/de_de\/kompetenzen\/complexity\/\" \/>\n<meta property=\"og:locale\" content=\"de_DE\" \/>\n<meta property=\"og:type\" content=\"article\" \/>\n<meta property=\"og:title\" content=\"Complexity Management - Vineyard Management Consulting GmbH\" \/>\n<meta property=\"og:description\" content=\"Complexity Management bedeutet f\u00fcr unsere Berater die F\u00e4higkeit, komplexe Strukturen, Prozesse und IT-Systeme zu analysieren, zu bewerten und zu ver\u00e4ndern. Unsere Ans\u00e4tze sind darauf ausgerichtet, Komplexit\u00e4t in Strukturen, IT-Systemen\u00a0und Prozessen auf ein Minimum zu reduzieren. Durch die fortlaufende Zerlegung von Wertsch\u00f6pfungsketten und dem Trend zum Customizing von Dienstleistungen steigt die zur Steuerung erforderliche Vernetzungsdichte \u2013...\" \/>\n<meta property=\"og:url\" content=\"https:\/\/vineyard-mc.com\/de_de\/kompetenzen\/complexity\/\" \/>\n<meta property=\"og:site_name\" content=\"Vineyard Management Consulting GmbH\" \/>\n<meta property=\"article:modified_time\" content=\"2024-01-11T16:06:42+00:00\" \/>\n<meta property=\"og:image\" content=\"https:\/\/vineyard-mc.com\/wp-content\/uploads\/2021\/03\/AH_2016-263x300.jpg\" \/>\n<meta name=\"twitter:card\" content=\"summary_large_image\" \/>\n<meta name=\"twitter:label1\" content=\"Gesch\u00e4tzte Lesezeit\" \/>\n\t<meta name=\"twitter:data1\" content=\"3\u00a0Minuten\" \/>\n<script type=\"application\/ld+json\" class=\"yoast-schema-graph\">{\"@context\":\"https:\\\/\\\/schema.org\",\"@graph\":[{\"@type\":\"WebPage\",\"@id\":\"https:\\\/\\\/vineyard-mc.com\\\/kompetenzen\\\/complexity\\\/\",\"url\":\"https:\\\/\\\/vineyard-mc.com\\\/kompetenzen\\\/complexity\\\/\",\"name\":\"Complexity Management - Vineyard Management Consulting GmbH\",\"isPartOf\":{\"@id\":\"https:\\\/\\\/vineyard-mc.com\\\/#website\"},\"primaryImageOfPage\":{\"@id\":\"https:\\\/\\\/vineyard-mc.com\\\/kompetenzen\\\/complexity\\\/#primaryimage\"},\"image\":{\"@id\":\"https:\\\/\\\/vineyard-mc.com\\\/kompetenzen\\\/complexity\\\/#primaryimage\"},\"thumbnailUrl\":\"https:\\\/\\\/vineyard-mc.com\\\/wp-content\\\/uploads\\\/2021\\\/03\\\/AH_2016-263x300.jpg\",\"datePublished\":\"2021-03-27T13:56:53+00:00\",\"dateModified\":\"2024-01-11T16:06:42+00:00\",\"breadcrumb\":{\"@id\":\"https:\\\/\\\/vineyard-mc.com\\\/kompetenzen\\\/complexity\\\/#breadcrumb\"},\"inLanguage\":\"de\",\"potentialAction\":[{\"@type\":\"ReadAction\",\"target\":[\"https:\\\/\\\/vineyard-mc.com\\\/kompetenzen\\\/complexity\\\/\"]}]},{\"@type\":\"ImageObject\",\"inLanguage\":\"de\",\"@id\":\"https:\\\/\\\/vineyard-mc.com\\\/kompetenzen\\\/complexity\\\/#primaryimage\",\"url\":\"https:\\\/\\\/vineyard-mc.com\\\/wp-content\\\/uploads\\\/2021\\\/03\\\/AH_2016-263x300.jpg\",\"contentUrl\":\"https:\\\/\\\/vineyard-mc.com\\\/wp-content\\\/uploads\\\/2021\\\/03\\\/AH_2016-263x300.jpg\"},{\"@type\":\"BreadcrumbList\",\"@id\":\"https:\\\/\\\/vineyard-mc.com\\\/kompetenzen\\\/complexity\\\/#breadcrumb\",\"itemListElement\":[{\"@type\":\"ListItem\",\"position\":1,\"name\":\"Startseite\",\"item\":\"https:\\\/\\\/vineyard-mc.com\\\/\"},{\"@type\":\"ListItem\",\"position\":2,\"name\":\"Kompetenzen\",\"item\":\"https:\\\/\\\/vineyard-mc.com\\\/kompetenzen\\\/\"},{\"@type\":\"ListItem\",\"position\":3,\"name\":\"Complexity Management\"}]},{\"@type\":\"WebSite\",\"@id\":\"https:\\\/\\\/vineyard-mc.com\\\/#website\",\"url\":\"https:\\\/\\\/vineyard-mc.com\\\/\",\"name\":\"Vineyard Management Consulting GmbH\",\"description\":\"Better Ideas - Better Results\",\"publisher\":{\"@id\":\"https:\\\/\\\/vineyard-mc.com\\\/#organization\"},\"alternateName\":\"VMC GmbH\",\"potentialAction\":[{\"@type\":\"SearchAction\",\"target\":{\"@type\":\"EntryPoint\",\"urlTemplate\":\"https:\\\/\\\/vineyard-mc.com\\\/?s={search_term_string}\"},\"query-input\":{\"@type\":\"PropertyValueSpecification\",\"valueRequired\":true,\"valueName\":\"search_term_string\"}}],\"inLanguage\":\"de\"},{\"@type\":\"Organization\",\"@id\":\"https:\\\/\\\/vineyard-mc.com\\\/#organization\",\"name\":\"Vineyard Management Consulting GmbH\",\"url\":\"https:\\\/\\\/vineyard-mc.com\\\/\",\"logo\":{\"@type\":\"ImageObject\",\"inLanguage\":\"de\",\"@id\":\"https:\\\/\\\/vineyard-mc.com\\\/#\\\/schema\\\/logo\\\/image\\\/\",\"url\":\"https:\\\/\\\/vineyard-mc.com\\\/wp-content\\\/uploads\\\/2021\\\/03\\\/VMC-Logo_1.jpg\",\"contentUrl\":\"https:\\\/\\\/vineyard-mc.com\\\/wp-content\\\/uploads\\\/2021\\\/03\\\/VMC-Logo_1.jpg\",\"width\":506,\"height\":665,\"caption\":\"Vineyard Management Consulting GmbH\"},\"image\":{\"@id\":\"https:\\\/\\\/vineyard-mc.com\\\/#\\\/schema\\\/logo\\\/image\\\/\"},\"sameAs\":[\"https:\\\/\\\/de.linkedin.com\\\/company\\\/vineyard-management-consulting-gmbh\"]}]}<\/script>\n<!-- \/ Yoast SEO plugin. -->","yoast_head_json":{"title":"Complexity Management - Vineyard Management Consulting GmbH","robots":{"index":"index","follow":"follow","max-snippet":"max-snippet:-1","max-image-preview":"max-image-preview:large","max-video-preview":"max-video-preview:-1"},"canonical":"https:\/\/vineyard-mc.com\/de_de\/kompetenzen\/complexity\/","og_locale":"de_DE","og_type":"article","og_title":"Complexity Management - Vineyard Management Consulting GmbH","og_description":"Complexity Management bedeutet f\u00fcr unsere Berater die F\u00e4higkeit, komplexe Strukturen, Prozesse und IT-Systeme zu analysieren, zu bewerten und zu ver\u00e4ndern. Unsere Ans\u00e4tze sind darauf ausgerichtet, Komplexit\u00e4t in Strukturen, IT-Systemen\u00a0und Prozessen auf ein Minimum zu reduzieren. Durch die fortlaufende Zerlegung von Wertsch\u00f6pfungsketten und dem Trend zum Customizing von Dienstleistungen steigt die zur Steuerung erforderliche Vernetzungsdichte \u2013...","og_url":"https:\/\/vineyard-mc.com\/de_de\/kompetenzen\/complexity\/","og_site_name":"Vineyard Management Consulting GmbH","article_modified_time":"2024-01-11T16:06:42+00:00","og_image":[{"url":"https:\/\/vineyard-mc.com\/wp-content\/uploads\/2021\/03\/AH_2016-263x300.jpg","type":"","width":"","height":""}],"twitter_card":"summary_large_image","twitter_misc":{"Gesch\u00e4tzte Lesezeit":"3\u00a0Minuten"},"schema":{"@context":"https:\/\/schema.org","@graph":[{"@type":"WebPage","@id":"https:\/\/vineyard-mc.com\/kompetenzen\/complexity\/","url":"https:\/\/vineyard-mc.com\/kompetenzen\/complexity\/","name":"Complexity Management - Vineyard Management Consulting GmbH","isPartOf":{"@id":"https:\/\/vineyard-mc.com\/#website"},"primaryImageOfPage":{"@id":"https:\/\/vineyard-mc.com\/kompetenzen\/complexity\/#primaryimage"},"image":{"@id":"https:\/\/vineyard-mc.com\/kompetenzen\/complexity\/#primaryimage"},"thumbnailUrl":"https:\/\/vineyard-mc.com\/wp-content\/uploads\/2021\/03\/AH_2016-263x300.jpg","datePublished":"2021-03-27T13:56:53+00:00","dateModified":"2024-01-11T16:06:42+00:00","breadcrumb":{"@id":"https:\/\/vineyard-mc.com\/kompetenzen\/complexity\/#breadcrumb"},"inLanguage":"de","potentialAction":[{"@type":"ReadAction","target":["https:\/\/vineyard-mc.com\/kompetenzen\/complexity\/"]}]},{"@type":"ImageObject","inLanguage":"de","@id":"https:\/\/vineyard-mc.com\/kompetenzen\/complexity\/#primaryimage","url":"https:\/\/vineyard-mc.com\/wp-content\/uploads\/2021\/03\/AH_2016-263x300.jpg","contentUrl":"https:\/\/vineyard-mc.com\/wp-content\/uploads\/2021\/03\/AH_2016-263x300.jpg"},{"@type":"BreadcrumbList","@id":"https:\/\/vineyard-mc.com\/kompetenzen\/complexity\/#breadcrumb","itemListElement":[{"@type":"ListItem","position":1,"name":"Startseite","item":"https:\/\/vineyard-mc.com\/"},{"@type":"ListItem","position":2,"name":"Kompetenzen","item":"https:\/\/vineyard-mc.com\/kompetenzen\/"},{"@type":"ListItem","position":3,"name":"Complexity Management"}]},{"@type":"WebSite","@id":"https:\/\/vineyard-mc.com\/#website","url":"https:\/\/vineyard-mc.com\/","name":"Vineyard Management Consulting GmbH","description":"Better Ideas - Better Results","publisher":{"@id":"https:\/\/vineyard-mc.com\/#organization"},"alternateName":"VMC GmbH","potentialAction":[{"@type":"SearchAction","target":{"@type":"EntryPoint","urlTemplate":"https:\/\/vineyard-mc.com\/?s={search_term_string}"},"query-input":{"@type":"PropertyValueSpecification","valueRequired":true,"valueName":"search_term_string"}}],"inLanguage":"de"},{"@type":"Organization","@id":"https:\/\/vineyard-mc.com\/#organization","name":"Vineyard Management Consulting GmbH","url":"https:\/\/vineyard-mc.com\/","logo":{"@type":"ImageObject","inLanguage":"de","@id":"https:\/\/vineyard-mc.com\/#\/schema\/logo\/image\/","url":"https:\/\/vineyard-mc.com\/wp-content\/uploads\/2021\/03\/VMC-Logo_1.jpg","contentUrl":"https:\/\/vineyard-mc.com\/wp-content\/uploads\/2021\/03\/VMC-Logo_1.jpg","width":506,"height":665,"caption":"Vineyard Management Consulting GmbH"},"image":{"@id":"https:\/\/vineyard-mc.com\/#\/schema\/logo\/image\/"},"sameAs":["https:\/\/de.linkedin.com\/company\/vineyard-management-consulting-gmbh"]}]}},"_links":{"self":[{"href":"https:\/\/vineyard-mc.com\/de_de\/wp-json\/wp\/v2\/pages\/988032","targetHints":{"allow":["GET"]}}],"collection":[{"href":"https:\/\/vineyard-mc.com\/de_de\/wp-json\/wp\/v2\/pages"}],"about":[{"href":"https:\/\/vineyard-mc.com\/de_de\/wp-json\/wp\/v2\/types\/page"}],"author":[{"embeddable":true,"href":"https:\/\/vineyard-mc.com\/de_de\/wp-json\/wp\/v2\/users\/2"}],"replies":[{"embeddable":true,"href":"https:\/\/vineyard-mc.com\/de_de\/wp-json\/wp\/v2\/comments?post=988032"}],"version-history":[{"count":2,"href":"https:\/\/vineyard-mc.com\/de_de\/wp-json\/wp\/v2\/pages\/988032\/revisions"}],"predecessor-version":[{"id":988589,"href":"https:\/\/vineyard-mc.com\/de_de\/wp-json\/wp\/v2\/pages\/988032\/revisions\/988589"}],"up":[{"embeddable":true,"href":"https:\/\/vineyard-mc.com\/de_de\/wp-json\/wp\/v2\/pages\/987814"}],"wp:attachment":[{"href":"https:\/\/vineyard-mc.com\/de_de\/wp-json\/wp\/v2\/media?parent=988032"}],"curies":[{"name":"wp","href":"https:\/\/api.w.org\/{rel}","templated":true}]}}