{"id":988037,"date":"2021-03-27T14:59:30","date_gmt":"2021-03-27T13:59:30","guid":{"rendered":"https:\/\/vineyard-mc.com\/?page_id=988037"},"modified":"2024-01-11T16:57:59","modified_gmt":"2024-01-11T15:57:59","slug":"project","status":"publish","type":"page","link":"https:\/\/vineyard-mc.com\/de_de\/kompetenzen\/project\/","title":{"rendered":"Project Management"},"content":{"rendered":"<div class=\"row \"><div class=\"wpv-grid grid-1-1  wpv-first-level first unextended\" style=\"padding-top:0px;padding-bottom:0px\" id=\"about-content\" ><div class=\"row \"><div class=\"wpv-grid grid-3-5  first unextended\" style=\"padding-top:0px;padding-bottom:0px\" id=\"wpv-column-fc1a3a58a0e20129abeb4e77874dd52b\" ><div class=\"row \"><div class=\"wpv-grid grid-1-1  first unextended\" style=\"padding-top:0px;padding-bottom:0px\" id=\"wpv-column-7865a5d4a4f900121a691bfbdc19f56d\" ><p><strong>F\u00fcr moderne, dynamische Unternehmen ist Projektmanagement mehr als ein Instrument oder eine reine Technik.\u00a0Projektmanagement ist vielmehr eine wesentliche Schl\u00fcsselkompetenz f\u00fcr eine nachhaltige und zielgerichtete Umsetzung von gr\u00f6\u00dferen Vorhaben im Unternehmen.\u00a0<\/strong><\/p>\n<p>Erst die Kombination<\/p>\n<ul>\n<li>langj\u00e4hriger Erfahrungen im Projektmanagement<\/li>\n<li>klassischer Standard-Techniken (z.B. PMI, Prince2, GPMA)<\/li>\n<li>geeigneter Moderation der Interessen<\/li>\n<li>fr\u00fchzeitiger Vernetzung von Wissen<\/li>\n<li>sowie eine \u201eMitnahme\u201c der Menschen in den Ver\u00e4nderungsprozess<\/li>\n<\/ul>\n<p>legt eine belastbare Basis f\u00fcr eine erfolgreiche Umsetzung Ihrer Vorhaben.<\/div><\/div><\/div>\n<div class=\"wpv-grid grid-2-5  unextended animation-fade-in animated-active\" style=\"padding-top:0px;padding-bottom:0px\" id=\"wpv-column-ead858cdcbca9afd2e690aa2cc70b6ea\" ><div class=\"row \"><div class=\"wpv-grid grid-1-1  first unextended animation-from-bottom animated-active\" style=\"padding-top:0px;padding-bottom:0px\" id=\"wpv-column-a2977e5d820d9157e1ff4d1651a0bf55\" ><p style=\"text-align: center;\"><strong>Ihr Ansprechpartner<\/strong><\/p>\n<p><img loading=\"lazy\" decoding=\"async\" class=\"size-medium wp-image-988298 aligncenter\" src=\"https:\/\/vineyard-mc.com\/wp-content\/uploads\/2024\/01\/Laura-Beckervordersandforth_hell-e1704988302637-264x300.jpg\" alt=\"\" width=\"264\" height=\"300\" srcset=\"https:\/\/vineyard-mc.com\/wp-content\/uploads\/2024\/01\/Laura-Beckervordersandforth_hell-e1704988302637-264x300.jpg 264w, https:\/\/vineyard-mc.com\/wp-content\/uploads\/2024\/01\/Laura-Beckervordersandforth_hell-e1704988302637-901x1024.jpg 901w, https:\/\/vineyard-mc.com\/wp-content\/uploads\/2024\/01\/Laura-Beckervordersandforth_hell-e1704988302637-11x12.jpg 11w, https:\/\/vineyard-mc.com\/wp-content\/uploads\/2024\/01\/Laura-Beckervordersandforth_hell-e1704988302637.jpg 1408w\" sizes=\"auto, (max-width: 264px) 100vw, 264px\" \/><\/p>\n<p style=\"text-align: center;\"><strong>Laura Beckervordersandforth<\/strong><br \/>\nManagement Consultant<\/div><\/div><\/div><\/div>\n<div class=\"row \"><div class=\"wpv-grid grid-1-1  first unextended\" style=\"padding-top:0px;padding-bottom:0px\" id=\"wpv-column-e1ee40189b0bd65639392925c1a814d2\" ><div id=\"post-67\" class=\"post\">\n<div class=\"entry\">\n<div>So begleiten wir unsere Kunden beispielsweise durch\u00a0<strong>Projekt-Management auf Zeit.\u00a0<\/strong>Darunter verstehen wir eine Unterst\u00fctzung durch erfahrende ausgebildete Projektmanager f\u00fcr einen definierten Zeitraum. Dieser Ansatz ist insbesondere in folgenden Situationen sinnvoll:<\/div>\n<ul>\n<li>Aufbau von Projektmanagement-Kompetenz<\/li>\n<li>Outsourcing von Prozessen oder IT-Funktionen<\/li>\n<li>Aufbau von Governancestrukturen<\/li>\n<\/ul>\n<p><img loading=\"lazy\" decoding=\"async\" class=\"wp-image-596 alignright\" src=\"https:\/\/vineyard-mc.com\/wp-content\/uploads\/2021\/03\/Project.jpg\" alt=\"\" width=\"360\" height=\"330\" srcset=\"https:\/\/vineyard-mc.com\/wp-content\/uploads\/2021\/03\/Project.jpg 362w, https:\/\/vineyard-mc.com\/wp-content\/uploads\/2021\/03\/Project-300x275.jpg 300w, https:\/\/vineyard-mc.com\/wp-content\/uploads\/2021\/03\/Project-13x12.jpg 13w\" sizes=\"auto, (max-width: 360px) 100vw, 360px\" \/>Oder wir unterst\u00fctzen sie beim<strong>\u00a0Aufbau und Leitung von Projektb\u00fcros<\/strong>: Gro\u00dfprojekte und Projektportfolios sind ohne den Einsatz von Project Management Offices (PMO) in der Regel kaum steuerbar.<\/p>\n<p>Wir liefern Ihnen folgende an Ihre Situation angepassten Funktionen:<\/p>\n<ul>\n<li>Scope und Stakeholder Management<\/li>\n<li>Projektplanung<\/li>\n<li>Projektsteuerung<\/li>\n<li>Projekt-Controlling<\/li>\n<li>Projekt-Kommunikation<\/li>\n<\/ul>\n<div><\/div>\n<div>Erg\u00e4nzt werden diese Standards um praxiserprobte Methoden zum aktiven Management verschiedener Interessen und der Komplexit\u00e4t im Projekt. Wir unterst\u00fctzen Sie dabei, Gro\u00dfprojekte schnell in den Griff zu bekommen, die Komplexit\u00e4t zu managen und letztendlich Ihre Vorhaben auch bei hoher Dynamik und Vernetzung erfolgreich umzusetzen.<\/div>\n<\/div>\n<\/div><\/div><\/div><\/div><\/div>\n<div class=\"sep\"><\/div>\n<div class=\"row \"><div class=\"wpv-grid grid-1-1  wpv-first-level first unextended\" style=\"padding-top:0px;padding-bottom:0px\" id=\"wpv-column-a9d7887359bd2f0c9be9a52f5efc6b90\" ><h2 class='column-title'>Umgesetzte Projekte (Auszug)<\/h2><div class=\"row \"><div class=\"wpv-grid grid-1-3  first unextended\" style=\"padding-top:0px;padding-bottom:0px\" id=\"wpv-column-c877d29eb1e4662cd681a2e6ffa3f823\" ><p><strong>F\u00f6rderbank<\/strong><br \/>\nVendor- und Projektmanagement f\u00fcr Ausschreibung und Vendor-Selektion f\u00fcr mehrere IT-Security Services sowie Begleitung und Transition Management f\u00fcr die folgenden Umsetzungsprojekte<\/div>\n<div class=\"wpv-grid grid-1-3  unextended\" style=\"padding-top:0px;padding-bottom:0px\" id=\"wpv-column-a63790290961d74ffe21d25bd0ec1c34\" ><p><strong>Bank<\/strong><br \/>\nProgramm- und Projektmanagement f\u00fcr die Prozessanpassung und Migration bankfachlicher Anwendungen, Projektmanagement f\u00fcr eine Data Leakage Prevention-Initiative<\/div>\n<div class=\"wpv-grid grid-1-3  unextended\" style=\"padding-top:0px;padding-bottom:0px\" id=\"wpv-column-d95b9e4789288b6ba01df69848d56d81\" ><p><strong>Telekommunikation<\/strong><br \/>\nOptimierung der Project Management Excellence Initiative, Erstellung von SLAs und Business Cases f\u00fcr strategische Entscheidungen des Executive Boards<\/div><\/div><\/div><\/div>\n<div class=\"sep\"><\/div>\n","protected":false},"excerpt":{"rendered":"<p>F\u00fcr moderne, dynamische Unternehmen ist Projektmanagement mehr als ein Instrument oder eine reine Technik.\u00a0Projektmanagement ist vielmehr eine wesentliche Schl\u00fcsselkompetenz f\u00fcr eine nachhaltige und zielgerichtete Umsetzung von gr\u00f6\u00dferen Vorhaben im Unternehmen.\u00a0 Erst die Kombination langj\u00e4hriger Erfahrungen im Projektmanagement klassischer Standard-Techniken (z.B. PMI, Prince2, GPMA) geeigneter Moderation der Interessen fr\u00fchzeitiger Vernetzung von Wissen sowie eine \u201eMitnahme\u201c der&#8230;<\/p>\n","protected":false},"author":2,"featured_media":0,"parent":987814,"menu_order":3,"comment_status":"closed","ping_status":"closed","template":"","meta":{"footnotes":""},"class_list":["post-988037","page","type-page","status-publish","hentry"],"yoast_head":"<!-- This site is optimized with the Yoast SEO plugin v27.4 - https:\/\/yoast.com\/product\/yoast-seo-wordpress\/ -->\n<title>Project Management - Vineyard Management Consulting GmbH<\/title>\n<meta name=\"robots\" content=\"index, follow, max-snippet:-1, max-image-preview:large, max-video-preview:-1\" \/>\n<link rel=\"canonical\" href=\"https:\/\/vineyard-mc.com\/de_de\/kompetenzen\/project\/\" \/>\n<meta property=\"og:locale\" content=\"de_DE\" \/>\n<meta property=\"og:type\" content=\"article\" \/>\n<meta property=\"og:title\" content=\"Project Management - Vineyard Management Consulting GmbH\" \/>\n<meta property=\"og:description\" content=\"F\u00fcr moderne, dynamische Unternehmen ist Projektmanagement mehr als ein Instrument oder eine reine Technik.\u00a0Projektmanagement ist vielmehr eine wesentliche Schl\u00fcsselkompetenz f\u00fcr eine nachhaltige und zielgerichtete Umsetzung von gr\u00f6\u00dferen Vorhaben im Unternehmen.\u00a0 Erst die Kombination langj\u00e4hriger Erfahrungen im Projektmanagement klassischer Standard-Techniken (z.B. PMI, Prince2, GPMA) geeigneter Moderation der Interessen fr\u00fchzeitiger Vernetzung von Wissen sowie eine \u201eMitnahme\u201c der...\" \/>\n<meta property=\"og:url\" content=\"https:\/\/vineyard-mc.com\/de_de\/kompetenzen\/project\/\" \/>\n<meta property=\"og:site_name\" content=\"Vineyard Management Consulting GmbH\" \/>\n<meta property=\"article:modified_time\" content=\"2024-01-11T15:57:59+00:00\" \/>\n<meta property=\"og:image\" content=\"https:\/\/vineyard-mc.com\/wp-content\/uploads\/2024\/01\/Laura-Beckervordersandforth_hell-e1704988302637-264x300.jpg\" \/>\n<meta name=\"twitter:card\" content=\"summary_large_image\" \/>\n<meta name=\"twitter:label1\" content=\"Gesch\u00e4tzte Lesezeit\" \/>\n\t<meta name=\"twitter:data1\" content=\"3\u00a0Minuten\" \/>\n<script type=\"application\/ld+json\" class=\"yoast-schema-graph\">{\"@context\":\"https:\\\/\\\/schema.org\",\"@graph\":[{\"@type\":\"WebPage\",\"@id\":\"https:\\\/\\\/vineyard-mc.com\\\/kompetenzen\\\/project\\\/\",\"url\":\"https:\\\/\\\/vineyard-mc.com\\\/kompetenzen\\\/project\\\/\",\"name\":\"Project Management - Vineyard Management Consulting GmbH\",\"isPartOf\":{\"@id\":\"https:\\\/\\\/vineyard-mc.com\\\/#website\"},\"primaryImageOfPage\":{\"@id\":\"https:\\\/\\\/vineyard-mc.com\\\/kompetenzen\\\/project\\\/#primaryimage\"},\"image\":{\"@id\":\"https:\\\/\\\/vineyard-mc.com\\\/kompetenzen\\\/project\\\/#primaryimage\"},\"thumbnailUrl\":\"https:\\\/\\\/vineyard-mc.com\\\/wp-content\\\/uploads\\\/2024\\\/01\\\/Laura-Beckervordersandforth_hell-e1704988302637-264x300.jpg\",\"datePublished\":\"2021-03-27T13:59:30+00:00\",\"dateModified\":\"2024-01-11T15:57:59+00:00\",\"breadcrumb\":{\"@id\":\"https:\\\/\\\/vineyard-mc.com\\\/kompetenzen\\\/project\\\/#breadcrumb\"},\"inLanguage\":\"de\",\"potentialAction\":[{\"@type\":\"ReadAction\",\"target\":[\"https:\\\/\\\/vineyard-mc.com\\\/kompetenzen\\\/project\\\/\"]}]},{\"@type\":\"ImageObject\",\"inLanguage\":\"de\",\"@id\":\"https:\\\/\\\/vineyard-mc.com\\\/kompetenzen\\\/project\\\/#primaryimage\",\"url\":\"https:\\\/\\\/vineyard-mc.com\\\/wp-content\\\/uploads\\\/2024\\\/01\\\/Laura-Beckervordersandforth_hell-e1704988302637-264x300.jpg\",\"contentUrl\":\"https:\\\/\\\/vineyard-mc.com\\\/wp-content\\\/uploads\\\/2024\\\/01\\\/Laura-Beckervordersandforth_hell-e1704988302637-264x300.jpg\"},{\"@type\":\"BreadcrumbList\",\"@id\":\"https:\\\/\\\/vineyard-mc.com\\\/kompetenzen\\\/project\\\/#breadcrumb\",\"itemListElement\":[{\"@type\":\"ListItem\",\"position\":1,\"name\":\"Startseite\",\"item\":\"https:\\\/\\\/vineyard-mc.com\\\/\"},{\"@type\":\"ListItem\",\"position\":2,\"name\":\"Kompetenzen\",\"item\":\"https:\\\/\\\/vineyard-mc.com\\\/kompetenzen\\\/\"},{\"@type\":\"ListItem\",\"position\":3,\"name\":\"Project Management\"}]},{\"@type\":\"WebSite\",\"@id\":\"https:\\\/\\\/vineyard-mc.com\\\/#website\",\"url\":\"https:\\\/\\\/vineyard-mc.com\\\/\",\"name\":\"Vineyard Management Consulting GmbH\",\"description\":\"Better Ideas - Better Results\",\"publisher\":{\"@id\":\"https:\\\/\\\/vineyard-mc.com\\\/#organization\"},\"alternateName\":\"VMC GmbH\",\"potentialAction\":[{\"@type\":\"SearchAction\",\"target\":{\"@type\":\"EntryPoint\",\"urlTemplate\":\"https:\\\/\\\/vineyard-mc.com\\\/?s={search_term_string}\"},\"query-input\":{\"@type\":\"PropertyValueSpecification\",\"valueRequired\":true,\"valueName\":\"search_term_string\"}}],\"inLanguage\":\"de\"},{\"@type\":\"Organization\",\"@id\":\"https:\\\/\\\/vineyard-mc.com\\\/#organization\",\"name\":\"Vineyard Management Consulting GmbH\",\"url\":\"https:\\\/\\\/vineyard-mc.com\\\/\",\"logo\":{\"@type\":\"ImageObject\",\"inLanguage\":\"de\",\"@id\":\"https:\\\/\\\/vineyard-mc.com\\\/#\\\/schema\\\/logo\\\/image\\\/\",\"url\":\"https:\\\/\\\/vineyard-mc.com\\\/wp-content\\\/uploads\\\/2021\\\/03\\\/VMC-Logo_1.jpg\",\"contentUrl\":\"https:\\\/\\\/vineyard-mc.com\\\/wp-content\\\/uploads\\\/2021\\\/03\\\/VMC-Logo_1.jpg\",\"width\":506,\"height\":665,\"caption\":\"Vineyard Management Consulting GmbH\"},\"image\":{\"@id\":\"https:\\\/\\\/vineyard-mc.com\\\/#\\\/schema\\\/logo\\\/image\\\/\"},\"sameAs\":[\"https:\\\/\\\/de.linkedin.com\\\/company\\\/vineyard-management-consulting-gmbh\"]}]}<\/script>\n<!-- \/ Yoast SEO plugin. -->","yoast_head_json":{"title":"Project Management - Vineyard Management Consulting GmbH","robots":{"index":"index","follow":"follow","max-snippet":"max-snippet:-1","max-image-preview":"max-image-preview:large","max-video-preview":"max-video-preview:-1"},"canonical":"https:\/\/vineyard-mc.com\/de_de\/kompetenzen\/project\/","og_locale":"de_DE","og_type":"article","og_title":"Project Management - Vineyard Management Consulting GmbH","og_description":"F\u00fcr moderne, dynamische Unternehmen ist Projektmanagement mehr als ein Instrument oder eine reine Technik.\u00a0Projektmanagement ist vielmehr eine wesentliche Schl\u00fcsselkompetenz f\u00fcr eine nachhaltige und zielgerichtete Umsetzung von gr\u00f6\u00dferen Vorhaben im Unternehmen.\u00a0 Erst die Kombination langj\u00e4hriger Erfahrungen im Projektmanagement klassischer Standard-Techniken (z.B. PMI, Prince2, GPMA) geeigneter Moderation der Interessen fr\u00fchzeitiger Vernetzung von Wissen sowie eine \u201eMitnahme\u201c der...","og_url":"https:\/\/vineyard-mc.com\/de_de\/kompetenzen\/project\/","og_site_name":"Vineyard Management Consulting GmbH","article_modified_time":"2024-01-11T15:57:59+00:00","og_image":[{"url":"https:\/\/vineyard-mc.com\/wp-content\/uploads\/2024\/01\/Laura-Beckervordersandforth_hell-e1704988302637-264x300.jpg","type":"","width":"","height":""}],"twitter_card":"summary_large_image","twitter_misc":{"Gesch\u00e4tzte Lesezeit":"3\u00a0Minuten"},"schema":{"@context":"https:\/\/schema.org","@graph":[{"@type":"WebPage","@id":"https:\/\/vineyard-mc.com\/kompetenzen\/project\/","url":"https:\/\/vineyard-mc.com\/kompetenzen\/project\/","name":"Project Management - Vineyard Management Consulting GmbH","isPartOf":{"@id":"https:\/\/vineyard-mc.com\/#website"},"primaryImageOfPage":{"@id":"https:\/\/vineyard-mc.com\/kompetenzen\/project\/#primaryimage"},"image":{"@id":"https:\/\/vineyard-mc.com\/kompetenzen\/project\/#primaryimage"},"thumbnailUrl":"https:\/\/vineyard-mc.com\/wp-content\/uploads\/2024\/01\/Laura-Beckervordersandforth_hell-e1704988302637-264x300.jpg","datePublished":"2021-03-27T13:59:30+00:00","dateModified":"2024-01-11T15:57:59+00:00","breadcrumb":{"@id":"https:\/\/vineyard-mc.com\/kompetenzen\/project\/#breadcrumb"},"inLanguage":"de","potentialAction":[{"@type":"ReadAction","target":["https:\/\/vineyard-mc.com\/kompetenzen\/project\/"]}]},{"@type":"ImageObject","inLanguage":"de","@id":"https:\/\/vineyard-mc.com\/kompetenzen\/project\/#primaryimage","url":"https:\/\/vineyard-mc.com\/wp-content\/uploads\/2024\/01\/Laura-Beckervordersandforth_hell-e1704988302637-264x300.jpg","contentUrl":"https:\/\/vineyard-mc.com\/wp-content\/uploads\/2024\/01\/Laura-Beckervordersandforth_hell-e1704988302637-264x300.jpg"},{"@type":"BreadcrumbList","@id":"https:\/\/vineyard-mc.com\/kompetenzen\/project\/#breadcrumb","itemListElement":[{"@type":"ListItem","position":1,"name":"Startseite","item":"https:\/\/vineyard-mc.com\/"},{"@type":"ListItem","position":2,"name":"Kompetenzen","item":"https:\/\/vineyard-mc.com\/kompetenzen\/"},{"@type":"ListItem","position":3,"name":"Project Management"}]},{"@type":"WebSite","@id":"https:\/\/vineyard-mc.com\/#website","url":"https:\/\/vineyard-mc.com\/","name":"Vineyard Management Consulting GmbH","description":"Better Ideas - Better Results","publisher":{"@id":"https:\/\/vineyard-mc.com\/#organization"},"alternateName":"VMC GmbH","potentialAction":[{"@type":"SearchAction","target":{"@type":"EntryPoint","urlTemplate":"https:\/\/vineyard-mc.com\/?s={search_term_string}"},"query-input":{"@type":"PropertyValueSpecification","valueRequired":true,"valueName":"search_term_string"}}],"inLanguage":"de"},{"@type":"Organization","@id":"https:\/\/vineyard-mc.com\/#organization","name":"Vineyard Management Consulting GmbH","url":"https:\/\/vineyard-mc.com\/","logo":{"@type":"ImageObject","inLanguage":"de","@id":"https:\/\/vineyard-mc.com\/#\/schema\/logo\/image\/","url":"https:\/\/vineyard-mc.com\/wp-content\/uploads\/2021\/03\/VMC-Logo_1.jpg","contentUrl":"https:\/\/vineyard-mc.com\/wp-content\/uploads\/2021\/03\/VMC-Logo_1.jpg","width":506,"height":665,"caption":"Vineyard Management Consulting GmbH"},"image":{"@id":"https:\/\/vineyard-mc.com\/#\/schema\/logo\/image\/"},"sameAs":["https:\/\/de.linkedin.com\/company\/vineyard-management-consulting-gmbh"]}]}},"_links":{"self":[{"href":"https:\/\/vineyard-mc.com\/de_de\/wp-json\/wp\/v2\/pages\/988037","targetHints":{"allow":["GET"]}}],"collection":[{"href":"https:\/\/vineyard-mc.com\/de_de\/wp-json\/wp\/v2\/pages"}],"about":[{"href":"https:\/\/vineyard-mc.com\/de_de\/wp-json\/wp\/v2\/types\/page"}],"author":[{"embeddable":true,"href":"https:\/\/vineyard-mc.com\/de_de\/wp-json\/wp\/v2\/users\/2"}],"replies":[{"embeddable":true,"href":"https:\/\/vineyard-mc.com\/de_de\/wp-json\/wp\/v2\/comments?post=988037"}],"version-history":[{"count":4,"href":"https:\/\/vineyard-mc.com\/de_de\/wp-json\/wp\/v2\/pages\/988037\/revisions"}],"predecessor-version":[{"id":988753,"href":"https:\/\/vineyard-mc.com\/de_de\/wp-json\/wp\/v2\/pages\/988037\/revisions\/988753"}],"up":[{"embeddable":true,"href":"https:\/\/vineyard-mc.com\/de_de\/wp-json\/wp\/v2\/pages\/987814"}],"wp:attachment":[{"href":"https:\/\/vineyard-mc.com\/de_de\/wp-json\/wp\/v2\/media?parent=988037"}],"curies":[{"name":"wp","href":"https:\/\/api.w.org\/{rel}","templated":true}]}}