{"id":988041,"date":"2021-03-27T15:03:04","date_gmt":"2021-03-27T14:03:04","guid":{"rendered":"https:\/\/vineyard-mc.com\/?page_id=988041"},"modified":"2025-04-10T12:03:16","modified_gmt":"2025-04-10T10:03:16","slug":"people","status":"publish","type":"page","link":"https:\/\/vineyard-mc.com\/de_de\/kompetenzen\/people\/","title":{"rendered":"People Management"},"content":{"rendered":"<div class=\"row \"><div class=\"wpv-grid grid-1-1  wpv-first-level first unextended\" style=\"padding-top:0px;padding-bottom:0px\" id=\"about-content\" ><div class=\"row \"><div class=\"wpv-grid grid-3-5  first unextended\" style=\"padding-top:0px;padding-bottom:0px\" id=\"wpv-column-9eba77fd34e035a5b3dc1389856251ba\" ><div class=\"row \"><div class=\"wpv-grid grid-1-1  first unextended\" style=\"padding-top:0px;padding-bottom:0px\" id=\"wpv-column-61ff4ffb319d36c5eb35d861be8b69a2\" ><div id=\"post-67\" class=\"post\">\n<div class=\"entry\">\n<p><strong>People Management ist f\u00fcr unsere Berater eine oftmals implizit in Projekten geforderte Kompetenz \u2013<\/strong> die Steuerung und Weiterentwicklung von Menschen und Gruppen im Sinne eines werteorientierten Coachings.<\/p>\n<p>Zugleich bieten wir diese Begleitung von pers\u00f6nlichen und gruppendynamischen Entwicklungsprozessen auch explizit in Form von Trainings und Workshops an.<\/p><\/div>\n<p>Dar\u00fcber hinaus vernetzen wir Wissen unserer Kunden auf h\u00f6chst effektive und effiziente Weise, beispielsweise unter phasenweiser Anwendung moderner Ans\u00e4tze wie der Synthegration\u00ae des St. Gallener Management Zentrums.<\/p>\n<p>Durch die Vielfalt und Internationalit\u00e4t unserer Managementberater geschieht dies unter z.T. schwierigsten Rahmenbedingungen, bei denen v.a. soziales Gesp\u00fcr, interkulturelle Besonderheiten und wertsch\u00e4tzende, zielgerichtete Kommunikation einzuflie\u00dfen haben.<\/p><\/div><\/div><\/div><\/div>\n<div class=\"wpv-grid grid-2-5  unextended animation-fade-in animated-active\" style=\"padding-top:0px;padding-bottom:0px\" id=\"wpv-column-496d6b9af3fd0f309c82d60873bb6a34\" ><div class=\"row \"><div class=\"wpv-grid grid-1-1  first unextended animation-from-bottom animated-active\" style=\"padding-top:0px;padding-bottom:0px\" id=\"wpv-column-8a5d0c490f7dc47d29b989421cc95a19\" ><p style=\"text-align: center;\"><strong>Ihr Ansprechpartner<\/strong><\/p>\n<p><img loading=\"lazy\" decoding=\"async\" class=\"size-medium wp-image-989265 aligncenter\" src=\"https:\/\/vineyard-mc.com\/wp-content\/uploads\/2025\/04\/LD_Pic_2025_16-298x300.png\" alt=\"\" width=\"298\" height=\"300\" srcset=\"https:\/\/vineyard-mc.com\/wp-content\/uploads\/2025\/04\/LD_Pic_2025_16-298x300.png 298w, https:\/\/vineyard-mc.com\/wp-content\/uploads\/2025\/04\/LD_Pic_2025_16-150x150.png 150w, https:\/\/vineyard-mc.com\/wp-content\/uploads\/2025\/04\/LD_Pic_2025_16-12x12.png 12w, https:\/\/vineyard-mc.com\/wp-content\/uploads\/2025\/04\/LD_Pic_2025_16-60x60.png 60w, https:\/\/vineyard-mc.com\/wp-content\/uploads\/2025\/04\/LD_Pic_2025_16.png 598w\" sizes=\"auto, (max-width: 298px) 100vw, 298px\" \/><\/p>\n<p style=\"text-align: center;\"><strong>Laura Dinis<\/strong><br \/>\nManagement Consultant<\/div><\/div><\/div><\/div><\/div><\/div>\n<div class=\"sep\"><\/div>\n<div class=\"row \"><div class=\"wpv-grid grid-1-1  wpv-first-level first unextended\" style=\"padding-top:0px;padding-bottom:0px\" id=\"wpv-column-d9ff1d14798770630a2cf7227b9a5c2c\" ><h2 class='column-title'>Umgesetzte Projekte (Auszug)<\/h2><div class=\"row \"><div class=\"wpv-grid grid-1-3  first unextended\" style=\"padding-top:0px;padding-bottom:0px\" id=\"wpv-column-5beb4254a2bf98012aa6dc885a06968f\" ><p><strong>Bank<\/strong><br \/>\nVernetzung von Wissenspools durch Workshops auf Basis der Synthegrationsmethode \u00ae, Implemen-tierung einer neuausgerichteten globalen Recruiting-Strategie sowie HR Professional Recruiting Teams<\/div>\n<div class=\"wpv-grid grid-1-3  unextended\" style=\"padding-top:0px;padding-bottom:0px\" id=\"wpv-column-4c4bee7d14011498f6f9ca394d5d0402\" ><p><strong>Telekommunikation<\/strong><br \/>\nWeiterentwicklung der Management-Skills mehrerer Senior Manager mittels Coachings und Trainings<\/div>\n<div class=\"wpv-grid grid-1-3  unextended\" style=\"padding-top:0px;padding-bottom:0px\" id=\"wpv-column-631ccdd8db62ccf9a02a04545c446d02\" ><p><strong>Versicherung<\/strong><br \/>\nCoaching und Supervisionen von Senior und Middle Management, Anwendung von diversen Change-und Kommunikationsformaten w\u00e4hrend einer Personaltransformation und -freisetzung<\/div><\/div><\/div><\/div>\n<div class=\"sep\"><\/div>\n","protected":false},"excerpt":{"rendered":"<p>People Management ist f\u00fcr unsere Berater eine oftmals implizit in Projekten geforderte Kompetenz \u2013 die Steuerung und Weiterentwicklung von Menschen und Gruppen im Sinne eines werteorientierten Coachings. Zugleich bieten wir diese Begleitung von pers\u00f6nlichen und gruppendynamischen Entwicklungsprozessen auch explizit in Form von Trainings und Workshops an. Dar\u00fcber hinaus vernetzen wir Wissen unserer Kunden auf h\u00f6chst&#8230;<\/p>\n","protected":false},"author":2,"featured_media":0,"parent":987814,"menu_order":4,"comment_status":"closed","ping_status":"closed","template":"","meta":{"footnotes":""},"class_list":["post-988041","page","type-page","status-publish","hentry"],"yoast_head":"<!-- This site is optimized with the Yoast SEO plugin v27.3 - https:\/\/yoast.com\/product\/yoast-seo-wordpress\/ -->\n<title>People Management - Vineyard Management Consulting GmbH<\/title>\n<meta name=\"robots\" content=\"index, follow, max-snippet:-1, max-image-preview:large, max-video-preview:-1\" \/>\n<link rel=\"canonical\" href=\"https:\/\/vineyard-mc.com\/de_de\/kompetenzen\/people\/\" \/>\n<meta property=\"og:locale\" content=\"de_DE\" \/>\n<meta property=\"og:type\" content=\"article\" \/>\n<meta property=\"og:title\" content=\"People Management - Vineyard Management Consulting GmbH\" \/>\n<meta property=\"og:description\" content=\"People Management ist f\u00fcr unsere Berater eine oftmals implizit in Projekten geforderte Kompetenz \u2013 die Steuerung und Weiterentwicklung von Menschen und Gruppen im Sinne eines werteorientierten Coachings. Zugleich bieten wir diese Begleitung von pers\u00f6nlichen und gruppendynamischen Entwicklungsprozessen auch explizit in Form von Trainings und Workshops an. Dar\u00fcber hinaus vernetzen wir Wissen unserer Kunden auf h\u00f6chst...\" \/>\n<meta property=\"og:url\" content=\"https:\/\/vineyard-mc.com\/de_de\/kompetenzen\/people\/\" \/>\n<meta property=\"og:site_name\" content=\"Vineyard Management Consulting GmbH\" \/>\n<meta property=\"article:modified_time\" content=\"2025-04-10T10:03:16+00:00\" \/>\n<meta property=\"og:image\" content=\"https:\/\/vineyard-mc.com\/wp-content\/uploads\/2025\/04\/LD_Pic_2025_16-298x300.png\" \/>\n<meta name=\"twitter:card\" content=\"summary_large_image\" \/>\n<meta name=\"twitter:label1\" content=\"Gesch\u00e4tzte Lesezeit\" \/>\n\t<meta name=\"twitter:data1\" content=\"2\u00a0Minuten\" \/>\n<script type=\"application\/ld+json\" class=\"yoast-schema-graph\">{\"@context\":\"https:\\\/\\\/schema.org\",\"@graph\":[{\"@type\":\"WebPage\",\"@id\":\"https:\\\/\\\/vineyard-mc.com\\\/kompetenzen\\\/people\\\/\",\"url\":\"https:\\\/\\\/vineyard-mc.com\\\/kompetenzen\\\/people\\\/\",\"name\":\"People Management - Vineyard Management Consulting GmbH\",\"isPartOf\":{\"@id\":\"https:\\\/\\\/vineyard-mc.com\\\/#website\"},\"primaryImageOfPage\":{\"@id\":\"https:\\\/\\\/vineyard-mc.com\\\/kompetenzen\\\/people\\\/#primaryimage\"},\"image\":{\"@id\":\"https:\\\/\\\/vineyard-mc.com\\\/kompetenzen\\\/people\\\/#primaryimage\"},\"thumbnailUrl\":\"https:\\\/\\\/vineyard-mc.com\\\/wp-content\\\/uploads\\\/2025\\\/04\\\/LD_Pic_2025_16-298x300.png\",\"datePublished\":\"2021-03-27T14:03:04+00:00\",\"dateModified\":\"2025-04-10T10:03:16+00:00\",\"breadcrumb\":{\"@id\":\"https:\\\/\\\/vineyard-mc.com\\\/kompetenzen\\\/people\\\/#breadcrumb\"},\"inLanguage\":\"de\",\"potentialAction\":[{\"@type\":\"ReadAction\",\"target\":[\"https:\\\/\\\/vineyard-mc.com\\\/kompetenzen\\\/people\\\/\"]}]},{\"@type\":\"ImageObject\",\"inLanguage\":\"de\",\"@id\":\"https:\\\/\\\/vineyard-mc.com\\\/kompetenzen\\\/people\\\/#primaryimage\",\"url\":\"https:\\\/\\\/vineyard-mc.com\\\/wp-content\\\/uploads\\\/2025\\\/04\\\/LD_Pic_2025_16-298x300.png\",\"contentUrl\":\"https:\\\/\\\/vineyard-mc.com\\\/wp-content\\\/uploads\\\/2025\\\/04\\\/LD_Pic_2025_16-298x300.png\"},{\"@type\":\"BreadcrumbList\",\"@id\":\"https:\\\/\\\/vineyard-mc.com\\\/kompetenzen\\\/people\\\/#breadcrumb\",\"itemListElement\":[{\"@type\":\"ListItem\",\"position\":1,\"name\":\"Startseite\",\"item\":\"https:\\\/\\\/vineyard-mc.com\\\/\"},{\"@type\":\"ListItem\",\"position\":2,\"name\":\"Kompetenzen\",\"item\":\"https:\\\/\\\/vineyard-mc.com\\\/kompetenzen\\\/\"},{\"@type\":\"ListItem\",\"position\":3,\"name\":\"People Management\"}]},{\"@type\":\"WebSite\",\"@id\":\"https:\\\/\\\/vineyard-mc.com\\\/#website\",\"url\":\"https:\\\/\\\/vineyard-mc.com\\\/\",\"name\":\"Vineyard Management Consulting GmbH\",\"description\":\"Better Ideas - Better Results\",\"publisher\":{\"@id\":\"https:\\\/\\\/vineyard-mc.com\\\/#organization\"},\"alternateName\":\"VMC GmbH\",\"potentialAction\":[{\"@type\":\"SearchAction\",\"target\":{\"@type\":\"EntryPoint\",\"urlTemplate\":\"https:\\\/\\\/vineyard-mc.com\\\/?s={search_term_string}\"},\"query-input\":{\"@type\":\"PropertyValueSpecification\",\"valueRequired\":true,\"valueName\":\"search_term_string\"}}],\"inLanguage\":\"de\"},{\"@type\":\"Organization\",\"@id\":\"https:\\\/\\\/vineyard-mc.com\\\/#organization\",\"name\":\"Vineyard Management Consulting GmbH\",\"url\":\"https:\\\/\\\/vineyard-mc.com\\\/\",\"logo\":{\"@type\":\"ImageObject\",\"inLanguage\":\"de\",\"@id\":\"https:\\\/\\\/vineyard-mc.com\\\/#\\\/schema\\\/logo\\\/image\\\/\",\"url\":\"https:\\\/\\\/vineyard-mc.com\\\/wp-content\\\/uploads\\\/2021\\\/03\\\/VMC-Logo_1.jpg\",\"contentUrl\":\"https:\\\/\\\/vineyard-mc.com\\\/wp-content\\\/uploads\\\/2021\\\/03\\\/VMC-Logo_1.jpg\",\"width\":506,\"height\":665,\"caption\":\"Vineyard Management Consulting GmbH\"},\"image\":{\"@id\":\"https:\\\/\\\/vineyard-mc.com\\\/#\\\/schema\\\/logo\\\/image\\\/\"},\"sameAs\":[\"https:\\\/\\\/de.linkedin.com\\\/company\\\/vineyard-management-consulting-gmbh\"]}]}<\/script>\n<!-- \/ Yoast SEO plugin. -->","yoast_head_json":{"title":"People Management - Vineyard Management Consulting GmbH","robots":{"index":"index","follow":"follow","max-snippet":"max-snippet:-1","max-image-preview":"max-image-preview:large","max-video-preview":"max-video-preview:-1"},"canonical":"https:\/\/vineyard-mc.com\/de_de\/kompetenzen\/people\/","og_locale":"de_DE","og_type":"article","og_title":"People Management - Vineyard Management Consulting GmbH","og_description":"People Management ist f\u00fcr unsere Berater eine oftmals implizit in Projekten geforderte Kompetenz \u2013 die Steuerung und Weiterentwicklung von Menschen und Gruppen im Sinne eines werteorientierten Coachings. Zugleich bieten wir diese Begleitung von pers\u00f6nlichen und gruppendynamischen Entwicklungsprozessen auch explizit in Form von Trainings und Workshops an. Dar\u00fcber hinaus vernetzen wir Wissen unserer Kunden auf h\u00f6chst...","og_url":"https:\/\/vineyard-mc.com\/de_de\/kompetenzen\/people\/","og_site_name":"Vineyard Management Consulting GmbH","article_modified_time":"2025-04-10T10:03:16+00:00","og_image":[{"url":"https:\/\/vineyard-mc.com\/wp-content\/uploads\/2025\/04\/LD_Pic_2025_16-298x300.png","type":"","width":"","height":""}],"twitter_card":"summary_large_image","twitter_misc":{"Gesch\u00e4tzte Lesezeit":"2\u00a0Minuten"},"schema":{"@context":"https:\/\/schema.org","@graph":[{"@type":"WebPage","@id":"https:\/\/vineyard-mc.com\/kompetenzen\/people\/","url":"https:\/\/vineyard-mc.com\/kompetenzen\/people\/","name":"People Management - Vineyard Management Consulting GmbH","isPartOf":{"@id":"https:\/\/vineyard-mc.com\/#website"},"primaryImageOfPage":{"@id":"https:\/\/vineyard-mc.com\/kompetenzen\/people\/#primaryimage"},"image":{"@id":"https:\/\/vineyard-mc.com\/kompetenzen\/people\/#primaryimage"},"thumbnailUrl":"https:\/\/vineyard-mc.com\/wp-content\/uploads\/2025\/04\/LD_Pic_2025_16-298x300.png","datePublished":"2021-03-27T14:03:04+00:00","dateModified":"2025-04-10T10:03:16+00:00","breadcrumb":{"@id":"https:\/\/vineyard-mc.com\/kompetenzen\/people\/#breadcrumb"},"inLanguage":"de","potentialAction":[{"@type":"ReadAction","target":["https:\/\/vineyard-mc.com\/kompetenzen\/people\/"]}]},{"@type":"ImageObject","inLanguage":"de","@id":"https:\/\/vineyard-mc.com\/kompetenzen\/people\/#primaryimage","url":"https:\/\/vineyard-mc.com\/wp-content\/uploads\/2025\/04\/LD_Pic_2025_16-298x300.png","contentUrl":"https:\/\/vineyard-mc.com\/wp-content\/uploads\/2025\/04\/LD_Pic_2025_16-298x300.png"},{"@type":"BreadcrumbList","@id":"https:\/\/vineyard-mc.com\/kompetenzen\/people\/#breadcrumb","itemListElement":[{"@type":"ListItem","position":1,"name":"Startseite","item":"https:\/\/vineyard-mc.com\/"},{"@type":"ListItem","position":2,"name":"Kompetenzen","item":"https:\/\/vineyard-mc.com\/kompetenzen\/"},{"@type":"ListItem","position":3,"name":"People Management"}]},{"@type":"WebSite","@id":"https:\/\/vineyard-mc.com\/#website","url":"https:\/\/vineyard-mc.com\/","name":"Vineyard Management Consulting GmbH","description":"Better Ideas - Better Results","publisher":{"@id":"https:\/\/vineyard-mc.com\/#organization"},"alternateName":"VMC GmbH","potentialAction":[{"@type":"SearchAction","target":{"@type":"EntryPoint","urlTemplate":"https:\/\/vineyard-mc.com\/?s={search_term_string}"},"query-input":{"@type":"PropertyValueSpecification","valueRequired":true,"valueName":"search_term_string"}}],"inLanguage":"de"},{"@type":"Organization","@id":"https:\/\/vineyard-mc.com\/#organization","name":"Vineyard Management Consulting GmbH","url":"https:\/\/vineyard-mc.com\/","logo":{"@type":"ImageObject","inLanguage":"de","@id":"https:\/\/vineyard-mc.com\/#\/schema\/logo\/image\/","url":"https:\/\/vineyard-mc.com\/wp-content\/uploads\/2021\/03\/VMC-Logo_1.jpg","contentUrl":"https:\/\/vineyard-mc.com\/wp-content\/uploads\/2021\/03\/VMC-Logo_1.jpg","width":506,"height":665,"caption":"Vineyard Management Consulting GmbH"},"image":{"@id":"https:\/\/vineyard-mc.com\/#\/schema\/logo\/image\/"},"sameAs":["https:\/\/de.linkedin.com\/company\/vineyard-management-consulting-gmbh"]}]}},"_links":{"self":[{"href":"https:\/\/vineyard-mc.com\/de_de\/wp-json\/wp\/v2\/pages\/988041","targetHints":{"allow":["GET"]}}],"collection":[{"href":"https:\/\/vineyard-mc.com\/de_de\/wp-json\/wp\/v2\/pages"}],"about":[{"href":"https:\/\/vineyard-mc.com\/de_de\/wp-json\/wp\/v2\/types\/page"}],"author":[{"embeddable":true,"href":"https:\/\/vineyard-mc.com\/de_de\/wp-json\/wp\/v2\/users\/2"}],"replies":[{"embeddable":true,"href":"https:\/\/vineyard-mc.com\/de_de\/wp-json\/wp\/v2\/comments?post=988041"}],"version-history":[{"count":4,"href":"https:\/\/vineyard-mc.com\/de_de\/wp-json\/wp\/v2\/pages\/988041\/revisions"}],"predecessor-version":[{"id":989284,"href":"https:\/\/vineyard-mc.com\/de_de\/wp-json\/wp\/v2\/pages\/988041\/revisions\/989284"}],"up":[{"embeddable":true,"href":"https:\/\/vineyard-mc.com\/de_de\/wp-json\/wp\/v2\/pages\/987814"}],"wp:attachment":[{"href":"https:\/\/vineyard-mc.com\/de_de\/wp-json\/wp\/v2\/media?parent=988041"}],"curies":[{"name":"wp","href":"https:\/\/api.w.org\/{rel}","templated":true}]}}