{"id":988129,"date":"2021-03-27T16:59:16","date_gmt":"2021-03-27T15:59:16","guid":{"rendered":"https:\/\/vineyard-mc.com\/?page_id=988129"},"modified":"2024-01-11T12:55:10","modified_gmt":"2024-01-11T11:55:10","slug":"karriere","status":"publish","type":"page","link":"https:\/\/vineyard-mc.com\/de_de\/karriere\/","title":{"rendered":"Karriere"},"content":{"rendered":"<div class=\"row \"><div class=\"wpv-grid grid-1-1  wpv-first-level first unextended\" style=\"padding-top:0px;padding-bottom:0px\" id=\"about-content\" ><div class=\"row \"><div class=\"wpv-grid grid-1-2  first unextended\" style=\"padding-top:0px;padding-bottom:0px\" id=\"wpv-column-34f5d8875faeead85c986abed5b994bb\" ><div class=\"wpv-accordion-wrapper wpv-accordion-1\"><ul class=\"wpv-accordion\" data-collapsible=\"true\"><li class=\"pane-wrapper\" style=\"\">\n\t\t\t\t\t<h4 class=\"tab\"><div class=\"inner\">Management Consultant (m\/w) @ Vineyard MC<\/div><\/h4>\n\t\t\t\t\t<div class=\"pane\"><div class=\"inner\"><div class=\"row \"><div class=\"wpv-grid grid-1-1  first unextended\" style=\"padding-top:0px;padding-bottom:0px\" id=\"wpv-column-fdfd93d06127ead1b61f5a5a33e5f838\" ><p><strong>F\u00fcr unser Kompetenzteam\u00a0Management Consulting\u00a0suchen wir f\u00fcr unseren\u00a0Standort Rhein\/Main\u00a0engagierte und flexible Verst\u00e4rkung:<\/strong><\/p>\n<p><strong>Spannende Aufgaben erwarten Sie:<\/strong><\/p>\n<ul>\n<li>Unterst\u00fctzung unserer Projektleiter bei der Steuerung von komplexen Projekten<\/li>\n<li>\u00dcbernahme von Verantwortung f\u00fcr die Einhaltung von Ergebnissen und Terminen<\/li>\n<li>Eigenst\u00e4ndige Bearbeitung von Teilprojektthemen<\/li>\n<li>Analyse und Aufbereitung fachlicher Problemstellungen<\/li>\n<li>Entwicklung, Diskussion und Pr\u00e4sentation von Arbeitsergebnissen<\/li>\n<li>Mitgestaltung des Reportings an das Senior Management<\/li>\n<li>Entwicklung innovativer und nachhaltiger L\u00f6sungskonzepte<\/li>\n<\/ul>\n<p><strong>Ausgewiesene Qualifikationen und hohe Flexibilit\u00e4t zeichnen Sie aus:<\/strong><\/p>\n<ul>\n<li>\u00dcberdurchschnittlicher Abschluss eines Studiums im Bereich Informatik oder Wirtschaftsinformatik<\/li>\n<li>Hohe Flexibilit\u00e4t und Reisebereitschaft<\/li>\n<li>St\u00e4ndige Lernbereitschaft, analytisches Denkverm\u00f6gen und eine strukturierte Vorgehensweise<\/li>\n<li>Bereitschaft, Verantwortung zu \u00fcbernehmen und selbstst\u00e4ndiges Arbeiten<\/li>\n<li>Ausgepr\u00e4gte Kunden- und Teamorientierung sowie Kommunikationsf\u00e4higkeiten<\/li>\n<li>Verhandlungssichere Deutsch- und Englischkenntnisse<\/li>\n<\/ul>\n<p>Neben einem zukunftsorientierten Arbeitsplatz in einer angenehmen, kollegialen Atmosph\u00e4re bieten wir Ihnen ein chancenreiches, internationales Arbeitsumfeld. Hier warten Projekte bei Kunden unterschiedlicher Branchen auf Sie, in der Sie sich sehr schnell mit unserer Unterst\u00fctzung weiterentwickeln. Bei uns gelten flache Hierarchien und ein Prinzip der Offenheit. Weiterer Pluspunkt: Dank gezielter Schulungen und der Dynamik eines exklusiven Beratungsunternehmens bringen wir Sie in Ihrer beruflichen und pers\u00f6nlichen Entwicklung einen gro\u00dfen Schritt nach vorn!<\/p>\n<p><strong>Sie sind interessiert? Wir freuen uns auf Ihre Bewerbung:<\/strong>\u00a0<a href=\"mailto:hr@vineyard-mc.com\">Kontakt<\/a>.<br \/>\nIhr Ansprechpartner ist Herr Alexander Haasper.<\/p>\n<p>Sie sind Absolvent und Ihr Berufsexamen r\u00fcckt n\u00e4her?<br \/>\nGern k\u00f6nnen sie auch schon im Rahmen eines Praktikums bei uns anfangen \u2013 nehmen Sie mit uns fr\u00fchestm\u00f6glich Kontakt auf:\u00a0<a href=\"mailto:hr@vineyard-mc.com\">Kontakt<\/a>.<\/div><\/div><\/div><\/div>\n\t\t\t\t\t<\/li><li class=\"pane-wrapper\" style=\"\">\n\t\t\t\t\t<h4 class=\"tab\"><div class=\"inner\">Associate (m\/w) @ Vineyard MC<\/div><\/h4>\n\t\t\t\t\t<div class=\"pane\"><div class=\"inner\"><div class=\"row \"><div class=\"wpv-grid grid-1-1  first unextended\" style=\"padding-top:0px;padding-bottom:0px\" id=\"wpv-column-40a2de1fa8bfa838ec71a04e89b1a64f\" ><p><strong>Zur Verst\u00e4rkung unseres Beratungsnetzwerks suchen wir gestandene Management Consultants, die als Associates mit uns im Netzwerk zusammenarbeiten wollen.<\/strong><\/p>\n<p><strong>Wir erwarten von Ihnen:<\/strong><\/p>\n<ul>\n<li>Institutionalisierte T\u00e4tigkeit als freiberuflicher Unternehmensberater (GmbH etc.)<\/li>\n<li>Nachgewiesene Berufs- oder Projekterfahrungen im Beratungsgesch\u00e4ft im IT, Complexity, Transition, Change, People\u00a0und\/oder Project Management<\/li>\n<li>Belastbare und attraktive Kundenkontakte<\/li>\n<li>Teamf\u00e4higkeit und Flexibilit\u00e4t<\/li>\n<li>\u00dcberzeugendes Auftreten, einen ausgepr\u00e4gten Sinn f\u00fcr Networking und Freude am kundenorientierten Arbeiten<\/li>\n<li>Sehr gute Englischkenntnisse in Wort und Schrift, idealerweise auch noch in einer zus\u00e4tzlichen Fremdsprache<\/li>\n<\/ul>\n<p><strong>Wir bieten Ihnen:<\/strong><\/p>\n<ul>\n<li>\n<div>Qualifiziertes Berater-Netzwerk und -Know-how<\/div>\n<\/li>\n<li>Spannende, abwechslungsreiche Projekte\u00a0und Kundenkontakte<\/li>\n<li>\n<div>Professionelle Vertriebs- und Marketingplattform sowie etablierter Infrastuktur<\/div>\n<\/li>\n<li>\n<div>Vorz\u00fcgliche, pers\u00f6nliche und fachliche Weiterentwicklungsm\u00f6glichkeiten<\/div>\n<\/li>\n<li>\n<div>Eine werteorientierte Unternehmenskultur und eine angenehme Arbeitsatmosph\u00e4re<\/div>\n<\/li>\n<\/ul>\n<p>Haben wir Ihr Interesse geweckt? F\u00fchlen Sie sich herausgefordert? Dann senden Sie bitte Ihre aussagekr\u00e4ftigen Bewerbungsunterlagen per email an\u00a0<a href=\"mailto:hr@vineyard-mc.com?subject=Bewerbung%20auf%20Ihre%20Stellenanzeige%20%22UnternehmensberaterIn%20f%C3%BCr%20den%20Standort%20Hofheim%20am%20Taunus%22%20bei%20XING%20%5B002151762%20%2F%20VMC_2012003%5D\">hr@vineyard-mc.com<\/a>. Ihr Ansprechpartner ist Herr Alexander Haasper.<\/p>\n<p><strong>Wir freuen uns darauf, Sie kennenzulernen!<\/strong><\/div><\/div><\/div><\/div>\n\t\t\t\t\t<\/li><\/ul><style>.wpv-accordion-1 .tab .inner { background-color: #CCA876; color: #EDEDED; }<\/style><\/div><\/div>\n<div class=\"wpv-grid grid-1-2  unextended\" style=\"padding-top:0px;padding-bottom:0px\" id=\"wpv-column-918b9772f303436fb40b8266773e12b0\" ><p>Als junges, dynamisches Beratungsunternehmen f\u00fcr die Realisierung von Ver\u00e4nderungen ber\u00e4t die Vineyard Management Consulting GmbH vorrangig Finanzdienstleister und Telekommunikationsunternehmen sowie IT-Provider in ganz Europa. Das von unseren Kunden in uns gelegte Vertrauen best\u00e4tigt sich immer wieder durch unser stetiges Wachstum.<\/p>\n<p><strong>Zur Verst\u00e4rung unserer Beratungsteams suchen wir herausragende Pers\u00f6nlichkeiten.<\/strong><br \/>\nUnseren Mitarbeitern und Associates bieten wir\u00a0interessante und abwechslungsreiche\u00a0Projekte in herausfordernden Arbeitsumfeldern. Pers\u00f6nlicher Gestaltungsspielraum und die Zusammenarbeit mit erfahrenen und erfolgreichen Kolleginnen und Kollegen garantieren vorz\u00fcgliche pers\u00f6nliche und fachliche Entwicklungsm\u00f6glichkeiten.<\/p>\n<p><strong>Wir freuen uns auf Ihre Bewerbung!<\/strong><\/div><\/div><\/div><\/div>\n<div class=\"push\" style='height:30px'><\/div>\n<div class=\"row \"><div class=\"wpv-grid grid-1-1  wpv-first-level first has-background extended\" style=\"background-color:#EFEFEF;padding-top:20px;padding-bottom:0px\" id=\"wpv-column-6bf9b61747ea7a1b1de30398f7e7255c\" ><div class=\"extended-column-inner\"><style>#wpv-column-6bf9b61747ea7a1b1de30398f7e7255c p,#wpv-column-6bf9b61747ea7a1b1de30398f7e7255c em,#wpv-column-6bf9b61747ea7a1b1de30398f7e7255c .column-title,#wpv-column-6bf9b61747ea7a1b1de30398f7e7255c .sep-text h2.regular-title-wrapper,#wpv-column-6bf9b61747ea7a1b1de30398f7e7255c .text-divider-double,#wpv-column-6bf9b61747ea7a1b1de30398f7e7255c .sep-text .sep-text-line,#wpv-column-6bf9b61747ea7a1b1de30398f7e7255c .sep,#wpv-column-6bf9b61747ea7a1b1de30398f7e7255c .sep-2,#wpv-column-6bf9b61747ea7a1b1de30398f7e7255c .sep-3,#wpv-column-6bf9b61747ea7a1b1de30398f7e7255c td,#wpv-column-6bf9b61747ea7a1b1de30398f7e7255c th,#wpv-column-6bf9b61747ea7a1b1de30398f7e7255c caption{color:#6f6f6f;}#wpv-column-6bf9b61747ea7a1b1de30398f7e7255c:before{background-color:transparent;}<\/style>\t\t<div class=\"sep-text single centered\">\n\t\t\t\t\t\t\t<span class=\"sep-text-before\"><div class=\"sep-text-line\"><\/div><\/span>\n\t\t\t\t\t\t<div class=\"content\">\n\t\t\t\t<h2 class=\"text-divider-double\">\nSie haben Fragen zur Mit- oder Zusammenarbeit?<\/h2>\t\t\t<\/div>\n\t\t\t<span class=\"sep-text-after\"><div class=\"sep-text-line\"><\/div><\/span>\n\t\t\t\t\t<\/div>\n\t\n<div class=\"row \"><div class=\"wpv-grid grid-1-1  first unextended\" style=\"padding-top:0px;padding-bottom:0px\" id=\"wpv-column-573c568721d2c37b96a534cbbf91b05a\" ><div class=\"push\" style='height:10px'><\/div><\/div><\/div>\n<div class=\"row \"><div class=\"wpv-grid grid-1-1  first unextended\" style=\"padding-top:0px;padding-bottom:0px\" id=\"wpv-column-c8426f0d32f277a389f9449f94ffbf6c\" ><p>\n<div class=\"wpcf7 no-js\" id=\"wpcf7-f10-o1\" lang=\"en-US\" dir=\"ltr\" data-wpcf7-id=\"10\">\n<div class=\"screen-reader-response\"><p role=\"status\" aria-live=\"polite\" aria-atomic=\"true\"><\/p> <ul><\/ul><\/div>\n<form action=\"\/de_de\/wp-json\/wp\/v2\/pages\/988129#wpcf7-f10-o1\" method=\"post\" class=\"wpcf7-form init\" aria-label=\"Contact form\" novalidate=\"novalidate\" data-status=\"init\">\n<fieldset class=\"hidden-fields-container\"><input type=\"hidden\" name=\"_wpcf7\" value=\"10\" \/><input type=\"hidden\" name=\"_wpcf7_version\" value=\"6.1.5\" \/><input type=\"hidden\" name=\"_wpcf7_locale\" value=\"en_US\" \/><input type=\"hidden\" name=\"_wpcf7_unit_tag\" value=\"wpcf7-f10-o1\" \/><input type=\"hidden\" name=\"_wpcf7_container_post\" value=\"0\" \/><input type=\"hidden\" name=\"_wpcf7_posted_data_hash\" value=\"\" \/>\n<\/fieldset>\n<div class=\"row\">\n\t<div class=\"grid-1-3\">\n\t\t<p><span class=\"wpcf7-form-control-wrap\" data-name=\"Name\"><input size=\"40\" maxlength=\"400\" class=\"wpcf7-form-control wpcf7-text wpcf7-validates-as-required\" aria-required=\"true\" aria-invalid=\"false\" value=\"Ihr Name \/ Your name\" type=\"text\" name=\"Name\" \/><\/span>\n\t\t<\/p>\n\t<\/div>\n\t<div class=\"grid-1-3\">\n\t\t<p><span class=\"wpcf7-form-control-wrap\" data-name=\"E-mail\"><input size=\"40\" maxlength=\"400\" class=\"wpcf7-form-control wpcf7-text wpcf7-validates-as-required\" aria-required=\"true\" aria-invalid=\"false\" value=\"E-Mail \/ email\" type=\"text\" name=\"E-mail\" \/><\/span>\n\t\t<\/p>\n\t<\/div>\n\t<div class=\"grid-1-3\">\n\t\t<p><span class=\"wpcf7-form-control-wrap\" data-name=\"Phone\"><input size=\"40\" maxlength=\"400\" class=\"wpcf7-form-control wpcf7-text\" aria-invalid=\"false\" value=\"Telefon \/ Phone\" type=\"text\" name=\"Phone\" \/><\/span>\n\t\t<\/p>\n\t<\/div>\n\t<div class=\"grid-1-1\">\n\t\t<p><span class=\"wpcf7-form-control-wrap\" data-name=\"Subject\"><input size=\"40\" maxlength=\"400\" class=\"wpcf7-form-control wpcf7-text wpcf7-validates-as-required\" aria-required=\"true\" aria-invalid=\"false\" value=\"Ihr Thema \/ Subject\" type=\"text\" name=\"Subject\" \/><\/span>\n\t\t<\/p>\n\t<\/div>\n\t<div class=\"grid-1-1\">\n\t\t<p><span class=\"wpcf7-form-control-wrap\" data-name=\"Message\"><textarea cols=\"40\" rows=\"10\" maxlength=\"2000\" class=\"wpcf7-form-control wpcf7-textarea wpcf7-validates-as-required\" aria-required=\"true\" aria-invalid=\"false\" name=\"Message\">Ihre Nachricht... \/ Your message...<\/textarea><\/span>\n\t\t<\/p>\n\t<\/div>\n\t<div style= \"text-align: center;\">\n\t\t<p><input class=\"wpcf7-form-control wpcf7-submit has-spinner\" type=\"submit\" value=\"Absenden \/ Send \u2192\" \/>\n\t\t<\/p>\n\t<\/div>\n<\/div><div class=\"wpcf7-response-output\" aria-hidden=\"true\"><\/div>\n<\/form>\n<\/div>\n<\/div><\/div>\n<div class=\"push\" style='height:30px'><\/div><\/div><\/div><\/div>\n","protected":false},"excerpt":{"rendered":"<p>Als junges, dynamisches Beratungsunternehmen f\u00fcr die Realisierung von Ver\u00e4nderungen ber\u00e4t die Vineyard Management Consulting GmbH vorrangig Finanzdienstleister und Telekommunikationsunternehmen sowie IT-Provider in ganz Europa. Das von unseren Kunden in uns gelegte Vertrauen best\u00e4tigt sich immer wieder durch unser stetiges Wachstum. Zur Verst\u00e4rung unserer Beratungsteams suchen wir herausragende Pers\u00f6nlichkeiten. Unseren Mitarbeitern und Associates bieten wir\u00a0interessante und&#8230;<\/p>\n","protected":false},"author":2,"featured_media":0,"parent":0,"menu_order":18,"comment_status":"closed","ping_status":"closed","template":"","meta":{"footnotes":""},"class_list":["post-988129","page","type-page","status-publish","hentry"],"yoast_head":"<!-- This site is optimized with the Yoast SEO plugin v27.3 - https:\/\/yoast.com\/product\/yoast-seo-wordpress\/ -->\n<title>Karriere - Vineyard Management Consulting GmbH<\/title>\n<meta name=\"robots\" content=\"index, follow, max-snippet:-1, max-image-preview:large, max-video-preview:-1\" \/>\n<link rel=\"canonical\" href=\"https:\/\/vineyard-mc.com\/de_de\/karriere\/\" \/>\n<meta property=\"og:locale\" content=\"de_DE\" \/>\n<meta property=\"og:type\" content=\"article\" \/>\n<meta property=\"og:title\" content=\"Karriere - Vineyard Management Consulting GmbH\" \/>\n<meta property=\"og:description\" content=\"Als junges, dynamisches Beratungsunternehmen f\u00fcr die Realisierung von Ver\u00e4nderungen ber\u00e4t die Vineyard Management Consulting GmbH vorrangig Finanzdienstleister und Telekommunikationsunternehmen sowie IT-Provider in ganz Europa. Das von unseren Kunden in uns gelegte Vertrauen best\u00e4tigt sich immer wieder durch unser stetiges Wachstum. Zur Verst\u00e4rung unserer Beratungsteams suchen wir herausragende Pers\u00f6nlichkeiten. Unseren Mitarbeitern und Associates bieten wir\u00a0interessante und...\" \/>\n<meta property=\"og:url\" content=\"https:\/\/vineyard-mc.com\/de_de\/karriere\/\" \/>\n<meta property=\"og:site_name\" content=\"Vineyard Management Consulting GmbH\" \/>\n<meta property=\"article:modified_time\" content=\"2024-01-11T11:55:10+00:00\" \/>\n<meta name=\"twitter:card\" content=\"summary_large_image\" \/>\n<meta name=\"twitter:label1\" content=\"Gesch\u00e4tzte Lesezeit\" \/>\n\t<meta name=\"twitter:data1\" content=\"4\u00a0Minuten\" \/>\n<script type=\"application\/ld+json\" class=\"yoast-schema-graph\">{\"@context\":\"https:\\\/\\\/schema.org\",\"@graph\":[{\"@type\":\"WebPage\",\"@id\":\"https:\\\/\\\/vineyard-mc.com\\\/de_de\\\/karriere\\\/\",\"url\":\"https:\\\/\\\/vineyard-mc.com\\\/de_de\\\/karriere\\\/\",\"name\":\"Karriere - Vineyard Management Consulting GmbH\",\"isPartOf\":{\"@id\":\"https:\\\/\\\/vineyard-mc.com\\\/#website\"},\"datePublished\":\"2021-03-27T15:59:16+00:00\",\"dateModified\":\"2024-01-11T11:55:10+00:00\",\"breadcrumb\":{\"@id\":\"https:\\\/\\\/vineyard-mc.com\\\/de_de\\\/karriere\\\/#breadcrumb\"},\"inLanguage\":\"de\",\"potentialAction\":[{\"@type\":\"ReadAction\",\"target\":[\"https:\\\/\\\/vineyard-mc.com\\\/de_de\\\/karriere\\\/\"]}]},{\"@type\":\"BreadcrumbList\",\"@id\":\"https:\\\/\\\/vineyard-mc.com\\\/de_de\\\/karriere\\\/#breadcrumb\",\"itemListElement\":[{\"@type\":\"ListItem\",\"position\":1,\"name\":\"Startseite\",\"item\":\"https:\\\/\\\/vineyard-mc.com\\\/\"},{\"@type\":\"ListItem\",\"position\":2,\"name\":\"Karriere\"}]},{\"@type\":\"WebSite\",\"@id\":\"https:\\\/\\\/vineyard-mc.com\\\/#website\",\"url\":\"https:\\\/\\\/vineyard-mc.com\\\/\",\"name\":\"Vineyard Management Consulting GmbH\",\"description\":\"Better Ideas - Better Results\",\"publisher\":{\"@id\":\"https:\\\/\\\/vineyard-mc.com\\\/#organization\"},\"alternateName\":\"VMC GmbH\",\"potentialAction\":[{\"@type\":\"SearchAction\",\"target\":{\"@type\":\"EntryPoint\",\"urlTemplate\":\"https:\\\/\\\/vineyard-mc.com\\\/?s={search_term_string}\"},\"query-input\":{\"@type\":\"PropertyValueSpecification\",\"valueRequired\":true,\"valueName\":\"search_term_string\"}}],\"inLanguage\":\"de\"},{\"@type\":\"Organization\",\"@id\":\"https:\\\/\\\/vineyard-mc.com\\\/#organization\",\"name\":\"Vineyard Management Consulting GmbH\",\"url\":\"https:\\\/\\\/vineyard-mc.com\\\/\",\"logo\":{\"@type\":\"ImageObject\",\"inLanguage\":\"de\",\"@id\":\"https:\\\/\\\/vineyard-mc.com\\\/#\\\/schema\\\/logo\\\/image\\\/\",\"url\":\"https:\\\/\\\/vineyard-mc.com\\\/wp-content\\\/uploads\\\/2021\\\/03\\\/VMC-Logo_1.jpg\",\"contentUrl\":\"https:\\\/\\\/vineyard-mc.com\\\/wp-content\\\/uploads\\\/2021\\\/03\\\/VMC-Logo_1.jpg\",\"width\":506,\"height\":665,\"caption\":\"Vineyard Management Consulting GmbH\"},\"image\":{\"@id\":\"https:\\\/\\\/vineyard-mc.com\\\/#\\\/schema\\\/logo\\\/image\\\/\"},\"sameAs\":[\"https:\\\/\\\/de.linkedin.com\\\/company\\\/vineyard-management-consulting-gmbh\"]}]}<\/script>\n<!-- \/ Yoast SEO plugin. -->","yoast_head_json":{"title":"Karriere - Vineyard Management Consulting GmbH","robots":{"index":"index","follow":"follow","max-snippet":"max-snippet:-1","max-image-preview":"max-image-preview:large","max-video-preview":"max-video-preview:-1"},"canonical":"https:\/\/vineyard-mc.com\/de_de\/karriere\/","og_locale":"de_DE","og_type":"article","og_title":"Karriere - Vineyard Management Consulting GmbH","og_description":"Als junges, dynamisches Beratungsunternehmen f\u00fcr die Realisierung von Ver\u00e4nderungen ber\u00e4t die Vineyard Management Consulting GmbH vorrangig Finanzdienstleister und Telekommunikationsunternehmen sowie IT-Provider in ganz Europa. Das von unseren Kunden in uns gelegte Vertrauen best\u00e4tigt sich immer wieder durch unser stetiges Wachstum. Zur Verst\u00e4rung unserer Beratungsteams suchen wir herausragende Pers\u00f6nlichkeiten. Unseren Mitarbeitern und Associates bieten wir\u00a0interessante und...","og_url":"https:\/\/vineyard-mc.com\/de_de\/karriere\/","og_site_name":"Vineyard Management Consulting GmbH","article_modified_time":"2024-01-11T11:55:10+00:00","twitter_card":"summary_large_image","twitter_misc":{"Gesch\u00e4tzte Lesezeit":"4\u00a0Minuten"},"schema":{"@context":"https:\/\/schema.org","@graph":[{"@type":"WebPage","@id":"https:\/\/vineyard-mc.com\/de_de\/karriere\/","url":"https:\/\/vineyard-mc.com\/de_de\/karriere\/","name":"Karriere - Vineyard Management Consulting GmbH","isPartOf":{"@id":"https:\/\/vineyard-mc.com\/#website"},"datePublished":"2021-03-27T15:59:16+00:00","dateModified":"2024-01-11T11:55:10+00:00","breadcrumb":{"@id":"https:\/\/vineyard-mc.com\/de_de\/karriere\/#breadcrumb"},"inLanguage":"de","potentialAction":[{"@type":"ReadAction","target":["https:\/\/vineyard-mc.com\/de_de\/karriere\/"]}]},{"@type":"BreadcrumbList","@id":"https:\/\/vineyard-mc.com\/de_de\/karriere\/#breadcrumb","itemListElement":[{"@type":"ListItem","position":1,"name":"Startseite","item":"https:\/\/vineyard-mc.com\/"},{"@type":"ListItem","position":2,"name":"Karriere"}]},{"@type":"WebSite","@id":"https:\/\/vineyard-mc.com\/#website","url":"https:\/\/vineyard-mc.com\/","name":"Vineyard Management Consulting GmbH","description":"Better Ideas - Better Results","publisher":{"@id":"https:\/\/vineyard-mc.com\/#organization"},"alternateName":"VMC GmbH","potentialAction":[{"@type":"SearchAction","target":{"@type":"EntryPoint","urlTemplate":"https:\/\/vineyard-mc.com\/?s={search_term_string}"},"query-input":{"@type":"PropertyValueSpecification","valueRequired":true,"valueName":"search_term_string"}}],"inLanguage":"de"},{"@type":"Organization","@id":"https:\/\/vineyard-mc.com\/#organization","name":"Vineyard Management Consulting GmbH","url":"https:\/\/vineyard-mc.com\/","logo":{"@type":"ImageObject","inLanguage":"de","@id":"https:\/\/vineyard-mc.com\/#\/schema\/logo\/image\/","url":"https:\/\/vineyard-mc.com\/wp-content\/uploads\/2021\/03\/VMC-Logo_1.jpg","contentUrl":"https:\/\/vineyard-mc.com\/wp-content\/uploads\/2021\/03\/VMC-Logo_1.jpg","width":506,"height":665,"caption":"Vineyard Management Consulting GmbH"},"image":{"@id":"https:\/\/vineyard-mc.com\/#\/schema\/logo\/image\/"},"sameAs":["https:\/\/de.linkedin.com\/company\/vineyard-management-consulting-gmbh"]}]}},"_links":{"self":[{"href":"https:\/\/vineyard-mc.com\/de_de\/wp-json\/wp\/v2\/pages\/988129","targetHints":{"allow":["GET"]}}],"collection":[{"href":"https:\/\/vineyard-mc.com\/de_de\/wp-json\/wp\/v2\/pages"}],"about":[{"href":"https:\/\/vineyard-mc.com\/de_de\/wp-json\/wp\/v2\/types\/page"}],"author":[{"embeddable":true,"href":"https:\/\/vineyard-mc.com\/de_de\/wp-json\/wp\/v2\/users\/2"}],"replies":[{"embeddable":true,"href":"https:\/\/vineyard-mc.com\/de_de\/wp-json\/wp\/v2\/comments?post=988129"}],"version-history":[{"count":7,"href":"https:\/\/vineyard-mc.com\/de_de\/wp-json\/wp\/v2\/pages\/988129\/revisions"}],"predecessor-version":[{"id":988556,"href":"https:\/\/vineyard-mc.com\/de_de\/wp-json\/wp\/v2\/pages\/988129\/revisions\/988556"}],"wp:attachment":[{"href":"https:\/\/vineyard-mc.com\/de_de\/wp-json\/wp\/v2\/media?parent=988129"}],"curies":[{"name":"wp","href":"https:\/\/api.w.org\/{rel}","templated":true}]}}