{"id":988177,"date":"2021-03-27T18:15:48","date_gmt":"2021-03-27T17:15:48","guid":{"rendered":"https:\/\/vineyard-mc.com\/?page_id=988177"},"modified":"2024-04-22T14:22:57","modified_gmt":"2024-04-22T12:22:57","slug":"neuigkeiten","status":"publish","type":"page","link":"https:\/\/vineyard-mc.com\/de_de\/aktuelles\/neuigkeiten\/","title":{"rendered":"Neuigkeiten"},"content":{"rendered":"<div class=\"row \"><div class=\"wpv-grid grid-1-1  wpv-first-level first unextended\" style=\"padding-top:0px;padding-bottom:0px\" id=\"wpv-column-aec8075addb1f81d2468e03a047696ab\" ><div class=\"loop-wrapper clearfix regular normal paginated\" data-columns=\"1\"  >\n\t\t<div class=\"page-content post-header clearfix list-item post-1470 post type-post status-publish format-standard hentry category-news\" >\n\t\t\t<div>\n\t\t\t\t<div class=\"post-article no-image-wrapper \">\n\t<div class=\"standard-post-format clearfix as-normal as-standard-post-format\">\n\t\t<div class=\"post-row\">\n\t<div class=\"post-row-left\">\n\t\n<div class=\"post-date\">\n\t<time class=\"date updated\" datetime=\"2020-07-31T19:26:42+02:00\">\n\t\t\t\t\t<span class=\"top-part\">\n\t\t\t\t31\t\t\t<\/span>\n\t\t\t<span class=\"bottom-part\">\n\t\t\t\t07 '20\t\t\t<\/span>\n\t\t\t<\/time>\n<\/div><\/div>\n\t<div class=\"post-row-center\">\n\t\t\t\t<div class=\"post-content-outer\">\n\t\t\t\t\t<header class=\"single\">\n\t\t\t<div class=\"content\">\n\t\t\t\t\t\t\t\t<h3>\n\t\t\t\t\t<a href=\"https:\/\/vineyard-mc.com\/de_de\/vineyard-seit-10-jahren-als-managementberatung-erfolgreich\/\" title=\"Vineyard seit 10 Jahren als Managementberatung erfolgreich!\" class=\"entry-title\">Vineyard seit 10 Jahren als Managementberatung erfolgreich!<\/a>\n\t\t\t\t<\/h3>\n\t\t\t<\/div>\n\t\t<\/header>\n\t<div class=\"post-content the-content\">\n\t<p>Wir freuen uns sehr dar\u00fcber, in diesem Monat seit genau 10 Jahren als Managementberatung erfolgreich im Markt unterwegs zu sein. F\u00fcr die Zeit, das Vertrauen sowie das gemeinsam mit unseren Kunden, Mitarbeitern und Gesch\u00e4ftspartnern Erreichte m\u00f6chten wir uns ganz herzlich bei allen bedanken! Wie zu unserem Start in der damals ausklingenden Finanzkrise so auch jetzt&#8230;<\/p>\n<\/div><div class=\"post-meta\">\n\t<nav class=\"clearfix\">\n\t\t\n\t\t\t\t\t\t\t\t\t\t<\/nav>\n<\/div>\t\t<\/div>\n\t<\/div>\n<\/div>\t<\/div>\n<\/div>\n\t\t\t<\/div>\n\t\t<\/div>\n\t\t<div class=\"page-content post-header clearfix list-item post-1129 post type-post status-publish format-standard hentry category-news\" >\n\t\t\t<div>\n\t\t\t\t<div class=\"post-article no-image-wrapper \">\n\t<div class=\"standard-post-format clearfix as-normal as-standard-post-format\">\n\t\t<div class=\"post-row\">\n\t<div class=\"post-row-left\">\n\t\n<div class=\"post-date\">\n\t<time class=\"date updated\" datetime=\"2019-01-02T11:21:30+01:00\">\n\t\t\t\t\t<span class=\"top-part\">\n\t\t\t\t02\t\t\t<\/span>\n\t\t\t<span class=\"bottom-part\">\n\t\t\t\t01 '19\t\t\t<\/span>\n\t\t\t<\/time>\n<\/div><\/div>\n\t<div class=\"post-row-center\">\n\t\t\t\t<div class=\"post-content-outer\">\n\t\t\t\t\t<header class=\"single\">\n\t\t\t<div class=\"content\">\n\t\t\t\t\t\t\t\t<h3>\n\t\t\t\t\t<a href=\"https:\/\/vineyard-mc.com\/de_de\/consultant-mw-vineyard-mc\/\" title=\"Consultant (m\/w) @ Vineyard MC\" class=\"entry-title\">Consultant (m\/w) @ Vineyard MC<\/a>\n\t\t\t\t<\/h3>\n\t\t\t<\/div>\n\t\t<\/header>\n\t<div class=\"post-content the-content\">\n\t<p>Consultant (m\/w) @ Vineyard MC Aus unserer langj\u00e4hrigen kunden- und l\u00f6sungsorientierten Beratungsexpertise unterst\u00fctzen wir namenhafte, internationale Kunden bei der Umsetzung ihrer Ver\u00e4nderungsvorhaben und IT-Initiativen. Unsere Beratungsleistungen erbringen wir z.B. im Kontext von Business Transformationen, regulatorischen Anforderungen sowie dem Management von Prozessen und IT-Themen. F\u00fcr unser Kompetenzteam Management Consulting suchen wir f\u00fcr unseren Standort Rhein\/Main engagierte&#8230;<\/p>\n<\/div><div class=\"post-meta\">\n\t<nav class=\"clearfix\">\n\t\t\n\t\t\t\t\t\t\t\t\t\t<\/nav>\n<\/div>\t\t<\/div>\n\t<\/div>\n<\/div>\t<\/div>\n<\/div>\n\t\t\t<\/div>\n\t\t<\/div>\n\t\t<div class=\"page-content post-header clearfix list-item post-690 post type-post status-publish format-standard hentry category-news\" >\n\t\t\t<div>\n\t\t\t\t<div class=\"post-article no-image-wrapper \">\n\t<div class=\"standard-post-format clearfix as-normal as-standard-post-format\">\n\t\t<div class=\"post-row\">\n\t<div class=\"post-row-left\">\n\t\n<div class=\"post-date\">\n\t<time class=\"date updated\" datetime=\"2012-06-25T15:24:41+02:00\">\n\t\t\t\t\t<span class=\"top-part\">\n\t\t\t\t25\t\t\t<\/span>\n\t\t\t<span class=\"bottom-part\">\n\t\t\t\t06 '12\t\t\t<\/span>\n\t\t\t<\/time>\n<\/div><\/div>\n\t<div class=\"post-row-center\">\n\t\t\t\t<div class=\"post-content-outer\">\n\t\t\t\t\t<header class=\"single\">\n\t\t\t<div class=\"content\">\n\t\t\t\t\t\t\t\t<h3>\n\t\t\t\t\t<a href=\"https:\/\/vineyard-mc.com\/de_de\/erweiterung-unserer-netzwerkpartner\/\" title=\"Erweiterung unserer Netzwerkpartner\" class=\"entry-title\">Erweiterung unserer Netzwerkpartner<\/a>\n\t\t\t\t<\/h3>\n\t\t\t<\/div>\n\t\t<\/header>\n\t<div class=\"post-content the-content\">\n\t<p>In den letzten Monaten haben sich f\u00fcr unser Beratungsportfolio weitere Zusammenarbeitsm\u00f6glichkeiten ergeben. Neben der\u00a0BECN AG, mit der\u00a0wir seit 2007 gemeinsam als Netzpartner Ver\u00e4nderungsvorhaben unserer Kunden in Themen des Transition und Change Managements begleiten, und der Anyhwere.24 GmbH, einem\u00a0Spezialisten f\u00fcr gezielte Prozessverbesserungen auf Basis von bew\u00e4hrten Bewertungsmethoden SCAMPISM class A\/B\/C f\u00fcr CMMI\u00ae\u00a0oder SPICE\u00ae (ISO15504\/12207\/AutomotiveSpice), haben wir\u00a0mit&#8230;<\/p>\n<\/div><div class=\"post-meta\">\n\t<nav class=\"clearfix\">\n\t\t\n\t\t\t\t\t\t\t\t\t\t<\/nav>\n<\/div>\t\t<\/div>\n\t<\/div>\n<\/div>\t<\/div>\n<\/div>\n\t\t\t<\/div>\n\t\t<\/div>\n\t\t<div class=\"page-content post-header clearfix list-item post-987764 post type-post status-publish format-standard hentry category-news\" >\n\t\t\t<div>\n\t\t\t\t<div class=\"post-article no-image-wrapper \">\n\t<div class=\"standard-post-format clearfix as-normal as-standard-post-format\">\n\t\t<div class=\"post-row\">\n\t<div class=\"post-row-left\">\n\t\n<div class=\"post-date\">\n\t<time class=\"date updated\" datetime=\"2012-05-24T18:18:46+02:00\">\n\t\t\t\t\t<span class=\"top-part\">\n\t\t\t\t24\t\t\t<\/span>\n\t\t\t<span class=\"bottom-part\">\n\t\t\t\t05 '12\t\t\t<\/span>\n\t\t\t<\/time>\n<\/div><\/div>\n\t<div class=\"post-row-center\">\n\t\t\t\t<div class=\"post-content-outer\">\n\t\t\t\t\t<header class=\"single\">\n\t\t\t<div class=\"content\">\n\t\t\t\t\t\t\t\t<h3>\n\t\t\t\t\t<a href=\"https:\/\/vineyard-mc.com\/de_de\/wir-suchen-unternehmensberaterinnen\/\" title=\"Wir suchen Unternehmensberater(Innen)\" class=\"entry-title\">Wir suchen Unternehmensberater(Innen)<\/a>\n\t\t\t\t<\/h3>\n\t\t\t<\/div>\n\t\t<\/header>\n\t<div class=\"post-content the-content\">\n\t<p>Als junges, dynamisches Beratungsunternehmen f\u00fcr die Realisierung von Ver\u00e4nderungen ber\u00e4t die Vineyard Management Consulting GmbH vorrangig Finanzdienstleister und Telekommunikationsunternehmen sowie IT-Provider in ganz Europa. Das von unseren Kunden in uns gelegte Vertrauen best\u00e4tigt sich immer wieder durch unser stetiges Wachstum. Zur Verst\u00e4rung unserer Beratungsteams suchen wir herausragende Pers\u00f6nlichkeiten. Unseren Mitarbeitern bieten wir interessante und abwechslungsreiche&#8230;<\/p>\n<\/div><div class=\"post-meta\">\n\t<nav class=\"clearfix\">\n\t\t\n\t\t\t\t\t\t\t\t\t\t<\/nav>\n<\/div>\t\t<\/div>\n\t<\/div>\n<\/div>\t<\/div>\n<\/div>\n\t\t\t<\/div>\n\t\t<\/div>\n\t\t<div class=\"page-content post-header clearfix list-item post-100 post type-post status-publish format-standard has-post-thumbnail hentry category-news\" >\n\t\t\t<div>\n\t\t\t\t<div class=\"post-article no-image-wrapper \">\n\t<div class=\"standard-post-format clearfix as-normal as-standard-post-format\">\n\t\t<div class=\"post-row\">\n\t<div class=\"post-row-left\">\n\t\n<div class=\"post-date\">\n\t<time class=\"date updated\" datetime=\"2010-07-15T02:05:57+02:00\">\n\t\t\t\t\t<span class=\"top-part\">\n\t\t\t\t15\t\t\t<\/span>\n\t\t\t<span class=\"bottom-part\">\n\t\t\t\t07 '10\t\t\t<\/span>\n\t\t\t<\/time>\n<\/div><\/div>\n\t<div class=\"post-row-center\">\n\t\t\t\t<div class=\"post-content-outer\">\n\t\t\t\t\t<header class=\"single\">\n\t\t\t<div class=\"content\">\n\t\t\t\t\t\t\t\t<h3>\n\t\t\t\t\t<a href=\"https:\/\/vineyard-mc.com\/de_de\/neue-adresse-der-vineyard-mc\/\" title=\"Gr\u00fcndung Vineyard MC GmbH\" class=\"entry-title\">Gr\u00fcndung Vineyard MC GmbH<\/a>\n\t\t\t\t<\/h3>\n\t\t\t<\/div>\n\t\t<\/header>\n\t<div class=\"post-content the-content\">\n\t<p>Die Vineyard Management Consulting GmbH hat nach ihrer Gr\u00fcndung am 1. Juli 2010 die Arbeit f\u00fcr die ersten Projekte bereits aufgenommen &#8211; und ihr B\u00fcro in einem urigen Fachwerkhaus in Hofheim am Taunus bezogen. Adresse: Vineyard Management Consulting GmbH Herrnh\u00e4userstra\u00dfe 3 65719 Hofheim am Taunus After its foundation on July 1, 2010 Vineyard Management Consulting&#8230;<\/p>\n<\/div><div class=\"post-meta\">\n\t<nav class=\"clearfix\">\n\t\t\n\t\t\t\t\t\t\t\t\t\t<\/nav>\n<\/div>\t\t<\/div>\n\t<\/div>\n<\/div>\t<\/div>\n<\/div>\n\t\t\t<\/div>\n\t\t<\/div>\n<\/div>\n\n<\/div><\/div>\n","protected":false},"excerpt":{"rendered":"<p>Die Vineyard Management Consulting GmbH hat nach ihrer Gr\u00fcndung am 1. Juli 2010 die Arbeit f\u00fcr die ersten Projekte bereits aufgenommen &#8211; und ihr B\u00fcro in einem urigen Fachwerkhaus in Hofheim am Taunus bezogen. Adresse: Vineyard Management Consulting GmbH Herrnh\u00e4userstra\u00dfe 3 65719 Hofheim am Taunus After its foundation on July 1, 2010 Vineyard Management Consulting&#8230;<\/p>\n","protected":false},"author":2,"featured_media":0,"parent":277,"menu_order":15,"comment_status":"closed","ping_status":"closed","template":"","meta":{"footnotes":""},"class_list":["post-988177","page","type-page","status-publish","hentry"],"yoast_head":"<!-- This site is optimized with the Yoast SEO plugin v27.4 - https:\/\/yoast.com\/product\/yoast-seo-wordpress\/ -->\n<title>Neuigkeiten - Vineyard Management Consulting GmbH<\/title>\n<meta name=\"robots\" content=\"index, follow, max-snippet:-1, max-image-preview:large, max-video-preview:-1\" \/>\n<link rel=\"canonical\" href=\"https:\/\/vineyard-mc.com\/de_de\/aktuelles\/neuigkeiten\/\" \/>\n<meta property=\"og:locale\" content=\"de_DE\" \/>\n<meta property=\"og:type\" content=\"article\" \/>\n<meta property=\"og:title\" content=\"Neuigkeiten - Vineyard Management Consulting GmbH\" \/>\n<meta property=\"og:description\" content=\"Die Vineyard Management Consulting GmbH hat nach ihrer Gr\u00fcndung am 1. Juli 2010 die Arbeit f\u00fcr die ersten Projekte bereits aufgenommen &#8211; und ihr B\u00fcro in einem urigen Fachwerkhaus in Hofheim am Taunus bezogen. Adresse: Vineyard Management Consulting GmbH Herrnh\u00e4userstra\u00dfe 3 65719 Hofheim am Taunus After its foundation on July 1, 2010 Vineyard Management Consulting...\" \/>\n<meta property=\"og:url\" content=\"https:\/\/vineyard-mc.com\/de_de\/aktuelles\/neuigkeiten\/\" \/>\n<meta property=\"og:site_name\" content=\"Vineyard Management Consulting GmbH\" \/>\n<meta property=\"article:modified_time\" content=\"2024-04-22T12:22:57+00:00\" \/>\n<meta name=\"twitter:card\" content=\"summary_large_image\" \/>\n<meta name=\"twitter:label1\" content=\"Gesch\u00e4tzte Lesezeit\" \/>\n\t<meta name=\"twitter:data1\" content=\"1\u00a0Minute\" \/>\n<script type=\"application\/ld+json\" class=\"yoast-schema-graph\">{\"@context\":\"https:\\\/\\\/schema.org\",\"@graph\":[{\"@type\":\"WebPage\",\"@id\":\"https:\\\/\\\/vineyard-mc.com\\\/de_de\\\/aktuelles\\\/neuigkeiten\\\/\",\"url\":\"https:\\\/\\\/vineyard-mc.com\\\/de_de\\\/aktuelles\\\/neuigkeiten\\\/\",\"name\":\"Neuigkeiten - Vineyard Management Consulting GmbH\",\"isPartOf\":{\"@id\":\"https:\\\/\\\/vineyard-mc.com\\\/#website\"},\"datePublished\":\"2021-03-27T17:15:48+00:00\",\"dateModified\":\"2024-04-22T12:22:57+00:00\",\"breadcrumb\":{\"@id\":\"https:\\\/\\\/vineyard-mc.com\\\/de_de\\\/aktuelles\\\/neuigkeiten\\\/#breadcrumb\"},\"inLanguage\":\"de\",\"potentialAction\":[{\"@type\":\"ReadAction\",\"target\":[\"https:\\\/\\\/vineyard-mc.com\\\/de_de\\\/aktuelles\\\/neuigkeiten\\\/\"]}]},{\"@type\":\"BreadcrumbList\",\"@id\":\"https:\\\/\\\/vineyard-mc.com\\\/de_de\\\/aktuelles\\\/neuigkeiten\\\/#breadcrumb\",\"itemListElement\":[{\"@type\":\"ListItem\",\"position\":1,\"name\":\"Startseite\",\"item\":\"https:\\\/\\\/vineyard-mc.com\\\/\"},{\"@type\":\"ListItem\",\"position\":2,\"name\":\"Mediathek\",\"item\":\"https:\\\/\\\/vineyard-mc.com\\\/de_de\\\/aktuelles\\\/\"},{\"@type\":\"ListItem\",\"position\":3,\"name\":\"Neuigkeiten\"}]},{\"@type\":\"WebSite\",\"@id\":\"https:\\\/\\\/vineyard-mc.com\\\/#website\",\"url\":\"https:\\\/\\\/vineyard-mc.com\\\/\",\"name\":\"Vineyard Management Consulting GmbH\",\"description\":\"Better Ideas - Better Results\",\"publisher\":{\"@id\":\"https:\\\/\\\/vineyard-mc.com\\\/#organization\"},\"alternateName\":\"VMC GmbH\",\"potentialAction\":[{\"@type\":\"SearchAction\",\"target\":{\"@type\":\"EntryPoint\",\"urlTemplate\":\"https:\\\/\\\/vineyard-mc.com\\\/?s={search_term_string}\"},\"query-input\":{\"@type\":\"PropertyValueSpecification\",\"valueRequired\":true,\"valueName\":\"search_term_string\"}}],\"inLanguage\":\"de\"},{\"@type\":\"Organization\",\"@id\":\"https:\\\/\\\/vineyard-mc.com\\\/#organization\",\"name\":\"Vineyard Management Consulting GmbH\",\"url\":\"https:\\\/\\\/vineyard-mc.com\\\/\",\"logo\":{\"@type\":\"ImageObject\",\"inLanguage\":\"de\",\"@id\":\"https:\\\/\\\/vineyard-mc.com\\\/#\\\/schema\\\/logo\\\/image\\\/\",\"url\":\"https:\\\/\\\/vineyard-mc.com\\\/wp-content\\\/uploads\\\/2021\\\/03\\\/VMC-Logo_1.jpg\",\"contentUrl\":\"https:\\\/\\\/vineyard-mc.com\\\/wp-content\\\/uploads\\\/2021\\\/03\\\/VMC-Logo_1.jpg\",\"width\":506,\"height\":665,\"caption\":\"Vineyard Management Consulting GmbH\"},\"image\":{\"@id\":\"https:\\\/\\\/vineyard-mc.com\\\/#\\\/schema\\\/logo\\\/image\\\/\"},\"sameAs\":[\"https:\\\/\\\/de.linkedin.com\\\/company\\\/vineyard-management-consulting-gmbh\"]}]}<\/script>\n<!-- \/ Yoast SEO plugin. -->","yoast_head_json":{"title":"Neuigkeiten - Vineyard Management Consulting GmbH","robots":{"index":"index","follow":"follow","max-snippet":"max-snippet:-1","max-image-preview":"max-image-preview:large","max-video-preview":"max-video-preview:-1"},"canonical":"https:\/\/vineyard-mc.com\/de_de\/aktuelles\/neuigkeiten\/","og_locale":"de_DE","og_type":"article","og_title":"Neuigkeiten - Vineyard Management Consulting GmbH","og_description":"Die Vineyard Management Consulting GmbH hat nach ihrer Gr\u00fcndung am 1. Juli 2010 die Arbeit f\u00fcr die ersten Projekte bereits aufgenommen &#8211; und ihr B\u00fcro in einem urigen Fachwerkhaus in Hofheim am Taunus bezogen. Adresse: Vineyard Management Consulting GmbH Herrnh\u00e4userstra\u00dfe 3 65719 Hofheim am Taunus After its foundation on July 1, 2010 Vineyard Management Consulting...","og_url":"https:\/\/vineyard-mc.com\/de_de\/aktuelles\/neuigkeiten\/","og_site_name":"Vineyard Management Consulting GmbH","article_modified_time":"2024-04-22T12:22:57+00:00","twitter_card":"summary_large_image","twitter_misc":{"Gesch\u00e4tzte Lesezeit":"1\u00a0Minute"},"schema":{"@context":"https:\/\/schema.org","@graph":[{"@type":"WebPage","@id":"https:\/\/vineyard-mc.com\/de_de\/aktuelles\/neuigkeiten\/","url":"https:\/\/vineyard-mc.com\/de_de\/aktuelles\/neuigkeiten\/","name":"Neuigkeiten - Vineyard Management Consulting GmbH","isPartOf":{"@id":"https:\/\/vineyard-mc.com\/#website"},"datePublished":"2021-03-27T17:15:48+00:00","dateModified":"2024-04-22T12:22:57+00:00","breadcrumb":{"@id":"https:\/\/vineyard-mc.com\/de_de\/aktuelles\/neuigkeiten\/#breadcrumb"},"inLanguage":"de","potentialAction":[{"@type":"ReadAction","target":["https:\/\/vineyard-mc.com\/de_de\/aktuelles\/neuigkeiten\/"]}]},{"@type":"BreadcrumbList","@id":"https:\/\/vineyard-mc.com\/de_de\/aktuelles\/neuigkeiten\/#breadcrumb","itemListElement":[{"@type":"ListItem","position":1,"name":"Startseite","item":"https:\/\/vineyard-mc.com\/"},{"@type":"ListItem","position":2,"name":"Mediathek","item":"https:\/\/vineyard-mc.com\/de_de\/aktuelles\/"},{"@type":"ListItem","position":3,"name":"Neuigkeiten"}]},{"@type":"WebSite","@id":"https:\/\/vineyard-mc.com\/#website","url":"https:\/\/vineyard-mc.com\/","name":"Vineyard Management Consulting GmbH","description":"Better Ideas - Better Results","publisher":{"@id":"https:\/\/vineyard-mc.com\/#organization"},"alternateName":"VMC GmbH","potentialAction":[{"@type":"SearchAction","target":{"@type":"EntryPoint","urlTemplate":"https:\/\/vineyard-mc.com\/?s={search_term_string}"},"query-input":{"@type":"PropertyValueSpecification","valueRequired":true,"valueName":"search_term_string"}}],"inLanguage":"de"},{"@type":"Organization","@id":"https:\/\/vineyard-mc.com\/#organization","name":"Vineyard Management Consulting GmbH","url":"https:\/\/vineyard-mc.com\/","logo":{"@type":"ImageObject","inLanguage":"de","@id":"https:\/\/vineyard-mc.com\/#\/schema\/logo\/image\/","url":"https:\/\/vineyard-mc.com\/wp-content\/uploads\/2021\/03\/VMC-Logo_1.jpg","contentUrl":"https:\/\/vineyard-mc.com\/wp-content\/uploads\/2021\/03\/VMC-Logo_1.jpg","width":506,"height":665,"caption":"Vineyard Management Consulting GmbH"},"image":{"@id":"https:\/\/vineyard-mc.com\/#\/schema\/logo\/image\/"},"sameAs":["https:\/\/de.linkedin.com\/company\/vineyard-management-consulting-gmbh"]}]}},"_links":{"self":[{"href":"https:\/\/vineyard-mc.com\/de_de\/wp-json\/wp\/v2\/pages\/988177","targetHints":{"allow":["GET"]}}],"collection":[{"href":"https:\/\/vineyard-mc.com\/de_de\/wp-json\/wp\/v2\/pages"}],"about":[{"href":"https:\/\/vineyard-mc.com\/de_de\/wp-json\/wp\/v2\/types\/page"}],"author":[{"embeddable":true,"href":"https:\/\/vineyard-mc.com\/de_de\/wp-json\/wp\/v2\/users\/2"}],"replies":[{"embeddable":true,"href":"https:\/\/vineyard-mc.com\/de_de\/wp-json\/wp\/v2\/comments?post=988177"}],"version-history":[{"count":4,"href":"https:\/\/vineyard-mc.com\/de_de\/wp-json\/wp\/v2\/pages\/988177\/revisions"}],"predecessor-version":[{"id":988788,"href":"https:\/\/vineyard-mc.com\/de_de\/wp-json\/wp\/v2\/pages\/988177\/revisions\/988788"}],"up":[{"embeddable":true,"href":"https:\/\/vineyard-mc.com\/de_de\/wp-json\/wp\/v2\/pages\/277"}],"wp:attachment":[{"href":"https:\/\/vineyard-mc.com\/de_de\/wp-json\/wp\/v2\/media?parent=988177"}],"curies":[{"name":"wp","href":"https:\/\/api.w.org\/{rel}","templated":true}]}}