{"id":988866,"date":"2024-06-05T18:59:08","date_gmt":"2024-06-05T16:59:08","guid":{"rendered":"https:\/\/vineyard-mc.com\/?page_id=988866"},"modified":"2025-12-22T15:06:38","modified_gmt":"2025-12-22T14:06:38","slug":"laura-dinis","status":"publish","type":"page","link":"https:\/\/vineyard-mc.com\/de_de\/das-team-der-vineyard-management-consulting-gmbh\/laura-dinis\/","title":{"rendered":"Laura Dinis"},"content":{"rendered":"<div class=\"row \"><div class=\"wpv-grid grid-2-5  wpv-first-level first unextended\" style=\"padding-top:15px;padding-bottom:15px\" id=\"wpv-column-faa9c5f92c34a21b76f6e4a4f02b4fcc\" ><div class=\"row \"><div class=\"wpv-grid grid-1-1  first unextended\" style=\"padding-top:0px;padding-bottom:0px\" id=\"wpv-column-6a667c73e74bf6f85e69c655b23afb72\" ><p><img loading=\"lazy\" decoding=\"async\" class=\"aligncenter wp-image-989265 size-medium\" src=\"https:\/\/vineyard-mc.com\/wp-content\/uploads\/2025\/04\/LD_Pic_2025_16-298x300.png\" alt=\"\" width=\"298\" height=\"300\" srcset=\"https:\/\/vineyard-mc.com\/wp-content\/uploads\/2025\/04\/LD_Pic_2025_16-298x300.png 298w, https:\/\/vineyard-mc.com\/wp-content\/uploads\/2025\/04\/LD_Pic_2025_16-150x150.png 150w, https:\/\/vineyard-mc.com\/wp-content\/uploads\/2025\/04\/LD_Pic_2025_16-12x12.png 12w, https:\/\/vineyard-mc.com\/wp-content\/uploads\/2025\/04\/LD_Pic_2025_16-60x60.png 60w, https:\/\/vineyard-mc.com\/wp-content\/uploads\/2025\/04\/LD_Pic_2025_16.png 598w\" sizes=\"auto, (max-width: 298px) 100vw, 298px\" \/><\/div><\/div>\n<div class=\"row \"><div class=\"wpv-grid grid-1-1  first unextended animation-fade-in animated-active\" style=\"padding-top:0px;padding-bottom:0px\" id=\"wpv-column-5a5abc3f7030fc1c7056cb4f84eb8d28\" ><p>KONTAKT:<\/p>\n<p>dinis@vineyard-mc.com<\/p>\n<p>SCHWERPUNKTE:<\/p>\n<p><a href=\"https:\/\/vineyard-mc.com\/de_de\/leistungen\/people\/\">People Management<\/a> \u2192<br \/>\n<a href=\"https:\/\/vineyard-mc.com\/de_de\/leistungen\/project\/\">Project Management<\/a> \u2192<br \/>\nInformationssicherheit \u2192<\/p>\n<p>STUDIUM:<\/p>\n<p>Master of Science in Banken und Kapitalm\u00e4rkten, Babes-Bolyai Universit\u00e4t<\/div><\/div><\/div>\n<div class=\"wpv-grid grid-3-5  wpv-first-level unextended\" style=\"padding-top:0px;padding-bottom:0px\" id=\"wpv-column-5257b0f53da4c838fc39426cb1d5a0e8\" ><div class=\"row \"><div class=\"wpv-grid grid-1-1  first unextended\" style=\"padding-top:0px;padding-bottom:0px\" id=\"wpv-column-1846928e9954d852337d7abec3b5176b\" ><p>Laura, eine erfahrene Unternehmensberaterin, zeichnet sich durch die Bereitstellung strategischer Orientierung und innovativer L\u00f6sungen f\u00fcr gro\u00dfe und mittelst\u00e4ndische Unternehmen in verschiedenen Branchen aus, darunter Finanzdienstleistungen, Industrie und IT-Anbieter. Mit fast zwei Jahrzehnten Erfahrung als versierte Projekt-, Programm- und Personalleiterin ist sie tief engagiert, ihren Kunden zu helfen, komplexe und dynamische Umgebungen zu navigieren. Lauras Engagement erm\u00f6glicht es den Kunden, ihre strategischen Ziele zu erreichen, w\u00e4hrend Prozesse optimiert und die Leistung verbessert werden. Flie\u00dfend in Englisch, Deutsch und Rum\u00e4nisch, kommuniziert Laura effektiv \u00fcber Sprachen und Kulturen hinweg und f\u00f6rdert starke Verbindungen zu Kunden weltweit.<\/p>\n<p>Kernkompetenzen von Laura sind:<\/p>\n<ul>\n<li><b>Informationssicherheit &amp; Compliance: <\/b>Laura zeichnet sich durch die Einf\u00fchrung und Verbesserung von Informationssicherheitsprozessen, die Leitung operativer Teams, die Entwicklung von IT-Sicherheitsberichtsstrukturen und die Bewertung der Wirksamkeit von Kontrollen zur F\u00f6rderung von Verbesserungsma\u00dfnahmen aus.<\/li>\n<li><b>Strategisches<\/b><b> Change Management:<\/b> Laura ist als Change Agent und Projektleiterin anerkannt und bietet Unterst\u00fctzung bei der Steuerung von Ver\u00e4nderungs-, \u00dcbergangs- und Innovationsprozessen. Zu ihren bemerkenswerten Leistungen geh\u00f6ren die erfolgreiche Leitung von Outsourcing-Initiativen in globalen Unternehmen, das Coaching von Managementteams bei Umstrukturierungsvorhaben und die Implementierung von Leistungsmanagementkonzepten wie Balanced Scorecards.<\/li>\n<li><b>(Agiles) Projektm<\/b><b>anagement:<\/b> Mit dem Schwerpunkt auf nationalen und internationalen Projekten verf\u00fcgt Laura \u00fcber eine nachgewiesene Erfolgsbilanz bei der Orchestrierung von Reorganisationsvorhaben und dem Vorantreiben von Initiativen zur Prozessverbesserung, beim Management von Incidents und Eskalationen sowie bei der Steuerung von Dienstleistern und der Erstellung von Managementberichten.<\/li>\n<li><b>IT- und <\/b><b>Prozessmanagement<\/b><b>:<\/b> Laura&#8217;s Fachwissen umfasst sowohl die Analyse, Modellierung, Simulation, Gestaltung und Implementierung von Prozessen als auch die Erstellung von Servicekatalogen, KPIs, SLAs und OLAs.<\/li>\n<li><b>Publizierte<\/b> <b>Autorin<\/b> zu Themen wie: Agile Methoden, Interim Management, GRC, IAM \u2192 <a href=\"https:\/\/vineyard-mc.com\/de_de\/aktuelles\/neuigkeiten-3\/\"><b>Link<\/b><\/a><\/li>\n<\/ul>\n<p>Laura hat ihren Master-Abschluss in Wirtschaftswissenschaften an der Babes-Bolyai-Universit\u00e4t erworben und verf\u00fcgt \u00fcber ein solides Portfolio an branchenweit anerkannten Zertifizierungen und Standards. Zu diesen geh\u00f6ren:<\/p>\n<ul>\n<li><b>Informationssicherheit &amp; Compliance: <\/b>Certified Information Security Manager (CISM \/ ISACA\u00ae), Certified Identity and Access Manager (CIAM \/ Identity Management Institute\u00ae), NIST, DORA, ISO27001, BAIT<\/li>\n<li><b>(Agiles) Projektmanagement: <\/b>zertifizierter Project Management Professional (PMP \/ PMI\u00ae), zertifizierter Scrum Master (Scrum Institute\u2122), zertifizierter Product Owner (Scrum Institute\u2122)<\/li>\n<li><b>IT- und Prozessmanagement: <\/b>ITIL V3 Foundation zertifiziert (Axelos\u00ae)<\/li>\n<li><b>Technology &amp; Tools: <\/b>ServiceNow, SharePoint, Jira, Jama, MS Office (Word, Excel, PowerPoint, ThinkCell, Visio, MS Project), dbClarity, HP ALM, Azure Fundamentals zertifiziert (Microsoft)<\/li>\n<\/ul><\/div><\/div><\/div><\/div>\n<div class=\"row \"><div class=\"wpv-grid grid-1-1  wpv-first-level first unextended\" style=\"padding-top:0px;padding-bottom:0px\" id=\"wpv-column-50510822e6f2e620a512250e23f13293\" >\t\t<div class=\"sep-text single centered\">\n\t\t\t\t\t\t\t<span class=\"sep-text-before\"><div class=\"sep-text-line\"><\/div><\/span>\n\t\t\t\t\t\t<div class=\"content\">\n\t\t\t\t<h2 class=\"text-divider-double\">Ihre Nachricht<\/h2>\t\t\t<\/div>\n\t\t\t<span class=\"sep-text-after\"><div class=\"sep-text-line\"><\/div><\/span>\n\t\t\t\t\t<\/div>\n\t<div class=\"row \"><div class=\"wpv-grid grid-1-1  first unextended\" style=\"padding-top:0px;padding-bottom:0px\" id=\"wpv-column-68b231833d70ff73d88868a30700505d\" ><p>\n<div class=\"wpcf7 no-js\" id=\"wpcf7-f10-o1\" lang=\"en-US\" dir=\"ltr\" data-wpcf7-id=\"10\">\n<div class=\"screen-reader-response\"><p role=\"status\" aria-live=\"polite\" aria-atomic=\"true\"><\/p> <ul><\/ul><\/div>\n<form action=\"\/de_de\/wp-json\/wp\/v2\/pages\/988866#wpcf7-f10-o1\" method=\"post\" class=\"wpcf7-form init\" aria-label=\"Contact form\" novalidate=\"novalidate\" data-status=\"init\">\n<fieldset class=\"hidden-fields-container\"><input type=\"hidden\" name=\"_wpcf7\" value=\"10\" \/><input type=\"hidden\" name=\"_wpcf7_version\" value=\"6.1.5\" \/><input type=\"hidden\" name=\"_wpcf7_locale\" value=\"en_US\" \/><input type=\"hidden\" name=\"_wpcf7_unit_tag\" value=\"wpcf7-f10-o1\" \/><input type=\"hidden\" name=\"_wpcf7_container_post\" value=\"0\" \/><input type=\"hidden\" name=\"_wpcf7_posted_data_hash\" value=\"\" \/>\n<\/fieldset>\n<div class=\"row\">\n\t<div class=\"grid-1-3\">\n\t\t<p><span class=\"wpcf7-form-control-wrap\" data-name=\"Name\"><input size=\"40\" maxlength=\"400\" class=\"wpcf7-form-control wpcf7-text wpcf7-validates-as-required\" aria-required=\"true\" aria-invalid=\"false\" value=\"Ihr Name \/ Your name\" type=\"text\" name=\"Name\" \/><\/span>\n\t\t<\/p>\n\t<\/div>\n\t<div class=\"grid-1-3\">\n\t\t<p><span class=\"wpcf7-form-control-wrap\" data-name=\"E-mail\"><input size=\"40\" maxlength=\"400\" class=\"wpcf7-form-control wpcf7-text wpcf7-validates-as-required\" aria-required=\"true\" aria-invalid=\"false\" value=\"E-Mail \/ email\" type=\"text\" name=\"E-mail\" \/><\/span>\n\t\t<\/p>\n\t<\/div>\n\t<div class=\"grid-1-3\">\n\t\t<p><span class=\"wpcf7-form-control-wrap\" data-name=\"Phone\"><input size=\"40\" maxlength=\"400\" class=\"wpcf7-form-control wpcf7-text\" aria-invalid=\"false\" value=\"Telefon \/ Phone\" type=\"text\" name=\"Phone\" \/><\/span>\n\t\t<\/p>\n\t<\/div>\n\t<div class=\"grid-1-1\">\n\t\t<p><span class=\"wpcf7-form-control-wrap\" data-name=\"Subject\"><input size=\"40\" maxlength=\"400\" class=\"wpcf7-form-control wpcf7-text wpcf7-validates-as-required\" aria-required=\"true\" aria-invalid=\"false\" value=\"Ihr Thema \/ Subject\" type=\"text\" name=\"Subject\" \/><\/span>\n\t\t<\/p>\n\t<\/div>\n\t<div class=\"grid-1-1\">\n\t\t<p><span class=\"wpcf7-form-control-wrap\" data-name=\"Message\"><textarea cols=\"40\" rows=\"10\" maxlength=\"2000\" class=\"wpcf7-form-control wpcf7-textarea wpcf7-validates-as-required\" aria-required=\"true\" aria-invalid=\"false\" name=\"Message\">Ihre Nachricht... \/ Your message...<\/textarea><\/span>\n\t\t<\/p>\n\t<\/div>\n\t<div style= \"text-align: center;\">\n\t\t<p><input class=\"wpcf7-form-control wpcf7-submit has-spinner\" type=\"submit\" value=\"Absenden \/ Send \u2192\" \/>\n\t\t<\/p>\n\t<\/div>\n<\/div><div class=\"wpcf7-response-output\" aria-hidden=\"true\"><\/div>\n<\/form>\n<\/div>\n<\/div><\/div><\/div><\/div>\n","protected":false},"excerpt":{"rendered":"<p>KONTAKT: dinis@vineyard-mc.com SCHWERPUNKTE: People Management \u2192 Project Management \u2192 Informationssicherheit \u2192 STUDIUM: Master of Science in Banken und Kapitalm\u00e4rkten, Babes-Bolyai Universit\u00e4t Laura, eine erfahrene Unternehmensberaterin, zeichnet sich durch die Bereitstellung strategischer Orientierung und innovativer L\u00f6sungen f\u00fcr gro\u00dfe und mittelst\u00e4ndische Unternehmen in verschiedenen Branchen aus, darunter Finanzdienstleistungen, Industrie und IT-Anbieter. Mit fast zwei Jahrzehnten Erfahrung als&#8230;<\/p>\n","protected":false},"author":6,"featured_media":0,"parent":7774,"menu_order":2,"comment_status":"closed","ping_status":"closed","template":"","meta":{"footnotes":""},"class_list":["post-988866","page","type-page","status-publish","hentry"],"yoast_head":"<!-- This site is optimized with the Yoast SEO plugin v27.3 - https:\/\/yoast.com\/product\/yoast-seo-wordpress\/ -->\n<title>Laura Dinis - Vineyard Management Consulting GmbH<\/title>\n<meta name=\"robots\" content=\"index, follow, max-snippet:-1, max-image-preview:large, max-video-preview:-1\" \/>\n<link rel=\"canonical\" href=\"https:\/\/vineyard-mc.com\/de_de\/das-team-der-vineyard-management-consulting-gmbh\/laura-dinis\/\" \/>\n<meta property=\"og:locale\" content=\"de_DE\" \/>\n<meta property=\"og:type\" content=\"article\" \/>\n<meta property=\"og:title\" content=\"Laura Dinis - Vineyard Management Consulting GmbH\" \/>\n<meta property=\"og:description\" content=\"KONTAKT: dinis@vineyard-mc.com SCHWERPUNKTE: People Management \u2192 Project Management \u2192 Informationssicherheit \u2192 STUDIUM: Master of Science in Banken und Kapitalm\u00e4rkten, Babes-Bolyai Universit\u00e4t Laura, eine erfahrene Unternehmensberaterin, zeichnet sich durch die Bereitstellung strategischer Orientierung und innovativer L\u00f6sungen f\u00fcr gro\u00dfe und mittelst\u00e4ndische Unternehmen in verschiedenen Branchen aus, darunter Finanzdienstleistungen, Industrie und IT-Anbieter. Mit fast zwei Jahrzehnten Erfahrung als...\" \/>\n<meta property=\"og:url\" content=\"https:\/\/vineyard-mc.com\/de_de\/das-team-der-vineyard-management-consulting-gmbh\/laura-dinis\/\" \/>\n<meta property=\"og:site_name\" content=\"Vineyard Management Consulting GmbH\" \/>\n<meta property=\"article:modified_time\" content=\"2025-12-22T14:06:38+00:00\" \/>\n<meta property=\"og:image\" content=\"https:\/\/vineyard-mc.com\/wp-content\/uploads\/2025\/04\/LD_Pic_2025_16.png\" \/>\n\t<meta property=\"og:image:width\" content=\"598\" \/>\n\t<meta property=\"og:image:height\" content=\"602\" \/>\n\t<meta property=\"og:image:type\" content=\"image\/png\" \/>\n<meta name=\"twitter:card\" content=\"summary_large_image\" \/>\n<meta name=\"twitter:label1\" content=\"Gesch\u00e4tzte Lesezeit\" \/>\n\t<meta name=\"twitter:data1\" content=\"3\u00a0Minuten\" \/>\n<script type=\"application\/ld+json\" class=\"yoast-schema-graph\">{\"@context\":\"https:\\\/\\\/schema.org\",\"@graph\":[{\"@type\":\"WebPage\",\"@id\":\"https:\\\/\\\/vineyard-mc.com\\\/das-team-der-vineyard-management-consulting-gmbh\\\/laura-dinis\\\/\",\"url\":\"https:\\\/\\\/vineyard-mc.com\\\/das-team-der-vineyard-management-consulting-gmbh\\\/laura-dinis\\\/\",\"name\":\"Laura Dinis - Vineyard Management Consulting GmbH\",\"isPartOf\":{\"@id\":\"https:\\\/\\\/vineyard-mc.com\\\/#website\"},\"primaryImageOfPage\":{\"@id\":\"https:\\\/\\\/vineyard-mc.com\\\/das-team-der-vineyard-management-consulting-gmbh\\\/laura-dinis\\\/#primaryimage\"},\"image\":{\"@id\":\"https:\\\/\\\/vineyard-mc.com\\\/das-team-der-vineyard-management-consulting-gmbh\\\/laura-dinis\\\/#primaryimage\"},\"thumbnailUrl\":\"https:\\\/\\\/vineyard-mc.com\\\/wp-content\\\/uploads\\\/2025\\\/04\\\/LD_Pic_2025_16-298x300.png\",\"datePublished\":\"2024-06-05T16:59:08+00:00\",\"dateModified\":\"2025-12-22T14:06:38+00:00\",\"breadcrumb\":{\"@id\":\"https:\\\/\\\/vineyard-mc.com\\\/das-team-der-vineyard-management-consulting-gmbh\\\/laura-dinis\\\/#breadcrumb\"},\"inLanguage\":\"de\",\"potentialAction\":[{\"@type\":\"ReadAction\",\"target\":[\"https:\\\/\\\/vineyard-mc.com\\\/das-team-der-vineyard-management-consulting-gmbh\\\/laura-dinis\\\/\"]}]},{\"@type\":\"ImageObject\",\"inLanguage\":\"de\",\"@id\":\"https:\\\/\\\/vineyard-mc.com\\\/das-team-der-vineyard-management-consulting-gmbh\\\/laura-dinis\\\/#primaryimage\",\"url\":\"https:\\\/\\\/vineyard-mc.com\\\/wp-content\\\/uploads\\\/2025\\\/04\\\/LD_Pic_2025_16-298x300.png\",\"contentUrl\":\"https:\\\/\\\/vineyard-mc.com\\\/wp-content\\\/uploads\\\/2025\\\/04\\\/LD_Pic_2025_16-298x300.png\"},{\"@type\":\"BreadcrumbList\",\"@id\":\"https:\\\/\\\/vineyard-mc.com\\\/das-team-der-vineyard-management-consulting-gmbh\\\/laura-dinis\\\/#breadcrumb\",\"itemListElement\":[{\"@type\":\"ListItem\",\"position\":1,\"name\":\"Startseite\",\"item\":\"https:\\\/\\\/vineyard-mc.com\\\/\"},{\"@type\":\"ListItem\",\"position\":2,\"name\":\"Unser Team\",\"item\":\"https:\\\/\\\/vineyard-mc.com\\\/das-team-der-vineyard-management-consulting-gmbh\\\/\"},{\"@type\":\"ListItem\",\"position\":3,\"name\":\"Laura Dinis\"}]},{\"@type\":\"WebSite\",\"@id\":\"https:\\\/\\\/vineyard-mc.com\\\/#website\",\"url\":\"https:\\\/\\\/vineyard-mc.com\\\/\",\"name\":\"Vineyard Management Consulting GmbH\",\"description\":\"Better Ideas - Better Results\",\"publisher\":{\"@id\":\"https:\\\/\\\/vineyard-mc.com\\\/#organization\"},\"alternateName\":\"VMC GmbH\",\"potentialAction\":[{\"@type\":\"SearchAction\",\"target\":{\"@type\":\"EntryPoint\",\"urlTemplate\":\"https:\\\/\\\/vineyard-mc.com\\\/?s={search_term_string}\"},\"query-input\":{\"@type\":\"PropertyValueSpecification\",\"valueRequired\":true,\"valueName\":\"search_term_string\"}}],\"inLanguage\":\"de\"},{\"@type\":\"Organization\",\"@id\":\"https:\\\/\\\/vineyard-mc.com\\\/#organization\",\"name\":\"Vineyard Management Consulting GmbH\",\"url\":\"https:\\\/\\\/vineyard-mc.com\\\/\",\"logo\":{\"@type\":\"ImageObject\",\"inLanguage\":\"de\",\"@id\":\"https:\\\/\\\/vineyard-mc.com\\\/#\\\/schema\\\/logo\\\/image\\\/\",\"url\":\"https:\\\/\\\/vineyard-mc.com\\\/wp-content\\\/uploads\\\/2021\\\/03\\\/VMC-Logo_1.jpg\",\"contentUrl\":\"https:\\\/\\\/vineyard-mc.com\\\/wp-content\\\/uploads\\\/2021\\\/03\\\/VMC-Logo_1.jpg\",\"width\":506,\"height\":665,\"caption\":\"Vineyard Management Consulting GmbH\"},\"image\":{\"@id\":\"https:\\\/\\\/vineyard-mc.com\\\/#\\\/schema\\\/logo\\\/image\\\/\"},\"sameAs\":[\"https:\\\/\\\/de.linkedin.com\\\/company\\\/vineyard-management-consulting-gmbh\"]}]}<\/script>\n<!-- \/ Yoast SEO plugin. -->","yoast_head_json":{"title":"Laura Dinis - Vineyard Management Consulting GmbH","robots":{"index":"index","follow":"follow","max-snippet":"max-snippet:-1","max-image-preview":"max-image-preview:large","max-video-preview":"max-video-preview:-1"},"canonical":"https:\/\/vineyard-mc.com\/de_de\/das-team-der-vineyard-management-consulting-gmbh\/laura-dinis\/","og_locale":"de_DE","og_type":"article","og_title":"Laura Dinis - Vineyard Management Consulting GmbH","og_description":"KONTAKT: dinis@vineyard-mc.com SCHWERPUNKTE: People Management \u2192 Project Management \u2192 Informationssicherheit \u2192 STUDIUM: Master of Science in Banken und Kapitalm\u00e4rkten, Babes-Bolyai Universit\u00e4t Laura, eine erfahrene Unternehmensberaterin, zeichnet sich durch die Bereitstellung strategischer Orientierung und innovativer L\u00f6sungen f\u00fcr gro\u00dfe und mittelst\u00e4ndische Unternehmen in verschiedenen Branchen aus, darunter Finanzdienstleistungen, Industrie und IT-Anbieter. Mit fast zwei Jahrzehnten Erfahrung als...","og_url":"https:\/\/vineyard-mc.com\/de_de\/das-team-der-vineyard-management-consulting-gmbh\/laura-dinis\/","og_site_name":"Vineyard Management Consulting GmbH","article_modified_time":"2025-12-22T14:06:38+00:00","og_image":[{"width":598,"height":602,"url":"https:\/\/vineyard-mc.com\/wp-content\/uploads\/2025\/04\/LD_Pic_2025_16.png","type":"image\/png"}],"twitter_card":"summary_large_image","twitter_misc":{"Gesch\u00e4tzte Lesezeit":"3\u00a0Minuten"},"schema":{"@context":"https:\/\/schema.org","@graph":[{"@type":"WebPage","@id":"https:\/\/vineyard-mc.com\/das-team-der-vineyard-management-consulting-gmbh\/laura-dinis\/","url":"https:\/\/vineyard-mc.com\/das-team-der-vineyard-management-consulting-gmbh\/laura-dinis\/","name":"Laura Dinis - Vineyard Management Consulting GmbH","isPartOf":{"@id":"https:\/\/vineyard-mc.com\/#website"},"primaryImageOfPage":{"@id":"https:\/\/vineyard-mc.com\/das-team-der-vineyard-management-consulting-gmbh\/laura-dinis\/#primaryimage"},"image":{"@id":"https:\/\/vineyard-mc.com\/das-team-der-vineyard-management-consulting-gmbh\/laura-dinis\/#primaryimage"},"thumbnailUrl":"https:\/\/vineyard-mc.com\/wp-content\/uploads\/2025\/04\/LD_Pic_2025_16-298x300.png","datePublished":"2024-06-05T16:59:08+00:00","dateModified":"2025-12-22T14:06:38+00:00","breadcrumb":{"@id":"https:\/\/vineyard-mc.com\/das-team-der-vineyard-management-consulting-gmbh\/laura-dinis\/#breadcrumb"},"inLanguage":"de","potentialAction":[{"@type":"ReadAction","target":["https:\/\/vineyard-mc.com\/das-team-der-vineyard-management-consulting-gmbh\/laura-dinis\/"]}]},{"@type":"ImageObject","inLanguage":"de","@id":"https:\/\/vineyard-mc.com\/das-team-der-vineyard-management-consulting-gmbh\/laura-dinis\/#primaryimage","url":"https:\/\/vineyard-mc.com\/wp-content\/uploads\/2025\/04\/LD_Pic_2025_16-298x300.png","contentUrl":"https:\/\/vineyard-mc.com\/wp-content\/uploads\/2025\/04\/LD_Pic_2025_16-298x300.png"},{"@type":"BreadcrumbList","@id":"https:\/\/vineyard-mc.com\/das-team-der-vineyard-management-consulting-gmbh\/laura-dinis\/#breadcrumb","itemListElement":[{"@type":"ListItem","position":1,"name":"Startseite","item":"https:\/\/vineyard-mc.com\/"},{"@type":"ListItem","position":2,"name":"Unser Team","item":"https:\/\/vineyard-mc.com\/das-team-der-vineyard-management-consulting-gmbh\/"},{"@type":"ListItem","position":3,"name":"Laura Dinis"}]},{"@type":"WebSite","@id":"https:\/\/vineyard-mc.com\/#website","url":"https:\/\/vineyard-mc.com\/","name":"Vineyard Management Consulting GmbH","description":"Better Ideas - Better Results","publisher":{"@id":"https:\/\/vineyard-mc.com\/#organization"},"alternateName":"VMC GmbH","potentialAction":[{"@type":"SearchAction","target":{"@type":"EntryPoint","urlTemplate":"https:\/\/vineyard-mc.com\/?s={search_term_string}"},"query-input":{"@type":"PropertyValueSpecification","valueRequired":true,"valueName":"search_term_string"}}],"inLanguage":"de"},{"@type":"Organization","@id":"https:\/\/vineyard-mc.com\/#organization","name":"Vineyard Management Consulting GmbH","url":"https:\/\/vineyard-mc.com\/","logo":{"@type":"ImageObject","inLanguage":"de","@id":"https:\/\/vineyard-mc.com\/#\/schema\/logo\/image\/","url":"https:\/\/vineyard-mc.com\/wp-content\/uploads\/2021\/03\/VMC-Logo_1.jpg","contentUrl":"https:\/\/vineyard-mc.com\/wp-content\/uploads\/2021\/03\/VMC-Logo_1.jpg","width":506,"height":665,"caption":"Vineyard Management Consulting GmbH"},"image":{"@id":"https:\/\/vineyard-mc.com\/#\/schema\/logo\/image\/"},"sameAs":["https:\/\/de.linkedin.com\/company\/vineyard-management-consulting-gmbh"]}]}},"_links":{"self":[{"href":"https:\/\/vineyard-mc.com\/de_de\/wp-json\/wp\/v2\/pages\/988866","targetHints":{"allow":["GET"]}}],"collection":[{"href":"https:\/\/vineyard-mc.com\/de_de\/wp-json\/wp\/v2\/pages"}],"about":[{"href":"https:\/\/vineyard-mc.com\/de_de\/wp-json\/wp\/v2\/types\/page"}],"author":[{"embeddable":true,"href":"https:\/\/vineyard-mc.com\/de_de\/wp-json\/wp\/v2\/users\/6"}],"replies":[{"embeddable":true,"href":"https:\/\/vineyard-mc.com\/de_de\/wp-json\/wp\/v2\/comments?post=988866"}],"version-history":[{"count":34,"href":"https:\/\/vineyard-mc.com\/de_de\/wp-json\/wp\/v2\/pages\/988866\/revisions"}],"predecessor-version":[{"id":989607,"href":"https:\/\/vineyard-mc.com\/de_de\/wp-json\/wp\/v2\/pages\/988866\/revisions\/989607"}],"up":[{"embeddable":true,"href":"https:\/\/vineyard-mc.com\/de_de\/wp-json\/wp\/v2\/pages\/7774"}],"wp:attachment":[{"href":"https:\/\/vineyard-mc.com\/de_de\/wp-json\/wp\/v2\/media?parent=988866"}],"curies":[{"name":"wp","href":"https:\/\/api.w.org\/{rel}","templated":true}]}}