{"id":988924,"date":"2024-06-08T00:02:31","date_gmt":"2024-06-07T22:02:31","guid":{"rendered":"https:\/\/vineyard-mc.com\/?page_id=988924"},"modified":"2025-12-22T15:20:18","modified_gmt":"2025-12-22T14:20:18","slug":"dominik-stens","status":"publish","type":"page","link":"https:\/\/vineyard-mc.com\/de_de\/das-team-der-vineyard-management-consulting-gmbh\/dominik-stens\/","title":{"rendered":"Dominik Stens"},"content":{"rendered":"<div class=\"row \"><div class=\"wpv-grid grid-2-5  wpv-first-level first unextended\" style=\"padding-top:0px;padding-bottom:0px\" id=\"wpv-column-00e16c509ea48caf7c510f24fe36c3c8\" ><div class=\"row \"><div class=\"wpv-grid grid-1-1  first unextended\" style=\"padding-top:0px;padding-bottom:0px\" id=\"wpv-column-082065ab70882b88254616043ba87462\" ><p><img loading=\"lazy\" decoding=\"async\" class=\"size-medium wp-image-988747 aligncenter\" src=\"https:\/\/vineyard-mc.com\/wp-content\/uploads\/2024\/04\/BildWebsite-e1712051654661-300x300.jpg\" alt=\"\" width=\"300\" height=\"300\" srcset=\"https:\/\/vineyard-mc.com\/wp-content\/uploads\/2024\/04\/BildWebsite-e1712051654661-300x300.jpg 300w, https:\/\/vineyard-mc.com\/wp-content\/uploads\/2024\/04\/BildWebsite-e1712051654661.jpg 1024w, https:\/\/vineyard-mc.com\/wp-content\/uploads\/2024\/04\/BildWebsite-e1712051654661-150x150.jpg 150w, https:\/\/vineyard-mc.com\/wp-content\/uploads\/2024\/04\/BildWebsite-e1712051654661-12x12.jpg 12w, https:\/\/vineyard-mc.com\/wp-content\/uploads\/2024\/04\/BildWebsite-e1712051654661-60x60.jpg 60w, https:\/\/vineyard-mc.com\/wp-content\/uploads\/2024\/04\/BildWebsite-e1712051654661-768x768.jpg 768w, https:\/\/vineyard-mc.com\/wp-content\/uploads\/2024\/04\/BildWebsite-e1712051654661-615x615.jpg 615w, https:\/\/vineyard-mc.com\/wp-content\/uploads\/2024\/04\/BildWebsite-e1712051654661-400x400.jpg 400w, https:\/\/vineyard-mc.com\/wp-content\/uploads\/2024\/04\/BildWebsite-e1712051654661-292x292.jpg 292w\" sizes=\"auto, (max-width: 300px) 100vw, 300px\" \/><\/div><\/div>\n<div class=\"row \"><div class=\"wpv-grid grid-1-1  first unextended\" style=\"padding-top:0px;padding-bottom:0px\" id=\"wpv-column-4cfed9d58f1d321fd9e5fb81dfab9641\" ><p>KONTAKT:<\/p>\n<p>stens@vineyard-mc.com<\/p>\n<div class=\"push\" style='height:10px'><\/div>\n<p>SCHWERPUNKTE:<\/p>\n<p><a href=\"https:\/\/vineyard-mc.com\/de_de\/leistungen\/project\/\">Project Management<\/a> \u2192<br \/>\nTest und Qualit\u00e4tsmanagement\u2192<br \/>\nInformationssicherheit \u2192<\/p>\n<div class=\"push\" style='height:10px'><\/div>\n<p>STUDIUM:<\/p>\n<p>Bachelor of Engineering in Medizintechnik an der FH SWF<\/div><\/div><\/div>\n<div class=\"wpv-grid grid-3-5  wpv-first-level unextended\" style=\"padding-top:0px;padding-bottom:0px\" id=\"wpv-column-ee25dca6c1fe70234d7076959b300505\" ><div class=\"row \"><div class=\"wpv-grid grid-1-1  first unextended\" style=\"padding-top:0px;padding-bottom:0px\" id=\"wpv-column-8b4cf2e5f3ca7321c90cdd45856e53ff\" ><p>Dominik ist ein erfahrener Managementberater in einer Vielzahl von Branchen und ber\u00e4t Unternehmen in Bereichen wie agiles und traditionelles Projektmanagement, IT-Management, Business-Analyse, sowie Test- und Qualit\u00e4tsmanagement. Als erfahrener Sparringspartner unterst\u00fctzt er nationale sowie internationale Unternehmen dabei, ihre Ziele zu erreichen. Mit einem tiefen Verst\u00e4ndnis f\u00fcr die neuesten Technologien und Trends, kombiniert mit einem breiten Wissen \u00fcber branchen\u00fcbliche Best Practices und Anforderungen, sowie starken Kommunikationsf\u00e4higkeiten, erm\u00f6glicht Dominik seinen Kunden, komplexe Gesch\u00e4ftsumgebungen zu navigieren, um nachhaltigen Erfolg zu erzielen.<\/p>\n<p>Kernkompetenzen von Dominik sind:<\/p>\n<ul>\n<li><b>(Agiles) Projektmanagement<\/b>: Dominik verf\u00fcgt \u00fcber umfangreiche Erfahrungen im agilen und traditionellen Projektmanagement. Er ist versiert darin, funktions\u00fcbergreifende Teams zu leiten, die Kommunikation mit Stakeholdern zu erleichtern und technische Abnahmeprozesse zu \u00fcberwachen, sowie Dienstleister zu steuern. Er hat erfolgreich Projekte in einer Vielzahl von Branchen geleitet, darunter Medien, Handel, \u00f6ffentlicher Sektor und IT.<\/li>\n<li><b>IT- und Prozessmanagement: <\/b>Dominik ist versiert in der Analyse, dem Design und der Implementierung von Prozessen, einschlie\u00dflich der Einrichtung von CI\/CD-Pipelines unter Verwendung von DevSecOps Best Practices und der Anwendung von Standards wie ITIL zur Steigerung der Prozesseffizienz und -effektivit\u00e4t.<\/li>\n<li><b>Test- und Qualit\u00e4tsmanagement: <\/b>Dominik verf\u00fcgt \u00fcber fundierte Fachkenntnisse in den Bereichen Testautomatisierung, Last- und Leistungstests sowie Qualit\u00e4tssicherung, die durch seine F\u00e4higkeiten bei der Entwicklung von Teststrategien erg\u00e4nzt werden. Er hat End-to-End-Testprozesse in komplexen IT-Umgebungen, einschlie\u00dflich multinationaler ERP-Systeme, effektiv verwaltet.<\/li>\n<li><b>Software-Entwicklung und -Architektur: <\/b>Dominik ist dar\u00fcber hinaus erfahren in der Entwicklung von Backend-Anwendungen, wobei er eine breite Palette von Technologie-Stacks einsetzt hat, darunter Java mit Spring, Maven und verwandten Technologien. Er verf\u00fcgt \u00fcber umfangreiche Erfahrung in der Gestaltung von Softwarearchitekturen und zeichnet sich durch die Zusammenarbeit in agilen Entwicklungsumgebungen aus.<\/li>\n<li><b>Informationssicherheit &#038; Compliance: <\/b>Dominik besitzt fundierte Kenntnisse im GRC-Management und ist eine wertvolle Ressource bei der Bew\u00e4ltigung regulatorischer Herausforderungen. Er unterst\u00fctzt aktiv bei der Durchf\u00fchrung von BAIT-Audits, der Umsetzung von Ma\u00dfnahmen zur Behebung regulatorischer Feststellungen der BaFin und der Verbesserung der Informations- und Cybersicherheitsstrategien.<\/li>\n<\/ul>\n<p>Dominik hat seinen Bachelor of Engineering in Medizintechnik an der FH SWF erworben und verf\u00fcgt \u00fcber ein solides Portfolio an branchenweit anerkannten Zertifizierungen und Standards. Zu diesen geh\u00f6ren:<\/p>\n<ul>\n<li><b>(Agiles) <\/b><b>Projektmanagement<\/b><b>: <\/b>Prince2 Foundation, Scrum Master<\/li>\n<li><b>IT und <\/b><b>Prozessmanagement<\/b><b>: <\/b>ITIL v4<\/li>\n<li><b>Test- und Qualit\u00e4tsmanagement: <\/b>Testmanagement-Professional, Load- and Performance Test, Certified Tester Foundation Level<\/li>\n<li><b>Software- Entwicklung und <\/b><b>Architektur<\/b><b>: <\/b>Software Development Java<\/li>\n<li><b>Informationssicherheit &#038; Compliance: <\/b>Zertifiziert in Cybersecurity<\/li>\n<li><b>Technology &#038; Tools:<\/b> SharePoint, Jira, Conflunce, MS Office (Word, Excel, PowerPoint, Visio, MS Project), HP ALM, ADOIT EAM Suite, Miro, Trello, OpenProject<\/li>\n<\/ul><\/div><\/div><\/div><\/div>\n<div class=\"row \"><div class=\"wpv-grid grid-1-1  wpv-first-level first unextended\" style=\"padding-top:0px;padding-bottom:0px\" id=\"wpv-column-ca62ec9588a72b1dc7bddda54eb9c200\" >\t\t<div class=\"sep-text single centered\">\n\t\t\t\t\t\t\t<span class=\"sep-text-before\"><div class=\"sep-text-line\"><\/div><\/span>\n\t\t\t\t\t\t<div class=\"content\">\n\t\t\t\t<h2 class=\"text-divider-double\">Ihre Nachricht<\/h2>\t\t\t<\/div>\n\t\t\t<span class=\"sep-text-after\"><div class=\"sep-text-line\"><\/div><\/span>\n\t\t\t\t\t<\/div>\n\t<div class=\"row \"><div class=\"wpv-grid grid-1-1  first unextended\" style=\"padding-top:0px;padding-bottom:0px\" id=\"wpv-column-31e381fbea6dac7a8644bcecfb951f2c\" ><p>\n<div class=\"wpcf7 no-js\" id=\"wpcf7-f10-o1\" lang=\"en-US\" dir=\"ltr\" data-wpcf7-id=\"10\">\n<div class=\"screen-reader-response\"><p role=\"status\" aria-live=\"polite\" aria-atomic=\"true\"><\/p> <ul><\/ul><\/div>\n<form action=\"\/de_de\/wp-json\/wp\/v2\/pages\/988924#wpcf7-f10-o1\" method=\"post\" class=\"wpcf7-form init\" aria-label=\"Contact form\" novalidate=\"novalidate\" data-status=\"init\">\n<fieldset class=\"hidden-fields-container\"><input type=\"hidden\" name=\"_wpcf7\" value=\"10\" \/><input type=\"hidden\" name=\"_wpcf7_version\" value=\"6.1.5\" \/><input type=\"hidden\" name=\"_wpcf7_locale\" value=\"en_US\" \/><input type=\"hidden\" name=\"_wpcf7_unit_tag\" value=\"wpcf7-f10-o1\" \/><input type=\"hidden\" name=\"_wpcf7_container_post\" value=\"0\" \/><input type=\"hidden\" name=\"_wpcf7_posted_data_hash\" value=\"\" \/>\n<\/fieldset>\n<div class=\"row\">\n\t<div class=\"grid-1-3\">\n\t\t<p><span class=\"wpcf7-form-control-wrap\" data-name=\"Name\"><input size=\"40\" maxlength=\"400\" class=\"wpcf7-form-control wpcf7-text wpcf7-validates-as-required\" aria-required=\"true\" aria-invalid=\"false\" value=\"Ihr Name \/ Your name\" type=\"text\" name=\"Name\" \/><\/span>\n\t\t<\/p>\n\t<\/div>\n\t<div class=\"grid-1-3\">\n\t\t<p><span class=\"wpcf7-form-control-wrap\" data-name=\"E-mail\"><input size=\"40\" maxlength=\"400\" class=\"wpcf7-form-control wpcf7-text wpcf7-validates-as-required\" aria-required=\"true\" aria-invalid=\"false\" value=\"E-Mail \/ email\" type=\"text\" name=\"E-mail\" \/><\/span>\n\t\t<\/p>\n\t<\/div>\n\t<div class=\"grid-1-3\">\n\t\t<p><span class=\"wpcf7-form-control-wrap\" data-name=\"Phone\"><input size=\"40\" maxlength=\"400\" class=\"wpcf7-form-control wpcf7-text\" aria-invalid=\"false\" value=\"Telefon \/ Phone\" type=\"text\" name=\"Phone\" \/><\/span>\n\t\t<\/p>\n\t<\/div>\n\t<div class=\"grid-1-1\">\n\t\t<p><span class=\"wpcf7-form-control-wrap\" data-name=\"Subject\"><input size=\"40\" maxlength=\"400\" class=\"wpcf7-form-control wpcf7-text wpcf7-validates-as-required\" aria-required=\"true\" aria-invalid=\"false\" value=\"Ihr Thema \/ Subject\" type=\"text\" name=\"Subject\" \/><\/span>\n\t\t<\/p>\n\t<\/div>\n\t<div class=\"grid-1-1\">\n\t\t<p><span class=\"wpcf7-form-control-wrap\" data-name=\"Message\"><textarea cols=\"40\" rows=\"10\" maxlength=\"2000\" class=\"wpcf7-form-control wpcf7-textarea wpcf7-validates-as-required\" aria-required=\"true\" aria-invalid=\"false\" name=\"Message\">Ihre Nachricht... \/ Your message...<\/textarea><\/span>\n\t\t<\/p>\n\t<\/div>\n\t<div style= \"text-align: center;\">\n\t\t<p><input class=\"wpcf7-form-control wpcf7-submit has-spinner\" type=\"submit\" value=\"Absenden \/ Send \u2192\" \/>\n\t\t<\/p>\n\t<\/div>\n<\/div><div class=\"wpcf7-response-output\" aria-hidden=\"true\"><\/div>\n<\/form>\n<\/div>\n<\/div><\/div><\/div><\/div>\n","protected":false},"excerpt":{"rendered":"<p>KONTAKT: stens@vineyard-mc.com SCHWERPUNKTE: Project Management \u2192 Test und Qualit\u00e4tsmanagement\u2192 Informationssicherheit \u2192 STUDIUM: Bachelor of Engineering in Medizintechnik an der FH SWF Dominik ist ein erfahrener Managementberater in einer Vielzahl von Branchen und ber\u00e4t Unternehmen in Bereichen wie agiles und traditionelles Projektmanagement, IT-Management, Business-Analyse, sowie Test- und Qualit\u00e4tsmanagement. Als erfahrener Sparringspartner unterst\u00fctzt er nationale sowie internationale&#8230;<\/p>\n","protected":false},"author":6,"featured_media":0,"parent":7774,"menu_order":0,"comment_status":"closed","ping_status":"closed","template":"","meta":{"footnotes":""},"class_list":["post-988924","page","type-page","status-publish","hentry"],"yoast_head":"<!-- This site is optimized with the Yoast SEO plugin v27.3 - https:\/\/yoast.com\/product\/yoast-seo-wordpress\/ -->\n<title>Dominik Stens - Vineyard Management Consulting GmbH<\/title>\n<meta name=\"robots\" content=\"index, follow, max-snippet:-1, max-image-preview:large, max-video-preview:-1\" \/>\n<link rel=\"canonical\" href=\"https:\/\/vineyard-mc.com\/de_de\/das-team-der-vineyard-management-consulting-gmbh\/dominik-stens\/\" \/>\n<meta property=\"og:locale\" content=\"de_DE\" \/>\n<meta property=\"og:type\" content=\"article\" \/>\n<meta property=\"og:title\" content=\"Dominik Stens - Vineyard Management Consulting GmbH\" \/>\n<meta property=\"og:description\" content=\"KONTAKT: stens@vineyard-mc.com SCHWERPUNKTE: Project Management \u2192 Test und Qualit\u00e4tsmanagement\u2192 Informationssicherheit \u2192 STUDIUM: Bachelor of Engineering in Medizintechnik an der FH SWF Dominik ist ein erfahrener Managementberater in einer Vielzahl von Branchen und ber\u00e4t Unternehmen in Bereichen wie agiles und traditionelles Projektmanagement, IT-Management, Business-Analyse, sowie Test- und Qualit\u00e4tsmanagement. Als erfahrener Sparringspartner unterst\u00fctzt er nationale sowie internationale...\" \/>\n<meta property=\"og:url\" content=\"https:\/\/vineyard-mc.com\/de_de\/das-team-der-vineyard-management-consulting-gmbh\/dominik-stens\/\" \/>\n<meta property=\"og:site_name\" content=\"Vineyard Management Consulting GmbH\" \/>\n<meta property=\"article:modified_time\" content=\"2025-12-22T14:20:18+00:00\" \/>\n<meta property=\"og:image\" content=\"https:\/\/vineyard-mc.com\/wp-content\/uploads\/2024\/04\/BildWebsite-e1712051654661.jpg\" \/>\n\t<meta property=\"og:image:width\" content=\"1024\" \/>\n\t<meta property=\"og:image:height\" content=\"1024\" \/>\n\t<meta property=\"og:image:type\" content=\"image\/jpeg\" \/>\n<meta name=\"twitter:card\" content=\"summary_large_image\" \/>\n<meta name=\"twitter:label1\" content=\"Gesch\u00e4tzte Lesezeit\" \/>\n\t<meta name=\"twitter:data1\" content=\"4\u00a0Minuten\" \/>\n<script type=\"application\/ld+json\" class=\"yoast-schema-graph\">{\"@context\":\"https:\\\/\\\/schema.org\",\"@graph\":[{\"@type\":\"WebPage\",\"@id\":\"https:\\\/\\\/vineyard-mc.com\\\/das-team-der-vineyard-management-consulting-gmbh\\\/dominik-stens\\\/\",\"url\":\"https:\\\/\\\/vineyard-mc.com\\\/das-team-der-vineyard-management-consulting-gmbh\\\/dominik-stens\\\/\",\"name\":\"Dominik Stens - Vineyard Management Consulting GmbH\",\"isPartOf\":{\"@id\":\"https:\\\/\\\/vineyard-mc.com\\\/#website\"},\"primaryImageOfPage\":{\"@id\":\"https:\\\/\\\/vineyard-mc.com\\\/das-team-der-vineyard-management-consulting-gmbh\\\/dominik-stens\\\/#primaryimage\"},\"image\":{\"@id\":\"https:\\\/\\\/vineyard-mc.com\\\/das-team-der-vineyard-management-consulting-gmbh\\\/dominik-stens\\\/#primaryimage\"},\"thumbnailUrl\":\"https:\\\/\\\/vineyard-mc.com\\\/wp-content\\\/uploads\\\/2024\\\/04\\\/BildWebsite-e1712051654661-300x300.jpg\",\"datePublished\":\"2024-06-07T22:02:31+00:00\",\"dateModified\":\"2025-12-22T14:20:18+00:00\",\"breadcrumb\":{\"@id\":\"https:\\\/\\\/vineyard-mc.com\\\/das-team-der-vineyard-management-consulting-gmbh\\\/dominik-stens\\\/#breadcrumb\"},\"inLanguage\":\"de\",\"potentialAction\":[{\"@type\":\"ReadAction\",\"target\":[\"https:\\\/\\\/vineyard-mc.com\\\/das-team-der-vineyard-management-consulting-gmbh\\\/dominik-stens\\\/\"]}]},{\"@type\":\"ImageObject\",\"inLanguage\":\"de\",\"@id\":\"https:\\\/\\\/vineyard-mc.com\\\/das-team-der-vineyard-management-consulting-gmbh\\\/dominik-stens\\\/#primaryimage\",\"url\":\"https:\\\/\\\/vineyard-mc.com\\\/wp-content\\\/uploads\\\/2024\\\/04\\\/BildWebsite-e1712051654661-300x300.jpg\",\"contentUrl\":\"https:\\\/\\\/vineyard-mc.com\\\/wp-content\\\/uploads\\\/2024\\\/04\\\/BildWebsite-e1712051654661-300x300.jpg\"},{\"@type\":\"BreadcrumbList\",\"@id\":\"https:\\\/\\\/vineyard-mc.com\\\/das-team-der-vineyard-management-consulting-gmbh\\\/dominik-stens\\\/#breadcrumb\",\"itemListElement\":[{\"@type\":\"ListItem\",\"position\":1,\"name\":\"Startseite\",\"item\":\"https:\\\/\\\/vineyard-mc.com\\\/\"},{\"@type\":\"ListItem\",\"position\":2,\"name\":\"Unser Team\",\"item\":\"https:\\\/\\\/vineyard-mc.com\\\/das-team-der-vineyard-management-consulting-gmbh\\\/\"},{\"@type\":\"ListItem\",\"position\":3,\"name\":\"Dominik Stens\"}]},{\"@type\":\"WebSite\",\"@id\":\"https:\\\/\\\/vineyard-mc.com\\\/#website\",\"url\":\"https:\\\/\\\/vineyard-mc.com\\\/\",\"name\":\"Vineyard Management Consulting GmbH\",\"description\":\"Better Ideas - Better Results\",\"publisher\":{\"@id\":\"https:\\\/\\\/vineyard-mc.com\\\/#organization\"},\"alternateName\":\"VMC GmbH\",\"potentialAction\":[{\"@type\":\"SearchAction\",\"target\":{\"@type\":\"EntryPoint\",\"urlTemplate\":\"https:\\\/\\\/vineyard-mc.com\\\/?s={search_term_string}\"},\"query-input\":{\"@type\":\"PropertyValueSpecification\",\"valueRequired\":true,\"valueName\":\"search_term_string\"}}],\"inLanguage\":\"de\"},{\"@type\":\"Organization\",\"@id\":\"https:\\\/\\\/vineyard-mc.com\\\/#organization\",\"name\":\"Vineyard Management Consulting GmbH\",\"url\":\"https:\\\/\\\/vineyard-mc.com\\\/\",\"logo\":{\"@type\":\"ImageObject\",\"inLanguage\":\"de\",\"@id\":\"https:\\\/\\\/vineyard-mc.com\\\/#\\\/schema\\\/logo\\\/image\\\/\",\"url\":\"https:\\\/\\\/vineyard-mc.com\\\/wp-content\\\/uploads\\\/2021\\\/03\\\/VMC-Logo_1.jpg\",\"contentUrl\":\"https:\\\/\\\/vineyard-mc.com\\\/wp-content\\\/uploads\\\/2021\\\/03\\\/VMC-Logo_1.jpg\",\"width\":506,\"height\":665,\"caption\":\"Vineyard Management Consulting GmbH\"},\"image\":{\"@id\":\"https:\\\/\\\/vineyard-mc.com\\\/#\\\/schema\\\/logo\\\/image\\\/\"},\"sameAs\":[\"https:\\\/\\\/de.linkedin.com\\\/company\\\/vineyard-management-consulting-gmbh\"]}]}<\/script>\n<!-- \/ Yoast SEO plugin. -->","yoast_head_json":{"title":"Dominik Stens - Vineyard Management Consulting GmbH","robots":{"index":"index","follow":"follow","max-snippet":"max-snippet:-1","max-image-preview":"max-image-preview:large","max-video-preview":"max-video-preview:-1"},"canonical":"https:\/\/vineyard-mc.com\/de_de\/das-team-der-vineyard-management-consulting-gmbh\/dominik-stens\/","og_locale":"de_DE","og_type":"article","og_title":"Dominik Stens - Vineyard Management Consulting GmbH","og_description":"KONTAKT: stens@vineyard-mc.com SCHWERPUNKTE: Project Management \u2192 Test und Qualit\u00e4tsmanagement\u2192 Informationssicherheit \u2192 STUDIUM: Bachelor of Engineering in Medizintechnik an der FH SWF Dominik ist ein erfahrener Managementberater in einer Vielzahl von Branchen und ber\u00e4t Unternehmen in Bereichen wie agiles und traditionelles Projektmanagement, IT-Management, Business-Analyse, sowie Test- und Qualit\u00e4tsmanagement. Als erfahrener Sparringspartner unterst\u00fctzt er nationale sowie internationale...","og_url":"https:\/\/vineyard-mc.com\/de_de\/das-team-der-vineyard-management-consulting-gmbh\/dominik-stens\/","og_site_name":"Vineyard Management Consulting GmbH","article_modified_time":"2025-12-22T14:20:18+00:00","og_image":[{"width":1024,"height":1024,"url":"https:\/\/vineyard-mc.com\/wp-content\/uploads\/2024\/04\/BildWebsite-e1712051654661.jpg","type":"image\/jpeg"}],"twitter_card":"summary_large_image","twitter_misc":{"Gesch\u00e4tzte Lesezeit":"4\u00a0Minuten"},"schema":{"@context":"https:\/\/schema.org","@graph":[{"@type":"WebPage","@id":"https:\/\/vineyard-mc.com\/das-team-der-vineyard-management-consulting-gmbh\/dominik-stens\/","url":"https:\/\/vineyard-mc.com\/das-team-der-vineyard-management-consulting-gmbh\/dominik-stens\/","name":"Dominik Stens - Vineyard Management Consulting GmbH","isPartOf":{"@id":"https:\/\/vineyard-mc.com\/#website"},"primaryImageOfPage":{"@id":"https:\/\/vineyard-mc.com\/das-team-der-vineyard-management-consulting-gmbh\/dominik-stens\/#primaryimage"},"image":{"@id":"https:\/\/vineyard-mc.com\/das-team-der-vineyard-management-consulting-gmbh\/dominik-stens\/#primaryimage"},"thumbnailUrl":"https:\/\/vineyard-mc.com\/wp-content\/uploads\/2024\/04\/BildWebsite-e1712051654661-300x300.jpg","datePublished":"2024-06-07T22:02:31+00:00","dateModified":"2025-12-22T14:20:18+00:00","breadcrumb":{"@id":"https:\/\/vineyard-mc.com\/das-team-der-vineyard-management-consulting-gmbh\/dominik-stens\/#breadcrumb"},"inLanguage":"de","potentialAction":[{"@type":"ReadAction","target":["https:\/\/vineyard-mc.com\/das-team-der-vineyard-management-consulting-gmbh\/dominik-stens\/"]}]},{"@type":"ImageObject","inLanguage":"de","@id":"https:\/\/vineyard-mc.com\/das-team-der-vineyard-management-consulting-gmbh\/dominik-stens\/#primaryimage","url":"https:\/\/vineyard-mc.com\/wp-content\/uploads\/2024\/04\/BildWebsite-e1712051654661-300x300.jpg","contentUrl":"https:\/\/vineyard-mc.com\/wp-content\/uploads\/2024\/04\/BildWebsite-e1712051654661-300x300.jpg"},{"@type":"BreadcrumbList","@id":"https:\/\/vineyard-mc.com\/das-team-der-vineyard-management-consulting-gmbh\/dominik-stens\/#breadcrumb","itemListElement":[{"@type":"ListItem","position":1,"name":"Startseite","item":"https:\/\/vineyard-mc.com\/"},{"@type":"ListItem","position":2,"name":"Unser Team","item":"https:\/\/vineyard-mc.com\/das-team-der-vineyard-management-consulting-gmbh\/"},{"@type":"ListItem","position":3,"name":"Dominik Stens"}]},{"@type":"WebSite","@id":"https:\/\/vineyard-mc.com\/#website","url":"https:\/\/vineyard-mc.com\/","name":"Vineyard Management Consulting GmbH","description":"Better Ideas - Better Results","publisher":{"@id":"https:\/\/vineyard-mc.com\/#organization"},"alternateName":"VMC GmbH","potentialAction":[{"@type":"SearchAction","target":{"@type":"EntryPoint","urlTemplate":"https:\/\/vineyard-mc.com\/?s={search_term_string}"},"query-input":{"@type":"PropertyValueSpecification","valueRequired":true,"valueName":"search_term_string"}}],"inLanguage":"de"},{"@type":"Organization","@id":"https:\/\/vineyard-mc.com\/#organization","name":"Vineyard Management Consulting GmbH","url":"https:\/\/vineyard-mc.com\/","logo":{"@type":"ImageObject","inLanguage":"de","@id":"https:\/\/vineyard-mc.com\/#\/schema\/logo\/image\/","url":"https:\/\/vineyard-mc.com\/wp-content\/uploads\/2021\/03\/VMC-Logo_1.jpg","contentUrl":"https:\/\/vineyard-mc.com\/wp-content\/uploads\/2021\/03\/VMC-Logo_1.jpg","width":506,"height":665,"caption":"Vineyard Management Consulting GmbH"},"image":{"@id":"https:\/\/vineyard-mc.com\/#\/schema\/logo\/image\/"},"sameAs":["https:\/\/de.linkedin.com\/company\/vineyard-management-consulting-gmbh"]}]}},"_links":{"self":[{"href":"https:\/\/vineyard-mc.com\/de_de\/wp-json\/wp\/v2\/pages\/988924","targetHints":{"allow":["GET"]}}],"collection":[{"href":"https:\/\/vineyard-mc.com\/de_de\/wp-json\/wp\/v2\/pages"}],"about":[{"href":"https:\/\/vineyard-mc.com\/de_de\/wp-json\/wp\/v2\/types\/page"}],"author":[{"embeddable":true,"href":"https:\/\/vineyard-mc.com\/de_de\/wp-json\/wp\/v2\/users\/6"}],"replies":[{"embeddable":true,"href":"https:\/\/vineyard-mc.com\/de_de\/wp-json\/wp\/v2\/comments?post=988924"}],"version-history":[{"count":22,"href":"https:\/\/vineyard-mc.com\/de_de\/wp-json\/wp\/v2\/pages\/988924\/revisions"}],"predecessor-version":[{"id":989587,"href":"https:\/\/vineyard-mc.com\/de_de\/wp-json\/wp\/v2\/pages\/988924\/revisions\/989587"}],"up":[{"embeddable":true,"href":"https:\/\/vineyard-mc.com\/de_de\/wp-json\/wp\/v2\/pages\/7774"}],"wp:attachment":[{"href":"https:\/\/vineyard-mc.com\/de_de\/wp-json\/wp\/v2\/media?parent=988924"}],"curies":[{"name":"wp","href":"https:\/\/api.w.org\/{rel}","templated":true}]}}