{"id":988942,"date":"2024-06-10T14:18:05","date_gmt":"2024-06-10T12:18:05","guid":{"rendered":"https:\/\/vineyard-mc.com\/?page_id=988942"},"modified":"2025-12-22T15:18:40","modified_gmt":"2025-12-22T14:18:40","slug":"laura-beckervordersandforth","status":"publish","type":"page","link":"https:\/\/vineyard-mc.com\/de_de\/das-team-der-vineyard-management-consulting-gmbh\/laura-beckervordersandforth\/","title":{"rendered":"Laura Beckervordersandforth"},"content":{"rendered":"<div class=\"row \"><div class=\"wpv-grid grid-2-5  wpv-first-level first unextended\" style=\"padding-top:0px;padding-bottom:0px\" id=\"wpv-column-7c4f3fa648b4ba6ce54745a405bd2ec3\" ><div class=\"row \"><div class=\"wpv-grid grid-1-1  first unextended\" style=\"padding-top:0px;padding-bottom:0px\" id=\"wpv-column-7950b6d45d7bf9c0774b3688ee97d04e\" ><p><img loading=\"lazy\" decoding=\"async\" class=\"size-medium wp-image-988298 aligncenter\" src=\"https:\/\/vineyard-mc.com\/wp-content\/uploads\/2024\/01\/Laura-Beckervordersandforth_hell-e1704988302637-264x300.jpg\" alt=\"ProfilbildLauraBeckervordersandforth\" width=\"264\" height=\"300\" srcset=\"https:\/\/vineyard-mc.com\/wp-content\/uploads\/2024\/01\/Laura-Beckervordersandforth_hell-e1704988302637-264x300.jpg 264w, https:\/\/vineyard-mc.com\/wp-content\/uploads\/2024\/01\/Laura-Beckervordersandforth_hell-e1704988302637-901x1024.jpg 901w, https:\/\/vineyard-mc.com\/wp-content\/uploads\/2024\/01\/Laura-Beckervordersandforth_hell-e1704988302637-11x12.jpg 11w, https:\/\/vineyard-mc.com\/wp-content\/uploads\/2024\/01\/Laura-Beckervordersandforth_hell-e1704988302637.jpg 1408w\" sizes=\"auto, (max-width: 264px) 100vw, 264px\" \/><\/div><\/div>\n<div class=\"row \"><div class=\"wpv-grid grid-1-1  first unextended\" style=\"padding-top:0px;padding-bottom:0px\" id=\"wpv-column-cd8ed37339259f22cb8907342c7cc56b\" ><p>KONTAKT:<\/p>\n<p>beckervordersandforth@vineyard-mc.com<\/p>\n<p>SCHWERPUNKTE:<\/p>\n<p><a href=\"https:\/\/vineyard-mc.com\/de_de\/leistungen\/people\/\">People Management<\/a> \u2192<br \/>\n<a href=\"https:\/\/vineyard-mc.com\/de_de\/leistungen\/project\/\">Project Management<\/a> \u2192<br \/>\nInformationssicherheit \u2192<\/p>\n<p>STUDIUM:<\/p>\n<p>International Business Administration, WHU \u2013 Otto Beisheim School of Management<\/div><\/div><\/div>\n<div class=\"wpv-grid grid-3-5  wpv-first-level unextended\" style=\"padding-top:0px;padding-bottom:15px\" id=\"wpv-column-59c5e6d3673812aeaee1c5baedc326d5\" ><div class=\"row \"><div class=\"wpv-grid grid-1-1  first unextended\" style=\"padding-top:0px;padding-bottom:0px\" id=\"wpv-column-08dc0fd62f3a951d9aed931a1e79d383\" ><p>Laura ist eine erfahrene Managementberaterin in den Bereichen Versicherungen, Finanzdienstleistungen, Bildung und Industrie. Ihr Schwerpunkt liegt dabei auf IT-, Prozess und Produktmanagement sowie der Begleitung von Transformationsprozessen sowohl in noch jungen Unternehmen als auch in internationalen Gro\u00dfkonzernen. Als Projekt- und Personalleiterin hat Laura Erfahrung in der Koordination von Projekten und Teams \u00fcber verschiedene Kontinente hinweg und hebt sich dabei durch ihre Kommunikationsf\u00e4higkeit und kulturelle Kompetenz hervor. Lauras Expertise in komplexen, dynamischen Umgebungen gepaart mit ihrem Prozess- und IT-Verst\u00e4ndnis erm\u00f6glicht es ihr, ihre Kunden bei der Erreichung ihrer Ziele bestm\u00f6glich zu unterst\u00fctzen.<\/p>\n<p>Laura\u2019s Kernkompetenzen sind:<\/p>\n<ul>\n<li><b>Prozessmanagement<\/b>: Lauras Erfahrung umfasst die Definition und Optimierung von Informationsfl\u00fcssen, sowie die globale Prozessimplementierung von Gesch\u00e4fts-, IT- und IT-Support-Prozessen und die Einf\u00fchrung entsprechender KPIs. Diese Expertise in Prozessanalyse, -modellierung, -simulation, -design und -implementierung erm\u00f6glicht es ihr, transparente und stabile Prozesse zu schaffen.<\/li>\n<li><b>Strategisches Change Management<\/b>: Laura hat umfangreiche Erfahrung als Change Agent und Projektleiterin in einer Vielzahl von Projekten, zum Beispiel als Projektleiterin in einem Projekt zur Internalisierung von Gesch\u00e4ftseinheiten in eine internationale Organisation oder als Product Owner f\u00fcr die Migration einer Organisation zu Microsoft O365, einschlie\u00dflich Unternehmenskommunikation und Onboarding.<\/li>\n<li><b>Unternehmens- und Projektcontrolling<\/b>: Als Projektmanagerin ist Laura regelm\u00e4\u00dfig f\u00fcr Budgetierung, Ressourcenplanung und das Lieferantenmanagement verantwortlich. Sie leitete Initiativen zur Implementierung von Performance-Management-Frameworks wie OKRs sowie die unternehmensweite Finanzberichterstattung.<\/li>\n<li><b>Personalmanagement<\/b>: Als Head of Operations und Projektmanagerin war Laura f\u00fcr die Strukturierung und Skalierung des operativen Kerngesch\u00e4fts eines Unternehmens verantwortlich, einschlie\u00dflich Personal-, Finanz- und Strategieentscheidungen. Sie baute ihre Betriebs- und IT-Abteilungen von vier Mitarbeitern auf f\u00fcnf Teams mit \u00fcber 50 Mitarbeitern aus. Sie hat kleine und gro\u00dfe Gruppen sowohl als Teamleiterin als auch als externer Coach geschult und gecoacht.<\/li>\n<li><b>Publizierte Autorin <\/b>zu Themen wie: \u201cCyber Security Frameworks als Basis zur Steuerung von Strategie und Risiken\u201d \u2192 <a href=\"https:\/\/vineyard-mc.com\/de_de\/aktuelles\/neuigkeiten-3\/\"><b>Link<\/b><\/a><\/li>\n<\/ul>\n<p>Laura hat ihren Bachelor of International Business Administration an der WHU \u2013 Otto Beisheim School of Management erworben und verf\u00fcgt \u00fcber ein solides Portfolio an branchenweit anerkannten Zertifizierungen und Standards. Zu diesen geh\u00f6ren:<\/p>\n<ul>\n<li><b>(<\/b><b>Agiles) Projektmanagement:<\/b> Professional Scrum Master \u2122 (Scrum.org), Professional Scrum Product Owner (Scrum.org), Prince2 Foundation (Axelos\u00ae)<\/li>\n<li><b>IT- und Prozessmanagement<\/b><b>: <\/b>ITIL v4 (Axelos\u00ae)<\/li>\n<li><b>Software Development<\/b>: SQL, XML, HTML, CSS, JavaScript, Ruby, Ruby on Rails<\/li>\n<li><b>Technology &#038; Tools: <\/b>Microsoft Purview<b>, <\/b>ServiceNow, SharePoint, Azure DevOps, Jira, Confluence, MS 365 Business (Administrator, MS Office, ThinkCell, Visio, MS Project)<\/li>\n<\/ul><\/div><\/div><\/div><\/div>\n<div class=\"row \"><div class=\"wpv-grid grid-1-1  wpv-first-level first unextended\" style=\"padding-top:0px;padding-bottom:0px\" id=\"wpv-column-6e49bed3e3f50f0dc30a79b1e508c7a2\" >\t\t<div class=\"sep-text single centered\">\n\t\t\t\t\t\t\t<span class=\"sep-text-before\"><div class=\"sep-text-line\"><\/div><\/span>\n\t\t\t\t\t\t<div class=\"content\">\n\t\t\t\t<h2 class=\"text-divider-double\">Ihre Nachricht<\/h2>\t\t\t<\/div>\n\t\t\t<span class=\"sep-text-after\"><div class=\"sep-text-line\"><\/div><\/span>\n\t\t\t\t\t<\/div>\n\t<div class=\"row \"><div class=\"wpv-grid grid-1-1  first unextended\" style=\"padding-top:0px;padding-bottom:0px\" id=\"wpv-column-46dd906ee2f90273a220d7f90aee683e\" ><p>\n<div class=\"wpcf7 no-js\" id=\"wpcf7-f10-o1\" lang=\"en-US\" dir=\"ltr\" data-wpcf7-id=\"10\">\n<div class=\"screen-reader-response\"><p role=\"status\" aria-live=\"polite\" aria-atomic=\"true\"><\/p> <ul><\/ul><\/div>\n<form action=\"\/de_de\/wp-json\/wp\/v2\/pages\/988942#wpcf7-f10-o1\" method=\"post\" class=\"wpcf7-form init\" aria-label=\"Contact form\" novalidate=\"novalidate\" data-status=\"init\">\n<fieldset class=\"hidden-fields-container\"><input type=\"hidden\" name=\"_wpcf7\" value=\"10\" \/><input type=\"hidden\" name=\"_wpcf7_version\" value=\"6.1.5\" \/><input type=\"hidden\" name=\"_wpcf7_locale\" value=\"en_US\" \/><input type=\"hidden\" name=\"_wpcf7_unit_tag\" value=\"wpcf7-f10-o1\" \/><input type=\"hidden\" name=\"_wpcf7_container_post\" value=\"0\" \/><input type=\"hidden\" name=\"_wpcf7_posted_data_hash\" value=\"\" \/>\n<\/fieldset>\n<div class=\"row\">\n\t<div class=\"grid-1-3\">\n\t\t<p><span class=\"wpcf7-form-control-wrap\" data-name=\"Name\"><input size=\"40\" maxlength=\"400\" class=\"wpcf7-form-control wpcf7-text wpcf7-validates-as-required\" aria-required=\"true\" aria-invalid=\"false\" value=\"Ihr Name \/ Your name\" type=\"text\" name=\"Name\" \/><\/span>\n\t\t<\/p>\n\t<\/div>\n\t<div class=\"grid-1-3\">\n\t\t<p><span class=\"wpcf7-form-control-wrap\" data-name=\"E-mail\"><input size=\"40\" maxlength=\"400\" class=\"wpcf7-form-control wpcf7-text wpcf7-validates-as-required\" aria-required=\"true\" aria-invalid=\"false\" value=\"E-Mail \/ email\" type=\"text\" name=\"E-mail\" \/><\/span>\n\t\t<\/p>\n\t<\/div>\n\t<div class=\"grid-1-3\">\n\t\t<p><span class=\"wpcf7-form-control-wrap\" data-name=\"Phone\"><input size=\"40\" maxlength=\"400\" class=\"wpcf7-form-control wpcf7-text\" aria-invalid=\"false\" value=\"Telefon \/ Phone\" type=\"text\" name=\"Phone\" \/><\/span>\n\t\t<\/p>\n\t<\/div>\n\t<div class=\"grid-1-1\">\n\t\t<p><span class=\"wpcf7-form-control-wrap\" data-name=\"Subject\"><input size=\"40\" maxlength=\"400\" class=\"wpcf7-form-control wpcf7-text wpcf7-validates-as-required\" aria-required=\"true\" aria-invalid=\"false\" value=\"Ihr Thema \/ Subject\" type=\"text\" name=\"Subject\" \/><\/span>\n\t\t<\/p>\n\t<\/div>\n\t<div class=\"grid-1-1\">\n\t\t<p><span class=\"wpcf7-form-control-wrap\" data-name=\"Message\"><textarea cols=\"40\" rows=\"10\" maxlength=\"2000\" class=\"wpcf7-form-control wpcf7-textarea wpcf7-validates-as-required\" aria-required=\"true\" aria-invalid=\"false\" name=\"Message\">Ihre Nachricht... \/ Your message...<\/textarea><\/span>\n\t\t<\/p>\n\t<\/div>\n\t<div style= \"text-align: center;\">\n\t\t<p><input class=\"wpcf7-form-control wpcf7-submit has-spinner\" type=\"submit\" value=\"Absenden \/ Send \u2192\" \/>\n\t\t<\/p>\n\t<\/div>\n<\/div><div class=\"wpcf7-response-output\" aria-hidden=\"true\"><\/div>\n<\/form>\n<\/div>\n<\/div><\/div><\/div><\/div>\n","protected":false},"excerpt":{"rendered":"<p>KONTAKT: beckervordersandforth@vineyard-mc.com SCHWERPUNKTE: People Management \u2192 Project Management \u2192 Informationssicherheit \u2192 STUDIUM: International Business Administration, WHU \u2013 Otto Beisheim School of Management Laura ist eine erfahrene Managementberaterin in den Bereichen Versicherungen, Finanzdienstleistungen, Bildung und Industrie. Ihr Schwerpunkt liegt dabei auf IT-, Prozess und Produktmanagement sowie der Begleitung von Transformationsprozessen sowohl in noch jungen Unternehmen als&#8230;<\/p>\n","protected":false},"author":6,"featured_media":0,"parent":7774,"menu_order":0,"comment_status":"closed","ping_status":"closed","template":"","meta":{"footnotes":""},"class_list":["post-988942","page","type-page","status-publish","hentry"],"yoast_head":"<!-- This site is optimized with the Yoast SEO plugin v27.3 - https:\/\/yoast.com\/product\/yoast-seo-wordpress\/ -->\n<title>Laura Beckervordersandforth - Vineyard Management Consulting GmbH<\/title>\n<meta name=\"robots\" content=\"index, follow, max-snippet:-1, max-image-preview:large, max-video-preview:-1\" \/>\n<link rel=\"canonical\" href=\"https:\/\/vineyard-mc.com\/de_de\/das-team-der-vineyard-management-consulting-gmbh\/laura-beckervordersandforth\/\" \/>\n<meta property=\"og:locale\" content=\"de_DE\" \/>\n<meta property=\"og:type\" content=\"article\" \/>\n<meta property=\"og:title\" content=\"Laura Beckervordersandforth - Vineyard Management Consulting GmbH\" \/>\n<meta property=\"og:description\" content=\"KONTAKT: beckervordersandforth@vineyard-mc.com SCHWERPUNKTE: People Management \u2192 Project Management \u2192 Informationssicherheit \u2192 STUDIUM: International Business Administration, WHU \u2013 Otto Beisheim School of Management Laura ist eine erfahrene Managementberaterin in den Bereichen Versicherungen, Finanzdienstleistungen, Bildung und Industrie. Ihr Schwerpunkt liegt dabei auf IT-, Prozess und Produktmanagement sowie der Begleitung von Transformationsprozessen sowohl in noch jungen Unternehmen als...\" \/>\n<meta property=\"og:url\" content=\"https:\/\/vineyard-mc.com\/de_de\/das-team-der-vineyard-management-consulting-gmbh\/laura-beckervordersandforth\/\" \/>\n<meta property=\"og:site_name\" content=\"Vineyard Management Consulting GmbH\" \/>\n<meta property=\"article:modified_time\" content=\"2025-12-22T14:18:40+00:00\" \/>\n<meta property=\"og:image\" content=\"https:\/\/vineyard-mc.com\/wp-content\/uploads\/2024\/01\/Laura-Beckervordersandforth_hell-e1704988302637.jpg\" \/>\n\t<meta property=\"og:image:width\" content=\"1408\" \/>\n\t<meta property=\"og:image:height\" content=\"1600\" \/>\n\t<meta property=\"og:image:type\" content=\"image\/jpeg\" \/>\n<meta name=\"twitter:card\" content=\"summary_large_image\" \/>\n<meta name=\"twitter:label1\" content=\"Gesch\u00e4tzte Lesezeit\" \/>\n\t<meta name=\"twitter:data1\" content=\"4\u00a0Minuten\" \/>\n<script type=\"application\/ld+json\" class=\"yoast-schema-graph\">{\"@context\":\"https:\\\/\\\/schema.org\",\"@graph\":[{\"@type\":\"WebPage\",\"@id\":\"https:\\\/\\\/vineyard-mc.com\\\/das-team-der-vineyard-management-consulting-gmbh\\\/laura-beckervordersandforth\\\/\",\"url\":\"https:\\\/\\\/vineyard-mc.com\\\/das-team-der-vineyard-management-consulting-gmbh\\\/laura-beckervordersandforth\\\/\",\"name\":\"Laura Beckervordersandforth - Vineyard Management Consulting GmbH\",\"isPartOf\":{\"@id\":\"https:\\\/\\\/vineyard-mc.com\\\/#website\"},\"primaryImageOfPage\":{\"@id\":\"https:\\\/\\\/vineyard-mc.com\\\/das-team-der-vineyard-management-consulting-gmbh\\\/laura-beckervordersandforth\\\/#primaryimage\"},\"image\":{\"@id\":\"https:\\\/\\\/vineyard-mc.com\\\/das-team-der-vineyard-management-consulting-gmbh\\\/laura-beckervordersandforth\\\/#primaryimage\"},\"thumbnailUrl\":\"https:\\\/\\\/vineyard-mc.com\\\/wp-content\\\/uploads\\\/2024\\\/01\\\/Laura-Beckervordersandforth_hell-e1704988302637-264x300.jpg\",\"datePublished\":\"2024-06-10T12:18:05+00:00\",\"dateModified\":\"2025-12-22T14:18:40+00:00\",\"breadcrumb\":{\"@id\":\"https:\\\/\\\/vineyard-mc.com\\\/das-team-der-vineyard-management-consulting-gmbh\\\/laura-beckervordersandforth\\\/#breadcrumb\"},\"inLanguage\":\"de\",\"potentialAction\":[{\"@type\":\"ReadAction\",\"target\":[\"https:\\\/\\\/vineyard-mc.com\\\/das-team-der-vineyard-management-consulting-gmbh\\\/laura-beckervordersandforth\\\/\"]}]},{\"@type\":\"ImageObject\",\"inLanguage\":\"de\",\"@id\":\"https:\\\/\\\/vineyard-mc.com\\\/das-team-der-vineyard-management-consulting-gmbh\\\/laura-beckervordersandforth\\\/#primaryimage\",\"url\":\"https:\\\/\\\/vineyard-mc.com\\\/wp-content\\\/uploads\\\/2024\\\/01\\\/Laura-Beckervordersandforth_hell-e1704988302637-264x300.jpg\",\"contentUrl\":\"https:\\\/\\\/vineyard-mc.com\\\/wp-content\\\/uploads\\\/2024\\\/01\\\/Laura-Beckervordersandforth_hell-e1704988302637-264x300.jpg\"},{\"@type\":\"BreadcrumbList\",\"@id\":\"https:\\\/\\\/vineyard-mc.com\\\/das-team-der-vineyard-management-consulting-gmbh\\\/laura-beckervordersandforth\\\/#breadcrumb\",\"itemListElement\":[{\"@type\":\"ListItem\",\"position\":1,\"name\":\"Startseite\",\"item\":\"https:\\\/\\\/vineyard-mc.com\\\/\"},{\"@type\":\"ListItem\",\"position\":2,\"name\":\"Unser Team\",\"item\":\"https:\\\/\\\/vineyard-mc.com\\\/das-team-der-vineyard-management-consulting-gmbh\\\/\"},{\"@type\":\"ListItem\",\"position\":3,\"name\":\"Laura Beckervordersandforth\"}]},{\"@type\":\"WebSite\",\"@id\":\"https:\\\/\\\/vineyard-mc.com\\\/#website\",\"url\":\"https:\\\/\\\/vineyard-mc.com\\\/\",\"name\":\"Vineyard Management Consulting GmbH\",\"description\":\"Better Ideas - Better Results\",\"publisher\":{\"@id\":\"https:\\\/\\\/vineyard-mc.com\\\/#organization\"},\"alternateName\":\"VMC GmbH\",\"potentialAction\":[{\"@type\":\"SearchAction\",\"target\":{\"@type\":\"EntryPoint\",\"urlTemplate\":\"https:\\\/\\\/vineyard-mc.com\\\/?s={search_term_string}\"},\"query-input\":{\"@type\":\"PropertyValueSpecification\",\"valueRequired\":true,\"valueName\":\"search_term_string\"}}],\"inLanguage\":\"de\"},{\"@type\":\"Organization\",\"@id\":\"https:\\\/\\\/vineyard-mc.com\\\/#organization\",\"name\":\"Vineyard Management Consulting GmbH\",\"url\":\"https:\\\/\\\/vineyard-mc.com\\\/\",\"logo\":{\"@type\":\"ImageObject\",\"inLanguage\":\"de\",\"@id\":\"https:\\\/\\\/vineyard-mc.com\\\/#\\\/schema\\\/logo\\\/image\\\/\",\"url\":\"https:\\\/\\\/vineyard-mc.com\\\/wp-content\\\/uploads\\\/2021\\\/03\\\/VMC-Logo_1.jpg\",\"contentUrl\":\"https:\\\/\\\/vineyard-mc.com\\\/wp-content\\\/uploads\\\/2021\\\/03\\\/VMC-Logo_1.jpg\",\"width\":506,\"height\":665,\"caption\":\"Vineyard Management Consulting GmbH\"},\"image\":{\"@id\":\"https:\\\/\\\/vineyard-mc.com\\\/#\\\/schema\\\/logo\\\/image\\\/\"},\"sameAs\":[\"https:\\\/\\\/de.linkedin.com\\\/company\\\/vineyard-management-consulting-gmbh\"]}]}<\/script>\n<!-- \/ Yoast SEO plugin. -->","yoast_head_json":{"title":"Laura Beckervordersandforth - Vineyard Management Consulting GmbH","robots":{"index":"index","follow":"follow","max-snippet":"max-snippet:-1","max-image-preview":"max-image-preview:large","max-video-preview":"max-video-preview:-1"},"canonical":"https:\/\/vineyard-mc.com\/de_de\/das-team-der-vineyard-management-consulting-gmbh\/laura-beckervordersandforth\/","og_locale":"de_DE","og_type":"article","og_title":"Laura Beckervordersandforth - Vineyard Management Consulting GmbH","og_description":"KONTAKT: beckervordersandforth@vineyard-mc.com SCHWERPUNKTE: People Management \u2192 Project Management \u2192 Informationssicherheit \u2192 STUDIUM: International Business Administration, WHU \u2013 Otto Beisheim School of Management Laura ist eine erfahrene Managementberaterin in den Bereichen Versicherungen, Finanzdienstleistungen, Bildung und Industrie. Ihr Schwerpunkt liegt dabei auf IT-, Prozess und Produktmanagement sowie der Begleitung von Transformationsprozessen sowohl in noch jungen Unternehmen als...","og_url":"https:\/\/vineyard-mc.com\/de_de\/das-team-der-vineyard-management-consulting-gmbh\/laura-beckervordersandforth\/","og_site_name":"Vineyard Management Consulting GmbH","article_modified_time":"2025-12-22T14:18:40+00:00","og_image":[{"width":1408,"height":1600,"url":"https:\/\/vineyard-mc.com\/wp-content\/uploads\/2024\/01\/Laura-Beckervordersandforth_hell-e1704988302637.jpg","type":"image\/jpeg"}],"twitter_card":"summary_large_image","twitter_misc":{"Gesch\u00e4tzte Lesezeit":"4\u00a0Minuten"},"schema":{"@context":"https:\/\/schema.org","@graph":[{"@type":"WebPage","@id":"https:\/\/vineyard-mc.com\/das-team-der-vineyard-management-consulting-gmbh\/laura-beckervordersandforth\/","url":"https:\/\/vineyard-mc.com\/das-team-der-vineyard-management-consulting-gmbh\/laura-beckervordersandforth\/","name":"Laura Beckervordersandforth - Vineyard Management Consulting GmbH","isPartOf":{"@id":"https:\/\/vineyard-mc.com\/#website"},"primaryImageOfPage":{"@id":"https:\/\/vineyard-mc.com\/das-team-der-vineyard-management-consulting-gmbh\/laura-beckervordersandforth\/#primaryimage"},"image":{"@id":"https:\/\/vineyard-mc.com\/das-team-der-vineyard-management-consulting-gmbh\/laura-beckervordersandforth\/#primaryimage"},"thumbnailUrl":"https:\/\/vineyard-mc.com\/wp-content\/uploads\/2024\/01\/Laura-Beckervordersandforth_hell-e1704988302637-264x300.jpg","datePublished":"2024-06-10T12:18:05+00:00","dateModified":"2025-12-22T14:18:40+00:00","breadcrumb":{"@id":"https:\/\/vineyard-mc.com\/das-team-der-vineyard-management-consulting-gmbh\/laura-beckervordersandforth\/#breadcrumb"},"inLanguage":"de","potentialAction":[{"@type":"ReadAction","target":["https:\/\/vineyard-mc.com\/das-team-der-vineyard-management-consulting-gmbh\/laura-beckervordersandforth\/"]}]},{"@type":"ImageObject","inLanguage":"de","@id":"https:\/\/vineyard-mc.com\/das-team-der-vineyard-management-consulting-gmbh\/laura-beckervordersandforth\/#primaryimage","url":"https:\/\/vineyard-mc.com\/wp-content\/uploads\/2024\/01\/Laura-Beckervordersandforth_hell-e1704988302637-264x300.jpg","contentUrl":"https:\/\/vineyard-mc.com\/wp-content\/uploads\/2024\/01\/Laura-Beckervordersandforth_hell-e1704988302637-264x300.jpg"},{"@type":"BreadcrumbList","@id":"https:\/\/vineyard-mc.com\/das-team-der-vineyard-management-consulting-gmbh\/laura-beckervordersandforth\/#breadcrumb","itemListElement":[{"@type":"ListItem","position":1,"name":"Startseite","item":"https:\/\/vineyard-mc.com\/"},{"@type":"ListItem","position":2,"name":"Unser Team","item":"https:\/\/vineyard-mc.com\/das-team-der-vineyard-management-consulting-gmbh\/"},{"@type":"ListItem","position":3,"name":"Laura Beckervordersandforth"}]},{"@type":"WebSite","@id":"https:\/\/vineyard-mc.com\/#website","url":"https:\/\/vineyard-mc.com\/","name":"Vineyard Management Consulting GmbH","description":"Better Ideas - Better Results","publisher":{"@id":"https:\/\/vineyard-mc.com\/#organization"},"alternateName":"VMC GmbH","potentialAction":[{"@type":"SearchAction","target":{"@type":"EntryPoint","urlTemplate":"https:\/\/vineyard-mc.com\/?s={search_term_string}"},"query-input":{"@type":"PropertyValueSpecification","valueRequired":true,"valueName":"search_term_string"}}],"inLanguage":"de"},{"@type":"Organization","@id":"https:\/\/vineyard-mc.com\/#organization","name":"Vineyard Management Consulting GmbH","url":"https:\/\/vineyard-mc.com\/","logo":{"@type":"ImageObject","inLanguage":"de","@id":"https:\/\/vineyard-mc.com\/#\/schema\/logo\/image\/","url":"https:\/\/vineyard-mc.com\/wp-content\/uploads\/2021\/03\/VMC-Logo_1.jpg","contentUrl":"https:\/\/vineyard-mc.com\/wp-content\/uploads\/2021\/03\/VMC-Logo_1.jpg","width":506,"height":665,"caption":"Vineyard Management Consulting GmbH"},"image":{"@id":"https:\/\/vineyard-mc.com\/#\/schema\/logo\/image\/"},"sameAs":["https:\/\/de.linkedin.com\/company\/vineyard-management-consulting-gmbh"]}]}},"_links":{"self":[{"href":"https:\/\/vineyard-mc.com\/de_de\/wp-json\/wp\/v2\/pages\/988942","targetHints":{"allow":["GET"]}}],"collection":[{"href":"https:\/\/vineyard-mc.com\/de_de\/wp-json\/wp\/v2\/pages"}],"about":[{"href":"https:\/\/vineyard-mc.com\/de_de\/wp-json\/wp\/v2\/types\/page"}],"author":[{"embeddable":true,"href":"https:\/\/vineyard-mc.com\/de_de\/wp-json\/wp\/v2\/users\/6"}],"replies":[{"embeddable":true,"href":"https:\/\/vineyard-mc.com\/de_de\/wp-json\/wp\/v2\/comments?post=988942"}],"version-history":[{"count":17,"href":"https:\/\/vineyard-mc.com\/de_de\/wp-json\/wp\/v2\/pages\/988942\/revisions"}],"predecessor-version":[{"id":989620,"href":"https:\/\/vineyard-mc.com\/de_de\/wp-json\/wp\/v2\/pages\/988942\/revisions\/989620"}],"up":[{"embeddable":true,"href":"https:\/\/vineyard-mc.com\/de_de\/wp-json\/wp\/v2\/pages\/7774"}],"wp:attachment":[{"href":"https:\/\/vineyard-mc.com\/de_de\/wp-json\/wp\/v2\/media?parent=988942"}],"curies":[{"name":"wp","href":"https:\/\/api.w.org\/{rel}","templated":true}]}}