{"id":988955,"date":"2024-06-10T14:47:51","date_gmt":"2024-06-10T12:47:51","guid":{"rendered":"https:\/\/vineyard-mc.com\/?page_id=988955"},"modified":"2025-12-22T15:21:02","modified_gmt":"2025-12-22T14:21:02","slug":"anna-faynberg","status":"publish","type":"page","link":"https:\/\/vineyard-mc.com\/de_de\/das-team-der-vineyard-management-consulting-gmbh\/anna-faynberg\/","title":{"rendered":"Anna Faynberg"},"content":{"rendered":"<div class=\"row \"><div class=\"wpv-grid grid-2-5  wpv-first-level first unextended\" style=\"padding-top:0px;padding-bottom:0px\" id=\"wpv-column-129e8fdc7c82ef136bfab56e0a0872bc\" ><div class=\"row \"><div class=\"wpv-grid grid-1-1  first unextended\" style=\"padding-top:0px;padding-bottom:0px\" id=\"wpv-column-5182186b0ea50a509ddb2851570f107d\" ><p><img loading=\"lazy\" decoding=\"async\" class=\"size-medium wp-image-988493 aligncenter\" src=\"https:\/\/vineyard-mc.com\/wp-content\/uploads\/2024\/01\/Faynberg_723x777_enhanced-e1704812293866-300x300.jpg\" alt=\"\" width=\"300\" height=\"300\" srcset=\"https:\/\/vineyard-mc.com\/wp-content\/uploads\/2024\/01\/Faynberg_723x777_enhanced-e1704812293866-300x300.jpg 300w, https:\/\/vineyard-mc.com\/wp-content\/uploads\/2024\/01\/Faynberg_723x777_enhanced-e1704812293866-150x150.jpg 150w, https:\/\/vineyard-mc.com\/wp-content\/uploads\/2024\/01\/Faynberg_723x777_enhanced-e1704812293866-12x12.jpg 12w, https:\/\/vineyard-mc.com\/wp-content\/uploads\/2024\/01\/Faynberg_723x777_enhanced-e1704812293866-60x60.jpg 60w, https:\/\/vineyard-mc.com\/wp-content\/uploads\/2024\/01\/Faynberg_723x777_enhanced-e1704812293866.jpg 722w\" sizes=\"auto, (max-width: 300px) 100vw, 300px\" \/><\/div><\/div>\n<div class=\"row \"><div class=\"wpv-grid grid-1-1  first unextended\" style=\"padding-top:0px;padding-bottom:0px\" id=\"wpv-column-19e5c0bc20c6316acba7e29fecd60cff\" ><p>KONTAKT:<\/p>\n<p>faynberg@vineyard-mc.com<\/p>\n<p>SCHWERPUNKTE:<\/p>\n<p><a href=\"https:\/\/vineyard-mc.com\/de_de\/leistungen\/transition\/\">Transition Management<\/a> \u2192<br \/>\n<a href=\"https:\/\/vineyard-mc.com\/de_de\/leistungen\/project\/\">Project Management<\/a> \u2192<br \/>\nInformationssicherheit \u2192<\/p>\n<p>STUDIUM:<\/p>\n<p>Wirtschaftswissenschaftler, Johann Wolfgang Goethe-Universit\u00e4t Frankfurt am Main und Johannes Gutenberg-Universit\u00e4t Mainz<\/div><\/div><\/div>\n<div class=\"wpv-grid grid-3-5  wpv-first-level unextended\" style=\"padding-top:0px;padding-bottom:0px\" id=\"wpv-column-9dab48288c2a04a03374af7b49ffbad3\" ><div class=\"row \"><div class=\"wpv-grid grid-1-1  first unextended\" style=\"padding-top:0px;padding-bottom:0px\" id=\"wpv-column-4a73f6c147aee6ae1eaf3a0ce03980b1\" ><p>Anna ber\u00e4t als Associate der Vineyard Management Consulting GmbH mittel- und gro\u00dfe Unternehmen im Finanzdienstleistungssektor sowie Industrie.<\/p>\n<p>Als Wirtschaftswissenschaftlerin mit Studium an der Johann Wolfgang Goethe-Universit\u00e4t in Frankfurt am Main und Johannes Gutenberg-Universit\u00e4t Mainz arbeitet Anna seit vier Jahren als Unternehmensberaterin sowie Projektmanagerin in gro\u00dfen Transformationsprojekten. Ihr Fokus liegt hierbei auf Projektsteuerung, begleitender Qualit\u00e4tssicherung bei gro\u00dfen Transformationsvorhaben sowie Prozess- und Ressourcenmanagement.<\/div><\/div><\/div><\/div>\n<div class=\"row \"><div class=\"wpv-grid grid-1-1  wpv-first-level first unextended\" style=\"padding-top:0px;padding-bottom:0px\" id=\"wpv-column-cdadd66f7ea1f69964663a9db39a44c8\" >\t\t<div class=\"sep-text single centered\">\n\t\t\t\t\t\t\t<span class=\"sep-text-before\"><div class=\"sep-text-line\"><\/div><\/span>\n\t\t\t\t\t\t<div class=\"content\">\n\t\t\t\t<h2 class=\"text-divider-double\">Ihre Nachricht<\/h2>\t\t\t<\/div>\n\t\t\t<span class=\"sep-text-after\"><div class=\"sep-text-line\"><\/div><\/span>\n\t\t\t\t\t<\/div>\n\t<div class=\"row \"><div class=\"wpv-grid grid-1-1  first unextended\" style=\"padding-top:0px;padding-bottom:0px\" id=\"wpv-column-c88c76feaf37af80456701f2d6a231d7\" ><p>\n<div class=\"wpcf7 no-js\" id=\"wpcf7-f10-o1\" lang=\"en-US\" dir=\"ltr\" data-wpcf7-id=\"10\">\n<div class=\"screen-reader-response\"><p role=\"status\" aria-live=\"polite\" aria-atomic=\"true\"><\/p> <ul><\/ul><\/div>\n<form action=\"\/de_de\/wp-json\/wp\/v2\/pages\/988955#wpcf7-f10-o1\" method=\"post\" class=\"wpcf7-form init\" aria-label=\"Contact form\" novalidate=\"novalidate\" data-status=\"init\">\n<fieldset class=\"hidden-fields-container\"><input type=\"hidden\" name=\"_wpcf7\" value=\"10\" \/><input type=\"hidden\" name=\"_wpcf7_version\" value=\"6.1.5\" \/><input type=\"hidden\" name=\"_wpcf7_locale\" value=\"en_US\" \/><input type=\"hidden\" name=\"_wpcf7_unit_tag\" value=\"wpcf7-f10-o1\" \/><input type=\"hidden\" name=\"_wpcf7_container_post\" value=\"0\" \/><input type=\"hidden\" name=\"_wpcf7_posted_data_hash\" value=\"\" \/>\n<\/fieldset>\n<div class=\"row\">\n\t<div class=\"grid-1-3\">\n\t\t<p><span class=\"wpcf7-form-control-wrap\" data-name=\"Name\"><input size=\"40\" maxlength=\"400\" class=\"wpcf7-form-control wpcf7-text wpcf7-validates-as-required\" aria-required=\"true\" aria-invalid=\"false\" value=\"Ihr Name \/ Your name\" type=\"text\" name=\"Name\" \/><\/span>\n\t\t<\/p>\n\t<\/div>\n\t<div class=\"grid-1-3\">\n\t\t<p><span class=\"wpcf7-form-control-wrap\" data-name=\"E-mail\"><input size=\"40\" maxlength=\"400\" class=\"wpcf7-form-control wpcf7-text wpcf7-validates-as-required\" aria-required=\"true\" aria-invalid=\"false\" value=\"E-Mail \/ email\" type=\"text\" name=\"E-mail\" \/><\/span>\n\t\t<\/p>\n\t<\/div>\n\t<div class=\"grid-1-3\">\n\t\t<p><span class=\"wpcf7-form-control-wrap\" data-name=\"Phone\"><input size=\"40\" maxlength=\"400\" class=\"wpcf7-form-control wpcf7-text\" aria-invalid=\"false\" value=\"Telefon \/ Phone\" type=\"text\" name=\"Phone\" \/><\/span>\n\t\t<\/p>\n\t<\/div>\n\t<div class=\"grid-1-1\">\n\t\t<p><span class=\"wpcf7-form-control-wrap\" data-name=\"Subject\"><input size=\"40\" maxlength=\"400\" class=\"wpcf7-form-control wpcf7-text wpcf7-validates-as-required\" aria-required=\"true\" aria-invalid=\"false\" value=\"Ihr Thema \/ Subject\" type=\"text\" name=\"Subject\" \/><\/span>\n\t\t<\/p>\n\t<\/div>\n\t<div class=\"grid-1-1\">\n\t\t<p><span class=\"wpcf7-form-control-wrap\" data-name=\"Message\"><textarea cols=\"40\" rows=\"10\" maxlength=\"2000\" class=\"wpcf7-form-control wpcf7-textarea wpcf7-validates-as-required\" aria-required=\"true\" aria-invalid=\"false\" name=\"Message\">Ihre Nachricht... \/ Your message...<\/textarea><\/span>\n\t\t<\/p>\n\t<\/div>\n\t<div style= \"text-align: center;\">\n\t\t<p><input class=\"wpcf7-form-control wpcf7-submit has-spinner\" type=\"submit\" value=\"Absenden \/ Send \u2192\" \/>\n\t\t<\/p>\n\t<\/div>\n<\/div><div class=\"wpcf7-response-output\" aria-hidden=\"true\"><\/div>\n<\/form>\n<\/div>\n<\/div><\/div><\/div><\/div>\n","protected":false},"excerpt":{"rendered":"<p>KONTAKT: faynberg@vineyard-mc.com SCHWERPUNKTE: Transition Management \u2192 Project Management \u2192 Informationssicherheit \u2192 STUDIUM: Wirtschaftswissenschaftler, Johann Wolfgang Goethe-Universit\u00e4t Frankfurt am Main und Johannes Gutenberg-Universit\u00e4t Mainz Anna ber\u00e4t als Associate der Vineyard Management Consulting GmbH mittel- und gro\u00dfe Unternehmen im Finanzdienstleistungssektor sowie Industrie. Als Wirtschaftswissenschaftlerin mit Studium an der Johann Wolfgang Goethe-Universit\u00e4t in Frankfurt am Main und Johannes&#8230;<\/p>\n","protected":false},"author":6,"featured_media":0,"parent":7774,"menu_order":0,"comment_status":"closed","ping_status":"closed","template":"","meta":{"footnotes":""},"class_list":["post-988955","page","type-page","status-publish","hentry"],"yoast_head":"<!-- This site is optimized with the Yoast SEO plugin v27.3 - https:\/\/yoast.com\/product\/yoast-seo-wordpress\/ -->\n<title>Anna Faynberg - Vineyard Management Consulting GmbH<\/title>\n<meta name=\"robots\" content=\"index, follow, max-snippet:-1, max-image-preview:large, max-video-preview:-1\" \/>\n<link rel=\"canonical\" href=\"https:\/\/vineyard-mc.com\/de_de\/das-team-der-vineyard-management-consulting-gmbh\/anna-faynberg\/\" \/>\n<meta property=\"og:locale\" content=\"de_DE\" \/>\n<meta property=\"og:type\" content=\"article\" \/>\n<meta property=\"og:title\" content=\"Anna Faynberg - Vineyard Management Consulting GmbH\" \/>\n<meta property=\"og:description\" content=\"KONTAKT: faynberg@vineyard-mc.com SCHWERPUNKTE: Transition Management \u2192 Project Management \u2192 Informationssicherheit \u2192 STUDIUM: Wirtschaftswissenschaftler, Johann Wolfgang Goethe-Universit\u00e4t Frankfurt am Main und Johannes Gutenberg-Universit\u00e4t Mainz Anna ber\u00e4t als Associate der Vineyard Management Consulting GmbH mittel- und gro\u00dfe Unternehmen im Finanzdienstleistungssektor sowie Industrie. Als Wirtschaftswissenschaftlerin mit Studium an der Johann Wolfgang Goethe-Universit\u00e4t in Frankfurt am Main und Johannes...\" \/>\n<meta property=\"og:url\" content=\"https:\/\/vineyard-mc.com\/de_de\/das-team-der-vineyard-management-consulting-gmbh\/anna-faynberg\/\" \/>\n<meta property=\"og:site_name\" content=\"Vineyard Management Consulting GmbH\" \/>\n<meta property=\"article:modified_time\" content=\"2025-12-22T14:21:02+00:00\" \/>\n<meta property=\"og:image\" content=\"https:\/\/vineyard-mc.com\/wp-content\/uploads\/2024\/01\/Faynberg_723x777_enhanced-e1704812293866.jpg\" \/>\n\t<meta property=\"og:image:width\" content=\"722\" \/>\n\t<meta property=\"og:image:height\" content=\"722\" \/>\n\t<meta property=\"og:image:type\" content=\"image\/jpeg\" \/>\n<meta name=\"twitter:card\" content=\"summary_large_image\" \/>\n<meta name=\"twitter:label1\" content=\"Gesch\u00e4tzte Lesezeit\" \/>\n\t<meta name=\"twitter:data1\" content=\"2\u00a0Minuten\" \/>\n<script type=\"application\/ld+json\" class=\"yoast-schema-graph\">{\"@context\":\"https:\\\/\\\/schema.org\",\"@graph\":[{\"@type\":\"WebPage\",\"@id\":\"https:\\\/\\\/vineyard-mc.com\\\/das-team-der-vineyard-management-consulting-gmbh\\\/anna-faynberg\\\/\",\"url\":\"https:\\\/\\\/vineyard-mc.com\\\/das-team-der-vineyard-management-consulting-gmbh\\\/anna-faynberg\\\/\",\"name\":\"Anna Faynberg - Vineyard Management Consulting GmbH\",\"isPartOf\":{\"@id\":\"https:\\\/\\\/vineyard-mc.com\\\/#website\"},\"primaryImageOfPage\":{\"@id\":\"https:\\\/\\\/vineyard-mc.com\\\/das-team-der-vineyard-management-consulting-gmbh\\\/anna-faynberg\\\/#primaryimage\"},\"image\":{\"@id\":\"https:\\\/\\\/vineyard-mc.com\\\/das-team-der-vineyard-management-consulting-gmbh\\\/anna-faynberg\\\/#primaryimage\"},\"thumbnailUrl\":\"https:\\\/\\\/vineyard-mc.com\\\/wp-content\\\/uploads\\\/2024\\\/01\\\/Faynberg_723x777_enhanced-e1704812293866-300x300.jpg\",\"datePublished\":\"2024-06-10T12:47:51+00:00\",\"dateModified\":\"2025-12-22T14:21:02+00:00\",\"breadcrumb\":{\"@id\":\"https:\\\/\\\/vineyard-mc.com\\\/das-team-der-vineyard-management-consulting-gmbh\\\/anna-faynberg\\\/#breadcrumb\"},\"inLanguage\":\"de\",\"potentialAction\":[{\"@type\":\"ReadAction\",\"target\":[\"https:\\\/\\\/vineyard-mc.com\\\/das-team-der-vineyard-management-consulting-gmbh\\\/anna-faynberg\\\/\"]}]},{\"@type\":\"ImageObject\",\"inLanguage\":\"de\",\"@id\":\"https:\\\/\\\/vineyard-mc.com\\\/das-team-der-vineyard-management-consulting-gmbh\\\/anna-faynberg\\\/#primaryimage\",\"url\":\"https:\\\/\\\/vineyard-mc.com\\\/wp-content\\\/uploads\\\/2024\\\/01\\\/Faynberg_723x777_enhanced-e1704812293866-300x300.jpg\",\"contentUrl\":\"https:\\\/\\\/vineyard-mc.com\\\/wp-content\\\/uploads\\\/2024\\\/01\\\/Faynberg_723x777_enhanced-e1704812293866-300x300.jpg\"},{\"@type\":\"BreadcrumbList\",\"@id\":\"https:\\\/\\\/vineyard-mc.com\\\/das-team-der-vineyard-management-consulting-gmbh\\\/anna-faynberg\\\/#breadcrumb\",\"itemListElement\":[{\"@type\":\"ListItem\",\"position\":1,\"name\":\"Startseite\",\"item\":\"https:\\\/\\\/vineyard-mc.com\\\/\"},{\"@type\":\"ListItem\",\"position\":2,\"name\":\"Unser Team\",\"item\":\"https:\\\/\\\/vineyard-mc.com\\\/das-team-der-vineyard-management-consulting-gmbh\\\/\"},{\"@type\":\"ListItem\",\"position\":3,\"name\":\"Anna Faynberg\"}]},{\"@type\":\"WebSite\",\"@id\":\"https:\\\/\\\/vineyard-mc.com\\\/#website\",\"url\":\"https:\\\/\\\/vineyard-mc.com\\\/\",\"name\":\"Vineyard Management Consulting GmbH\",\"description\":\"Better Ideas - Better Results\",\"publisher\":{\"@id\":\"https:\\\/\\\/vineyard-mc.com\\\/#organization\"},\"alternateName\":\"VMC GmbH\",\"potentialAction\":[{\"@type\":\"SearchAction\",\"target\":{\"@type\":\"EntryPoint\",\"urlTemplate\":\"https:\\\/\\\/vineyard-mc.com\\\/?s={search_term_string}\"},\"query-input\":{\"@type\":\"PropertyValueSpecification\",\"valueRequired\":true,\"valueName\":\"search_term_string\"}}],\"inLanguage\":\"de\"},{\"@type\":\"Organization\",\"@id\":\"https:\\\/\\\/vineyard-mc.com\\\/#organization\",\"name\":\"Vineyard Management Consulting GmbH\",\"url\":\"https:\\\/\\\/vineyard-mc.com\\\/\",\"logo\":{\"@type\":\"ImageObject\",\"inLanguage\":\"de\",\"@id\":\"https:\\\/\\\/vineyard-mc.com\\\/#\\\/schema\\\/logo\\\/image\\\/\",\"url\":\"https:\\\/\\\/vineyard-mc.com\\\/wp-content\\\/uploads\\\/2021\\\/03\\\/VMC-Logo_1.jpg\",\"contentUrl\":\"https:\\\/\\\/vineyard-mc.com\\\/wp-content\\\/uploads\\\/2021\\\/03\\\/VMC-Logo_1.jpg\",\"width\":506,\"height\":665,\"caption\":\"Vineyard Management Consulting GmbH\"},\"image\":{\"@id\":\"https:\\\/\\\/vineyard-mc.com\\\/#\\\/schema\\\/logo\\\/image\\\/\"},\"sameAs\":[\"https:\\\/\\\/de.linkedin.com\\\/company\\\/vineyard-management-consulting-gmbh\"]}]}<\/script>\n<!-- \/ Yoast SEO plugin. -->","yoast_head_json":{"title":"Anna Faynberg - Vineyard Management Consulting GmbH","robots":{"index":"index","follow":"follow","max-snippet":"max-snippet:-1","max-image-preview":"max-image-preview:large","max-video-preview":"max-video-preview:-1"},"canonical":"https:\/\/vineyard-mc.com\/de_de\/das-team-der-vineyard-management-consulting-gmbh\/anna-faynberg\/","og_locale":"de_DE","og_type":"article","og_title":"Anna Faynberg - Vineyard Management Consulting GmbH","og_description":"KONTAKT: faynberg@vineyard-mc.com SCHWERPUNKTE: Transition Management \u2192 Project Management \u2192 Informationssicherheit \u2192 STUDIUM: Wirtschaftswissenschaftler, Johann Wolfgang Goethe-Universit\u00e4t Frankfurt am Main und Johannes Gutenberg-Universit\u00e4t Mainz Anna ber\u00e4t als Associate der Vineyard Management Consulting GmbH mittel- und gro\u00dfe Unternehmen im Finanzdienstleistungssektor sowie Industrie. Als Wirtschaftswissenschaftlerin mit Studium an der Johann Wolfgang Goethe-Universit\u00e4t in Frankfurt am Main und Johannes...","og_url":"https:\/\/vineyard-mc.com\/de_de\/das-team-der-vineyard-management-consulting-gmbh\/anna-faynberg\/","og_site_name":"Vineyard Management Consulting GmbH","article_modified_time":"2025-12-22T14:21:02+00:00","og_image":[{"width":722,"height":722,"url":"https:\/\/vineyard-mc.com\/wp-content\/uploads\/2024\/01\/Faynberg_723x777_enhanced-e1704812293866.jpg","type":"image\/jpeg"}],"twitter_card":"summary_large_image","twitter_misc":{"Gesch\u00e4tzte Lesezeit":"2\u00a0Minuten"},"schema":{"@context":"https:\/\/schema.org","@graph":[{"@type":"WebPage","@id":"https:\/\/vineyard-mc.com\/das-team-der-vineyard-management-consulting-gmbh\/anna-faynberg\/","url":"https:\/\/vineyard-mc.com\/das-team-der-vineyard-management-consulting-gmbh\/anna-faynberg\/","name":"Anna Faynberg - Vineyard Management Consulting GmbH","isPartOf":{"@id":"https:\/\/vineyard-mc.com\/#website"},"primaryImageOfPage":{"@id":"https:\/\/vineyard-mc.com\/das-team-der-vineyard-management-consulting-gmbh\/anna-faynberg\/#primaryimage"},"image":{"@id":"https:\/\/vineyard-mc.com\/das-team-der-vineyard-management-consulting-gmbh\/anna-faynberg\/#primaryimage"},"thumbnailUrl":"https:\/\/vineyard-mc.com\/wp-content\/uploads\/2024\/01\/Faynberg_723x777_enhanced-e1704812293866-300x300.jpg","datePublished":"2024-06-10T12:47:51+00:00","dateModified":"2025-12-22T14:21:02+00:00","breadcrumb":{"@id":"https:\/\/vineyard-mc.com\/das-team-der-vineyard-management-consulting-gmbh\/anna-faynberg\/#breadcrumb"},"inLanguage":"de","potentialAction":[{"@type":"ReadAction","target":["https:\/\/vineyard-mc.com\/das-team-der-vineyard-management-consulting-gmbh\/anna-faynberg\/"]}]},{"@type":"ImageObject","inLanguage":"de","@id":"https:\/\/vineyard-mc.com\/das-team-der-vineyard-management-consulting-gmbh\/anna-faynberg\/#primaryimage","url":"https:\/\/vineyard-mc.com\/wp-content\/uploads\/2024\/01\/Faynberg_723x777_enhanced-e1704812293866-300x300.jpg","contentUrl":"https:\/\/vineyard-mc.com\/wp-content\/uploads\/2024\/01\/Faynberg_723x777_enhanced-e1704812293866-300x300.jpg"},{"@type":"BreadcrumbList","@id":"https:\/\/vineyard-mc.com\/das-team-der-vineyard-management-consulting-gmbh\/anna-faynberg\/#breadcrumb","itemListElement":[{"@type":"ListItem","position":1,"name":"Startseite","item":"https:\/\/vineyard-mc.com\/"},{"@type":"ListItem","position":2,"name":"Unser Team","item":"https:\/\/vineyard-mc.com\/das-team-der-vineyard-management-consulting-gmbh\/"},{"@type":"ListItem","position":3,"name":"Anna Faynberg"}]},{"@type":"WebSite","@id":"https:\/\/vineyard-mc.com\/#website","url":"https:\/\/vineyard-mc.com\/","name":"Vineyard Management Consulting GmbH","description":"Better Ideas - Better Results","publisher":{"@id":"https:\/\/vineyard-mc.com\/#organization"},"alternateName":"VMC GmbH","potentialAction":[{"@type":"SearchAction","target":{"@type":"EntryPoint","urlTemplate":"https:\/\/vineyard-mc.com\/?s={search_term_string}"},"query-input":{"@type":"PropertyValueSpecification","valueRequired":true,"valueName":"search_term_string"}}],"inLanguage":"de"},{"@type":"Organization","@id":"https:\/\/vineyard-mc.com\/#organization","name":"Vineyard Management Consulting GmbH","url":"https:\/\/vineyard-mc.com\/","logo":{"@type":"ImageObject","inLanguage":"de","@id":"https:\/\/vineyard-mc.com\/#\/schema\/logo\/image\/","url":"https:\/\/vineyard-mc.com\/wp-content\/uploads\/2021\/03\/VMC-Logo_1.jpg","contentUrl":"https:\/\/vineyard-mc.com\/wp-content\/uploads\/2021\/03\/VMC-Logo_1.jpg","width":506,"height":665,"caption":"Vineyard Management Consulting GmbH"},"image":{"@id":"https:\/\/vineyard-mc.com\/#\/schema\/logo\/image\/"},"sameAs":["https:\/\/de.linkedin.com\/company\/vineyard-management-consulting-gmbh"]}]}},"_links":{"self":[{"href":"https:\/\/vineyard-mc.com\/de_de\/wp-json\/wp\/v2\/pages\/988955","targetHints":{"allow":["GET"]}}],"collection":[{"href":"https:\/\/vineyard-mc.com\/de_de\/wp-json\/wp\/v2\/pages"}],"about":[{"href":"https:\/\/vineyard-mc.com\/de_de\/wp-json\/wp\/v2\/types\/page"}],"author":[{"embeddable":true,"href":"https:\/\/vineyard-mc.com\/de_de\/wp-json\/wp\/v2\/users\/6"}],"replies":[{"embeddable":true,"href":"https:\/\/vineyard-mc.com\/de_de\/wp-json\/wp\/v2\/comments?post=988955"}],"version-history":[{"count":9,"href":"https:\/\/vineyard-mc.com\/de_de\/wp-json\/wp\/v2\/pages\/988955\/revisions"}],"predecessor-version":[{"id":989623,"href":"https:\/\/vineyard-mc.com\/de_de\/wp-json\/wp\/v2\/pages\/988955\/revisions\/989623"}],"up":[{"embeddable":true,"href":"https:\/\/vineyard-mc.com\/de_de\/wp-json\/wp\/v2\/pages\/7774"}],"wp:attachment":[{"href":"https:\/\/vineyard-mc.com\/de_de\/wp-json\/wp\/v2\/media?parent=988955"}],"curies":[{"name":"wp","href":"https:\/\/api.w.org\/{rel}","templated":true}]}}