{"id":988967,"date":"2024-06-10T15:11:43","date_gmt":"2024-06-10T13:11:43","guid":{"rendered":"https:\/\/vineyard-mc.com\/?page_id=988967"},"modified":"2025-12-22T15:21:06","modified_gmt":"2025-12-22T14:21:06","slug":"david-laycock","status":"publish","type":"page","link":"https:\/\/vineyard-mc.com\/de_de\/das-team-der-vineyard-management-consulting-gmbh\/david-laycock\/","title":{"rendered":"David Laycock"},"content":{"rendered":"<div class=\"row \"><div class=\"wpv-grid grid-2-5  wpv-first-level first unextended\" style=\"padding-top:0px;padding-bottom:0px\" id=\"wpv-column-f450101caa69d1ed6cf7e5329abf06b9\" ><div class=\"row \"><div class=\"wpv-grid grid-1-1  first unextended\" style=\"padding-top:0px;padding-bottom:0px\" id=\"wpv-column-db2ecf425101615a6601e27850b46513\" ><p><img loading=\"lazy\" decoding=\"async\" class=\"size-medium wp-image-988473 aligncenter\" src=\"https:\/\/vineyard-mc.com\/wp-content\/uploads\/2024\/01\/Laycock_500-300x300.jpg\" alt=\"ProfilbildDavidLaycock\" width=\"300\" height=\"300\" srcset=\"https:\/\/vineyard-mc.com\/wp-content\/uploads\/2024\/01\/Laycock_500-300x300.jpg 300w, https:\/\/vineyard-mc.com\/wp-content\/uploads\/2024\/01\/Laycock_500-150x150.jpg 150w, https:\/\/vineyard-mc.com\/wp-content\/uploads\/2024\/01\/Laycock_500-12x12.jpg 12w, https:\/\/vineyard-mc.com\/wp-content\/uploads\/2024\/01\/Laycock_500-60x60.jpg 60w, https:\/\/vineyard-mc.com\/wp-content\/uploads\/2024\/01\/Laycock_500.jpg 500w\" sizes=\"auto, (max-width: 300px) 100vw, 300px\" \/><\/div><\/div>\n<div class=\"row \"><div class=\"wpv-grid grid-1-1  first unextended\" style=\"padding-top:0px;padding-bottom:0px\" id=\"wpv-column-0f00a0b61438fe140a2f307ff7abfac2\" ><p>KONTAKT:<\/p>\n<p>laycock@vineyard-mc.com<\/p>\n<p>SCHWERPUNKTE:<\/p>\n<p>Informationssicherheit \u2192<br \/>\n<a href=\"https:\/\/vineyard-mc.com\/de_de\/leistungen\/project\/\">Project Management<\/a><a href=\"https:\/\/vineyard-mc.com\/de_de\/leistungen\/transition\/\"> \u2192<\/a><br \/>\nProvider Management \u2192<\/p>\n<p>STUDIUM:<\/p>\n<p>Master of Science in Information Technology for Management<\/div><\/div><\/div>\n<div class=\"wpv-grid grid-3-5  wpv-first-level unextended\" style=\"padding-top:0px;padding-bottom:0px\" id=\"wpv-column-35189860a08a47e75e75be190a1c4edc\" ><div class=\"row \"><div class=\"wpv-grid grid-1-1  first unextended\" style=\"padding-top:0px;padding-bottom:0px\" id=\"wpv-column-6c75679f1219e49d0b642a2773582a86\" ><p>David ist ein erfahrener Unternehmensberater, der seit \u00fcber 30 Jahren in der IT-Branche mit Fokus auf den Finanzdienstleistungssektor t\u00e4tig ist. Er konzentriert sich derzeit auf das Informationssicherheitsmanagement und die operative Informationssicherheit, zu seinen fr\u00fcheren Erfahrungen z\u00e4hlen aber auch die Konsolidierung von Rechenzentren, die Verwaltung von Anbietern, die Anwendungsentwicklung, die IT-Infrastruktur, die IT-Strategie, die Umgestaltung von Unternehmen und das Outsourcing. David hat eine Reihe von Projekten geleitet, die sich mit der Informationssicherheit befassen. Au\u00dferdem hat er Softwareentwicklungsprogramme verwaltet, die Vereinbarung von Master Service Agreements koordiniert und Engagement-Modelle f\u00fcr BPO-Aktivit\u00e4ten entworfen. Er sieht sich selbst als jemand, der einem Projekt Richtung, Schwung und Koh\u00e4renz verleiht, der die Verbindung zwischen technischen Ressourcen, Fachkr\u00e4ften und anderen Interessengruppen herstellt und der Gesch\u00e4ftsleitung Bericht erstattet und sie ber\u00e4t.<\/p>\n<p>Kernkompetenzen von David sind:<\/p>\n<ul>\n<li><b>Informationssicherheit und operative <\/b><b>Informationssicherheit<\/b><b>sb<\/b><b>eratung<\/b><b>: <\/b>David hat Zielbilder f\u00fcr die betriebliche Informationssicherheit entwickelt und an Projekten zur Implementierung von Informationssicherheitsma\u00dfnahmen wie Security Information Event Management (SIEM), Schwachstellenmanagement, End Point Detection and Response (EDR) sowie Data Leakage Prevention (DLP) gearbeitet. Au\u00dferdem war er an der Gestaltung und Implementierung von Informationssicherheitsmanagementsystemen (ISMS) beteiligt und hat Richtlinien, Prozesse und Arbeitsanweisungen f\u00fcr die Informationssicherheit entworfen.<\/li>\n<li><b>Projektmanagement<\/b><b>:<\/b> David war als Projektmanager f\u00fcr eine Reihe von IT-Infrastrukturprojekten mit Schwerpunkt auf Informationssicherheit und Pr\u00e4vention von Datenabfluss t\u00e4tig, darunter Projekte f\u00fcr den Vorstand und den Aufsichtsrat einer gro\u00dfen globalen Bank. Er war an gro\u00dfen Projekten zur Konsolidierung von Rechenzentren beteiligt und \u00fcbernahm insbesondere die Leitung eines Projekts zur Migration von Anwendungen aus Belgien, Italien, Spanien und Portugal nach Deutschland. David hat ebenfalls im Projektmanagementteam f\u00fcr mehrere sehr gro\u00dfe Projekte gearbeitet, wobei er die Verbindung zu anderen Workstream-Leitern herstellte und die Verantwortung f\u00fcr mehrere separate Workstreams sowie Teams \u00fcbernahm, die oft an verschiedenen geografischen Standorten angesiedelt waren.<\/li>\n<li><b>Vendor Management:<\/b> zus\u00e4tzlich zu seiner Rolle als Projektmanager wurde David h\u00e4ufig gebeten, sich um die Beziehungen zu externen Anbietern zu k\u00fcmmern, einschlie\u00dflich der Beschaffungsstrategie f\u00fcr IT-Professional Services, des Leistungsmanagements, des Beziehungsmanagements, der Einhaltung der Vorgaben von Anbietern und des Vertragsmanagements (MSA, SLAs, KPIs usw.). In dieser Funktion war David auch f\u00fcr die \u00dcberpr\u00fcfung und Verhandlung von IT-Vertr\u00e4gen verantwortlich und arbeitete mit Rechtsvertretern, technischen Experten und dem Management zusammen, um detaillierte technische Vereinbarungen zu treffen.<\/li>\n<li><b>Komplexit\u00e4t<\/b><b>s<\/b><b>&#8211;<\/b> <b>und (IT-)<\/b><b>Prozessmanagement<\/b> <b>:<\/b> David hat Kunden bei der Entwicklung und Konzeption neuer komplexer Prozesse unterst\u00fctzt, an denen oft zahlreiche (manchmal auch externe) Parteien beteiligt sind. So entwickelte er beispielsweise das Engagement-Modell f\u00fcr die Integration eines externen Security Information Event Management (SIEM)-Dienstes und eines externen Security Operations Centre (SOC) in das Target Operating Model (TOM) eines Kunden f\u00fcr die operative Informationssicherheit.<\/li>\n<li><b>Publizierter Autor <\/b>zu Themen wie: IT Outsourcing \u2192 <a href=\"https:\/\/vineyard-mc.com\/de_de\/aktuelles\/neuigkeiten-3\/\"><b>Link<\/b><\/a><\/li>\n<\/ul>\n<p>David hat einen Master-Abschluss (MSc.) in Informationstechnologie-Management von der Universit\u00e4t Coventry und einen Bachelor-Abschluss (BA Hons) in Franz\u00f6sisch von der Universit\u00e4t Nottingham. Obwohl er englischer Muttersprachler ist, hat er fast drei\u00dfig Jahre in Deutschland gelebt und spricht flie\u00dfend Deutsch und Franz\u00f6sisch.<\/p>\n<p>David hat professionelle Zertifizierungen als Projektmanager (Prince2 and PMP) sowie im Bereich der Informationssicherheit (CISSP) erhalten.<\/p>\n<p>Er hat Erfahrung mit vielen branchen\u00fcblichen Tools, wie z.B.: MS Office (inkl. MS Project), Confluence &amp; JIRA, SharePoint, ServiceNow, Visio, Signavio, Clarity etc.<\/div><\/div><\/div><\/div>\n<div class=\"row \"><div class=\"wpv-grid grid-1-1  wpv-first-level first unextended\" style=\"padding-top:0px;padding-bottom:0px\" id=\"wpv-column-ac232e7d151c300c2503805985192fc5\" >\t\t<div class=\"sep-text single centered\">\n\t\t\t\t\t\t\t<span class=\"sep-text-before\"><div class=\"sep-text-line\"><\/div><\/span>\n\t\t\t\t\t\t<div class=\"content\">\n\t\t\t\t<h2 class=\"text-divider-double\">Ihre Nachricht<\/h2>\t\t\t<\/div>\n\t\t\t<span class=\"sep-text-after\"><div class=\"sep-text-line\"><\/div><\/span>\n\t\t\t\t\t<\/div>\n\t<div class=\"row \"><div class=\"wpv-grid grid-1-1  first unextended\" style=\"padding-top:0px;padding-bottom:0px\" id=\"wpv-column-b5cbf80ff51afa21329f1d02381e4048\" ><p>\n<div class=\"wpcf7 no-js\" id=\"wpcf7-f10-o1\" lang=\"en-US\" dir=\"ltr\" data-wpcf7-id=\"10\">\n<div class=\"screen-reader-response\"><p role=\"status\" aria-live=\"polite\" aria-atomic=\"true\"><\/p> <ul><\/ul><\/div>\n<form action=\"\/de_de\/wp-json\/wp\/v2\/pages\/988967#wpcf7-f10-o1\" method=\"post\" class=\"wpcf7-form init\" aria-label=\"Contact form\" novalidate=\"novalidate\" data-status=\"init\">\n<fieldset class=\"hidden-fields-container\"><input type=\"hidden\" name=\"_wpcf7\" value=\"10\" \/><input type=\"hidden\" name=\"_wpcf7_version\" value=\"6.1.5\" \/><input type=\"hidden\" name=\"_wpcf7_locale\" value=\"en_US\" \/><input type=\"hidden\" name=\"_wpcf7_unit_tag\" value=\"wpcf7-f10-o1\" \/><input type=\"hidden\" name=\"_wpcf7_container_post\" value=\"0\" \/><input type=\"hidden\" name=\"_wpcf7_posted_data_hash\" value=\"\" \/>\n<\/fieldset>\n<div class=\"row\">\n\t<div class=\"grid-1-3\">\n\t\t<p><span class=\"wpcf7-form-control-wrap\" data-name=\"Name\"><input size=\"40\" maxlength=\"400\" class=\"wpcf7-form-control wpcf7-text wpcf7-validates-as-required\" aria-required=\"true\" aria-invalid=\"false\" value=\"Ihr Name \/ Your name\" type=\"text\" name=\"Name\" \/><\/span>\n\t\t<\/p>\n\t<\/div>\n\t<div class=\"grid-1-3\">\n\t\t<p><span class=\"wpcf7-form-control-wrap\" data-name=\"E-mail\"><input size=\"40\" maxlength=\"400\" class=\"wpcf7-form-control wpcf7-text wpcf7-validates-as-required\" aria-required=\"true\" aria-invalid=\"false\" value=\"E-Mail \/ email\" type=\"text\" name=\"E-mail\" \/><\/span>\n\t\t<\/p>\n\t<\/div>\n\t<div class=\"grid-1-3\">\n\t\t<p><span class=\"wpcf7-form-control-wrap\" data-name=\"Phone\"><input size=\"40\" maxlength=\"400\" class=\"wpcf7-form-control wpcf7-text\" aria-invalid=\"false\" value=\"Telefon \/ Phone\" type=\"text\" name=\"Phone\" \/><\/span>\n\t\t<\/p>\n\t<\/div>\n\t<div class=\"grid-1-1\">\n\t\t<p><span class=\"wpcf7-form-control-wrap\" data-name=\"Subject\"><input size=\"40\" maxlength=\"400\" class=\"wpcf7-form-control wpcf7-text wpcf7-validates-as-required\" aria-required=\"true\" aria-invalid=\"false\" value=\"Ihr Thema \/ Subject\" type=\"text\" name=\"Subject\" \/><\/span>\n\t\t<\/p>\n\t<\/div>\n\t<div class=\"grid-1-1\">\n\t\t<p><span class=\"wpcf7-form-control-wrap\" data-name=\"Message\"><textarea cols=\"40\" rows=\"10\" maxlength=\"2000\" class=\"wpcf7-form-control wpcf7-textarea wpcf7-validates-as-required\" aria-required=\"true\" aria-invalid=\"false\" name=\"Message\">Ihre Nachricht... \/ Your message...<\/textarea><\/span>\n\t\t<\/p>\n\t<\/div>\n\t<div style= \"text-align: center;\">\n\t\t<p><input class=\"wpcf7-form-control wpcf7-submit has-spinner\" type=\"submit\" value=\"Absenden \/ Send \u2192\" \/>\n\t\t<\/p>\n\t<\/div>\n<\/div><div class=\"wpcf7-response-output\" aria-hidden=\"true\"><\/div>\n<\/form>\n<\/div>\n<\/div><\/div><\/div><\/div>\n","protected":false},"excerpt":{"rendered":"<p>KONTAKT: laycock@vineyard-mc.com SCHWERPUNKTE: Informationssicherheit \u2192 Project Management \u2192 Provider Management \u2192 STUDIUM: Master of Science in Information Technology for Management David ist ein erfahrener Unternehmensberater, der seit \u00fcber 30 Jahren in der IT-Branche mit Fokus auf den Finanzdienstleistungssektor t\u00e4tig ist. Er konzentriert sich derzeit auf das Informationssicherheitsmanagement und die operative Informationssicherheit, zu seinen fr\u00fcheren Erfahrungen&#8230;<\/p>\n","protected":false},"author":6,"featured_media":0,"parent":7774,"menu_order":0,"comment_status":"closed","ping_status":"closed","template":"","meta":{"footnotes":""},"class_list":["post-988967","page","type-page","status-publish","hentry"],"yoast_head":"<!-- This site is optimized with the Yoast SEO plugin v27.3 - https:\/\/yoast.com\/product\/yoast-seo-wordpress\/ -->\n<title>David Laycock - Vineyard Management Consulting GmbH<\/title>\n<meta name=\"robots\" content=\"index, follow, max-snippet:-1, max-image-preview:large, max-video-preview:-1\" \/>\n<link rel=\"canonical\" href=\"https:\/\/vineyard-mc.com\/de_de\/das-team-der-vineyard-management-consulting-gmbh\/david-laycock\/\" \/>\n<meta property=\"og:locale\" content=\"de_DE\" \/>\n<meta property=\"og:type\" content=\"article\" \/>\n<meta property=\"og:title\" content=\"David Laycock - Vineyard Management Consulting GmbH\" \/>\n<meta property=\"og:description\" content=\"KONTAKT: laycock@vineyard-mc.com SCHWERPUNKTE: Informationssicherheit \u2192 Project Management \u2192 Provider Management \u2192 STUDIUM: Master of Science in Information Technology for Management David ist ein erfahrener Unternehmensberater, der seit \u00fcber 30 Jahren in der IT-Branche mit Fokus auf den Finanzdienstleistungssektor t\u00e4tig ist. Er konzentriert sich derzeit auf das Informationssicherheitsmanagement und die operative Informationssicherheit, zu seinen fr\u00fcheren Erfahrungen...\" \/>\n<meta property=\"og:url\" content=\"https:\/\/vineyard-mc.com\/de_de\/das-team-der-vineyard-management-consulting-gmbh\/david-laycock\/\" \/>\n<meta property=\"og:site_name\" content=\"Vineyard Management Consulting GmbH\" \/>\n<meta property=\"article:modified_time\" content=\"2025-12-22T14:21:06+00:00\" \/>\n<meta property=\"og:image\" content=\"https:\/\/vineyard-mc.com\/wp-content\/uploads\/2024\/01\/Laycock_500.jpg\" \/>\n\t<meta property=\"og:image:width\" content=\"500\" \/>\n\t<meta property=\"og:image:height\" content=\"500\" \/>\n\t<meta property=\"og:image:type\" content=\"image\/jpeg\" \/>\n<meta name=\"twitter:card\" content=\"summary_large_image\" \/>\n<meta name=\"twitter:label1\" content=\"Gesch\u00e4tzte Lesezeit\" \/>\n\t<meta name=\"twitter:data1\" content=\"4\u00a0Minuten\" \/>\n<script type=\"application\/ld+json\" class=\"yoast-schema-graph\">{\"@context\":\"https:\\\/\\\/schema.org\",\"@graph\":[{\"@type\":\"WebPage\",\"@id\":\"https:\\\/\\\/vineyard-mc.com\\\/das-team-der-vineyard-management-consulting-gmbh\\\/david-laycock\\\/\",\"url\":\"https:\\\/\\\/vineyard-mc.com\\\/das-team-der-vineyard-management-consulting-gmbh\\\/david-laycock\\\/\",\"name\":\"David Laycock - Vineyard Management Consulting GmbH\",\"isPartOf\":{\"@id\":\"https:\\\/\\\/vineyard-mc.com\\\/#website\"},\"primaryImageOfPage\":{\"@id\":\"https:\\\/\\\/vineyard-mc.com\\\/das-team-der-vineyard-management-consulting-gmbh\\\/david-laycock\\\/#primaryimage\"},\"image\":{\"@id\":\"https:\\\/\\\/vineyard-mc.com\\\/das-team-der-vineyard-management-consulting-gmbh\\\/david-laycock\\\/#primaryimage\"},\"thumbnailUrl\":\"https:\\\/\\\/vineyard-mc.com\\\/wp-content\\\/uploads\\\/2024\\\/01\\\/Laycock_500-300x300.jpg\",\"datePublished\":\"2024-06-10T13:11:43+00:00\",\"dateModified\":\"2025-12-22T14:21:06+00:00\",\"breadcrumb\":{\"@id\":\"https:\\\/\\\/vineyard-mc.com\\\/das-team-der-vineyard-management-consulting-gmbh\\\/david-laycock\\\/#breadcrumb\"},\"inLanguage\":\"de\",\"potentialAction\":[{\"@type\":\"ReadAction\",\"target\":[\"https:\\\/\\\/vineyard-mc.com\\\/das-team-der-vineyard-management-consulting-gmbh\\\/david-laycock\\\/\"]}]},{\"@type\":\"ImageObject\",\"inLanguage\":\"de\",\"@id\":\"https:\\\/\\\/vineyard-mc.com\\\/das-team-der-vineyard-management-consulting-gmbh\\\/david-laycock\\\/#primaryimage\",\"url\":\"https:\\\/\\\/vineyard-mc.com\\\/wp-content\\\/uploads\\\/2024\\\/01\\\/Laycock_500-300x300.jpg\",\"contentUrl\":\"https:\\\/\\\/vineyard-mc.com\\\/wp-content\\\/uploads\\\/2024\\\/01\\\/Laycock_500-300x300.jpg\"},{\"@type\":\"BreadcrumbList\",\"@id\":\"https:\\\/\\\/vineyard-mc.com\\\/das-team-der-vineyard-management-consulting-gmbh\\\/david-laycock\\\/#breadcrumb\",\"itemListElement\":[{\"@type\":\"ListItem\",\"position\":1,\"name\":\"Startseite\",\"item\":\"https:\\\/\\\/vineyard-mc.com\\\/\"},{\"@type\":\"ListItem\",\"position\":2,\"name\":\"Unser Team\",\"item\":\"https:\\\/\\\/vineyard-mc.com\\\/das-team-der-vineyard-management-consulting-gmbh\\\/\"},{\"@type\":\"ListItem\",\"position\":3,\"name\":\"David Laycock\"}]},{\"@type\":\"WebSite\",\"@id\":\"https:\\\/\\\/vineyard-mc.com\\\/#website\",\"url\":\"https:\\\/\\\/vineyard-mc.com\\\/\",\"name\":\"Vineyard Management Consulting GmbH\",\"description\":\"Better Ideas - Better Results\",\"publisher\":{\"@id\":\"https:\\\/\\\/vineyard-mc.com\\\/#organization\"},\"alternateName\":\"VMC GmbH\",\"potentialAction\":[{\"@type\":\"SearchAction\",\"target\":{\"@type\":\"EntryPoint\",\"urlTemplate\":\"https:\\\/\\\/vineyard-mc.com\\\/?s={search_term_string}\"},\"query-input\":{\"@type\":\"PropertyValueSpecification\",\"valueRequired\":true,\"valueName\":\"search_term_string\"}}],\"inLanguage\":\"de\"},{\"@type\":\"Organization\",\"@id\":\"https:\\\/\\\/vineyard-mc.com\\\/#organization\",\"name\":\"Vineyard Management Consulting GmbH\",\"url\":\"https:\\\/\\\/vineyard-mc.com\\\/\",\"logo\":{\"@type\":\"ImageObject\",\"inLanguage\":\"de\",\"@id\":\"https:\\\/\\\/vineyard-mc.com\\\/#\\\/schema\\\/logo\\\/image\\\/\",\"url\":\"https:\\\/\\\/vineyard-mc.com\\\/wp-content\\\/uploads\\\/2021\\\/03\\\/VMC-Logo_1.jpg\",\"contentUrl\":\"https:\\\/\\\/vineyard-mc.com\\\/wp-content\\\/uploads\\\/2021\\\/03\\\/VMC-Logo_1.jpg\",\"width\":506,\"height\":665,\"caption\":\"Vineyard Management Consulting GmbH\"},\"image\":{\"@id\":\"https:\\\/\\\/vineyard-mc.com\\\/#\\\/schema\\\/logo\\\/image\\\/\"},\"sameAs\":[\"https:\\\/\\\/de.linkedin.com\\\/company\\\/vineyard-management-consulting-gmbh\"]}]}<\/script>\n<!-- \/ Yoast SEO plugin. -->","yoast_head_json":{"title":"David Laycock - Vineyard Management Consulting GmbH","robots":{"index":"index","follow":"follow","max-snippet":"max-snippet:-1","max-image-preview":"max-image-preview:large","max-video-preview":"max-video-preview:-1"},"canonical":"https:\/\/vineyard-mc.com\/de_de\/das-team-der-vineyard-management-consulting-gmbh\/david-laycock\/","og_locale":"de_DE","og_type":"article","og_title":"David Laycock - Vineyard Management Consulting GmbH","og_description":"KONTAKT: laycock@vineyard-mc.com SCHWERPUNKTE: Informationssicherheit \u2192 Project Management \u2192 Provider Management \u2192 STUDIUM: Master of Science in Information Technology for Management David ist ein erfahrener Unternehmensberater, der seit \u00fcber 30 Jahren in der IT-Branche mit Fokus auf den Finanzdienstleistungssektor t\u00e4tig ist. Er konzentriert sich derzeit auf das Informationssicherheitsmanagement und die operative Informationssicherheit, zu seinen fr\u00fcheren Erfahrungen...","og_url":"https:\/\/vineyard-mc.com\/de_de\/das-team-der-vineyard-management-consulting-gmbh\/david-laycock\/","og_site_name":"Vineyard Management Consulting GmbH","article_modified_time":"2025-12-22T14:21:06+00:00","og_image":[{"width":500,"height":500,"url":"https:\/\/vineyard-mc.com\/wp-content\/uploads\/2024\/01\/Laycock_500.jpg","type":"image\/jpeg"}],"twitter_card":"summary_large_image","twitter_misc":{"Gesch\u00e4tzte Lesezeit":"4\u00a0Minuten"},"schema":{"@context":"https:\/\/schema.org","@graph":[{"@type":"WebPage","@id":"https:\/\/vineyard-mc.com\/das-team-der-vineyard-management-consulting-gmbh\/david-laycock\/","url":"https:\/\/vineyard-mc.com\/das-team-der-vineyard-management-consulting-gmbh\/david-laycock\/","name":"David Laycock - Vineyard Management Consulting GmbH","isPartOf":{"@id":"https:\/\/vineyard-mc.com\/#website"},"primaryImageOfPage":{"@id":"https:\/\/vineyard-mc.com\/das-team-der-vineyard-management-consulting-gmbh\/david-laycock\/#primaryimage"},"image":{"@id":"https:\/\/vineyard-mc.com\/das-team-der-vineyard-management-consulting-gmbh\/david-laycock\/#primaryimage"},"thumbnailUrl":"https:\/\/vineyard-mc.com\/wp-content\/uploads\/2024\/01\/Laycock_500-300x300.jpg","datePublished":"2024-06-10T13:11:43+00:00","dateModified":"2025-12-22T14:21:06+00:00","breadcrumb":{"@id":"https:\/\/vineyard-mc.com\/das-team-der-vineyard-management-consulting-gmbh\/david-laycock\/#breadcrumb"},"inLanguage":"de","potentialAction":[{"@type":"ReadAction","target":["https:\/\/vineyard-mc.com\/das-team-der-vineyard-management-consulting-gmbh\/david-laycock\/"]}]},{"@type":"ImageObject","inLanguage":"de","@id":"https:\/\/vineyard-mc.com\/das-team-der-vineyard-management-consulting-gmbh\/david-laycock\/#primaryimage","url":"https:\/\/vineyard-mc.com\/wp-content\/uploads\/2024\/01\/Laycock_500-300x300.jpg","contentUrl":"https:\/\/vineyard-mc.com\/wp-content\/uploads\/2024\/01\/Laycock_500-300x300.jpg"},{"@type":"BreadcrumbList","@id":"https:\/\/vineyard-mc.com\/das-team-der-vineyard-management-consulting-gmbh\/david-laycock\/#breadcrumb","itemListElement":[{"@type":"ListItem","position":1,"name":"Startseite","item":"https:\/\/vineyard-mc.com\/"},{"@type":"ListItem","position":2,"name":"Unser Team","item":"https:\/\/vineyard-mc.com\/das-team-der-vineyard-management-consulting-gmbh\/"},{"@type":"ListItem","position":3,"name":"David Laycock"}]},{"@type":"WebSite","@id":"https:\/\/vineyard-mc.com\/#website","url":"https:\/\/vineyard-mc.com\/","name":"Vineyard Management Consulting GmbH","description":"Better Ideas - Better Results","publisher":{"@id":"https:\/\/vineyard-mc.com\/#organization"},"alternateName":"VMC GmbH","potentialAction":[{"@type":"SearchAction","target":{"@type":"EntryPoint","urlTemplate":"https:\/\/vineyard-mc.com\/?s={search_term_string}"},"query-input":{"@type":"PropertyValueSpecification","valueRequired":true,"valueName":"search_term_string"}}],"inLanguage":"de"},{"@type":"Organization","@id":"https:\/\/vineyard-mc.com\/#organization","name":"Vineyard Management Consulting GmbH","url":"https:\/\/vineyard-mc.com\/","logo":{"@type":"ImageObject","inLanguage":"de","@id":"https:\/\/vineyard-mc.com\/#\/schema\/logo\/image\/","url":"https:\/\/vineyard-mc.com\/wp-content\/uploads\/2021\/03\/VMC-Logo_1.jpg","contentUrl":"https:\/\/vineyard-mc.com\/wp-content\/uploads\/2021\/03\/VMC-Logo_1.jpg","width":506,"height":665,"caption":"Vineyard Management Consulting GmbH"},"image":{"@id":"https:\/\/vineyard-mc.com\/#\/schema\/logo\/image\/"},"sameAs":["https:\/\/de.linkedin.com\/company\/vineyard-management-consulting-gmbh"]}]}},"_links":{"self":[{"href":"https:\/\/vineyard-mc.com\/de_de\/wp-json\/wp\/v2\/pages\/988967","targetHints":{"allow":["GET"]}}],"collection":[{"href":"https:\/\/vineyard-mc.com\/de_de\/wp-json\/wp\/v2\/pages"}],"about":[{"href":"https:\/\/vineyard-mc.com\/de_de\/wp-json\/wp\/v2\/types\/page"}],"author":[{"embeddable":true,"href":"https:\/\/vineyard-mc.com\/de_de\/wp-json\/wp\/v2\/users\/6"}],"replies":[{"embeddable":true,"href":"https:\/\/vineyard-mc.com\/de_de\/wp-json\/wp\/v2\/comments?post=988967"}],"version-history":[{"count":17,"href":"https:\/\/vineyard-mc.com\/de_de\/wp-json\/wp\/v2\/pages\/988967\/revisions"}],"predecessor-version":[{"id":989624,"href":"https:\/\/vineyard-mc.com\/de_de\/wp-json\/wp\/v2\/pages\/988967\/revisions\/989624"}],"up":[{"embeddable":true,"href":"https:\/\/vineyard-mc.com\/de_de\/wp-json\/wp\/v2\/pages\/7774"}],"wp:attachment":[{"href":"https:\/\/vineyard-mc.com\/de_de\/wp-json\/wp\/v2\/media?parent=988967"}],"curies":[{"name":"wp","href":"https:\/\/api.w.org\/{rel}","templated":true}]}}