{"id":988991,"date":"2024-06-10T15:48:30","date_gmt":"2024-06-10T13:48:30","guid":{"rendered":"https:\/\/vineyard-mc.com\/?page_id=988991"},"modified":"2025-12-22T15:17:26","modified_gmt":"2025-12-22T14:17:26","slug":"olaf-remmler","status":"publish","type":"page","link":"https:\/\/vineyard-mc.com\/de_de\/das-team-der-vineyard-management-consulting-gmbh\/olaf-remmler\/","title":{"rendered":"Olaf Remmler"},"content":{"rendered":"<div class=\"row \"><div class=\"wpv-grid grid-2-5  wpv-first-level first unextended\" style=\"padding-top:0px;padding-bottom:0px\" id=\"wpv-column-2a6f02e5625f7ffd803232329e03963e\" ><div class=\"row \"><div class=\"wpv-grid grid-1-1  first unextended\" style=\"padding-top:0px;padding-bottom:0px\" id=\"wpv-column-eb0c7a9ac2c2c3f94de44d2275762e9a\" ><p><img loading=\"lazy\" decoding=\"async\" class=\"size-medium wp-image-988485 aligncenter\" src=\"https:\/\/vineyard-mc.com\/wp-content\/uploads\/2024\/01\/Remmler_956x588_enhanced-e1704811617376-300x300.png\" alt=\"ProfilbildOlafRemmler\" width=\"300\" height=\"300\" srcset=\"https:\/\/vineyard-mc.com\/wp-content\/uploads\/2024\/01\/Remmler_956x588_enhanced-e1704811617376-300x300.png 300w, https:\/\/vineyard-mc.com\/wp-content\/uploads\/2024\/01\/Remmler_956x588_enhanced-e1704811617376-150x150.png 150w, https:\/\/vineyard-mc.com\/wp-content\/uploads\/2024\/01\/Remmler_956x588_enhanced-e1704811617376-12x12.png 12w, https:\/\/vineyard-mc.com\/wp-content\/uploads\/2024\/01\/Remmler_956x588_enhanced-e1704811617376-60x60.png 60w, https:\/\/vineyard-mc.com\/wp-content\/uploads\/2024\/01\/Remmler_956x588_enhanced-e1704811617376.png 450w\" sizes=\"auto, (max-width: 300px) 100vw, 300px\" \/><\/div><\/div>\n<div class=\"row \"><div class=\"wpv-grid grid-1-1  first unextended\" style=\"padding-top:0px;padding-bottom:0px\" id=\"wpv-column-746aa710c5aa3aa3bf74ab588144e201\" ><p>KONTAKT:<\/p>\n<p>remmler@vineyard-mc.com<\/p>\n<p>SCHWERPUNKTE:<\/p>\n<p><a href=\"https:\/\/vineyard-mc.com\/de_de\/leistungen\/transition\/\">Transition Management<\/a> \u2192<br \/>\n<a href=\"https:\/\/vineyard-mc.com\/de_de\/leistungen\/project\/\">Project Management<\/a> \u2192<br \/>\nInformationssicherheit \u2192<\/p>\n<p>STUDIUM:<\/p>\n<p>Dipl.-Ing. Energiesyteme und Technologiemanagement, Stuttgart Universit\u00e4t<\/div><\/div><\/div>\n<div class=\"wpv-grid grid-3-5  wpv-first-level unextended\" style=\"padding-top:0px;padding-bottom:0px\" id=\"wpv-column-56b94b60ee283bbb8405a4cf6cf9e91e\" ><div class=\"row \"><div class=\"wpv-grid grid-1-1  first unextended\" style=\"padding-top:0px;padding-bottom:0px\" id=\"wpv-column-439a831eec33523429061632316753e8\" ><p>Olaf Remmler verf\u00fcgt \u00fcber mehr als 25 Jahre Beratungs-, Umsetzungs- und Projektleitungs-erfahrung f\u00fcr komplexe Transformationsvorhaben bei Energieunternehmen Infrastrukturbetreibern. Er zeichnet sich durch seine Kompetenz aus, schnell komplexe Zusammenh\u00e4nge zu durchdringen, L\u00f6sungspfade zu entwickeln und diese gemeinsam mit seinen Kunden bedarfsgerecht umzusetzen. Sein Committment gilt der Zusammenarbeit mit und St\u00e4rkung seines Kundenumfeldes bei der Entwicklung und Umsetzung von L\u00f6sungen mit hohen Kundennutzen. Als langj\u00e4hrige F\u00fchrungskraft von Mitarbeiter-, Programm- und Projektteams ist f\u00fcr ihn die Bef\u00e4higung des einzelnen und der Teams im Vordergund, um bestm\u00f6gliche L\u00f6sungen zu erzielen.<\/p>\n<p>Seine Erfahrungen und St\u00e4rken umfassen<\/p>\n<ul>\n<li>Projekt-, Programm-, Transformations- und Changemanagement<\/li>\n<li>Business Analyse und Business Design<\/li>\n<li>Digitalisierung von energiewirtschaftlichen Prozessen<\/li>\n<li>Dienstleistungs- und Gesch\u00e4ftsmodellentwicklung<\/li>\n<li>Bef\u00e4higung von Teams, Aufbau und Management von Beziehungen<\/li>\n<li>Tiefgreifende Kenntnisse der energiewirtschaftlichen Wertsch\u00f6pfungsstufen sowohl fachseitig als auch IT-seitig<\/li>\n<li>F\u00fchrungskr\u00e4fteentwicklung, -Moderation und -Coaching<\/li>\n<\/ul>\n<p>Seine Erfahrung der letzten Jahre in der Energiewirtschaft umfasst Leadershiprollen im IT-Projektportfoliomanagement, PMO IT Umsetzungs-Programme, IT-Umsetzungsprojekte, Transformations-, Change\u00a0 und Kulturentwicklung. Weiterhin Fachexpertenrollen im<\/p>\n<ul>\n<li>Risikomanagement des Intraday-Handels,<\/li>\n<li>Business Cases, Prozesse, Regularien und Serviceentwicklung f\u00fcr Systemdienstleistungen, energiewirtschaftliche Flexibilit\u00e4tsdienstleistungen, Smart Meter, Utility scale Batteriesysteme und Kraftwerkseinsatzplanung<\/li>\n<\/ul>\n<p>Olaf ist Dipl.-Ing Maschinenwesen mit Schwerpunkt Energiesysteme und hat mehrere Jahre zu Beginn seiner Karriere als Planungsingenieur in der Energiewirtschaft gearbeitet. Seine Karriere als Managementberater hat ihn in gro\u00dfen Beratungsh\u00e4usern vom Projektleiter bis zur Partnerernennung und Mitglied der Gesch\u00e4ftsleitung gef\u00fchrt. Dabei hatte er vollst\u00e4ndige Ergebnisverantwortung und in unterschiedlichen Themen erfolgreich neue Dienstleitungen entwickelt und am Markt eingef\u00fchrt und ebenso erfolgreich high-performing Teams entwickelt und geleitet.<\/p>\n<p>Seine Beratungst\u00e4tigkeit hat er in ganz Europa sowie im Mittleren Osten ausge\u00fcbt und dabei vielf\u00e4ltige Kulturerfahrung gesammelt. Deutsch ist seine Muttersprache, dar\u00fcber hinaus spricht er verhandlungssicheres Englisch.<\/div><\/div><\/div><\/div>\n<div class=\"row \"><div class=\"wpv-grid grid-1-1  wpv-first-level first unextended\" style=\"padding-top:0px;padding-bottom:0px\" id=\"wpv-column-28224cb3f2493574463deaeb82792b6e\" >\t\t<div class=\"sep-text single centered\">\n\t\t\t\t\t\t\t<span class=\"sep-text-before\"><div class=\"sep-text-line\"><\/div><\/span>\n\t\t\t\t\t\t<div class=\"content\">\n\t\t\t\t<h2 class=\"text-divider-double\">Ihre Nachricht<\/h2>\t\t\t<\/div>\n\t\t\t<span class=\"sep-text-after\"><div class=\"sep-text-line\"><\/div><\/span>\n\t\t\t\t\t<\/div>\n\t<div class=\"row \"><div class=\"wpv-grid grid-1-1  first unextended\" style=\"padding-top:0px;padding-bottom:0px\" id=\"wpv-column-ae7227d06a7bcbb3f679144684dd8fbb\" ><p>\n<div class=\"wpcf7 no-js\" id=\"wpcf7-f10-o1\" lang=\"en-US\" dir=\"ltr\" data-wpcf7-id=\"10\">\n<div class=\"screen-reader-response\"><p role=\"status\" aria-live=\"polite\" aria-atomic=\"true\"><\/p> <ul><\/ul><\/div>\n<form action=\"\/de_de\/wp-json\/wp\/v2\/pages\/988991#wpcf7-f10-o1\" method=\"post\" class=\"wpcf7-form init\" aria-label=\"Contact form\" novalidate=\"novalidate\" data-status=\"init\">\n<fieldset class=\"hidden-fields-container\"><input type=\"hidden\" name=\"_wpcf7\" value=\"10\" \/><input type=\"hidden\" name=\"_wpcf7_version\" value=\"6.1.5\" \/><input type=\"hidden\" name=\"_wpcf7_locale\" value=\"en_US\" \/><input type=\"hidden\" name=\"_wpcf7_unit_tag\" value=\"wpcf7-f10-o1\" \/><input type=\"hidden\" name=\"_wpcf7_container_post\" value=\"0\" \/><input type=\"hidden\" name=\"_wpcf7_posted_data_hash\" value=\"\" \/>\n<\/fieldset>\n<div class=\"row\">\n\t<div class=\"grid-1-3\">\n\t\t<p><span class=\"wpcf7-form-control-wrap\" data-name=\"Name\"><input size=\"40\" maxlength=\"400\" class=\"wpcf7-form-control wpcf7-text wpcf7-validates-as-required\" aria-required=\"true\" aria-invalid=\"false\" value=\"Ihr Name \/ Your name\" type=\"text\" name=\"Name\" \/><\/span>\n\t\t<\/p>\n\t<\/div>\n\t<div class=\"grid-1-3\">\n\t\t<p><span class=\"wpcf7-form-control-wrap\" data-name=\"E-mail\"><input size=\"40\" maxlength=\"400\" class=\"wpcf7-form-control wpcf7-text wpcf7-validates-as-required\" aria-required=\"true\" aria-invalid=\"false\" value=\"E-Mail \/ email\" type=\"text\" name=\"E-mail\" \/><\/span>\n\t\t<\/p>\n\t<\/div>\n\t<div class=\"grid-1-3\">\n\t\t<p><span class=\"wpcf7-form-control-wrap\" data-name=\"Phone\"><input size=\"40\" maxlength=\"400\" class=\"wpcf7-form-control wpcf7-text\" aria-invalid=\"false\" value=\"Telefon \/ Phone\" type=\"text\" name=\"Phone\" \/><\/span>\n\t\t<\/p>\n\t<\/div>\n\t<div class=\"grid-1-1\">\n\t\t<p><span class=\"wpcf7-form-control-wrap\" data-name=\"Subject\"><input size=\"40\" maxlength=\"400\" class=\"wpcf7-form-control wpcf7-text wpcf7-validates-as-required\" aria-required=\"true\" aria-invalid=\"false\" value=\"Ihr Thema \/ Subject\" type=\"text\" name=\"Subject\" \/><\/span>\n\t\t<\/p>\n\t<\/div>\n\t<div class=\"grid-1-1\">\n\t\t<p><span class=\"wpcf7-form-control-wrap\" data-name=\"Message\"><textarea cols=\"40\" rows=\"10\" maxlength=\"2000\" class=\"wpcf7-form-control wpcf7-textarea wpcf7-validates-as-required\" aria-required=\"true\" aria-invalid=\"false\" name=\"Message\">Ihre Nachricht... \/ Your message...<\/textarea><\/span>\n\t\t<\/p>\n\t<\/div>\n\t<div style= \"text-align: center;\">\n\t\t<p><input class=\"wpcf7-form-control wpcf7-submit has-spinner\" type=\"submit\" value=\"Absenden \/ Send \u2192\" \/>\n\t\t<\/p>\n\t<\/div>\n<\/div><div class=\"wpcf7-response-output\" aria-hidden=\"true\"><\/div>\n<\/form>\n<\/div>\n<\/div><\/div><\/div><\/div>\n","protected":false},"excerpt":{"rendered":"<p>KONTAKT: remmler@vineyard-mc.com SCHWERPUNKTE: Transition Management \u2192 Project Management \u2192 Informationssicherheit \u2192 STUDIUM: Dipl.-Ing. Energiesyteme und Technologiemanagement, Stuttgart Universit\u00e4t Olaf Remmler verf\u00fcgt \u00fcber mehr als 25 Jahre Beratungs-, Umsetzungs- und Projektleitungs-erfahrung f\u00fcr komplexe Transformationsvorhaben bei Energieunternehmen Infrastrukturbetreibern. Er zeichnet sich durch seine Kompetenz aus, schnell komplexe Zusammenh\u00e4nge zu durchdringen, L\u00f6sungspfade zu entwickeln und diese gemeinsam mit&#8230;<\/p>\n","protected":false},"author":6,"featured_media":0,"parent":7774,"menu_order":0,"comment_status":"closed","ping_status":"closed","template":"","meta":{"footnotes":""},"class_list":["post-988991","page","type-page","status-publish","hentry"],"yoast_head":"<!-- This site is optimized with the Yoast SEO plugin v27.3 - https:\/\/yoast.com\/product\/yoast-seo-wordpress\/ -->\n<title>Olaf Remmler - Vineyard Management Consulting GmbH<\/title>\n<meta name=\"robots\" content=\"index, follow, max-snippet:-1, max-image-preview:large, max-video-preview:-1\" \/>\n<link rel=\"canonical\" href=\"https:\/\/vineyard-mc.com\/de_de\/das-team-der-vineyard-management-consulting-gmbh\/olaf-remmler\/\" \/>\n<meta property=\"og:locale\" content=\"de_DE\" \/>\n<meta property=\"og:type\" content=\"article\" \/>\n<meta property=\"og:title\" content=\"Olaf Remmler - Vineyard Management Consulting GmbH\" \/>\n<meta property=\"og:description\" content=\"KONTAKT: remmler@vineyard-mc.com SCHWERPUNKTE: Transition Management \u2192 Project Management \u2192 Informationssicherheit \u2192 STUDIUM: Dipl.-Ing. Energiesyteme und Technologiemanagement, Stuttgart Universit\u00e4t Olaf Remmler verf\u00fcgt \u00fcber mehr als 25 Jahre Beratungs-, Umsetzungs- und Projektleitungs-erfahrung f\u00fcr komplexe Transformationsvorhaben bei Energieunternehmen Infrastrukturbetreibern. Er zeichnet sich durch seine Kompetenz aus, schnell komplexe Zusammenh\u00e4nge zu durchdringen, L\u00f6sungspfade zu entwickeln und diese gemeinsam mit...\" \/>\n<meta property=\"og:url\" content=\"https:\/\/vineyard-mc.com\/de_de\/das-team-der-vineyard-management-consulting-gmbh\/olaf-remmler\/\" \/>\n<meta property=\"og:site_name\" content=\"Vineyard Management Consulting GmbH\" \/>\n<meta property=\"article:modified_time\" content=\"2025-12-22T14:17:26+00:00\" \/>\n<meta property=\"og:image\" content=\"https:\/\/vineyard-mc.com\/wp-content\/uploads\/2024\/01\/Remmler_956x588_enhanced-e1704811617376.png\" \/>\n\t<meta property=\"og:image:width\" content=\"450\" \/>\n\t<meta property=\"og:image:height\" content=\"450\" \/>\n\t<meta property=\"og:image:type\" content=\"image\/png\" \/>\n<meta name=\"twitter:card\" content=\"summary_large_image\" \/>\n<meta name=\"twitter:label1\" content=\"Gesch\u00e4tzte Lesezeit\" \/>\n\t<meta name=\"twitter:data1\" content=\"3\u00a0Minuten\" \/>\n<script type=\"application\/ld+json\" class=\"yoast-schema-graph\">{\"@context\":\"https:\\\/\\\/schema.org\",\"@graph\":[{\"@type\":\"WebPage\",\"@id\":\"https:\\\/\\\/vineyard-mc.com\\\/das-team-der-vineyard-management-consulting-gmbh\\\/olaf-remmler\\\/\",\"url\":\"https:\\\/\\\/vineyard-mc.com\\\/das-team-der-vineyard-management-consulting-gmbh\\\/olaf-remmler\\\/\",\"name\":\"Olaf Remmler - Vineyard Management Consulting GmbH\",\"isPartOf\":{\"@id\":\"https:\\\/\\\/vineyard-mc.com\\\/#website\"},\"primaryImageOfPage\":{\"@id\":\"https:\\\/\\\/vineyard-mc.com\\\/das-team-der-vineyard-management-consulting-gmbh\\\/olaf-remmler\\\/#primaryimage\"},\"image\":{\"@id\":\"https:\\\/\\\/vineyard-mc.com\\\/das-team-der-vineyard-management-consulting-gmbh\\\/olaf-remmler\\\/#primaryimage\"},\"thumbnailUrl\":\"https:\\\/\\\/vineyard-mc.com\\\/wp-content\\\/uploads\\\/2024\\\/01\\\/Remmler_956x588_enhanced-e1704811617376-300x300.png\",\"datePublished\":\"2024-06-10T13:48:30+00:00\",\"dateModified\":\"2025-12-22T14:17:26+00:00\",\"breadcrumb\":{\"@id\":\"https:\\\/\\\/vineyard-mc.com\\\/das-team-der-vineyard-management-consulting-gmbh\\\/olaf-remmler\\\/#breadcrumb\"},\"inLanguage\":\"de\",\"potentialAction\":[{\"@type\":\"ReadAction\",\"target\":[\"https:\\\/\\\/vineyard-mc.com\\\/das-team-der-vineyard-management-consulting-gmbh\\\/olaf-remmler\\\/\"]}]},{\"@type\":\"ImageObject\",\"inLanguage\":\"de\",\"@id\":\"https:\\\/\\\/vineyard-mc.com\\\/das-team-der-vineyard-management-consulting-gmbh\\\/olaf-remmler\\\/#primaryimage\",\"url\":\"https:\\\/\\\/vineyard-mc.com\\\/wp-content\\\/uploads\\\/2024\\\/01\\\/Remmler_956x588_enhanced-e1704811617376-300x300.png\",\"contentUrl\":\"https:\\\/\\\/vineyard-mc.com\\\/wp-content\\\/uploads\\\/2024\\\/01\\\/Remmler_956x588_enhanced-e1704811617376-300x300.png\"},{\"@type\":\"BreadcrumbList\",\"@id\":\"https:\\\/\\\/vineyard-mc.com\\\/das-team-der-vineyard-management-consulting-gmbh\\\/olaf-remmler\\\/#breadcrumb\",\"itemListElement\":[{\"@type\":\"ListItem\",\"position\":1,\"name\":\"Startseite\",\"item\":\"https:\\\/\\\/vineyard-mc.com\\\/\"},{\"@type\":\"ListItem\",\"position\":2,\"name\":\"Unser Team\",\"item\":\"https:\\\/\\\/vineyard-mc.com\\\/das-team-der-vineyard-management-consulting-gmbh\\\/\"},{\"@type\":\"ListItem\",\"position\":3,\"name\":\"Olaf Remmler\"}]},{\"@type\":\"WebSite\",\"@id\":\"https:\\\/\\\/vineyard-mc.com\\\/#website\",\"url\":\"https:\\\/\\\/vineyard-mc.com\\\/\",\"name\":\"Vineyard Management Consulting GmbH\",\"description\":\"Better Ideas - Better Results\",\"publisher\":{\"@id\":\"https:\\\/\\\/vineyard-mc.com\\\/#organization\"},\"alternateName\":\"VMC GmbH\",\"potentialAction\":[{\"@type\":\"SearchAction\",\"target\":{\"@type\":\"EntryPoint\",\"urlTemplate\":\"https:\\\/\\\/vineyard-mc.com\\\/?s={search_term_string}\"},\"query-input\":{\"@type\":\"PropertyValueSpecification\",\"valueRequired\":true,\"valueName\":\"search_term_string\"}}],\"inLanguage\":\"de\"},{\"@type\":\"Organization\",\"@id\":\"https:\\\/\\\/vineyard-mc.com\\\/#organization\",\"name\":\"Vineyard Management Consulting GmbH\",\"url\":\"https:\\\/\\\/vineyard-mc.com\\\/\",\"logo\":{\"@type\":\"ImageObject\",\"inLanguage\":\"de\",\"@id\":\"https:\\\/\\\/vineyard-mc.com\\\/#\\\/schema\\\/logo\\\/image\\\/\",\"url\":\"https:\\\/\\\/vineyard-mc.com\\\/wp-content\\\/uploads\\\/2021\\\/03\\\/VMC-Logo_1.jpg\",\"contentUrl\":\"https:\\\/\\\/vineyard-mc.com\\\/wp-content\\\/uploads\\\/2021\\\/03\\\/VMC-Logo_1.jpg\",\"width\":506,\"height\":665,\"caption\":\"Vineyard Management Consulting GmbH\"},\"image\":{\"@id\":\"https:\\\/\\\/vineyard-mc.com\\\/#\\\/schema\\\/logo\\\/image\\\/\"},\"sameAs\":[\"https:\\\/\\\/de.linkedin.com\\\/company\\\/vineyard-management-consulting-gmbh\"]}]}<\/script>\n<!-- \/ Yoast SEO plugin. -->","yoast_head_json":{"title":"Olaf Remmler - Vineyard Management Consulting GmbH","robots":{"index":"index","follow":"follow","max-snippet":"max-snippet:-1","max-image-preview":"max-image-preview:large","max-video-preview":"max-video-preview:-1"},"canonical":"https:\/\/vineyard-mc.com\/de_de\/das-team-der-vineyard-management-consulting-gmbh\/olaf-remmler\/","og_locale":"de_DE","og_type":"article","og_title":"Olaf Remmler - Vineyard Management Consulting GmbH","og_description":"KONTAKT: remmler@vineyard-mc.com SCHWERPUNKTE: Transition Management \u2192 Project Management \u2192 Informationssicherheit \u2192 STUDIUM: Dipl.-Ing. Energiesyteme und Technologiemanagement, Stuttgart Universit\u00e4t Olaf Remmler verf\u00fcgt \u00fcber mehr als 25 Jahre Beratungs-, Umsetzungs- und Projektleitungs-erfahrung f\u00fcr komplexe Transformationsvorhaben bei Energieunternehmen Infrastrukturbetreibern. Er zeichnet sich durch seine Kompetenz aus, schnell komplexe Zusammenh\u00e4nge zu durchdringen, L\u00f6sungspfade zu entwickeln und diese gemeinsam mit...","og_url":"https:\/\/vineyard-mc.com\/de_de\/das-team-der-vineyard-management-consulting-gmbh\/olaf-remmler\/","og_site_name":"Vineyard Management Consulting GmbH","article_modified_time":"2025-12-22T14:17:26+00:00","og_image":[{"width":450,"height":450,"url":"https:\/\/vineyard-mc.com\/wp-content\/uploads\/2024\/01\/Remmler_956x588_enhanced-e1704811617376.png","type":"image\/png"}],"twitter_card":"summary_large_image","twitter_misc":{"Gesch\u00e4tzte Lesezeit":"3\u00a0Minuten"},"schema":{"@context":"https:\/\/schema.org","@graph":[{"@type":"WebPage","@id":"https:\/\/vineyard-mc.com\/das-team-der-vineyard-management-consulting-gmbh\/olaf-remmler\/","url":"https:\/\/vineyard-mc.com\/das-team-der-vineyard-management-consulting-gmbh\/olaf-remmler\/","name":"Olaf Remmler - Vineyard Management Consulting GmbH","isPartOf":{"@id":"https:\/\/vineyard-mc.com\/#website"},"primaryImageOfPage":{"@id":"https:\/\/vineyard-mc.com\/das-team-der-vineyard-management-consulting-gmbh\/olaf-remmler\/#primaryimage"},"image":{"@id":"https:\/\/vineyard-mc.com\/das-team-der-vineyard-management-consulting-gmbh\/olaf-remmler\/#primaryimage"},"thumbnailUrl":"https:\/\/vineyard-mc.com\/wp-content\/uploads\/2024\/01\/Remmler_956x588_enhanced-e1704811617376-300x300.png","datePublished":"2024-06-10T13:48:30+00:00","dateModified":"2025-12-22T14:17:26+00:00","breadcrumb":{"@id":"https:\/\/vineyard-mc.com\/das-team-der-vineyard-management-consulting-gmbh\/olaf-remmler\/#breadcrumb"},"inLanguage":"de","potentialAction":[{"@type":"ReadAction","target":["https:\/\/vineyard-mc.com\/das-team-der-vineyard-management-consulting-gmbh\/olaf-remmler\/"]}]},{"@type":"ImageObject","inLanguage":"de","@id":"https:\/\/vineyard-mc.com\/das-team-der-vineyard-management-consulting-gmbh\/olaf-remmler\/#primaryimage","url":"https:\/\/vineyard-mc.com\/wp-content\/uploads\/2024\/01\/Remmler_956x588_enhanced-e1704811617376-300x300.png","contentUrl":"https:\/\/vineyard-mc.com\/wp-content\/uploads\/2024\/01\/Remmler_956x588_enhanced-e1704811617376-300x300.png"},{"@type":"BreadcrumbList","@id":"https:\/\/vineyard-mc.com\/das-team-der-vineyard-management-consulting-gmbh\/olaf-remmler\/#breadcrumb","itemListElement":[{"@type":"ListItem","position":1,"name":"Startseite","item":"https:\/\/vineyard-mc.com\/"},{"@type":"ListItem","position":2,"name":"Unser Team","item":"https:\/\/vineyard-mc.com\/das-team-der-vineyard-management-consulting-gmbh\/"},{"@type":"ListItem","position":3,"name":"Olaf Remmler"}]},{"@type":"WebSite","@id":"https:\/\/vineyard-mc.com\/#website","url":"https:\/\/vineyard-mc.com\/","name":"Vineyard Management Consulting GmbH","description":"Better Ideas - Better Results","publisher":{"@id":"https:\/\/vineyard-mc.com\/#organization"},"alternateName":"VMC GmbH","potentialAction":[{"@type":"SearchAction","target":{"@type":"EntryPoint","urlTemplate":"https:\/\/vineyard-mc.com\/?s={search_term_string}"},"query-input":{"@type":"PropertyValueSpecification","valueRequired":true,"valueName":"search_term_string"}}],"inLanguage":"de"},{"@type":"Organization","@id":"https:\/\/vineyard-mc.com\/#organization","name":"Vineyard Management Consulting GmbH","url":"https:\/\/vineyard-mc.com\/","logo":{"@type":"ImageObject","inLanguage":"de","@id":"https:\/\/vineyard-mc.com\/#\/schema\/logo\/image\/","url":"https:\/\/vineyard-mc.com\/wp-content\/uploads\/2021\/03\/VMC-Logo_1.jpg","contentUrl":"https:\/\/vineyard-mc.com\/wp-content\/uploads\/2021\/03\/VMC-Logo_1.jpg","width":506,"height":665,"caption":"Vineyard Management Consulting GmbH"},"image":{"@id":"https:\/\/vineyard-mc.com\/#\/schema\/logo\/image\/"},"sameAs":["https:\/\/de.linkedin.com\/company\/vineyard-management-consulting-gmbh"]}]}},"_links":{"self":[{"href":"https:\/\/vineyard-mc.com\/de_de\/wp-json\/wp\/v2\/pages\/988991","targetHints":{"allow":["GET"]}}],"collection":[{"href":"https:\/\/vineyard-mc.com\/de_de\/wp-json\/wp\/v2\/pages"}],"about":[{"href":"https:\/\/vineyard-mc.com\/de_de\/wp-json\/wp\/v2\/types\/page"}],"author":[{"embeddable":true,"href":"https:\/\/vineyard-mc.com\/de_de\/wp-json\/wp\/v2\/users\/6"}],"replies":[{"embeddable":true,"href":"https:\/\/vineyard-mc.com\/de_de\/wp-json\/wp\/v2\/comments?post=988991"}],"version-history":[{"count":6,"href":"https:\/\/vineyard-mc.com\/de_de\/wp-json\/wp\/v2\/pages\/988991\/revisions"}],"predecessor-version":[{"id":989618,"href":"https:\/\/vineyard-mc.com\/de_de\/wp-json\/wp\/v2\/pages\/988991\/revisions\/989618"}],"up":[{"embeddable":true,"href":"https:\/\/vineyard-mc.com\/de_de\/wp-json\/wp\/v2\/pages\/7774"}],"wp:attachment":[{"href":"https:\/\/vineyard-mc.com\/de_de\/wp-json\/wp\/v2\/media?parent=988991"}],"curies":[{"name":"wp","href":"https:\/\/api.w.org\/{rel}","templated":true}]}}