{"id":989206,"date":"2025-04-08T10:40:13","date_gmt":"2025-04-08T08:40:13","guid":{"rendered":"https:\/\/vineyard-mc.com\/?page_id=989206"},"modified":"2025-04-08T11:36:00","modified_gmt":"2025-04-08T09:36:00","slug":"beratungsleistungen","status":"publish","type":"page","link":"https:\/\/vineyard-mc.com\/de_de\/beratungsleistungen\/","title":{"rendered":"Beratungsleistungen"},"content":{"rendered":"<div class=\"row \"><div class=\"wpv-grid grid-1-1  wpv-first-level first unextended\" style=\"padding-top:0px;padding-bottom:0px\" id=\"wpv-column-b08223afc93e14754d270e5e61ac3bbb\" ><p>Alle unsere Beratungsmandate werden von erfahrenen, hoch qualifizierten Management Consultants betreut.<\/p>\n<p>So unterst\u00fctzen wir bspw. zur Zeit\u2026<\/p>\n<ul>\n<li>mehrere globale Finanzdienstleister bei der Integration ihrer Merger<\/li>\n<li>einen deutschen Telekommunikationskonzern bei der Implementierung seiner End-to-End-Prozessneugestaltung<\/li>\n<li>einen internationalen Automobilkonzern bei der Einf\u00fchrung eines integrierten ITIL v3-basierten Tools<\/li>\n<li>einen globalen Finanzdienstleister bei der Umsetzung seiner Security-Strategie<\/li>\n<li>einen europ\u00e4ischen Versicherungskonzern bei seiner strategischen Neupositionierung und der damit einher gehenden Restrukturierung<\/li>\n<li>einen internationalen Industriekonzern in der Optimierung seines Test- und Qualit\u00e4tsmanagements<\/li>\n<li>einen globalen Finanzdienstleister bei der Neuausrichtung seiner HR Recruiting-Strategie<\/li>\n<li>mehrere Mittelst\u00e4ndler und Senior Manager mittels Coaching und Trainings bei der Verbesserung ihrer Managementskills<\/li>\n<li>einen internationalen IT-Provider bei der Optimierung und teilweisen Verlagerung seiner Sourcingprozesse<\/li>\n<\/ul>\n<p>Sicherlich haben Sie daf\u00fcr Verst\u00e4ndnis, dass wir aufgrund der teilweise sehr hohen Vertraulichkeit unserer Projektinitiativen hier keine genaueren Angaben \u00fcber unsere Kundenreferenzen machen. Sofern Sie sich ein genaueres Bild \u00fcber unsere Expertise machen wollen, kontaktieren Sie uns bitte.<\/div><\/div>\n\t\t<div class=\"sep-text single centered\">\n\t\t\t\t\t\t\t<span class=\"sep-text-before\"><div class=\"sep-text-line\"><\/div><\/span>\n\t\t\t\t\t\t<div class=\"content\">\n\t\t\t\t<h2 class=\"text-divider-double\">\n<\/h2>\t\t\t<\/div>\n\t\t\t<span class=\"sep-text-after\"><div class=\"sep-text-line\"><\/div><\/span>\n\t\t\t\t\t<\/div>\n\t\n<div class=\"row \"><div class=\"wpv-grid grid-1-1  wpv-first-level first unextended\" style=\"padding-top:0px;padding-bottom:0px\" id=\"about-content\" ><div class=\"row \"><div class=\"wpv-grid grid-1-3  first unextended animation-from-bottom animated-active\" style=\"padding-top:0px;padding-bottom:0px\" id=\"wpv-column-aec88a07059dd4faf89e2aa0d9ae149f\" ><div class=\"clearfix dropcap-wrapper\"><div class=\"dropcap-left\"><span class='dropcap1 '>1<\/span><\/div><div class=\"dropcap-text\"><b>Informationssicherheit<\/b><\/div> <\/div> <div class=\"push\" style='height:20px'><\/div>\n<p><b>Informationssicherheit, Governance, und Risikomanagement <\/b>stellen zentrale S\u00e4ulen f\u00fcr Unternehmen dar. Sie unterst\u00fctzen dabei, Unternehmensziele zu realisieren, Risiken sowie Potenziale zu identifizieren und regulatorischen Vorgaben nachzukommen.<\/p>\n<p><a href=\"https:\/\/vineyard-mc.com\/informationssicherheit\/\">Mehr erfahren<\/a><\/div>\n<div class=\"wpv-grid grid-1-3  unextended animation-from-bottom animated-active\" style=\"padding-top:0px;padding-bottom:0px\" id=\"wpv-column-98269a75e7276c639d75e368f62a3dc8\" ><div class=\"clearfix dropcap-wrapper\"><div class=\"dropcap-left\"><span class='dropcap1 '>2<\/span><\/div><div class=\"dropcap-text\"><b>Programm- und Projektmanagement<\/b><\/div> <\/div> <div class=\"push\" style='height:20px'><\/div>\n<p>Bei VMC verstehen wir <b>Programm- und Projektmanagement <\/b>als strategischen Weg, komplexe Initiativen und Projekte zu orchestrieren und zu leiten, um die Gesch\u00e4ftsziele unserer Kunden erfolgreich zu erreichen.<\/p>\n<p><a href=\"https:\/\/vineyard-mc.com\/programm-und-projektmanagement\/\">Mehr erfahren<\/a><\/div>\n<div class=\"wpv-grid grid-1-3  unextended animation-from-bottom animated-active\" style=\"padding-top:0px;padding-bottom:0px\" id=\"wpv-column-23620ee391c8a16362f3644bb228920e\" ><div class=\"clearfix dropcap-wrapper\"><div class=\"dropcap-left\"><span class='dropcap1 '>3<\/span><\/div><div class=\"dropcap-text\"><b>IT-Management<\/b><\/div> <\/div> <div class=\"push\" style='height:20px'><\/div>\n<p>F\u00fcr VMC bedeutet <b>IT-Management<\/b>, unseren Kunden dabei zu helfen, ihre IT-Ressourcen und -Prozesse strategisch zu optimieren, um ihre Gesch\u00e4ftsziele zu erreichen. Wir bieten umfassende Beratungsdienstleistungen an, die darauf abzielen, IT-Strategien zu entwickeln, Governance-Frameworks umzusetzen, die Prozesse zu optimieren, Projekte zu managen und Risiken zu minimieren.<\/p>\n<p><a href=\"https:\/\/vineyard-mc.com\/it-management\/\">Mehr erfahren<\/a><\/div><\/div><\/div><\/div>\n","protected":false},"excerpt":{"rendered":"<p>Alle unsere Beratungsmandate werden von erfahrenen, hoch qualifizierten Management Consultants betreut. So unterst\u00fctzen wir bspw. zur Zeit\u2026 mehrere globale Finanzdienstleister bei der Integration ihrer Merger einen deutschen Telekommunikationskonzern bei der Implementierung seiner End-to-End-Prozessneugestaltung einen internationalen Automobilkonzern bei der Einf\u00fchrung eines integrierten ITIL v3-basierten Tools einen globalen Finanzdienstleister bei der Umsetzung seiner Security-Strategie einen europ\u00e4ischen Versicherungskonzern&#8230;<\/p>\n","protected":false},"author":2,"featured_media":0,"parent":0,"menu_order":5,"comment_status":"closed","ping_status":"closed","template":"","meta":{"footnotes":""},"class_list":["post-989206","page","type-page","status-publish","hentry"],"yoast_head":"<!-- This site is optimized with the Yoast SEO plugin v27.3 - https:\/\/yoast.com\/product\/yoast-seo-wordpress\/ -->\n<title>Beratungsleistungen - Vineyard Management Consulting GmbH<\/title>\n<meta name=\"robots\" content=\"index, follow, max-snippet:-1, max-image-preview:large, max-video-preview:-1\" \/>\n<link rel=\"canonical\" href=\"https:\/\/vineyard-mc.com\/de_de\/beratungsleistungen\/\" \/>\n<meta property=\"og:locale\" content=\"de_DE\" \/>\n<meta property=\"og:type\" content=\"article\" \/>\n<meta property=\"og:title\" content=\"Beratungsleistungen - Vineyard Management Consulting GmbH\" \/>\n<meta property=\"og:description\" content=\"Alle unsere Beratungsmandate werden von erfahrenen, hoch qualifizierten Management Consultants betreut. So unterst\u00fctzen wir bspw. zur Zeit\u2026 mehrere globale Finanzdienstleister bei der Integration ihrer Merger einen deutschen Telekommunikationskonzern bei der Implementierung seiner End-to-End-Prozessneugestaltung einen internationalen Automobilkonzern bei der Einf\u00fchrung eines integrierten ITIL v3-basierten Tools einen globalen Finanzdienstleister bei der Umsetzung seiner Security-Strategie einen europ\u00e4ischen Versicherungskonzern...\" \/>\n<meta property=\"og:url\" content=\"https:\/\/vineyard-mc.com\/de_de\/beratungsleistungen\/\" \/>\n<meta property=\"og:site_name\" content=\"Vineyard Management Consulting GmbH\" \/>\n<meta property=\"article:modified_time\" content=\"2025-04-08T09:36:00+00:00\" \/>\n<meta name=\"twitter:card\" content=\"summary_large_image\" \/>\n<meta name=\"twitter:label1\" content=\"Gesch\u00e4tzte Lesezeit\" \/>\n\t<meta name=\"twitter:data1\" content=\"2\u00a0Minuten\" \/>\n<script type=\"application\/ld+json\" class=\"yoast-schema-graph\">{\"@context\":\"https:\\\/\\\/schema.org\",\"@graph\":[{\"@type\":\"WebPage\",\"@id\":\"https:\\\/\\\/vineyard-mc.com\\\/beratungsleistungen\\\/\",\"url\":\"https:\\\/\\\/vineyard-mc.com\\\/beratungsleistungen\\\/\",\"name\":\"Beratungsleistungen - Vineyard Management Consulting GmbH\",\"isPartOf\":{\"@id\":\"https:\\\/\\\/vineyard-mc.com\\\/#website\"},\"datePublished\":\"2025-04-08T08:40:13+00:00\",\"dateModified\":\"2025-04-08T09:36:00+00:00\",\"breadcrumb\":{\"@id\":\"https:\\\/\\\/vineyard-mc.com\\\/beratungsleistungen\\\/#breadcrumb\"},\"inLanguage\":\"de\",\"potentialAction\":[{\"@type\":\"ReadAction\",\"target\":[\"https:\\\/\\\/vineyard-mc.com\\\/beratungsleistungen\\\/\"]}]},{\"@type\":\"BreadcrumbList\",\"@id\":\"https:\\\/\\\/vineyard-mc.com\\\/beratungsleistungen\\\/#breadcrumb\",\"itemListElement\":[{\"@type\":\"ListItem\",\"position\":1,\"name\":\"Startseite\",\"item\":\"https:\\\/\\\/vineyard-mc.com\\\/\"},{\"@type\":\"ListItem\",\"position\":2,\"name\":\"Beratungsleistungen\"}]},{\"@type\":\"WebSite\",\"@id\":\"https:\\\/\\\/vineyard-mc.com\\\/#website\",\"url\":\"https:\\\/\\\/vineyard-mc.com\\\/\",\"name\":\"Vineyard Management Consulting GmbH\",\"description\":\"Better Ideas - Better Results\",\"publisher\":{\"@id\":\"https:\\\/\\\/vineyard-mc.com\\\/#organization\"},\"alternateName\":\"VMC GmbH\",\"potentialAction\":[{\"@type\":\"SearchAction\",\"target\":{\"@type\":\"EntryPoint\",\"urlTemplate\":\"https:\\\/\\\/vineyard-mc.com\\\/?s={search_term_string}\"},\"query-input\":{\"@type\":\"PropertyValueSpecification\",\"valueRequired\":true,\"valueName\":\"search_term_string\"}}],\"inLanguage\":\"de\"},{\"@type\":\"Organization\",\"@id\":\"https:\\\/\\\/vineyard-mc.com\\\/#organization\",\"name\":\"Vineyard Management Consulting GmbH\",\"url\":\"https:\\\/\\\/vineyard-mc.com\\\/\",\"logo\":{\"@type\":\"ImageObject\",\"inLanguage\":\"de\",\"@id\":\"https:\\\/\\\/vineyard-mc.com\\\/#\\\/schema\\\/logo\\\/image\\\/\",\"url\":\"https:\\\/\\\/vineyard-mc.com\\\/wp-content\\\/uploads\\\/2021\\\/03\\\/VMC-Logo_1.jpg\",\"contentUrl\":\"https:\\\/\\\/vineyard-mc.com\\\/wp-content\\\/uploads\\\/2021\\\/03\\\/VMC-Logo_1.jpg\",\"width\":506,\"height\":665,\"caption\":\"Vineyard Management Consulting GmbH\"},\"image\":{\"@id\":\"https:\\\/\\\/vineyard-mc.com\\\/#\\\/schema\\\/logo\\\/image\\\/\"},\"sameAs\":[\"https:\\\/\\\/de.linkedin.com\\\/company\\\/vineyard-management-consulting-gmbh\"]}]}<\/script>\n<!-- \/ Yoast SEO plugin. -->","yoast_head_json":{"title":"Beratungsleistungen - Vineyard Management Consulting GmbH","robots":{"index":"index","follow":"follow","max-snippet":"max-snippet:-1","max-image-preview":"max-image-preview:large","max-video-preview":"max-video-preview:-1"},"canonical":"https:\/\/vineyard-mc.com\/de_de\/beratungsleistungen\/","og_locale":"de_DE","og_type":"article","og_title":"Beratungsleistungen - Vineyard Management Consulting GmbH","og_description":"Alle unsere Beratungsmandate werden von erfahrenen, hoch qualifizierten Management Consultants betreut. So unterst\u00fctzen wir bspw. zur Zeit\u2026 mehrere globale Finanzdienstleister bei der Integration ihrer Merger einen deutschen Telekommunikationskonzern bei der Implementierung seiner End-to-End-Prozessneugestaltung einen internationalen Automobilkonzern bei der Einf\u00fchrung eines integrierten ITIL v3-basierten Tools einen globalen Finanzdienstleister bei der Umsetzung seiner Security-Strategie einen europ\u00e4ischen Versicherungskonzern...","og_url":"https:\/\/vineyard-mc.com\/de_de\/beratungsleistungen\/","og_site_name":"Vineyard Management Consulting GmbH","article_modified_time":"2025-04-08T09:36:00+00:00","twitter_card":"summary_large_image","twitter_misc":{"Gesch\u00e4tzte Lesezeit":"2\u00a0Minuten"},"schema":{"@context":"https:\/\/schema.org","@graph":[{"@type":"WebPage","@id":"https:\/\/vineyard-mc.com\/beratungsleistungen\/","url":"https:\/\/vineyard-mc.com\/beratungsleistungen\/","name":"Beratungsleistungen - Vineyard Management Consulting GmbH","isPartOf":{"@id":"https:\/\/vineyard-mc.com\/#website"},"datePublished":"2025-04-08T08:40:13+00:00","dateModified":"2025-04-08T09:36:00+00:00","breadcrumb":{"@id":"https:\/\/vineyard-mc.com\/beratungsleistungen\/#breadcrumb"},"inLanguage":"de","potentialAction":[{"@type":"ReadAction","target":["https:\/\/vineyard-mc.com\/beratungsleistungen\/"]}]},{"@type":"BreadcrumbList","@id":"https:\/\/vineyard-mc.com\/beratungsleistungen\/#breadcrumb","itemListElement":[{"@type":"ListItem","position":1,"name":"Startseite","item":"https:\/\/vineyard-mc.com\/"},{"@type":"ListItem","position":2,"name":"Beratungsleistungen"}]},{"@type":"WebSite","@id":"https:\/\/vineyard-mc.com\/#website","url":"https:\/\/vineyard-mc.com\/","name":"Vineyard Management Consulting GmbH","description":"Better Ideas - Better Results","publisher":{"@id":"https:\/\/vineyard-mc.com\/#organization"},"alternateName":"VMC GmbH","potentialAction":[{"@type":"SearchAction","target":{"@type":"EntryPoint","urlTemplate":"https:\/\/vineyard-mc.com\/?s={search_term_string}"},"query-input":{"@type":"PropertyValueSpecification","valueRequired":true,"valueName":"search_term_string"}}],"inLanguage":"de"},{"@type":"Organization","@id":"https:\/\/vineyard-mc.com\/#organization","name":"Vineyard Management Consulting GmbH","url":"https:\/\/vineyard-mc.com\/","logo":{"@type":"ImageObject","inLanguage":"de","@id":"https:\/\/vineyard-mc.com\/#\/schema\/logo\/image\/","url":"https:\/\/vineyard-mc.com\/wp-content\/uploads\/2021\/03\/VMC-Logo_1.jpg","contentUrl":"https:\/\/vineyard-mc.com\/wp-content\/uploads\/2021\/03\/VMC-Logo_1.jpg","width":506,"height":665,"caption":"Vineyard Management Consulting GmbH"},"image":{"@id":"https:\/\/vineyard-mc.com\/#\/schema\/logo\/image\/"},"sameAs":["https:\/\/de.linkedin.com\/company\/vineyard-management-consulting-gmbh"]}]}},"_links":{"self":[{"href":"https:\/\/vineyard-mc.com\/de_de\/wp-json\/wp\/v2\/pages\/989206","targetHints":{"allow":["GET"]}}],"collection":[{"href":"https:\/\/vineyard-mc.com\/de_de\/wp-json\/wp\/v2\/pages"}],"about":[{"href":"https:\/\/vineyard-mc.com\/de_de\/wp-json\/wp\/v2\/types\/page"}],"author":[{"embeddable":true,"href":"https:\/\/vineyard-mc.com\/de_de\/wp-json\/wp\/v2\/users\/2"}],"replies":[{"embeddable":true,"href":"https:\/\/vineyard-mc.com\/de_de\/wp-json\/wp\/v2\/comments?post=989206"}],"version-history":[{"count":8,"href":"https:\/\/vineyard-mc.com\/de_de\/wp-json\/wp\/v2\/pages\/989206\/revisions"}],"predecessor-version":[{"id":989251,"href":"https:\/\/vineyard-mc.com\/de_de\/wp-json\/wp\/v2\/pages\/989206\/revisions\/989251"}],"wp:attachment":[{"href":"https:\/\/vineyard-mc.com\/de_de\/wp-json\/wp\/v2\/media?parent=989206"}],"curies":[{"name":"wp","href":"https:\/\/api.w.org\/{rel}","templated":true}]}}