{"id":989570,"date":"2025-12-22T14:35:30","date_gmt":"2025-12-22T13:35:30","guid":{"rendered":"https:\/\/vineyard-mc.com\/?page_id=989570"},"modified":"2025-12-22T15:40:12","modified_gmt":"2025-12-22T14:40:12","slug":"yoan-petrov","status":"publish","type":"page","link":"https:\/\/vineyard-mc.com\/de_de\/das-team-der-vineyard-management-consulting-gmbh\/yoan-petrov\/","title":{"rendered":"Yoan Petrov"},"content":{"rendered":"<div class=\"row \"><div class=\"wpv-grid grid-2-5  wpv-first-level first unextended\" style=\"padding-top:0px;padding-bottom:0px\" id=\"wpv-column-86eabc486dad582bad48a22427ea370a\" ><div class=\"row \"><div class=\"wpv-grid grid-1-1  first unextended\" style=\"padding-top:0px;padding-bottom:0px\" id=\"wpv-column-6737963d177ede88c1800e726223b907\" ><p><img loading=\"lazy\" decoding=\"async\" class=\"size-medium wp-image-989572 aligncenter\" src=\"https:\/\/vineyard-mc.com\/wp-content\/uploads\/2025\/12\/Portrait_3_square-300x300.jpg\" alt=\"Yoan Petrov Associate VMC\" width=\"300\" height=\"300\" srcset=\"https:\/\/vineyard-mc.com\/wp-content\/uploads\/2025\/12\/Portrait_3_square-300x300.jpg 300w, https:\/\/vineyard-mc.com\/wp-content\/uploads\/2025\/12\/Portrait_3_square-1024x1024.jpg 1024w, https:\/\/vineyard-mc.com\/wp-content\/uploads\/2025\/12\/Portrait_3_square-150x150.jpg 150w, https:\/\/vineyard-mc.com\/wp-content\/uploads\/2025\/12\/Portrait_3_square-12x12.jpg 12w, https:\/\/vineyard-mc.com\/wp-content\/uploads\/2025\/12\/Portrait_3_square-60x60.jpg 60w\" sizes=\"auto, (max-width: 300px) 100vw, 300px\" \/><\/div><\/div>\n<div class=\"row \"><div class=\"wpv-grid grid-1-1  first unextended\" style=\"padding-top:0px;padding-bottom:0px\" id=\"wpv-column-4be09c3a8f0fd156437a9c93148e4488\" ><p>KONTAKT:<\/p>\n<p>petrov@vineyard-mc.com<\/p>\n<p>SCHWERPUNKTE<\/p>\n<p><a href=\"https:\/\/vineyard-mc.com\/de_de\/leistungen\/project\/\">Project Management<\/a> \u2192<br \/>\n<a href=\"https:\/\/vineyard-mc.com\/de_de\/leistungen\/transition\/\">Transition Management<\/a>\u00a0\u2192<br \/>\nInformationssicherheit \u2192<\/p>\n<p>STUDIUM:<\/p>\n<p>Master of Science in International <span class=\"NormalTextRun SCXW179467978 BCX0\">Information Systems,<\/span><span class=\"NormalTextRun SCXW179467978 BCX0\">\u00a0<\/span><span class=\"NormalTextRun SCXW179467978 BCX0\">Friedrich-Alexander-Universit\u00e4t Erlangen-N\u00fcrnberg<\/span><\/p>\n<p><span class=\"NormalTextRun SCXW179467978 BCX0\">Master of Business Administration, Universit\u00e4t Bern<\/span><\/div><\/div><\/div>\n<div class=\"wpv-grid grid-3-5  wpv-first-level unextended\" style=\"padding-top:0px;padding-bottom:15px\" id=\"wpv-column-b761a9ea0c7a7bb1466f19ab1cecda3d\" ><div class=\"row \"><div class=\"wpv-grid grid-1-1  first unextended\" style=\"padding-top:0px;padding-bottom:0px\" id=\"wpv-column-52c465b80705529268670f31d5c9a296\" ><p><span data-contrast=\"none\">Yoan ist Associate der Vineyard Management Consulting GmbH sowie Gr\u00fcnder und Inhaber der Actegro GmbH. Er betreut und ber\u00e4t mittelst\u00e4ndische und gro\u00dfe Unternehmen aus den Bereichen Finanzen, Industrie, IT und Healthcare.<\/span><span data-ccp-props=\"{\">\u00a0<\/span><\/p>\n<p><span data-contrast=\"none\">Als MSc Wirtschaftsinformatik der Friedrich-Alexander-Universit\u00e4t Erlangen-N\u00fcrnberg sowie der Universit\u00e4t Bern in der Schweiz arbeitet Yoan seit 13 Jahren in der IT-Beratung. Seine Schwerpunkte liegen in den Bereichen Solution Architecture, Delivery Management, System-Integration, Digitale Transformation und Enterprise Architecture Advisory.<\/span><span data-ccp-props=\"{\">\u00a0<\/span><\/p>\n<p><span data-contrast=\"none\">Yoan\u2019s Superpower besteht darin, dass er ausgehend von schwach definierten Gesch\u00e4ftszielen sehr konkrete IT-Landschaften mit vielen integrierten Systemen und komplexen Datenfl\u00fcssen entwerfen und liefern kann. Er hat sich auf Custom Software Engineering spezialisiert und liebt es, als Architekt spezialisierte Softwarel\u00f6sungen zu entwerfen und als Projektmanager zu liefern. Yoan ist auch ein Cloud-Advocate. Er hat mehrere Unternehmen von der Konzeption bis zum Erfolg ihrer Cloud-Transformationen begleitet.<\/span><span data-ccp-props=\"{\">\u00a0<\/span><\/p>\n<p><span data-contrast=\"none\">Er ist von Microsoft als Certified Technology Specialist und Certified Solutions Associate in den Bereichen SQL Server &amp; Data Management und Azure Cloud zertifiziert. Au\u00dferdem ist er von OSISoft als PI Customized Solutions Developer zertifiziert.<\/span><span data-ccp-props=\"{\">\u00a0<\/span><\/div><\/div><\/div><\/div>\n<div class=\"row \"><div class=\"wpv-grid grid-1-1  wpv-first-level first unextended\" style=\"padding-top:0px;padding-bottom:0px\" id=\"wpv-column-b253f12a1b8b84a6a35a71514f8beee2\" >\t\t<div class=\"sep-text single centered\">\n\t\t\t\t\t\t\t<span class=\"sep-text-before\"><div class=\"sep-text-line\"><\/div><\/span>\n\t\t\t\t\t\t<div class=\"content\">\n\t\t\t\t<h2 class=\"text-divider-double\">Ihre Nachricht<\/h2>\t\t\t<\/div>\n\t\t\t<span class=\"sep-text-after\"><div class=\"sep-text-line\"><\/div><\/span>\n\t\t\t\t\t<\/div>\n\t<div class=\"row \"><div class=\"wpv-grid grid-1-1  first unextended\" style=\"padding-top:0px;padding-bottom:0px\" id=\"wpv-column-eaeceb940b02e9b6b0b8bc8c81e01dc1\" ><p>\n<div class=\"wpcf7 no-js\" id=\"wpcf7-f10-o1\" lang=\"en-US\" dir=\"ltr\" data-wpcf7-id=\"10\">\n<div class=\"screen-reader-response\"><p role=\"status\" aria-live=\"polite\" aria-atomic=\"true\"><\/p> <ul><\/ul><\/div>\n<form action=\"\/de_de\/wp-json\/wp\/v2\/pages\/989570#wpcf7-f10-o1\" method=\"post\" class=\"wpcf7-form init\" aria-label=\"Contact form\" novalidate=\"novalidate\" data-status=\"init\">\n<fieldset class=\"hidden-fields-container\"><input type=\"hidden\" name=\"_wpcf7\" value=\"10\" \/><input type=\"hidden\" name=\"_wpcf7_version\" value=\"6.1.5\" \/><input type=\"hidden\" name=\"_wpcf7_locale\" value=\"en_US\" \/><input type=\"hidden\" name=\"_wpcf7_unit_tag\" value=\"wpcf7-f10-o1\" \/><input type=\"hidden\" name=\"_wpcf7_container_post\" value=\"0\" \/><input type=\"hidden\" name=\"_wpcf7_posted_data_hash\" value=\"\" \/>\n<\/fieldset>\n<div class=\"row\">\n\t<div class=\"grid-1-3\">\n\t\t<p><span class=\"wpcf7-form-control-wrap\" data-name=\"Name\"><input size=\"40\" maxlength=\"400\" class=\"wpcf7-form-control wpcf7-text wpcf7-validates-as-required\" aria-required=\"true\" aria-invalid=\"false\" value=\"Ihr Name \/ Your name\" type=\"text\" name=\"Name\" \/><\/span>\n\t\t<\/p>\n\t<\/div>\n\t<div class=\"grid-1-3\">\n\t\t<p><span class=\"wpcf7-form-control-wrap\" data-name=\"E-mail\"><input size=\"40\" maxlength=\"400\" class=\"wpcf7-form-control wpcf7-text wpcf7-validates-as-required\" aria-required=\"true\" aria-invalid=\"false\" value=\"E-Mail \/ email\" type=\"text\" name=\"E-mail\" \/><\/span>\n\t\t<\/p>\n\t<\/div>\n\t<div class=\"grid-1-3\">\n\t\t<p><span class=\"wpcf7-form-control-wrap\" data-name=\"Phone\"><input size=\"40\" maxlength=\"400\" class=\"wpcf7-form-control wpcf7-text\" aria-invalid=\"false\" value=\"Telefon \/ Phone\" type=\"text\" name=\"Phone\" \/><\/span>\n\t\t<\/p>\n\t<\/div>\n\t<div class=\"grid-1-1\">\n\t\t<p><span class=\"wpcf7-form-control-wrap\" data-name=\"Subject\"><input size=\"40\" maxlength=\"400\" class=\"wpcf7-form-control wpcf7-text wpcf7-validates-as-required\" aria-required=\"true\" aria-invalid=\"false\" value=\"Ihr Thema \/ Subject\" type=\"text\" name=\"Subject\" \/><\/span>\n\t\t<\/p>\n\t<\/div>\n\t<div class=\"grid-1-1\">\n\t\t<p><span class=\"wpcf7-form-control-wrap\" data-name=\"Message\"><textarea cols=\"40\" rows=\"10\" maxlength=\"2000\" class=\"wpcf7-form-control wpcf7-textarea wpcf7-validates-as-required\" aria-required=\"true\" aria-invalid=\"false\" name=\"Message\">Ihre Nachricht... \/ Your message...<\/textarea><\/span>\n\t\t<\/p>\n\t<\/div>\n\t<div style= \"text-align: center;\">\n\t\t<p><input class=\"wpcf7-form-control wpcf7-submit has-spinner\" type=\"submit\" value=\"Absenden \/ Send \u2192\" \/>\n\t\t<\/p>\n\t<\/div>\n<\/div><div class=\"wpcf7-response-output\" aria-hidden=\"true\"><\/div>\n<\/form>\n<\/div>\n<\/div><\/div><\/div><\/div>\n","protected":false},"excerpt":{"rendered":"<p>KONTAKT: petrov@vineyard-mc.com SCHWERPUNKTE Project Management \u2192 Transition Management\u00a0\u2192 Informationssicherheit \u2192 STUDIUM: Master of Science in International Information Systems,\u00a0Friedrich-Alexander-Universit\u00e4t Erlangen-N\u00fcrnberg Master of Business Administration, Universit\u00e4t Bern Yoan ist Associate der Vineyard Management Consulting GmbH sowie Gr\u00fcnder und Inhaber der Actegro GmbH. Er betreut und ber\u00e4t mittelst\u00e4ndische und gro\u00dfe Unternehmen aus den Bereichen Finanzen, Industrie, IT und&#8230;<\/p>\n","protected":false},"author":6,"featured_media":0,"parent":7774,"menu_order":0,"comment_status":"closed","ping_status":"closed","template":"","meta":{"footnotes":""},"class_list":["post-989570","page","type-page","status-publish","hentry"],"yoast_head":"<!-- This site is optimized with the Yoast SEO plugin v27.3 - https:\/\/yoast.com\/product\/yoast-seo-wordpress\/ -->\n<title>Yoan Petrov - Vineyard Management Consulting GmbH<\/title>\n<meta name=\"description\" content=\"Yoan ist Gr\u00fcnder und Inhaber der Actegro GmbH. Er ber\u00e4t Unternehmen aus den Bereichen Finanzen, Industrie, IT und Healthcare.\" \/>\n<meta name=\"robots\" content=\"index, follow, max-snippet:-1, max-image-preview:large, max-video-preview:-1\" \/>\n<link rel=\"canonical\" href=\"https:\/\/vineyard-mc.com\/de_de\/das-team-der-vineyard-management-consulting-gmbh\/yoan-petrov\/\" \/>\n<meta property=\"og:locale\" content=\"de_DE\" \/>\n<meta property=\"og:type\" content=\"article\" \/>\n<meta property=\"og:title\" content=\"Yoan Petrov - Vineyard Management Consulting GmbH\" \/>\n<meta property=\"og:description\" content=\"Yoan ist Gr\u00fcnder und Inhaber der Actegro GmbH. Er ber\u00e4t Unternehmen aus den Bereichen Finanzen, Industrie, IT und Healthcare.\" \/>\n<meta property=\"og:url\" content=\"https:\/\/vineyard-mc.com\/de_de\/das-team-der-vineyard-management-consulting-gmbh\/yoan-petrov\/\" \/>\n<meta property=\"og:site_name\" content=\"Vineyard Management Consulting GmbH\" \/>\n<meta property=\"article:modified_time\" content=\"2025-12-22T14:40:12+00:00\" \/>\n<meta property=\"og:image\" content=\"https:\/\/vineyard-mc.com\/wp-content\/uploads\/2025\/12\/Portrait_3_square-scaled.jpg\" \/>\n\t<meta property=\"og:image:width\" content=\"2560\" \/>\n\t<meta property=\"og:image:height\" content=\"2560\" \/>\n\t<meta property=\"og:image:type\" content=\"image\/jpeg\" \/>\n<meta name=\"twitter:card\" content=\"summary_large_image\" \/>\n<meta name=\"twitter:label1\" content=\"Gesch\u00e4tzte Lesezeit\" \/>\n\t<meta name=\"twitter:data1\" content=\"2\u00a0Minuten\" \/>\n<script type=\"application\/ld+json\" class=\"yoast-schema-graph\">{\"@context\":\"https:\\\/\\\/schema.org\",\"@graph\":[{\"@type\":\"WebPage\",\"@id\":\"https:\\\/\\\/vineyard-mc.com\\\/das-team-der-vineyard-management-consulting-gmbh\\\/yoan-petrov\\\/\",\"url\":\"https:\\\/\\\/vineyard-mc.com\\\/das-team-der-vineyard-management-consulting-gmbh\\\/yoan-petrov\\\/\",\"name\":\"Yoan Petrov - Vineyard Management Consulting GmbH\",\"isPartOf\":{\"@id\":\"https:\\\/\\\/vineyard-mc.com\\\/#website\"},\"primaryImageOfPage\":{\"@id\":\"https:\\\/\\\/vineyard-mc.com\\\/das-team-der-vineyard-management-consulting-gmbh\\\/yoan-petrov\\\/#primaryimage\"},\"image\":{\"@id\":\"https:\\\/\\\/vineyard-mc.com\\\/das-team-der-vineyard-management-consulting-gmbh\\\/yoan-petrov\\\/#primaryimage\"},\"thumbnailUrl\":\"https:\\\/\\\/vineyard-mc.com\\\/wp-content\\\/uploads\\\/2025\\\/12\\\/Portrait_3_square-300x300.jpg\",\"datePublished\":\"2025-12-22T13:35:30+00:00\",\"dateModified\":\"2025-12-22T14:40:12+00:00\",\"description\":\"Yoan ist Gr\u00fcnder und Inhaber der Actegro GmbH. Er ber\u00e4t Unternehmen aus den Bereichen Finanzen, Industrie, IT und Healthcare.\",\"breadcrumb\":{\"@id\":\"https:\\\/\\\/vineyard-mc.com\\\/das-team-der-vineyard-management-consulting-gmbh\\\/yoan-petrov\\\/#breadcrumb\"},\"inLanguage\":\"de\",\"potentialAction\":[{\"@type\":\"ReadAction\",\"target\":[\"https:\\\/\\\/vineyard-mc.com\\\/das-team-der-vineyard-management-consulting-gmbh\\\/yoan-petrov\\\/\"]}]},{\"@type\":\"ImageObject\",\"inLanguage\":\"de\",\"@id\":\"https:\\\/\\\/vineyard-mc.com\\\/das-team-der-vineyard-management-consulting-gmbh\\\/yoan-petrov\\\/#primaryimage\",\"url\":\"https:\\\/\\\/vineyard-mc.com\\\/wp-content\\\/uploads\\\/2025\\\/12\\\/Portrait_3_square-300x300.jpg\",\"contentUrl\":\"https:\\\/\\\/vineyard-mc.com\\\/wp-content\\\/uploads\\\/2025\\\/12\\\/Portrait_3_square-300x300.jpg\"},{\"@type\":\"BreadcrumbList\",\"@id\":\"https:\\\/\\\/vineyard-mc.com\\\/das-team-der-vineyard-management-consulting-gmbh\\\/yoan-petrov\\\/#breadcrumb\",\"itemListElement\":[{\"@type\":\"ListItem\",\"position\":1,\"name\":\"Startseite\",\"item\":\"https:\\\/\\\/vineyard-mc.com\\\/\"},{\"@type\":\"ListItem\",\"position\":2,\"name\":\"Unser Team\",\"item\":\"https:\\\/\\\/vineyard-mc.com\\\/das-team-der-vineyard-management-consulting-gmbh\\\/\"},{\"@type\":\"ListItem\",\"position\":3,\"name\":\"Yoan Petrov\"}]},{\"@type\":\"WebSite\",\"@id\":\"https:\\\/\\\/vineyard-mc.com\\\/#website\",\"url\":\"https:\\\/\\\/vineyard-mc.com\\\/\",\"name\":\"Vineyard Management Consulting GmbH\",\"description\":\"Better Ideas - Better Results\",\"publisher\":{\"@id\":\"https:\\\/\\\/vineyard-mc.com\\\/#organization\"},\"alternateName\":\"VMC GmbH\",\"potentialAction\":[{\"@type\":\"SearchAction\",\"target\":{\"@type\":\"EntryPoint\",\"urlTemplate\":\"https:\\\/\\\/vineyard-mc.com\\\/?s={search_term_string}\"},\"query-input\":{\"@type\":\"PropertyValueSpecification\",\"valueRequired\":true,\"valueName\":\"search_term_string\"}}],\"inLanguage\":\"de\"},{\"@type\":\"Organization\",\"@id\":\"https:\\\/\\\/vineyard-mc.com\\\/#organization\",\"name\":\"Vineyard Management Consulting GmbH\",\"url\":\"https:\\\/\\\/vineyard-mc.com\\\/\",\"logo\":{\"@type\":\"ImageObject\",\"inLanguage\":\"de\",\"@id\":\"https:\\\/\\\/vineyard-mc.com\\\/#\\\/schema\\\/logo\\\/image\\\/\",\"url\":\"https:\\\/\\\/vineyard-mc.com\\\/wp-content\\\/uploads\\\/2021\\\/03\\\/VMC-Logo_1.jpg\",\"contentUrl\":\"https:\\\/\\\/vineyard-mc.com\\\/wp-content\\\/uploads\\\/2021\\\/03\\\/VMC-Logo_1.jpg\",\"width\":506,\"height\":665,\"caption\":\"Vineyard Management Consulting GmbH\"},\"image\":{\"@id\":\"https:\\\/\\\/vineyard-mc.com\\\/#\\\/schema\\\/logo\\\/image\\\/\"},\"sameAs\":[\"https:\\\/\\\/de.linkedin.com\\\/company\\\/vineyard-management-consulting-gmbh\"]}]}<\/script>\n<!-- \/ Yoast SEO plugin. -->","yoast_head_json":{"title":"Yoan Petrov - Vineyard Management Consulting GmbH","description":"Yoan ist Gr\u00fcnder und Inhaber der Actegro GmbH. Er ber\u00e4t Unternehmen aus den Bereichen Finanzen, Industrie, IT und Healthcare.","robots":{"index":"index","follow":"follow","max-snippet":"max-snippet:-1","max-image-preview":"max-image-preview:large","max-video-preview":"max-video-preview:-1"},"canonical":"https:\/\/vineyard-mc.com\/de_de\/das-team-der-vineyard-management-consulting-gmbh\/yoan-petrov\/","og_locale":"de_DE","og_type":"article","og_title":"Yoan Petrov - Vineyard Management Consulting GmbH","og_description":"Yoan ist Gr\u00fcnder und Inhaber der Actegro GmbH. Er ber\u00e4t Unternehmen aus den Bereichen Finanzen, Industrie, IT und Healthcare.","og_url":"https:\/\/vineyard-mc.com\/de_de\/das-team-der-vineyard-management-consulting-gmbh\/yoan-petrov\/","og_site_name":"Vineyard Management Consulting GmbH","article_modified_time":"2025-12-22T14:40:12+00:00","og_image":[{"width":2560,"height":2560,"url":"https:\/\/vineyard-mc.com\/wp-content\/uploads\/2025\/12\/Portrait_3_square-scaled.jpg","type":"image\/jpeg"}],"twitter_card":"summary_large_image","twitter_misc":{"Gesch\u00e4tzte Lesezeit":"2\u00a0Minuten"},"schema":{"@context":"https:\/\/schema.org","@graph":[{"@type":"WebPage","@id":"https:\/\/vineyard-mc.com\/das-team-der-vineyard-management-consulting-gmbh\/yoan-petrov\/","url":"https:\/\/vineyard-mc.com\/das-team-der-vineyard-management-consulting-gmbh\/yoan-petrov\/","name":"Yoan Petrov - Vineyard Management Consulting GmbH","isPartOf":{"@id":"https:\/\/vineyard-mc.com\/#website"},"primaryImageOfPage":{"@id":"https:\/\/vineyard-mc.com\/das-team-der-vineyard-management-consulting-gmbh\/yoan-petrov\/#primaryimage"},"image":{"@id":"https:\/\/vineyard-mc.com\/das-team-der-vineyard-management-consulting-gmbh\/yoan-petrov\/#primaryimage"},"thumbnailUrl":"https:\/\/vineyard-mc.com\/wp-content\/uploads\/2025\/12\/Portrait_3_square-300x300.jpg","datePublished":"2025-12-22T13:35:30+00:00","dateModified":"2025-12-22T14:40:12+00:00","description":"Yoan ist Gr\u00fcnder und Inhaber der Actegro GmbH. Er ber\u00e4t Unternehmen aus den Bereichen Finanzen, Industrie, IT und Healthcare.","breadcrumb":{"@id":"https:\/\/vineyard-mc.com\/das-team-der-vineyard-management-consulting-gmbh\/yoan-petrov\/#breadcrumb"},"inLanguage":"de","potentialAction":[{"@type":"ReadAction","target":["https:\/\/vineyard-mc.com\/das-team-der-vineyard-management-consulting-gmbh\/yoan-petrov\/"]}]},{"@type":"ImageObject","inLanguage":"de","@id":"https:\/\/vineyard-mc.com\/das-team-der-vineyard-management-consulting-gmbh\/yoan-petrov\/#primaryimage","url":"https:\/\/vineyard-mc.com\/wp-content\/uploads\/2025\/12\/Portrait_3_square-300x300.jpg","contentUrl":"https:\/\/vineyard-mc.com\/wp-content\/uploads\/2025\/12\/Portrait_3_square-300x300.jpg"},{"@type":"BreadcrumbList","@id":"https:\/\/vineyard-mc.com\/das-team-der-vineyard-management-consulting-gmbh\/yoan-petrov\/#breadcrumb","itemListElement":[{"@type":"ListItem","position":1,"name":"Startseite","item":"https:\/\/vineyard-mc.com\/"},{"@type":"ListItem","position":2,"name":"Unser Team","item":"https:\/\/vineyard-mc.com\/das-team-der-vineyard-management-consulting-gmbh\/"},{"@type":"ListItem","position":3,"name":"Yoan Petrov"}]},{"@type":"WebSite","@id":"https:\/\/vineyard-mc.com\/#website","url":"https:\/\/vineyard-mc.com\/","name":"Vineyard Management Consulting GmbH","description":"Better Ideas - Better Results","publisher":{"@id":"https:\/\/vineyard-mc.com\/#organization"},"alternateName":"VMC GmbH","potentialAction":[{"@type":"SearchAction","target":{"@type":"EntryPoint","urlTemplate":"https:\/\/vineyard-mc.com\/?s={search_term_string}"},"query-input":{"@type":"PropertyValueSpecification","valueRequired":true,"valueName":"search_term_string"}}],"inLanguage":"de"},{"@type":"Organization","@id":"https:\/\/vineyard-mc.com\/#organization","name":"Vineyard Management Consulting GmbH","url":"https:\/\/vineyard-mc.com\/","logo":{"@type":"ImageObject","inLanguage":"de","@id":"https:\/\/vineyard-mc.com\/#\/schema\/logo\/image\/","url":"https:\/\/vineyard-mc.com\/wp-content\/uploads\/2021\/03\/VMC-Logo_1.jpg","contentUrl":"https:\/\/vineyard-mc.com\/wp-content\/uploads\/2021\/03\/VMC-Logo_1.jpg","width":506,"height":665,"caption":"Vineyard Management Consulting GmbH"},"image":{"@id":"https:\/\/vineyard-mc.com\/#\/schema\/logo\/image\/"},"sameAs":["https:\/\/de.linkedin.com\/company\/vineyard-management-consulting-gmbh"]}]}},"_links":{"self":[{"href":"https:\/\/vineyard-mc.com\/de_de\/wp-json\/wp\/v2\/pages\/989570","targetHints":{"allow":["GET"]}}],"collection":[{"href":"https:\/\/vineyard-mc.com\/de_de\/wp-json\/wp\/v2\/pages"}],"about":[{"href":"https:\/\/vineyard-mc.com\/de_de\/wp-json\/wp\/v2\/types\/page"}],"author":[{"embeddable":true,"href":"https:\/\/vineyard-mc.com\/de_de\/wp-json\/wp\/v2\/users\/6"}],"replies":[{"embeddable":true,"href":"https:\/\/vineyard-mc.com\/de_de\/wp-json\/wp\/v2\/comments?post=989570"}],"version-history":[{"count":9,"href":"https:\/\/vineyard-mc.com\/de_de\/wp-json\/wp\/v2\/pages\/989570\/revisions"}],"predecessor-version":[{"id":989630,"href":"https:\/\/vineyard-mc.com\/de_de\/wp-json\/wp\/v2\/pages\/989570\/revisions\/989630"}],"up":[{"embeddable":true,"href":"https:\/\/vineyard-mc.com\/de_de\/wp-json\/wp\/v2\/pages\/7774"}],"wp:attachment":[{"href":"https:\/\/vineyard-mc.com\/de_de\/wp-json\/wp\/v2\/media?parent=989570"}],"curies":[{"name":"wp","href":"https:\/\/api.w.org\/{rel}","templated":true}]}}