{"id":7778,"date":"2014-04-23T10:38:38","date_gmt":"2014-04-23T08:38:38","guid":{"rendered":"http:\/\/lawyers-attorneys.vamtam.com\/?page_id=7778"},"modified":"2024-01-10T13:37:57","modified_gmt":"2024-01-10T12:37:57","slug":"vmc-philosophie","status":"publish","type":"page","link":"https:\/\/vineyard-mc.com\/en\/vmc-philosophie\/","title":{"rendered":"Philosophy"},"content":{"rendered":"<div class=\"push\" style='height:30px'><\/div>\n<div class=\"row\"><div class=\"wpv-grid grid-1-1  wpv-first-level parallax-bg first unextended\" style=\"padding-top:0px;padding-bottom:0px\" id=\"wpv-column-d2508e9762a49d5339512c09885a842c\"  data-parallax-method=\"to-centre\" data-parallax-inertia=\"-0.2\"><div class=\"row\"><div class=\"wpv-grid grid-2-3  first unextended\" style=\"padding-top:0px;padding-bottom:0px\" id=\"wpv-column-5b088ff7fa7290ea81b3cab6ec072fd5\" ><p>For consulting companies, it is ultimately the same as with wines - the higher the quality, the better the results and the ensuing success for clients.<\/p>\n<p>Depending on the grape variety, the type and duration of ageing, the Oechsle and the flavour must be of outstanding quality for a wine to be classified as exceptional...<\/p>\n<p>... for management consultants, in addition to technical knowledge, comprehensive competencies are required for the successful implementation of projects: experience, social intuition, and intercultural characteristics as well as appreciative, goal-oriented communication - to name just a few - and as with wine, there are often exceptional vintages or people who make the difference between success and failure:<\/p>\n<p>Therefore, the management consultants at Vineyard Management Consulting GmbH are valued partners in their projects. They bring their holistic approach, extensive experience, and a \"certain degree of maturity\" to the projects.<\/p>\n<p><strong>\u2026Best Consultants\u2026 \u2026Better Ideas\u2026 \u2026Better Results\u2026<\/strong><\/p>\n<p>See for yourself - we look forward to hearing from you.<\/div>\n<div class=\"wpv-grid grid-1-3  unextended\" style=\"padding-top:0px;padding-bottom:0px\" id=\"wpv-column-cc5e479068abaa8f97b67f0b172a661c\" ><p><img loading=\"lazy\" decoding=\"async\" class=\"alignnone wp-image-555 size-full\" src=\"https:\/\/vineyard-mc.com\/wp-content\/uploads\/2021\/03\/Jahrgaenge.jpg\" alt=\"\" width=\"424\" height=\"283\" srcset=\"https:\/\/vineyard-mc.com\/wp-content\/uploads\/2021\/03\/Jahrgaenge.jpg 424w, https:\/\/vineyard-mc.com\/wp-content\/uploads\/2021\/03\/Jahrgaenge-300x200.jpg 300w, https:\/\/vineyard-mc.com\/wp-content\/uploads\/2021\/03\/Jahrgaenge-18x12.jpg 18w, https:\/\/vineyard-mc.com\/wp-content\/uploads\/2021\/03\/Jahrgaenge-400x266.jpg 400w, https:\/\/vineyard-mc.com\/wp-content\/uploads\/2021\/03\/Jahrgaenge-292x195.jpg 292w\" sizes=\"auto, (max-width: 424px) 100vw, 424px\" \/><\/div><\/div><\/div><\/div>","protected":false},"excerpt":{"rendered":"<p>F\u00fcr Beratungsunternehmen ist es letztlich wie mit Weinen \u2013 je h\u00f6her die Qualit\u00e4t, desto besser sind die Ergebnisse und die daraus resultierenden Erfolge f\u00fcr die Mandanten. F\u00fcr einen Wein muss je nach Rebsorte die Art und Dauer der Reifelagerung, die \u00d6chsle und die Geschmacksrichtung eine hervorragende Qualit\u00e4t aufweisen, damit er als au\u00dferordentlich eingestuft werden kann\u2026&#8230;<\/p>","protected":false},"author":2,"featured_media":0,"parent":0,"menu_order":3,"comment_status":"closed","ping_status":"closed","template":"","meta":{"footnotes":""},"class_list":["post-7778","page","type-page","status-publish","hentry"],"yoast_head":"<!-- This site is optimized with the Yoast SEO plugin v27.4 - https:\/\/yoast.com\/product\/yoast-seo-wordpress\/ -->\n<title>Philosophie - Vineyard Management Consulting GmbH<\/title>\n<meta name=\"robots\" content=\"index, follow, max-snippet:-1, max-image-preview:large, max-video-preview:-1\" \/>\n<link rel=\"canonical\" href=\"https:\/\/vineyard-mc.com\/en\/vmc-philosophie\/\" \/>\n<meta property=\"og:locale\" content=\"en_GB\" \/>\n<meta property=\"og:type\" content=\"article\" \/>\n<meta property=\"og:title\" content=\"Philosophie - Vineyard Management Consulting GmbH\" \/>\n<meta property=\"og:description\" content=\"F\u00fcr Beratungsunternehmen ist es letztlich wie mit Weinen \u2013 je h\u00f6her die Qualit\u00e4t, desto besser sind die Ergebnisse und die daraus resultierenden Erfolge f\u00fcr die Mandanten. F\u00fcr einen Wein muss je nach Rebsorte die Art und Dauer der Reifelagerung, die \u00d6chsle und die Geschmacksrichtung eine hervorragende Qualit\u00e4t aufweisen, damit er als au\u00dferordentlich eingestuft werden kann\u2026...\" \/>\n<meta property=\"og:url\" content=\"https:\/\/vineyard-mc.com\/en\/vmc-philosophie\/\" \/>\n<meta property=\"og:site_name\" content=\"Vineyard Management Consulting GmbH\" \/>\n<meta property=\"article:modified_time\" content=\"2024-01-10T12:37:57+00:00\" \/>\n<meta property=\"og:image\" content=\"https:\/\/vineyard-mc.com\/wp-content\/uploads\/2021\/03\/Jahrgaenge.jpg\" \/>\n<meta name=\"twitter:card\" content=\"summary_large_image\" \/>\n<meta name=\"twitter:label1\" content=\"Estimated reading time\" \/>\n\t<meta name=\"twitter:data1\" content=\"1 minute\" \/>\n<script type=\"application\/ld+json\" class=\"yoast-schema-graph\">{\"@context\":\"https:\\\/\\\/schema.org\",\"@graph\":[{\"@type\":\"WebPage\",\"@id\":\"https:\\\/\\\/vineyard-mc.com\\\/vmc-philosophie\\\/\",\"url\":\"https:\\\/\\\/vineyard-mc.com\\\/vmc-philosophie\\\/\",\"name\":\"Philosophie - Vineyard Management Consulting GmbH\",\"isPartOf\":{\"@id\":\"https:\\\/\\\/vineyard-mc.com\\\/#website\"},\"primaryImageOfPage\":{\"@id\":\"https:\\\/\\\/vineyard-mc.com\\\/vmc-philosophie\\\/#primaryimage\"},\"image\":{\"@id\":\"https:\\\/\\\/vineyard-mc.com\\\/vmc-philosophie\\\/#primaryimage\"},\"thumbnailUrl\":\"https:\\\/\\\/vineyard-mc.com\\\/wp-content\\\/uploads\\\/2021\\\/03\\\/Jahrgaenge.jpg\",\"datePublished\":\"2014-04-23T08:38:38+00:00\",\"dateModified\":\"2024-01-10T12:37:57+00:00\",\"breadcrumb\":{\"@id\":\"https:\\\/\\\/vineyard-mc.com\\\/vmc-philosophie\\\/#breadcrumb\"},\"inLanguage\":\"en-GB\",\"potentialAction\":[{\"@type\":\"ReadAction\",\"target\":[\"https:\\\/\\\/vineyard-mc.com\\\/vmc-philosophie\\\/\"]}]},{\"@type\":\"ImageObject\",\"inLanguage\":\"en-GB\",\"@id\":\"https:\\\/\\\/vineyard-mc.com\\\/vmc-philosophie\\\/#primaryimage\",\"url\":\"https:\\\/\\\/vineyard-mc.com\\\/wp-content\\\/uploads\\\/2021\\\/03\\\/Jahrgaenge.jpg\",\"contentUrl\":\"https:\\\/\\\/vineyard-mc.com\\\/wp-content\\\/uploads\\\/2021\\\/03\\\/Jahrgaenge.jpg\"},{\"@type\":\"BreadcrumbList\",\"@id\":\"https:\\\/\\\/vineyard-mc.com\\\/vmc-philosophie\\\/#breadcrumb\",\"itemListElement\":[{\"@type\":\"ListItem\",\"position\":1,\"name\":\"Startseite\",\"item\":\"https:\\\/\\\/vineyard-mc.com\\\/\"},{\"@type\":\"ListItem\",\"position\":2,\"name\":\"Philosophie\"}]},{\"@type\":\"WebSite\",\"@id\":\"https:\\\/\\\/vineyard-mc.com\\\/#website\",\"url\":\"https:\\\/\\\/vineyard-mc.com\\\/\",\"name\":\"Vineyard Management Consulting GmbH\",\"description\":\"Better Ideas - Better Results\",\"publisher\":{\"@id\":\"https:\\\/\\\/vineyard-mc.com\\\/#organization\"},\"alternateName\":\"VMC GmbH\",\"potentialAction\":[{\"@type\":\"SearchAction\",\"target\":{\"@type\":\"EntryPoint\",\"urlTemplate\":\"https:\\\/\\\/vineyard-mc.com\\\/?s={search_term_string}\"},\"query-input\":{\"@type\":\"PropertyValueSpecification\",\"valueRequired\":true,\"valueName\":\"search_term_string\"}}],\"inLanguage\":\"en-GB\"},{\"@type\":\"Organization\",\"@id\":\"https:\\\/\\\/vineyard-mc.com\\\/#organization\",\"name\":\"Vineyard Management Consulting GmbH\",\"url\":\"https:\\\/\\\/vineyard-mc.com\\\/\",\"logo\":{\"@type\":\"ImageObject\",\"inLanguage\":\"en-GB\",\"@id\":\"https:\\\/\\\/vineyard-mc.com\\\/#\\\/schema\\\/logo\\\/image\\\/\",\"url\":\"https:\\\/\\\/vineyard-mc.com\\\/wp-content\\\/uploads\\\/2021\\\/03\\\/VMC-Logo_1.jpg\",\"contentUrl\":\"https:\\\/\\\/vineyard-mc.com\\\/wp-content\\\/uploads\\\/2021\\\/03\\\/VMC-Logo_1.jpg\",\"width\":506,\"height\":665,\"caption\":\"Vineyard Management Consulting GmbH\"},\"image\":{\"@id\":\"https:\\\/\\\/vineyard-mc.com\\\/#\\\/schema\\\/logo\\\/image\\\/\"},\"sameAs\":[\"https:\\\/\\\/de.linkedin.com\\\/company\\\/vineyard-management-consulting-gmbh\"]}]}<\/script>\n<!-- \/ Yoast SEO plugin. -->","yoast_head_json":{"title":"Philosophie - Vineyard Management Consulting GmbH","robots":{"index":"index","follow":"follow","max-snippet":"max-snippet:-1","max-image-preview":"max-image-preview:large","max-video-preview":"max-video-preview:-1"},"canonical":"https:\/\/vineyard-mc.com\/en\/vmc-philosophie\/","og_locale":"en_GB","og_type":"article","og_title":"Philosophie - Vineyard Management Consulting GmbH","og_description":"F\u00fcr Beratungsunternehmen ist es letztlich wie mit Weinen \u2013 je h\u00f6her die Qualit\u00e4t, desto besser sind die Ergebnisse und die daraus resultierenden Erfolge f\u00fcr die Mandanten. F\u00fcr einen Wein muss je nach Rebsorte die Art und Dauer der Reifelagerung, die \u00d6chsle und die Geschmacksrichtung eine hervorragende Qualit\u00e4t aufweisen, damit er als au\u00dferordentlich eingestuft werden kann\u2026...","og_url":"https:\/\/vineyard-mc.com\/en\/vmc-philosophie\/","og_site_name":"Vineyard Management Consulting GmbH","article_modified_time":"2024-01-10T12:37:57+00:00","og_image":[{"url":"https:\/\/vineyard-mc.com\/wp-content\/uploads\/2021\/03\/Jahrgaenge.jpg","type":"","width":"","height":""}],"twitter_card":"summary_large_image","twitter_misc":{"Estimated reading time":"1 minute"},"schema":{"@context":"https:\/\/schema.org","@graph":[{"@type":"WebPage","@id":"https:\/\/vineyard-mc.com\/vmc-philosophie\/","url":"https:\/\/vineyard-mc.com\/vmc-philosophie\/","name":"Philosophie - Vineyard Management Consulting GmbH","isPartOf":{"@id":"https:\/\/vineyard-mc.com\/#website"},"primaryImageOfPage":{"@id":"https:\/\/vineyard-mc.com\/vmc-philosophie\/#primaryimage"},"image":{"@id":"https:\/\/vineyard-mc.com\/vmc-philosophie\/#primaryimage"},"thumbnailUrl":"https:\/\/vineyard-mc.com\/wp-content\/uploads\/2021\/03\/Jahrgaenge.jpg","datePublished":"2014-04-23T08:38:38+00:00","dateModified":"2024-01-10T12:37:57+00:00","breadcrumb":{"@id":"https:\/\/vineyard-mc.com\/vmc-philosophie\/#breadcrumb"},"inLanguage":"en-GB","potentialAction":[{"@type":"ReadAction","target":["https:\/\/vineyard-mc.com\/vmc-philosophie\/"]}]},{"@type":"ImageObject","inLanguage":"en-GB","@id":"https:\/\/vineyard-mc.com\/vmc-philosophie\/#primaryimage","url":"https:\/\/vineyard-mc.com\/wp-content\/uploads\/2021\/03\/Jahrgaenge.jpg","contentUrl":"https:\/\/vineyard-mc.com\/wp-content\/uploads\/2021\/03\/Jahrgaenge.jpg"},{"@type":"BreadcrumbList","@id":"https:\/\/vineyard-mc.com\/vmc-philosophie\/#breadcrumb","itemListElement":[{"@type":"ListItem","position":1,"name":"Startseite","item":"https:\/\/vineyard-mc.com\/"},{"@type":"ListItem","position":2,"name":"Philosophie"}]},{"@type":"WebSite","@id":"https:\/\/vineyard-mc.com\/#website","url":"https:\/\/vineyard-mc.com\/","name":"Vineyard Management Consulting GmbH","description":"Better Ideas - Better Results","publisher":{"@id":"https:\/\/vineyard-mc.com\/#organization"},"alternateName":"VMC GmbH","potentialAction":[{"@type":"SearchAction","target":{"@type":"EntryPoint","urlTemplate":"https:\/\/vineyard-mc.com\/?s={search_term_string}"},"query-input":{"@type":"PropertyValueSpecification","valueRequired":true,"valueName":"search_term_string"}}],"inLanguage":"en-GB"},{"@type":"Organization","@id":"https:\/\/vineyard-mc.com\/#organization","name":"Vineyard Management Consulting GmbH","url":"https:\/\/vineyard-mc.com\/","logo":{"@type":"ImageObject","inLanguage":"en-GB","@id":"https:\/\/vineyard-mc.com\/#\/schema\/logo\/image\/","url":"https:\/\/vineyard-mc.com\/wp-content\/uploads\/2021\/03\/VMC-Logo_1.jpg","contentUrl":"https:\/\/vineyard-mc.com\/wp-content\/uploads\/2021\/03\/VMC-Logo_1.jpg","width":506,"height":665,"caption":"Vineyard Management Consulting GmbH"},"image":{"@id":"https:\/\/vineyard-mc.com\/#\/schema\/logo\/image\/"},"sameAs":["https:\/\/de.linkedin.com\/company\/vineyard-management-consulting-gmbh"]}]}},"_links":{"self":[{"href":"https:\/\/vineyard-mc.com\/en\/wp-json\/wp\/v2\/pages\/7778","targetHints":{"allow":["GET"]}}],"collection":[{"href":"https:\/\/vineyard-mc.com\/en\/wp-json\/wp\/v2\/pages"}],"about":[{"href":"https:\/\/vineyard-mc.com\/en\/wp-json\/wp\/v2\/types\/page"}],"author":[{"embeddable":true,"href":"https:\/\/vineyard-mc.com\/en\/wp-json\/wp\/v2\/users\/2"}],"replies":[{"embeddable":true,"href":"https:\/\/vineyard-mc.com\/en\/wp-json\/wp\/v2\/comments?post=7778"}],"version-history":[{"count":0,"href":"https:\/\/vineyard-mc.com\/en\/wp-json\/wp\/v2\/pages\/7778\/revisions"}],"wp:attachment":[{"href":"https:\/\/vineyard-mc.com\/en\/wp-json\/wp\/v2\/media?parent=7778"}],"curies":[{"name":"wp","href":"https:\/\/api.w.org\/{rel}","templated":true}]}}