{"id":9473,"date":"2014-09-28T00:23:46","date_gmt":"2014-09-28T00:23:46","guid":{"rendered":"http:\/\/lawyers-attorneys.vamtam.com\/?page_id=9473"},"modified":"2025-12-22T15:12:12","modified_gmt":"2025-12-22T14:12:12","slug":"carsten-fabig","status":"publish","type":"page","link":"https:\/\/vineyard-mc.com\/en\/das-team-der-vineyard-management-consulting-gmbh\/carsten-fabig\/","title":{"rendered":"Carsten Fabig"},"content":{"rendered":"<div class=\"row\"><div class=\"wpv-grid grid-2-5  wpv-first-level first unextended\" style=\"padding-top:0px;padding-bottom:15px\" id=\"wpv-column-dbb66edc10eeb1b3d154d4162cebc3f2\" ><div class=\"row\"><div class=\"wpv-grid grid-1-1  first unextended\" style=\"padding-top:0px;padding-bottom:0px\" id=\"wpv-column-3762e8e4535e0ba75e7d85210edf4016\" ><p><img loading=\"lazy\" decoding=\"async\" class=\"alignnone size-medium wp-image-987729 aligncenter\" src=\"https:\/\/vineyard-mc.com\/wp-content\/uploads\/2021\/03\/DSC_5483-Edit-Carsten-scaled-e1704988073774-264x300.jpg\" alt=\"ProfilbildCarstenFabig\" width=\"264\" height=\"300\" srcset=\"https:\/\/vineyard-mc.com\/wp-content\/uploads\/2021\/03\/DSC_5483-Edit-Carsten-scaled-e1704988073774-264x300.jpg 264w, https:\/\/vineyard-mc.com\/wp-content\/uploads\/2021\/03\/DSC_5483-Edit-Carsten-scaled-e1704988073774-902x1024.jpg 902w, https:\/\/vineyard-mc.com\/wp-content\/uploads\/2021\/03\/DSC_5483-Edit-Carsten-scaled-e1704988073774-11x12.jpg 11w, https:\/\/vineyard-mc.com\/wp-content\/uploads\/2021\/03\/DSC_5483-Edit-Carsten-scaled-e1704988073774.jpg 1706w\" sizes=\"auto, (max-width: 264px) 100vw, 264px\" \/><\/div><\/div>\n<div class=\"row\"><div class=\"wpv-grid grid-1-1  first unextended animation-fade-in animated-active\" style=\"padding-top:0px;padding-bottom:0px\" id=\"wpv-column-bc605c41aedd82c7e2d42a5f878d11df\" ><h4 style=\"padding-left: 20px;\">CONTACT:<\/h4>\n<p style=\"padding-left: 20px;\"><a href=\"mailto:fabig@vineyard-mc.com\">fabig@vineyard-mc.com<\/a><\/p>\n<p style=\"padding-left: 20px;\"><div class=\"push\" style='height:10px'><\/div>\n<h4 style=\"padding-left: 20px;\">EXPERTISE:<\/h4>\n<p style=\"padding-left: 20px;\"><a href=\"https:\/\/vineyard-mc.com\/en\/leistungen\/people\/\">People Management \u2192<\/a><br \/>\n<a href=\"https:\/\/vineyard-mc.com\/en\/leistungen\/project\/\">Project Management \u2192<\/a><br \/>\n<a href=\"https:\/\/vineyard-mc.com\/en\/leistungen\/transition\/\">Transition Management \u2192<\/a><\/p>\n<p style=\"padding-left: 20px;\"><div class=\"push\" style='height:10px'><\/div>\n<h4 style=\"padding-left: 20px;\">STUDIES:<\/h4>\n<p style=\"padding-left: 20px;\">Economist, University of Hohenheim<\/div><\/div><\/div>\n<div class=\"wpv-grid grid-3-5  wpv-first-level unextended\" style=\"padding-top:0px;padding-bottom:0px\" id=\"wpv-column-5e9fa5a208493d9233b6ff50a6583837\" ><div class=\"row\"><div class=\"wpv-grid grid-1-1  first unextended\" style=\"padding-top:0px;padding-bottom:0px\" id=\"wpv-column-49bc2e5be40a85977bf74a0972e99697\" ><p>Carsten, an accomplished Management Consultant and Co-founder of Vineyard Management Consulting GmbH, specializes in driving strategic initiatives and delivering innovative solutions. With over 25 years of hands-on experience in project and program management, he partners with large and medium-sized organizations across diverse sectors, including finance, industry, and IT services. Carsten excels at orchestrating complex transformations, guiding clients through dynamic business landscapes, and ensuring the alignment of strategic objectives with tangible outcomes. His unwavering dedication to client success is evident in his commitment to optimizing processes and enhancing performance. Fluent in both German and English, Carsten effectively bridges communication barriers and fosters collaboration on a global scale.<\/p>\n<p>Carsten\u2019s core competencies are:<\/p>\n<ul>\n<li><strong>Interim Management and strategic support for change, transformation and innovation processes: <\/strong>Carsten is a seasoned management consultant with a proven track record in interim management and strategic guidance for organizational change, transformation, and innovation processes. As a Change Agent and Program Leader, he specializes in overseeing critical initiatives such as outsourcing service units, providing management coaching, and guiding organizations through restructuring efforts or the adoption of new management methodologies.<\/li>\n<li><strong>(Agile) Project Management of large-scale projects: <\/strong>In the realm of (Agile) project management, Carsten excels in leading large-scale projects both nationally and internationally. He has successfully managed project portfolios, agile teams (including roles such as Chief Product Owner, Release Train Engineer, or Scrum Master), and spearheaded the implementation of IT systems and solutions. His expertise extends to overseeing IT or software implementations and executing IT security and risk management projects.<\/li>\n<li><strong><b>Information Security<\/b><b> &#038; <\/b><b>Compliance<\/b>: <\/strong>Carsten also possesses comprehensive knowledge and experience in GRC management. He provides invaluable support in navigating regulatory challenges, including conducting BAIT audits, implementing programs to address regulatory findings from BaFin, and enhancing information and cyber security measures.<\/li>\n<li><strong>IT and Process Management: <\/strong>In addition, Carsten specializes in complexity and process management, offering services such as process analysis, modeling, simulation, and implementation. He is adept at establishing and executing efficiency programs, defining service catalogs, deriving KPIs, and implementing business and IT support processes. His expertise also includes the introduction of process-based cost allocation methods to optimize resource utilization.<\/li>\n<li><strong>Controlling and project monitoring: <\/strong>Furthermore, Carsten excels in controlling and project controlling, where he implements robust methods and tools to facilitate informed decision-making and resource allocation. From optimizing budgeting processes to enhancing vendor management and provider oversight, he ensures transparent financial governance and effective project management through comprehensive KPI and management reporting.<\/li>\n<li><strong>Published author <\/strong>on topics such as: Change Management, Balanced Scorecard, Software License Management, Activity-based costing, Basel II and Project Management \u2192 <a href=\"https:\/\/vineyard-mc.com\/en\/aktuelles\/neuigkeiten-3\/\">Link<\/a><\/li>\n<\/ul>\n<p>Carsten holds a degree in Economics from the University of Hohenheim complemented by a solid portfolio of industry-recognized certifications and standards. These include:<\/p>\n<ul>\n<li><strong><b>Information Security<\/b><b> &#038; <\/b><b>Compliance<\/b>:<\/strong> DORA, MaRisk, BAIT\/VAIT, NIST<\/li>\n<li><strong>(Agile) Project Management: <\/strong>Project Management Professional (PMP \/ PMI\u00ae), Professional Scrum Master I (Scrum.org), certified Product Owner (Scrum Institute\u2122), Scaled Agile Framework (SAFe)<\/li>\n<li><strong>IT and Process Management: <\/strong>ITIL Foundation (T\u00dcV S\u00dcD Akademie GmbH), Six Sigma Green Belt (6sigmastudy), CMMI for Services and Development (Anywhere24).<\/li>\n<li><strong>Technology &#038; Tools: <\/strong>ServiceNow, ARIS, AdoIT, SharePoint, SmartTrack Software License Management, SAP.<\/li>\n<\/ul><\/div><\/div><\/div><\/div>\n<div class=\"row\"><div class=\"wpv-grid grid-1-1  wpv-first-level first unextended animation-from-bottom animated-active\" style=\"padding-top:15px;padding-bottom:15px\" id=\"wpv-column-776d989d1a619410942e0c5a12edfb97\" >\t\t<div class=\"sep-text single centered\">\n\t\t\t\t\t\t\t<span class=\"sep-text-before\"><div class=\"sep-text-line\"><\/div><\/span>\n\t\t\t\t\t\t<div class=\"content\">\n\t\t\t\t<h2 class=\"text-divider-double\">Your Message<\/h2>\t\t\t<\/div>\n\t\t\t<span class=\"sep-text-after\"><div class=\"sep-text-line\"><\/div><\/span>\n\t\t\t\t\t<\/div>\n\t<div class=\"row\"><div class=\"wpv-grid grid-1-1  first unextended\" style=\"padding-top:0px;padding-bottom:0px\" id=\"wpv-column-8b0fab3161281176522f3917fbb26f63\" ><p>\n<div class=\"wpcf7 no-js\" id=\"wpcf7-f10-o1\" lang=\"en-US\" dir=\"ltr\" data-wpcf7-id=\"10\">\n<div class=\"screen-reader-response\"><p role=\"status\" aria-live=\"polite\" aria-atomic=\"true\"><\/p> <ul><\/ul><\/div>\n<form action=\"\/en\/wp-json\/wp\/v2\/pages\/9473#wpcf7-f10-o1\" method=\"post\" class=\"wpcf7-form init\" aria-label=\"Contact form\" novalidate=\"novalidate\" data-status=\"init\" data-trp-original-action=\"\/en\/wp-json\/wp\/v2\/pages\/9473#wpcf7-f10-o1\">\n<fieldset class=\"hidden-fields-container\"><input type=\"hidden\" name=\"_wpcf7\" value=\"10\" \/><input type=\"hidden\" name=\"_wpcf7_version\" value=\"6.1.5\" \/><input type=\"hidden\" name=\"_wpcf7_locale\" value=\"en_US\" \/><input type=\"hidden\" name=\"_wpcf7_unit_tag\" value=\"wpcf7-f10-o1\" \/><input type=\"hidden\" name=\"_wpcf7_container_post\" value=\"0\" \/><input type=\"hidden\" name=\"_wpcf7_posted_data_hash\" value=\"\" \/>\n<\/fieldset>\n<div class=\"row\">\n\t<div class=\"grid-1-3\">\n\t\t<p><span class=\"wpcf7-form-control-wrap\" data-name=\"Name\"><input size=\"40\" maxlength=\"400\" class=\"wpcf7-form-control wpcf7-text wpcf7-validates-as-required\" aria-required=\"true\" aria-invalid=\"false\" value=\"Ihr Name \/ Your name\" type=\"text\" name=\"Name\" \/><\/span>\n\t\t<\/p>\n\t<\/div>\n\t<div class=\"grid-1-3\">\n\t\t<p><span class=\"wpcf7-form-control-wrap\" data-name=\"E-mail\"><input size=\"40\" maxlength=\"400\" class=\"wpcf7-form-control wpcf7-text wpcf7-validates-as-required\" aria-required=\"true\" aria-invalid=\"false\" value=\"E-Mail \/ email\" type=\"text\" name=\"E-mail\" \/><\/span>\n\t\t<\/p>\n\t<\/div>\n\t<div class=\"grid-1-3\">\n\t\t<p><span class=\"wpcf7-form-control-wrap\" data-name=\"Phone\"><input size=\"40\" maxlength=\"400\" class=\"wpcf7-form-control wpcf7-text\" aria-invalid=\"false\" value=\"Telefon \/ Phone\" type=\"text\" name=\"Phone\" \/><\/span>\n\t\t<\/p>\n\t<\/div>\n\t<div class=\"grid-1-1\">\n\t\t<p><span class=\"wpcf7-form-control-wrap\" data-name=\"Subject\"><input size=\"40\" maxlength=\"400\" class=\"wpcf7-form-control wpcf7-text wpcf7-validates-as-required\" aria-required=\"true\" aria-invalid=\"false\" value=\"Ihr Thema \/ Subject\" type=\"text\" name=\"Subject\" \/><\/span>\n\t\t<\/p>\n\t<\/div>\n\t<div class=\"grid-1-1\">\n\t\t<p><span class=\"wpcf7-form-control-wrap\" data-name=\"Message\"><textarea cols=\"40\" rows=\"10\" maxlength=\"2000\" class=\"wpcf7-form-control wpcf7-textarea wpcf7-validates-as-required\" aria-required=\"true\" aria-invalid=\"false\" name=\"Message\">Ihre Nachricht... \/ Your message...<\/textarea><\/span>\n\t\t<\/p>\n\t<\/div>\n\t<div style= \"text-align: center;\">\n\t\t<p><input class=\"wpcf7-form-control wpcf7-submit has-spinner\" type=\"submit\" value=\"Absenden \/ Send \u2192\" \/>\n\t\t<\/p>\n\t<\/div>\n<\/div><div class=\"wpcf7-response-output\" aria-hidden=\"true\"><\/div>\n<input type=\"hidden\" name=\"trp-form-language\" value=\"en\"\/><\/form>\n<\/div>\n<\/div><\/div><\/div><\/div>","protected":false},"excerpt":{"rendered":"<p>KONTAKT: fabig@vineyard-mc.com SCHWERPUNKTE: People Management \u2192 Project Management \u2192 Transition Management \u2192 STUDIUM: Diplom-\u00d6konom, Universit\u00e4t Hohenheim Carsten, Management Berater und Gr\u00fcnder der Vineyard Management Consulting GmbH, ist darauf spezialisiert, strategische Initiativen voranzutreiben und innovative L\u00f6sungen umzusetzen. Mit mehr als 25 Jahren praktischer Erfahrung im Portfolio- und Programmmanagement unterst\u00fctzt er gro\u00dfe (DAX30) und mittelst\u00e4ndische Unternehmen aus&#8230;<\/p>","protected":false},"author":2,"featured_media":0,"parent":7774,"menu_order":1,"comment_status":"closed","ping_status":"closed","template":"","meta":{"footnotes":""},"class_list":["post-9473","page","type-page","status-publish","hentry"],"yoast_head":"<!-- This site is optimized with the Yoast SEO plugin v27.3 - https:\/\/yoast.com\/product\/yoast-seo-wordpress\/ -->\n<title>Carsten Fabig - Vineyard Management Consulting GmbH<\/title>\n<meta name=\"robots\" content=\"index, follow, max-snippet:-1, max-image-preview:large, max-video-preview:-1\" \/>\n<link rel=\"canonical\" href=\"https:\/\/vineyard-mc.com\/en\/das-team-der-vineyard-management-consulting-gmbh\/carsten-fabig\/\" \/>\n<meta property=\"og:locale\" content=\"en_GB\" \/>\n<meta property=\"og:type\" content=\"article\" \/>\n<meta property=\"og:title\" content=\"Carsten Fabig - Vineyard Management Consulting GmbH\" \/>\n<meta property=\"og:description\" content=\"KONTAKT: fabig@vineyard-mc.com SCHWERPUNKTE: People Management \u2192 Project Management \u2192 Transition Management \u2192 STUDIUM: Diplom-\u00d6konom, Universit\u00e4t Hohenheim Carsten, Management Berater und Gr\u00fcnder der Vineyard Management Consulting GmbH, ist darauf spezialisiert, strategische Initiativen voranzutreiben und innovative L\u00f6sungen umzusetzen. Mit mehr als 25 Jahren praktischer Erfahrung im Portfolio- und Programmmanagement unterst\u00fctzt er gro\u00dfe (DAX30) und mittelst\u00e4ndische Unternehmen aus...\" \/>\n<meta property=\"og:url\" content=\"https:\/\/vineyard-mc.com\/en\/das-team-der-vineyard-management-consulting-gmbh\/carsten-fabig\/\" \/>\n<meta property=\"og:site_name\" content=\"Vineyard Management Consulting GmbH\" \/>\n<meta property=\"article:modified_time\" content=\"2025-12-22T14:12:12+00:00\" \/>\n<meta property=\"og:image\" content=\"https:\/\/vineyard-mc.com\/wp-content\/uploads\/2021\/03\/DSC_5483-Edit-Carsten-scaled-e1704988073774.jpg\" \/>\n\t<meta property=\"og:image:width\" content=\"1706\" \/>\n\t<meta property=\"og:image:height\" content=\"1937\" \/>\n\t<meta property=\"og:image:type\" content=\"image\/jpeg\" \/>\n<meta name=\"twitter:card\" content=\"summary_large_image\" \/>\n<meta name=\"twitter:label1\" content=\"Estimated reading time\" \/>\n\t<meta name=\"twitter:data1\" content=\"4 minutes\" \/>\n<script type=\"application\/ld+json\" class=\"yoast-schema-graph\">{\"@context\":\"https:\\\/\\\/schema.org\",\"@graph\":[{\"@type\":\"WebPage\",\"@id\":\"https:\\\/\\\/vineyard-mc.com\\\/das-team-der-vineyard-management-consulting-gmbh\\\/carsten-fabig\\\/\",\"url\":\"https:\\\/\\\/vineyard-mc.com\\\/das-team-der-vineyard-management-consulting-gmbh\\\/carsten-fabig\\\/\",\"name\":\"Carsten Fabig - Vineyard Management Consulting GmbH\",\"isPartOf\":{\"@id\":\"https:\\\/\\\/vineyard-mc.com\\\/#website\"},\"primaryImageOfPage\":{\"@id\":\"https:\\\/\\\/vineyard-mc.com\\\/das-team-der-vineyard-management-consulting-gmbh\\\/carsten-fabig\\\/#primaryimage\"},\"image\":{\"@id\":\"https:\\\/\\\/vineyard-mc.com\\\/das-team-der-vineyard-management-consulting-gmbh\\\/carsten-fabig\\\/#primaryimage\"},\"thumbnailUrl\":\"https:\\\/\\\/vineyard-mc.com\\\/wp-content\\\/uploads\\\/2021\\\/03\\\/DSC_5483-Edit-Carsten-scaled-e1704988073774-264x300.jpg\",\"datePublished\":\"2014-09-28T00:23:46+00:00\",\"dateModified\":\"2025-12-22T14:12:12+00:00\",\"breadcrumb\":{\"@id\":\"https:\\\/\\\/vineyard-mc.com\\\/das-team-der-vineyard-management-consulting-gmbh\\\/carsten-fabig\\\/#breadcrumb\"},\"inLanguage\":\"en-GB\",\"potentialAction\":[{\"@type\":\"ReadAction\",\"target\":[\"https:\\\/\\\/vineyard-mc.com\\\/das-team-der-vineyard-management-consulting-gmbh\\\/carsten-fabig\\\/\"]}]},{\"@type\":\"ImageObject\",\"inLanguage\":\"en-GB\",\"@id\":\"https:\\\/\\\/vineyard-mc.com\\\/das-team-der-vineyard-management-consulting-gmbh\\\/carsten-fabig\\\/#primaryimage\",\"url\":\"https:\\\/\\\/vineyard-mc.com\\\/wp-content\\\/uploads\\\/2021\\\/03\\\/DSC_5483-Edit-Carsten-scaled-e1704988073774-264x300.jpg\",\"contentUrl\":\"https:\\\/\\\/vineyard-mc.com\\\/wp-content\\\/uploads\\\/2021\\\/03\\\/DSC_5483-Edit-Carsten-scaled-e1704988073774-264x300.jpg\"},{\"@type\":\"BreadcrumbList\",\"@id\":\"https:\\\/\\\/vineyard-mc.com\\\/das-team-der-vineyard-management-consulting-gmbh\\\/carsten-fabig\\\/#breadcrumb\",\"itemListElement\":[{\"@type\":\"ListItem\",\"position\":1,\"name\":\"Startseite\",\"item\":\"https:\\\/\\\/vineyard-mc.com\\\/\"},{\"@type\":\"ListItem\",\"position\":2,\"name\":\"Unser Team\",\"item\":\"https:\\\/\\\/vineyard-mc.com\\\/das-team-der-vineyard-management-consulting-gmbh\\\/\"},{\"@type\":\"ListItem\",\"position\":3,\"name\":\"Carsten Fabig\"}]},{\"@type\":\"WebSite\",\"@id\":\"https:\\\/\\\/vineyard-mc.com\\\/#website\",\"url\":\"https:\\\/\\\/vineyard-mc.com\\\/\",\"name\":\"Vineyard Management Consulting GmbH\",\"description\":\"Better Ideas - Better Results\",\"publisher\":{\"@id\":\"https:\\\/\\\/vineyard-mc.com\\\/#organization\"},\"alternateName\":\"VMC GmbH\",\"potentialAction\":[{\"@type\":\"SearchAction\",\"target\":{\"@type\":\"EntryPoint\",\"urlTemplate\":\"https:\\\/\\\/vineyard-mc.com\\\/?s={search_term_string}\"},\"query-input\":{\"@type\":\"PropertyValueSpecification\",\"valueRequired\":true,\"valueName\":\"search_term_string\"}}],\"inLanguage\":\"en-GB\"},{\"@type\":\"Organization\",\"@id\":\"https:\\\/\\\/vineyard-mc.com\\\/#organization\",\"name\":\"Vineyard Management Consulting GmbH\",\"url\":\"https:\\\/\\\/vineyard-mc.com\\\/\",\"logo\":{\"@type\":\"ImageObject\",\"inLanguage\":\"en-GB\",\"@id\":\"https:\\\/\\\/vineyard-mc.com\\\/#\\\/schema\\\/logo\\\/image\\\/\",\"url\":\"https:\\\/\\\/vineyard-mc.com\\\/wp-content\\\/uploads\\\/2021\\\/03\\\/VMC-Logo_1.jpg\",\"contentUrl\":\"https:\\\/\\\/vineyard-mc.com\\\/wp-content\\\/uploads\\\/2021\\\/03\\\/VMC-Logo_1.jpg\",\"width\":506,\"height\":665,\"caption\":\"Vineyard Management Consulting GmbH\"},\"image\":{\"@id\":\"https:\\\/\\\/vineyard-mc.com\\\/#\\\/schema\\\/logo\\\/image\\\/\"},\"sameAs\":[\"https:\\\/\\\/de.linkedin.com\\\/company\\\/vineyard-management-consulting-gmbh\"]}]}<\/script>\n<!-- \/ Yoast SEO plugin. -->","yoast_head_json":{"title":"Carsten Fabig - Vineyard Management Consulting GmbH","robots":{"index":"index","follow":"follow","max-snippet":"max-snippet:-1","max-image-preview":"max-image-preview:large","max-video-preview":"max-video-preview:-1"},"canonical":"https:\/\/vineyard-mc.com\/en\/das-team-der-vineyard-management-consulting-gmbh\/carsten-fabig\/","og_locale":"en_GB","og_type":"article","og_title":"Carsten Fabig - Vineyard Management Consulting GmbH","og_description":"KONTAKT: fabig@vineyard-mc.com SCHWERPUNKTE: People Management \u2192 Project Management \u2192 Transition Management \u2192 STUDIUM: Diplom-\u00d6konom, Universit\u00e4t Hohenheim Carsten, Management Berater und Gr\u00fcnder der Vineyard Management Consulting GmbH, ist darauf spezialisiert, strategische Initiativen voranzutreiben und innovative L\u00f6sungen umzusetzen. Mit mehr als 25 Jahren praktischer Erfahrung im Portfolio- und Programmmanagement unterst\u00fctzt er gro\u00dfe (DAX30) und mittelst\u00e4ndische Unternehmen aus...","og_url":"https:\/\/vineyard-mc.com\/en\/das-team-der-vineyard-management-consulting-gmbh\/carsten-fabig\/","og_site_name":"Vineyard Management Consulting GmbH","article_modified_time":"2025-12-22T14:12:12+00:00","og_image":[{"width":1706,"height":1937,"url":"https:\/\/vineyard-mc.com\/wp-content\/uploads\/2021\/03\/DSC_5483-Edit-Carsten-scaled-e1704988073774.jpg","type":"image\/jpeg"}],"twitter_card":"summary_large_image","twitter_misc":{"Estimated reading time":"4 minutes"},"schema":{"@context":"https:\/\/schema.org","@graph":[{"@type":"WebPage","@id":"https:\/\/vineyard-mc.com\/das-team-der-vineyard-management-consulting-gmbh\/carsten-fabig\/","url":"https:\/\/vineyard-mc.com\/das-team-der-vineyard-management-consulting-gmbh\/carsten-fabig\/","name":"Carsten Fabig - Vineyard Management Consulting GmbH","isPartOf":{"@id":"https:\/\/vineyard-mc.com\/#website"},"primaryImageOfPage":{"@id":"https:\/\/vineyard-mc.com\/das-team-der-vineyard-management-consulting-gmbh\/carsten-fabig\/#primaryimage"},"image":{"@id":"https:\/\/vineyard-mc.com\/das-team-der-vineyard-management-consulting-gmbh\/carsten-fabig\/#primaryimage"},"thumbnailUrl":"https:\/\/vineyard-mc.com\/wp-content\/uploads\/2021\/03\/DSC_5483-Edit-Carsten-scaled-e1704988073774-264x300.jpg","datePublished":"2014-09-28T00:23:46+00:00","dateModified":"2025-12-22T14:12:12+00:00","breadcrumb":{"@id":"https:\/\/vineyard-mc.com\/das-team-der-vineyard-management-consulting-gmbh\/carsten-fabig\/#breadcrumb"},"inLanguage":"en-GB","potentialAction":[{"@type":"ReadAction","target":["https:\/\/vineyard-mc.com\/das-team-der-vineyard-management-consulting-gmbh\/carsten-fabig\/"]}]},{"@type":"ImageObject","inLanguage":"en-GB","@id":"https:\/\/vineyard-mc.com\/das-team-der-vineyard-management-consulting-gmbh\/carsten-fabig\/#primaryimage","url":"https:\/\/vineyard-mc.com\/wp-content\/uploads\/2021\/03\/DSC_5483-Edit-Carsten-scaled-e1704988073774-264x300.jpg","contentUrl":"https:\/\/vineyard-mc.com\/wp-content\/uploads\/2021\/03\/DSC_5483-Edit-Carsten-scaled-e1704988073774-264x300.jpg"},{"@type":"BreadcrumbList","@id":"https:\/\/vineyard-mc.com\/das-team-der-vineyard-management-consulting-gmbh\/carsten-fabig\/#breadcrumb","itemListElement":[{"@type":"ListItem","position":1,"name":"Startseite","item":"https:\/\/vineyard-mc.com\/"},{"@type":"ListItem","position":2,"name":"Unser Team","item":"https:\/\/vineyard-mc.com\/das-team-der-vineyard-management-consulting-gmbh\/"},{"@type":"ListItem","position":3,"name":"Carsten Fabig"}]},{"@type":"WebSite","@id":"https:\/\/vineyard-mc.com\/#website","url":"https:\/\/vineyard-mc.com\/","name":"Vineyard Management Consulting GmbH","description":"Better Ideas - Better Results","publisher":{"@id":"https:\/\/vineyard-mc.com\/#organization"},"alternateName":"VMC GmbH","potentialAction":[{"@type":"SearchAction","target":{"@type":"EntryPoint","urlTemplate":"https:\/\/vineyard-mc.com\/?s={search_term_string}"},"query-input":{"@type":"PropertyValueSpecification","valueRequired":true,"valueName":"search_term_string"}}],"inLanguage":"en-GB"},{"@type":"Organization","@id":"https:\/\/vineyard-mc.com\/#organization","name":"Vineyard Management Consulting GmbH","url":"https:\/\/vineyard-mc.com\/","logo":{"@type":"ImageObject","inLanguage":"en-GB","@id":"https:\/\/vineyard-mc.com\/#\/schema\/logo\/image\/","url":"https:\/\/vineyard-mc.com\/wp-content\/uploads\/2021\/03\/VMC-Logo_1.jpg","contentUrl":"https:\/\/vineyard-mc.com\/wp-content\/uploads\/2021\/03\/VMC-Logo_1.jpg","width":506,"height":665,"caption":"Vineyard Management Consulting GmbH"},"image":{"@id":"https:\/\/vineyard-mc.com\/#\/schema\/logo\/image\/"},"sameAs":["https:\/\/de.linkedin.com\/company\/vineyard-management-consulting-gmbh"]}]}},"_links":{"self":[{"href":"https:\/\/vineyard-mc.com\/en\/wp-json\/wp\/v2\/pages\/9473","targetHints":{"allow":["GET"]}}],"collection":[{"href":"https:\/\/vineyard-mc.com\/en\/wp-json\/wp\/v2\/pages"}],"about":[{"href":"https:\/\/vineyard-mc.com\/en\/wp-json\/wp\/v2\/types\/page"}],"author":[{"embeddable":true,"href":"https:\/\/vineyard-mc.com\/en\/wp-json\/wp\/v2\/users\/2"}],"replies":[{"embeddable":true,"href":"https:\/\/vineyard-mc.com\/en\/wp-json\/wp\/v2\/comments?post=9473"}],"version-history":[{"count":16,"href":"https:\/\/vineyard-mc.com\/en\/wp-json\/wp\/v2\/pages\/9473\/revisions"}],"predecessor-version":[{"id":989600,"href":"https:\/\/vineyard-mc.com\/en\/wp-json\/wp\/v2\/pages\/9473\/revisions\/989600"}],"up":[{"embeddable":true,"href":"https:\/\/vineyard-mc.com\/en\/wp-json\/wp\/v2\/pages\/7774"}],"wp:attachment":[{"href":"https:\/\/vineyard-mc.com\/en\/wp-json\/wp\/v2\/media?parent=9473"}],"curies":[{"name":"wp","href":"https:\/\/api.w.org\/{rel}","templated":true}]}}