{"id":987814,"date":"2021-03-27T10:11:00","date_gmt":"2021-03-27T09:11:00","guid":{"rendered":"https:\/\/vineyard-mc.com\/?page_id=987814"},"modified":"2025-04-08T10:24:08","modified_gmt":"2025-04-08T08:24:08","slug":"kompetenzen","status":"publish","type":"page","link":"https:\/\/vineyard-mc.com\/en\/kompetenzen\/","title":{"rendered":"Competencies"},"content":{"rendered":"<div class=\"row\"><div class=\"wpv-grid grid-1-1  wpv-first-level first unextended\" style=\"padding-top:0px;padding-bottom:0px\" id=\"about-content\" ><div class=\"row\"><div class=\"wpv-grid grid-1-1  first unextended animation-fade-in animated-active\" style=\"padding-top:0px;padding-bottom:0px\" id=\"wpv-column-4b5677ff008a6dc5dca8e00be1abfb4d\" ><p><img loading=\"lazy\" decoding=\"async\" class=\"wp-image-987828 size-full aligncenter\" src=\"https:\/\/vineyard-mc.com\/wp-content\/uploads\/2021\/03\/portfoli811x351-1.jpg\" alt=\"\" width=\"811\" height=\"351\" \/><\/div><\/div>\n<div class=\"push\" style='height:100px'><\/div>\n<div class=\"row\"><div class=\"wpv-grid grid-1-4  first unextended animation-from-bottom animated-active\" style=\"padding-top:0px;padding-bottom:0px\" id=\"wpv-column-0a05709b6a6bd80886661a97ba2bdef4\" ><div class=\"clearfix dropcap-wrapper\"><div class=\"dropcap-left\"><span class='dropcap1'>1<\/span><\/div><div class=\"dropcap-text\"><strong>Transition Management<\/strong><\/div> <\/div> <div class=\"push\" style='height:20px'><\/div>\n<p><strong>Transition Management<\/strong>\u00a0includes strategy definition, implementation planning, and, above all, establishing the changes in the corporate environment.<\/p>\n<p><a href=\"https:\/\/vineyard-mc.com\/en\/leistungen\/transition\/\">Learn more<\/a><\/div>\n<div class=\"wpv-grid grid-1-4  unextended animation-from-bottom animated-active\" style=\"padding-top:0px;padding-bottom:0px\" id=\"wpv-column-58dc4a0048c846857913726d6ed277df\" ><div class=\"clearfix dropcap-wrapper\"><div class=\"dropcap-left\"><span class='dropcap1'>2<\/span><\/div><div class=\"dropcap-text\"><strong>Complexity Management<\/strong><\/div> <\/div> <div class=\"push\" style='height:20px'><\/div>\n<p><strong>Complexity Management<\/strong>\u00a0means the ability to analyse, evaluate and change complex structures, processes and IT systems.<\/p>\n<p><a href=\"https:\/\/vineyard-mc.com\/en\/leistungen\/complexity\/\">Learn more<\/a><\/div>\n<div class=\"wpv-grid grid-1-4  unextended animation-from-bottom animated-active\" style=\"padding-top:0px;padding-bottom:0px\" id=\"wpv-column-8e3dffaf18a64784ba45aa496699694b\" ><div class=\"clearfix dropcap-wrapper\"><div class=\"dropcap-left\"><span class='dropcap1'>3<\/span><\/div><div class=\"dropcap-text\"><strong>Project Management<\/strong><\/div> <\/div> <div class=\"push\" style='height:20px'><\/div>\n<p><strong>Project Management<\/strong>\u00a0is the essential key competence for the sustainable and targeted realisation of larger projects in the company.<\/p>\n<p><a href=\"https:\/\/vineyard-mc.com\/en\/leistungen\/project\/\">Learn more<\/a><\/div>\n<div class=\"wpv-grid grid-1-4  unextended animation-from-bottom animated-active\" style=\"padding-top:0px;padding-bottom:0px\" id=\"wpv-column-3c3e8875a884ef38125455673c26765b\" ><div class=\"clearfix dropcap-wrapper\"><div class=\"dropcap-left\"><span class='dropcap1'>4<\/span><\/div><div class=\"dropcap-text\"><strong>People Management<\/strong><\/div> <\/div> <div class=\"push\" style='height:20px'><\/div>\n<p><strong>People Management<\/strong>\u00a0is an implicitly required competence for consultants. But we also offer explicit support for developments through training courses and workshops.<\/p>\n<p><a href=\"https:\/\/vineyard-mc.com\/en\/leistungen\/people\/\">Learn more<\/a><\/div><\/div><\/div><\/div>","protected":false},"excerpt":{"rendered":"<p>Transition Managment\u00a0umfasst in unseren Projekten die Strategiedefinition, Umsetzungsplanung\u00a0und vor allem die Etablierung der Ver\u00e4nderungen im Unternehmensumfeld. Mehr erfahren Complexity Management\u00a0bedeutet f\u00fcr unsere Berater die F\u00e4higkeit, komplexe Strukturen, Prozesse und IT-Systeme\u00a0zu analysieren, zu bewerten\u00a0und\u00a0zu ver\u00e4ndern. Mehr erfahren Project Management\u00a0ist f\u00fcr uns\u00a0die wesentliche Schl\u00fcsselkompetenz f\u00fcr das nachhaltige und zielgerichtete Umsetzen von gr\u00f6\u00dferen Vorhaben im Unternehmen. Mehr erfahren&#8230;<\/p>","protected":false},"author":2,"featured_media":0,"parent":0,"menu_order":8,"comment_status":"closed","ping_status":"closed","template":"","meta":{"footnotes":""},"class_list":["post-987814","page","type-page","status-publish","hentry"],"yoast_head":"<!-- This site is optimized with the Yoast SEO plugin v27.4 - https:\/\/yoast.com\/product\/yoast-seo-wordpress\/ -->\n<title>Kompetenzen - Vineyard Management Consulting GmbH<\/title>\n<meta name=\"robots\" content=\"index, follow, max-snippet:-1, max-image-preview:large, max-video-preview:-1\" \/>\n<link rel=\"canonical\" href=\"https:\/\/vineyard-mc.com\/en\/kompetenzen\/\" \/>\n<meta property=\"og:locale\" content=\"en_GB\" \/>\n<meta property=\"og:type\" content=\"article\" \/>\n<meta property=\"og:title\" content=\"Kompetenzen - Vineyard Management Consulting GmbH\" \/>\n<meta property=\"og:description\" content=\"Transition Managment\u00a0umfasst in unseren Projekten die Strategiedefinition, Umsetzungsplanung\u00a0und vor allem die Etablierung der Ver\u00e4nderungen im Unternehmensumfeld. Mehr erfahren Complexity Management\u00a0bedeutet f\u00fcr unsere Berater die F\u00e4higkeit, komplexe Strukturen, Prozesse und IT-Systeme\u00a0zu analysieren, zu bewerten\u00a0und\u00a0zu ver\u00e4ndern. Mehr erfahren Project Management\u00a0ist f\u00fcr uns\u00a0die wesentliche Schl\u00fcsselkompetenz f\u00fcr das nachhaltige und zielgerichtete Umsetzen von gr\u00f6\u00dferen Vorhaben im Unternehmen. Mehr erfahren...\" \/>\n<meta property=\"og:url\" content=\"https:\/\/vineyard-mc.com\/en\/kompetenzen\/\" \/>\n<meta property=\"og:site_name\" content=\"Vineyard Management Consulting GmbH\" \/>\n<meta property=\"article:modified_time\" content=\"2025-04-08T08:24:08+00:00\" \/>\n<meta property=\"og:image\" content=\"https:\/\/vineyard-mc.com\/wp-content\/uploads\/2021\/03\/portfoli811x351-1.jpg\" \/>\n<meta name=\"twitter:card\" content=\"summary_large_image\" \/>\n<meta name=\"twitter:label1\" content=\"Estimated reading time\" \/>\n\t<meta name=\"twitter:data1\" content=\"2 minutes\" \/>\n<script type=\"application\/ld+json\" class=\"yoast-schema-graph\">{\"@context\":\"https:\\\/\\\/schema.org\",\"@graph\":[{\"@type\":\"WebPage\",\"@id\":\"https:\\\/\\\/vineyard-mc.com\\\/kompetenzen\\\/\",\"url\":\"https:\\\/\\\/vineyard-mc.com\\\/kompetenzen\\\/\",\"name\":\"Kompetenzen - Vineyard Management Consulting GmbH\",\"isPartOf\":{\"@id\":\"https:\\\/\\\/vineyard-mc.com\\\/#website\"},\"primaryImageOfPage\":{\"@id\":\"https:\\\/\\\/vineyard-mc.com\\\/kompetenzen\\\/#primaryimage\"},\"image\":{\"@id\":\"https:\\\/\\\/vineyard-mc.com\\\/kompetenzen\\\/#primaryimage\"},\"thumbnailUrl\":\"https:\\\/\\\/vineyard-mc.com\\\/wp-content\\\/uploads\\\/2021\\\/03\\\/portfoli811x351-1.jpg\",\"datePublished\":\"2021-03-27T09:11:00+00:00\",\"dateModified\":\"2025-04-08T08:24:08+00:00\",\"breadcrumb\":{\"@id\":\"https:\\\/\\\/vineyard-mc.com\\\/kompetenzen\\\/#breadcrumb\"},\"inLanguage\":\"en-GB\",\"potentialAction\":[{\"@type\":\"ReadAction\",\"target\":[\"https:\\\/\\\/vineyard-mc.com\\\/kompetenzen\\\/\"]}]},{\"@type\":\"ImageObject\",\"inLanguage\":\"en-GB\",\"@id\":\"https:\\\/\\\/vineyard-mc.com\\\/kompetenzen\\\/#primaryimage\",\"url\":\"https:\\\/\\\/vineyard-mc.com\\\/wp-content\\\/uploads\\\/2021\\\/03\\\/portfoli811x351-1.jpg\",\"contentUrl\":\"https:\\\/\\\/vineyard-mc.com\\\/wp-content\\\/uploads\\\/2021\\\/03\\\/portfoli811x351-1.jpg\"},{\"@type\":\"BreadcrumbList\",\"@id\":\"https:\\\/\\\/vineyard-mc.com\\\/kompetenzen\\\/#breadcrumb\",\"itemListElement\":[{\"@type\":\"ListItem\",\"position\":1,\"name\":\"Startseite\",\"item\":\"https:\\\/\\\/vineyard-mc.com\\\/\"},{\"@type\":\"ListItem\",\"position\":2,\"name\":\"Kompetenzen\"}]},{\"@type\":\"WebSite\",\"@id\":\"https:\\\/\\\/vineyard-mc.com\\\/#website\",\"url\":\"https:\\\/\\\/vineyard-mc.com\\\/\",\"name\":\"Vineyard Management Consulting GmbH\",\"description\":\"Better Ideas - Better Results\",\"publisher\":{\"@id\":\"https:\\\/\\\/vineyard-mc.com\\\/#organization\"},\"alternateName\":\"VMC GmbH\",\"potentialAction\":[{\"@type\":\"SearchAction\",\"target\":{\"@type\":\"EntryPoint\",\"urlTemplate\":\"https:\\\/\\\/vineyard-mc.com\\\/?s={search_term_string}\"},\"query-input\":{\"@type\":\"PropertyValueSpecification\",\"valueRequired\":true,\"valueName\":\"search_term_string\"}}],\"inLanguage\":\"en-GB\"},{\"@type\":\"Organization\",\"@id\":\"https:\\\/\\\/vineyard-mc.com\\\/#organization\",\"name\":\"Vineyard Management Consulting GmbH\",\"url\":\"https:\\\/\\\/vineyard-mc.com\\\/\",\"logo\":{\"@type\":\"ImageObject\",\"inLanguage\":\"en-GB\",\"@id\":\"https:\\\/\\\/vineyard-mc.com\\\/#\\\/schema\\\/logo\\\/image\\\/\",\"url\":\"https:\\\/\\\/vineyard-mc.com\\\/wp-content\\\/uploads\\\/2021\\\/03\\\/VMC-Logo_1.jpg\",\"contentUrl\":\"https:\\\/\\\/vineyard-mc.com\\\/wp-content\\\/uploads\\\/2021\\\/03\\\/VMC-Logo_1.jpg\",\"width\":506,\"height\":665,\"caption\":\"Vineyard Management Consulting GmbH\"},\"image\":{\"@id\":\"https:\\\/\\\/vineyard-mc.com\\\/#\\\/schema\\\/logo\\\/image\\\/\"},\"sameAs\":[\"https:\\\/\\\/de.linkedin.com\\\/company\\\/vineyard-management-consulting-gmbh\"]}]}<\/script>\n<!-- \/ Yoast SEO plugin. -->","yoast_head_json":{"title":"Kompetenzen - Vineyard Management Consulting GmbH","robots":{"index":"index","follow":"follow","max-snippet":"max-snippet:-1","max-image-preview":"max-image-preview:large","max-video-preview":"max-video-preview:-1"},"canonical":"https:\/\/vineyard-mc.com\/en\/kompetenzen\/","og_locale":"en_GB","og_type":"article","og_title":"Kompetenzen - Vineyard Management Consulting GmbH","og_description":"Transition Managment\u00a0umfasst in unseren Projekten die Strategiedefinition, Umsetzungsplanung\u00a0und vor allem die Etablierung der Ver\u00e4nderungen im Unternehmensumfeld. Mehr erfahren Complexity Management\u00a0bedeutet f\u00fcr unsere Berater die F\u00e4higkeit, komplexe Strukturen, Prozesse und IT-Systeme\u00a0zu analysieren, zu bewerten\u00a0und\u00a0zu ver\u00e4ndern. Mehr erfahren Project Management\u00a0ist f\u00fcr uns\u00a0die wesentliche Schl\u00fcsselkompetenz f\u00fcr das nachhaltige und zielgerichtete Umsetzen von gr\u00f6\u00dferen Vorhaben im Unternehmen. Mehr erfahren...","og_url":"https:\/\/vineyard-mc.com\/en\/kompetenzen\/","og_site_name":"Vineyard Management Consulting GmbH","article_modified_time":"2025-04-08T08:24:08+00:00","og_image":[{"url":"https:\/\/vineyard-mc.com\/wp-content\/uploads\/2021\/03\/portfoli811x351-1.jpg","type":"","width":"","height":""}],"twitter_card":"summary_large_image","twitter_misc":{"Estimated reading time":"2 minutes"},"schema":{"@context":"https:\/\/schema.org","@graph":[{"@type":"WebPage","@id":"https:\/\/vineyard-mc.com\/kompetenzen\/","url":"https:\/\/vineyard-mc.com\/kompetenzen\/","name":"Kompetenzen - Vineyard Management Consulting GmbH","isPartOf":{"@id":"https:\/\/vineyard-mc.com\/#website"},"primaryImageOfPage":{"@id":"https:\/\/vineyard-mc.com\/kompetenzen\/#primaryimage"},"image":{"@id":"https:\/\/vineyard-mc.com\/kompetenzen\/#primaryimage"},"thumbnailUrl":"https:\/\/vineyard-mc.com\/wp-content\/uploads\/2021\/03\/portfoli811x351-1.jpg","datePublished":"2021-03-27T09:11:00+00:00","dateModified":"2025-04-08T08:24:08+00:00","breadcrumb":{"@id":"https:\/\/vineyard-mc.com\/kompetenzen\/#breadcrumb"},"inLanguage":"en-GB","potentialAction":[{"@type":"ReadAction","target":["https:\/\/vineyard-mc.com\/kompetenzen\/"]}]},{"@type":"ImageObject","inLanguage":"en-GB","@id":"https:\/\/vineyard-mc.com\/kompetenzen\/#primaryimage","url":"https:\/\/vineyard-mc.com\/wp-content\/uploads\/2021\/03\/portfoli811x351-1.jpg","contentUrl":"https:\/\/vineyard-mc.com\/wp-content\/uploads\/2021\/03\/portfoli811x351-1.jpg"},{"@type":"BreadcrumbList","@id":"https:\/\/vineyard-mc.com\/kompetenzen\/#breadcrumb","itemListElement":[{"@type":"ListItem","position":1,"name":"Startseite","item":"https:\/\/vineyard-mc.com\/"},{"@type":"ListItem","position":2,"name":"Kompetenzen"}]},{"@type":"WebSite","@id":"https:\/\/vineyard-mc.com\/#website","url":"https:\/\/vineyard-mc.com\/","name":"Vineyard Management Consulting GmbH","description":"Better Ideas - Better Results","publisher":{"@id":"https:\/\/vineyard-mc.com\/#organization"},"alternateName":"VMC GmbH","potentialAction":[{"@type":"SearchAction","target":{"@type":"EntryPoint","urlTemplate":"https:\/\/vineyard-mc.com\/?s={search_term_string}"},"query-input":{"@type":"PropertyValueSpecification","valueRequired":true,"valueName":"search_term_string"}}],"inLanguage":"en-GB"},{"@type":"Organization","@id":"https:\/\/vineyard-mc.com\/#organization","name":"Vineyard Management Consulting GmbH","url":"https:\/\/vineyard-mc.com\/","logo":{"@type":"ImageObject","inLanguage":"en-GB","@id":"https:\/\/vineyard-mc.com\/#\/schema\/logo\/image\/","url":"https:\/\/vineyard-mc.com\/wp-content\/uploads\/2021\/03\/VMC-Logo_1.jpg","contentUrl":"https:\/\/vineyard-mc.com\/wp-content\/uploads\/2021\/03\/VMC-Logo_1.jpg","width":506,"height":665,"caption":"Vineyard Management Consulting GmbH"},"image":{"@id":"https:\/\/vineyard-mc.com\/#\/schema\/logo\/image\/"},"sameAs":["https:\/\/de.linkedin.com\/company\/vineyard-management-consulting-gmbh"]}]}},"_links":{"self":[{"href":"https:\/\/vineyard-mc.com\/en\/wp-json\/wp\/v2\/pages\/987814","targetHints":{"allow":["GET"]}}],"collection":[{"href":"https:\/\/vineyard-mc.com\/en\/wp-json\/wp\/v2\/pages"}],"about":[{"href":"https:\/\/vineyard-mc.com\/en\/wp-json\/wp\/v2\/types\/page"}],"author":[{"embeddable":true,"href":"https:\/\/vineyard-mc.com\/en\/wp-json\/wp\/v2\/users\/2"}],"replies":[{"embeddable":true,"href":"https:\/\/vineyard-mc.com\/en\/wp-json\/wp\/v2\/comments?post=987814"}],"version-history":[{"count":3,"href":"https:\/\/vineyard-mc.com\/en\/wp-json\/wp\/v2\/pages\/987814\/revisions"}],"predecessor-version":[{"id":989212,"href":"https:\/\/vineyard-mc.com\/en\/wp-json\/wp\/v2\/pages\/987814\/revisions\/989212"}],"wp:attachment":[{"href":"https:\/\/vineyard-mc.com\/en\/wp-json\/wp\/v2\/media?parent=987814"}],"curies":[{"name":"wp","href":"https:\/\/api.w.org\/{rel}","templated":true}]}}