{"id":987851,"date":"2021-03-27T10:46:13","date_gmt":"2021-03-27T09:46:13","guid":{"rendered":"https:\/\/vineyard-mc.com\/?page_id=987851"},"modified":"2024-01-11T17:29:09","modified_gmt":"2024-01-11T16:29:09","slug":"datenschutz","status":"publish","type":"page","link":"https:\/\/vineyard-mc.com\/en\/kontakt\/datenschutz\/","title":{"rendered":"Privacy Policy"},"content":{"rendered":"<div class=\"row\"><div class=\"wpv-grid grid-1-1  wpv-first-level first unextended\" style=\"padding-top:0px;padding-bottom:0px\" id=\"about-content\" ><div class=\"push\" style='height:60px'><\/div>\n\t\t<div class=\"sep-text single centered\">\n\t\t\t\t\t\t\t<span class=\"sep-text-before\"><div class=\"sep-text-line\"><\/div><\/span>\n\t\t\t\t\t\t<div class=\"content\">\n\t\t\t\t<h2 class=\"text-divider-double\">\nYour cookie settings<\/h2>\t\t\t<\/div>\n\t\t\t<span class=\"sep-text-after\"><div class=\"sep-text-line\"><\/div><\/span>\n\t\t\t\t\t<\/div>\n\t\n<div class=\"row\"><div class=\"wpv-grid grid-1-1  first unextended\" style=\"padding-top:0px;padding-bottom:0px\" id=\"wpv-column-83df03e87a15f9ae65559fb44ee42f10\" ><div class=\"row\"><div class=\"wpv-grid grid-1-1  first unextended\" style=\"padding-top:0px;padding-bottom:0px\" id=\"wpv-column-9eb03f3a6330a9ed696d2f4109ec0d7b\" ><p><style>#tarteaucitronAlertSmall, #tarteaucitronManager { display: none !important;} #dsgvo_service_control #tarteaucitronServices {position: relative; float: left; width: 100%;}  #tarteaucitronBack, #tarteaucitronAlertBig { display: none !important;}<\/style><div id=\"dsgvo_service_control\"><\/div><\/div><\/div>\n<div class=\"row\"><div class=\"wpv-grid grid-1-1  first unextended\" style=\"padding-top:0px;padding-bottom:0px\" id=\"wpv-column-096e800373d79892bd99874bfb581761\" >\t\t<div class=\"sep-text single centered\">\n\t\t\t\t\t\t\t<span class=\"sep-text-before\"><div class=\"sep-text-line\"><\/div><\/span>\n\t\t\t\t\t\t<div class=\"content\">\n\t\t\t\t<h2 class=\"text-divider-double\">\nHaftungsausschluss<\/h2>\t\t\t<\/div>\n\t\t\t<span class=\"sep-text-after\"><div class=\"sep-text-line\"><\/div><\/span>\n\t\t\t\t\t<\/div>\n\t\n<div class=\"row\"><div class=\"wpv-grid grid-1-1  first unextended\" style=\"padding-top:0px;padding-bottom:0px\" id=\"wpv-column-163e564672d628e167ec218933c233b9\" ><p><strong>1. Content of the online service<\/strong><\/p>\n<p>The author assumes no liability for the topicality, correctness, completeness or quality of the information provided. Liability claims against the author relating to material or immaterial damage caused by the use or non-use of the information provided or by the use of incorrect or incomplete information are fundamentally excluded, unless there is evidence of wilful intent or gross negligence on the part of the author.<br \/>\nAll offers are subject to change and non-binding. The author expressly reserves the right to change, supplement or delete parts of the pages or the entire offer without prior notice or to cease publication temporarily or permanently.<\/p>\n<p><strong>2. References and links<\/strong><br \/>\nIn the case of direct or indirect references to external websites (\u201chyperlinks\u201d) that lie outside the author's area of responsibility, a liability obligation would only come into force in the event that the author is aware of the content and it would be technically possible and reasonable for him to prevent use in the event of illegal content.<br \/>\nThe author hereby explicitly declares that no illegal content was recognizable on the linked pages at the time the links were created. The author has no influence whatsoever on the current and future design, content or authorship of the linked pages. The author therefore explicitly distances himself from all contents of all linked pages that were changed after the link was created. This statement applies to all links and references set within the author's own website as well as to third-party entries in guest books, discussion forums, link directories, mailing lists and all other forms of databases set up by the author to whose content external write access is possible. Liability for illegal, incorrect or incomplete content and in particular for damages resulting from the use or non-use of such information lies solely with the provider of the page to which reference is made, and not with the person who merely refers to the respective publication via links.<\/p>\n<p><strong>3. Copyright and trademark law<\/strong><br \/>\nThe author strives to comply with the copyrights of the images, graphics, sound documents, video sequences and texts used in all publications, to use images, graphics, sound documents, video sequences and texts created by himself or to use license-free graphics, sound documents, video sequences and texts.<br \/>\nAll brand names and trademarks mentioned on the website and possibly protected by third parties are subject without restriction to the provisions of the applicable trademark law and the ownership rights of the respective registered owners. The mere mention of a trademark does not imply that it is not protected by third-party rights!<br \/>\nThe copyright for published objects created by the author himself remains solely with the author of the pages. Any duplication or use of objects such as diagrams, sounds or texts in other electronic or printed publications is not permitted without the author's agreement.<\/p>\n<p><strong>4. Data privacy statement<\/strong><\/p>\n<p><strong>a) Data protection<\/strong><\/p>\n<p>The operators of these pages take the protection of your personal data very seriously. We treat your personal data confidentially and in accordance with the statutory data protection regulations and this privacy policy.<\/p>\n<p>The use of our website is generally possible without providing personal data. If personal data (e.g. name, address or e-mail addresses) is collected on our website, this is always done on a voluntary basis whenever possible. This data will not be passed on to third parties without your express consent.<\/p>\n<p>We would like to point out that data transmission over the Internet (e.g. when communicating by e-mail) may be subject to security vulnerabilities. Complete protection of data against access by third parties is not possible.<\/p>\n<p><strong>b) Cookies<\/strong><br \/>\nSome of the Internet pages use so-called cookies. Cookies do not damage your computer and do not contain viruses. Cookies are used to make our website more user-friendly, effective and secure. Cookies are small text files that are stored on your computer and saved by your browser.<\/p>\n<p>Most of the cookies we use are so-called \u201csession cookies\u201d. They are automatically deleted at the end of your visit. Other cookies remain stored on your end device until you delete them. These cookies enable us to recognize your browser on your next visit.<\/p>\n<p>You can set your browser to inform you about the setting of cookies and to allow cookies only in individual cases, to exclude the acceptance of cookies for certain cases or in general, and to activate the automatic deletion of cookies when closing the browser. If cookies are deactivated, the functionality of this website may be restricted.<\/p>\n<p><strong>c) Server-Log-Files<\/strong><\/p>\n<p>The provider of the pages automatically collects and stores information in so-called server log files, which your browser automatically transmits to us. These are:<\/p>\n<p>\u2013 Browser type and browser version<br \/>\n\u2013 Operating system in use<br \/>\n\u2013 Referrer URL<br \/>\n\u2013 Host name of the accessing computer<br \/>\n\u2013 Time of server request<\/p>\n<p>This data cannot be assigned to specific persons and it's not merged with other data sources. We reserve the right to check this data retrospectively if we become aware of specific indications of unlawful use.<\/p>\n<p><strong>d) Contact form<\/strong><\/p>\n<p>If you send us inquiries via the contact form, your details from the inquiry form, including the contact details you provide there, will be stored by us for the purpose of processing the inquiry and in the event of follow-up questions. We will not pass on this data without your consent.<\/p>\n<p><strong>e) Cookies<\/strong><\/p>\n<p>This website uses so-called \u201ccookies\u201d. These are text files that are stored on your computer and enable your use of the website to be analyzed. For this purpose, the information generated by the cookie about the use of this website is stored on our server. The IP address is anonymized before it is saved.<\/p>\n<p>The information generated by the cookie about the use of this website is not passed on to third parties. You may refuse the use of cookies by selecting the appropriate settings on your browser, however please note that if you do this you may not be able to use the full functionality of this website.<\/p>\n<p>If you do not agree with the storage and use of your data, you can deactivate the storage and use here. In this case, an opt-out cookie is stored in your browser that prevents usage data from being stored. If you delete your cookies, the opt-out cookie will also be deleted. The opt-out must be reactivated when you visit our site again.<\/p>\n<p><strong>f) SSL encryption<br \/>\n<\/strong><\/p>\n<p>This site uses SSL encryption for security reasons and to protect the transmission of confidential content, such as the requests you send to us as the site operator. You can recognize an encrypted connection by the fact that the address line of the browser changes from \u201chttp:\/\/\u201d to \u201chttps:\/\/\u201d and by the lock symbol in your browser line.<\/p>\n<p>If SSL encryption is activated, the data you transmit to us cannot be read by third parties.<\/p>\n<p><strong>g) Right to information, deletion, blocking<\/strong><\/p>\n<p>You have the right to free information about your stored personal data, its origin and recipient and the purpose of the data processing as well as a right to correction, blocking or deletion of this data at any time. You can contact us at any time at the address given in the legal notice if you have further questions on the subject of personal data.<\/p>\n<p><strong>h) Objection to advertising e-mails<\/strong><\/p>\n<p>We hereby object to the use of contact data published as part of our obligation to provide a legal notice for the purpose of sending unsolicited advertising and information material. The operators of this website expressly reserve the right to take legal action in the event of the unsolicited sending of advertising information, such as spam e-mails.     Source:\u00a0<a href=\"https:\/\/www.e-recht24.de\/\">www.erecht24.de<\/a><strong><br \/>\n<\/strong><\/p>\n<p><strong>5. Legal validity of this disclaimer<\/strong><br \/>\nThis disclaimer is to be regarded as part of the internet publication which you were referred from. If sections or individual terms of this statement are not legal or correct, the content or validity of the other parts remain uninfluenced by this fact.<\/div><\/div><\/div><\/div><\/div><\/div><\/div><\/div>","protected":false},"excerpt":{"rendered":"<p>1. Inhalt des Onlineangebotes Der Autor \u00fcbernimmt keinerlei Gew\u00e4hr f\u00fcr die Aktualit\u00e4t, Korrektheit, Vollst\u00e4ndigkeit oder Qualit\u00e4t der bereitgestellten Informationen. Haftungsanspr\u00fcche gegen den Autor, welche sich auf Sch\u00e4den materieller oder ideeller Art beziehen, die durch die Nutzung oder Nichtnutzung der dargebotenen Informationen bzw. durch die Nutzung fehlerhafter und unvollst\u00e4ndiger Informationen verursacht wurden, sind grunds\u00e4tzlich ausgeschlossen, sofern&#8230;<\/p>","protected":false},"author":2,"featured_media":0,"parent":31,"menu_order":24,"comment_status":"closed","ping_status":"closed","template":"","meta":{"footnotes":""},"class_list":["post-987851","page","type-page","status-publish","hentry"],"yoast_head":"<!-- This site is optimized with the Yoast SEO plugin v27.4 - https:\/\/yoast.com\/product\/yoast-seo-wordpress\/ -->\n<title>Datenschutzerkl\u00e4rung - Vineyard Management Consulting GmbH<\/title>\n<meta name=\"robots\" content=\"index, follow, max-snippet:-1, max-image-preview:large, max-video-preview:-1\" \/>\n<link rel=\"canonical\" href=\"https:\/\/vineyard-mc.com\/en\/kontakt\/datenschutz\/\" \/>\n<meta property=\"og:locale\" content=\"en_GB\" \/>\n<meta property=\"og:type\" content=\"article\" \/>\n<meta property=\"og:title\" content=\"Datenschutzerkl\u00e4rung - Vineyard Management Consulting GmbH\" \/>\n<meta property=\"og:description\" content=\"1. Inhalt des Onlineangebotes Der Autor \u00fcbernimmt keinerlei Gew\u00e4hr f\u00fcr die Aktualit\u00e4t, Korrektheit, Vollst\u00e4ndigkeit oder Qualit\u00e4t der bereitgestellten Informationen. Haftungsanspr\u00fcche gegen den Autor, welche sich auf Sch\u00e4den materieller oder ideeller Art beziehen, die durch die Nutzung oder Nichtnutzung der dargebotenen Informationen bzw. durch die Nutzung fehlerhafter und unvollst\u00e4ndiger Informationen verursacht wurden, sind grunds\u00e4tzlich ausgeschlossen, sofern...\" \/>\n<meta property=\"og:url\" content=\"https:\/\/vineyard-mc.com\/en\/kontakt\/datenschutz\/\" \/>\n<meta property=\"og:site_name\" content=\"Vineyard Management Consulting GmbH\" \/>\n<meta property=\"article:modified_time\" content=\"2024-01-11T16:29:09+00:00\" \/>\n<meta name=\"twitter:card\" content=\"summary_large_image\" \/>\n<meta name=\"twitter:label1\" content=\"Estimated reading time\" \/>\n\t<meta name=\"twitter:data1\" content=\"8 minutes\" \/>\n<script type=\"application\/ld+json\" class=\"yoast-schema-graph\">{\"@context\":\"https:\\\/\\\/schema.org\",\"@graph\":[{\"@type\":\"WebPage\",\"@id\":\"https:\\\/\\\/vineyard-mc.com\\\/kontakt\\\/datenschutz\\\/\",\"url\":\"https:\\\/\\\/vineyard-mc.com\\\/kontakt\\\/datenschutz\\\/\",\"name\":\"Datenschutzerkl\u00e4rung - Vineyard Management Consulting GmbH\",\"isPartOf\":{\"@id\":\"https:\\\/\\\/vineyard-mc.com\\\/#website\"},\"datePublished\":\"2021-03-27T09:46:13+00:00\",\"dateModified\":\"2024-01-11T16:29:09+00:00\",\"breadcrumb\":{\"@id\":\"https:\\\/\\\/vineyard-mc.com\\\/kontakt\\\/datenschutz\\\/#breadcrumb\"},\"inLanguage\":\"en-GB\",\"potentialAction\":[{\"@type\":\"ReadAction\",\"target\":[\"https:\\\/\\\/vineyard-mc.com\\\/kontakt\\\/datenschutz\\\/\"]}]},{\"@type\":\"BreadcrumbList\",\"@id\":\"https:\\\/\\\/vineyard-mc.com\\\/kontakt\\\/datenschutz\\\/#breadcrumb\",\"itemListElement\":[{\"@type\":\"ListItem\",\"position\":1,\"name\":\"Startseite\",\"item\":\"https:\\\/\\\/vineyard-mc.com\\\/\"},{\"@type\":\"ListItem\",\"position\":2,\"name\":\"Kontakt\",\"item\":\"https:\\\/\\\/vineyard-mc.com\\\/kontakt\\\/\"},{\"@type\":\"ListItem\",\"position\":3,\"name\":\"Datenschutzerkl\u00e4rung\"}]},{\"@type\":\"WebSite\",\"@id\":\"https:\\\/\\\/vineyard-mc.com\\\/#website\",\"url\":\"https:\\\/\\\/vineyard-mc.com\\\/\",\"name\":\"Vineyard Management Consulting GmbH\",\"description\":\"Better Ideas - Better Results\",\"publisher\":{\"@id\":\"https:\\\/\\\/vineyard-mc.com\\\/#organization\"},\"alternateName\":\"VMC GmbH\",\"potentialAction\":[{\"@type\":\"SearchAction\",\"target\":{\"@type\":\"EntryPoint\",\"urlTemplate\":\"https:\\\/\\\/vineyard-mc.com\\\/?s={search_term_string}\"},\"query-input\":{\"@type\":\"PropertyValueSpecification\",\"valueRequired\":true,\"valueName\":\"search_term_string\"}}],\"inLanguage\":\"en-GB\"},{\"@type\":\"Organization\",\"@id\":\"https:\\\/\\\/vineyard-mc.com\\\/#organization\",\"name\":\"Vineyard Management Consulting GmbH\",\"url\":\"https:\\\/\\\/vineyard-mc.com\\\/\",\"logo\":{\"@type\":\"ImageObject\",\"inLanguage\":\"en-GB\",\"@id\":\"https:\\\/\\\/vineyard-mc.com\\\/#\\\/schema\\\/logo\\\/image\\\/\",\"url\":\"https:\\\/\\\/vineyard-mc.com\\\/wp-content\\\/uploads\\\/2021\\\/03\\\/VMC-Logo_1.jpg\",\"contentUrl\":\"https:\\\/\\\/vineyard-mc.com\\\/wp-content\\\/uploads\\\/2021\\\/03\\\/VMC-Logo_1.jpg\",\"width\":506,\"height\":665,\"caption\":\"Vineyard Management Consulting GmbH\"},\"image\":{\"@id\":\"https:\\\/\\\/vineyard-mc.com\\\/#\\\/schema\\\/logo\\\/image\\\/\"},\"sameAs\":[\"https:\\\/\\\/de.linkedin.com\\\/company\\\/vineyard-management-consulting-gmbh\"]}]}<\/script>\n<!-- \/ Yoast SEO plugin. -->","yoast_head_json":{"title":"Datenschutzerkl\u00e4rung - Vineyard Management Consulting GmbH","robots":{"index":"index","follow":"follow","max-snippet":"max-snippet:-1","max-image-preview":"max-image-preview:large","max-video-preview":"max-video-preview:-1"},"canonical":"https:\/\/vineyard-mc.com\/en\/kontakt\/datenschutz\/","og_locale":"en_GB","og_type":"article","og_title":"Datenschutzerkl\u00e4rung - Vineyard Management Consulting GmbH","og_description":"1. Inhalt des Onlineangebotes Der Autor \u00fcbernimmt keinerlei Gew\u00e4hr f\u00fcr die Aktualit\u00e4t, Korrektheit, Vollst\u00e4ndigkeit oder Qualit\u00e4t der bereitgestellten Informationen. Haftungsanspr\u00fcche gegen den Autor, welche sich auf Sch\u00e4den materieller oder ideeller Art beziehen, die durch die Nutzung oder Nichtnutzung der dargebotenen Informationen bzw. durch die Nutzung fehlerhafter und unvollst\u00e4ndiger Informationen verursacht wurden, sind grunds\u00e4tzlich ausgeschlossen, sofern...","og_url":"https:\/\/vineyard-mc.com\/en\/kontakt\/datenschutz\/","og_site_name":"Vineyard Management Consulting GmbH","article_modified_time":"2024-01-11T16:29:09+00:00","twitter_card":"summary_large_image","twitter_misc":{"Estimated reading time":"8 minutes"},"schema":{"@context":"https:\/\/schema.org","@graph":[{"@type":"WebPage","@id":"https:\/\/vineyard-mc.com\/kontakt\/datenschutz\/","url":"https:\/\/vineyard-mc.com\/kontakt\/datenschutz\/","name":"Datenschutzerkl\u00e4rung - Vineyard Management Consulting GmbH","isPartOf":{"@id":"https:\/\/vineyard-mc.com\/#website"},"datePublished":"2021-03-27T09:46:13+00:00","dateModified":"2024-01-11T16:29:09+00:00","breadcrumb":{"@id":"https:\/\/vineyard-mc.com\/kontakt\/datenschutz\/#breadcrumb"},"inLanguage":"en-GB","potentialAction":[{"@type":"ReadAction","target":["https:\/\/vineyard-mc.com\/kontakt\/datenschutz\/"]}]},{"@type":"BreadcrumbList","@id":"https:\/\/vineyard-mc.com\/kontakt\/datenschutz\/#breadcrumb","itemListElement":[{"@type":"ListItem","position":1,"name":"Startseite","item":"https:\/\/vineyard-mc.com\/"},{"@type":"ListItem","position":2,"name":"Kontakt","item":"https:\/\/vineyard-mc.com\/kontakt\/"},{"@type":"ListItem","position":3,"name":"Datenschutzerkl\u00e4rung"}]},{"@type":"WebSite","@id":"https:\/\/vineyard-mc.com\/#website","url":"https:\/\/vineyard-mc.com\/","name":"Vineyard Management Consulting GmbH","description":"Better Ideas - Better Results","publisher":{"@id":"https:\/\/vineyard-mc.com\/#organization"},"alternateName":"VMC GmbH","potentialAction":[{"@type":"SearchAction","target":{"@type":"EntryPoint","urlTemplate":"https:\/\/vineyard-mc.com\/?s={search_term_string}"},"query-input":{"@type":"PropertyValueSpecification","valueRequired":true,"valueName":"search_term_string"}}],"inLanguage":"en-GB"},{"@type":"Organization","@id":"https:\/\/vineyard-mc.com\/#organization","name":"Vineyard Management Consulting GmbH","url":"https:\/\/vineyard-mc.com\/","logo":{"@type":"ImageObject","inLanguage":"en-GB","@id":"https:\/\/vineyard-mc.com\/#\/schema\/logo\/image\/","url":"https:\/\/vineyard-mc.com\/wp-content\/uploads\/2021\/03\/VMC-Logo_1.jpg","contentUrl":"https:\/\/vineyard-mc.com\/wp-content\/uploads\/2021\/03\/VMC-Logo_1.jpg","width":506,"height":665,"caption":"Vineyard Management Consulting GmbH"},"image":{"@id":"https:\/\/vineyard-mc.com\/#\/schema\/logo\/image\/"},"sameAs":["https:\/\/de.linkedin.com\/company\/vineyard-management-consulting-gmbh"]}]}},"_links":{"self":[{"href":"https:\/\/vineyard-mc.com\/en\/wp-json\/wp\/v2\/pages\/987851","targetHints":{"allow":["GET"]}}],"collection":[{"href":"https:\/\/vineyard-mc.com\/en\/wp-json\/wp\/v2\/pages"}],"about":[{"href":"https:\/\/vineyard-mc.com\/en\/wp-json\/wp\/v2\/types\/page"}],"author":[{"embeddable":true,"href":"https:\/\/vineyard-mc.com\/en\/wp-json\/wp\/v2\/users\/2"}],"replies":[{"embeddable":true,"href":"https:\/\/vineyard-mc.com\/en\/wp-json\/wp\/v2\/comments?post=987851"}],"version-history":[{"count":3,"href":"https:\/\/vineyard-mc.com\/en\/wp-json\/wp\/v2\/pages\/987851\/revisions"}],"predecessor-version":[{"id":988594,"href":"https:\/\/vineyard-mc.com\/en\/wp-json\/wp\/v2\/pages\/987851\/revisions\/988594"}],"up":[{"embeddable":true,"href":"https:\/\/vineyard-mc.com\/en\/wp-json\/wp\/v2\/pages\/31"}],"wp:attachment":[{"href":"https:\/\/vineyard-mc.com\/en\/wp-json\/wp\/v2\/media?parent=987851"}],"curies":[{"name":"wp","href":"https:\/\/api.w.org\/{rel}","templated":true}]}}