{"id":988037,"date":"2021-03-27T14:59:30","date_gmt":"2021-03-27T13:59:30","guid":{"rendered":"https:\/\/vineyard-mc.com\/?page_id=988037"},"modified":"2024-01-11T16:57:59","modified_gmt":"2024-01-11T15:57:59","slug":"project","status":"publish","type":"page","link":"https:\/\/vineyard-mc.com\/en\/kompetenzen\/project\/","title":{"rendered":"Project Management"},"content":{"rendered":"<div class=\"row\"><div class=\"wpv-grid grid-1-1  wpv-first-level first unextended\" style=\"padding-top:0px;padding-bottom:0px\" id=\"about-content\" ><div class=\"row\"><div class=\"wpv-grid grid-3-5  first unextended\" style=\"padding-top:0px;padding-bottom:0px\" id=\"wpv-column-1b6ec30aeaf44dff8afd39cba592b96c\" ><div class=\"row\"><div class=\"wpv-grid grid-1-1  first unextended\" style=\"padding-top:0px;padding-bottom:0px\" id=\"wpv-column-1728f4a6758e64f128c1e7bab1e706ce\" ><p><strong>For modern, dynamic companies, project management is more than just a tool or a technique. Rather, project management is an essential key competence for the sustainable and targeted realisation of larger projects within the company.\u00a0<\/strong><\/p>\n<p>Only the combination of<\/p>\n<ul>\n<li>many years of experience in project management<\/li>\n<li>classic standard techniques (e.g. PMI, Prince2, GPMA)<\/li>\n<li>suitable moderation of interests<\/li>\n<li>early integration of knowledge<\/li>\n<li>and involving people in the change process<\/li>\n<\/ul>\n<p>lays a solid foundation for the successful realisation of your projects.<\/div><\/div><\/div>\n<div class=\"wpv-grid grid-2-5  unextended animation-fade-in animated-active\" style=\"padding-top:0px;padding-bottom:0px\" id=\"wpv-column-73753b8ceabf1ab6c22a1c5b1a126f97\" ><div class=\"row\"><div class=\"wpv-grid grid-1-1  first unextended animation-from-bottom animated-active\" style=\"padding-top:0px;padding-bottom:0px\" id=\"wpv-column-bac99cca23ad4bd20c16a88eb2462fb3\" ><p style=\"text-align: center;\"><strong>Your contact person<\/strong><\/p>\n<p><img loading=\"lazy\" decoding=\"async\" class=\"size-medium wp-image-988298 aligncenter\" src=\"https:\/\/vineyard-mc.com\/wp-content\/uploads\/2024\/01\/Laura-Beckervordersandforth_hell-e1704988302637-264x300.jpg\" alt=\"\" width=\"264\" height=\"300\" srcset=\"https:\/\/vineyard-mc.com\/wp-content\/uploads\/2024\/01\/Laura-Beckervordersandforth_hell-e1704988302637-264x300.jpg 264w, https:\/\/vineyard-mc.com\/wp-content\/uploads\/2024\/01\/Laura-Beckervordersandforth_hell-e1704988302637-901x1024.jpg 901w, https:\/\/vineyard-mc.com\/wp-content\/uploads\/2024\/01\/Laura-Beckervordersandforth_hell-e1704988302637-11x12.jpg 11w, https:\/\/vineyard-mc.com\/wp-content\/uploads\/2024\/01\/Laura-Beckervordersandforth_hell-e1704988302637.jpg 1408w\" sizes=\"auto, (max-width: 264px) 100vw, 264px\" \/><\/p>\n<p style=\"text-align: center;\"><strong>Laura Beckervordersandforth<\/strong><br \/>\nManagement Consultant<\/div><\/div><\/div><\/div>\n<div class=\"row\"><div class=\"wpv-grid grid-1-1  first unextended\" style=\"padding-top:0px;padding-bottom:0px\" id=\"wpv-column-2b4f00ad367ed454af5f78d4ef8c3f08\" ><div id=\"post-67\" class=\"post\">\n<div class=\"entry\">\n<div>For example, we support our customers with\u00a0<strong>temporary project management.\u00a0<\/strong>By this, we mean support from experienced, trained project managers for a defined period of time. This approach is particularly useful in the following situations:<\/div>\n<ul>\n<li>Building up project management expertise<\/li>\n<li>Outsourcing of processes or IT functions<\/li>\n<li>Establishment of governance structures<\/li>\n<\/ul>\n<p><img loading=\"lazy\" decoding=\"async\" class=\"wp-image-596 alignright\" src=\"https:\/\/vineyard-mc.com\/wp-content\/uploads\/2021\/03\/Project.jpg\" alt=\"\" width=\"360\" height=\"330\" srcset=\"https:\/\/vineyard-mc.com\/wp-content\/uploads\/2021\/03\/Project.jpg 362w, https:\/\/vineyard-mc.com\/wp-content\/uploads\/2021\/03\/Project-300x275.jpg 300w, https:\/\/vineyard-mc.com\/wp-content\/uploads\/2021\/03\/Project-13x12.jpg 13w\" sizes=\"auto, (max-width: 360px) 100vw, 360px\" \/>Or we support you in<strong>\u00a0setting up and managing project offices<\/strong>: Large projects and project portfolios are usually almost impossible to manage without the use of Project Management Offices (PMOs).<\/p>\n<p>We provide you with the following functions customised to your situation:<\/p>\n<ul>\n<li>Scope and stakeholder management<\/li>\n<li>Project planning<\/li>\n<li>Project control<\/li>\n<li>Project controlling<\/li>\n<li>Project communication<\/li>\n<\/ul>\n<div><\/div>\n<div>These standards are supplemented by tried-and-tested methods for actively managing different interests and complexity in the project. We support you in getting large-scale projects under control quickly, managing complexity and ultimately realising your projects successfully, even when they are highly dynamic and interconnected.<\/div>\n<\/div>\n<\/div><\/div><\/div><\/div><\/div>\n<div class=\"sep\"><\/div>\n<div class=\"row\"><div class=\"wpv-grid grid-1-1  wpv-first-level first unextended\" style=\"padding-top:0px;padding-bottom:0px\" id=\"wpv-column-e011eef23a7f1a7822f3080588831d2b\" ><h2 class='column-title'>Realised projects (excerpt)<\/h2><div class=\"row\"><div class=\"wpv-grid grid-1-3  first unextended\" style=\"padding-top:0px;padding-bottom:0px\" id=\"wpv-column-66660900295573abcc7ad14696d7a175\" ><p><strong>Development bank<\/strong><br \/>\nVendor and project management for tendering and vendor selection for several IT security services as well as support and transition management for the following implementation projects<\/div>\n<div class=\"wpv-grid grid-1-3  unextended\" style=\"padding-top:0px;padding-bottom:0px\" id=\"wpv-column-6e124a35ce36cead092c364ab641f683\" ><p><strong>Banking<\/strong><br \/>\nProgram and project management for the process adaptation and migration of banking applications, project management for a data leakage prevention initiative<\/div>\n<div class=\"wpv-grid grid-1-3  unextended\" style=\"padding-top:0px;padding-bottom:0px\" id=\"wpv-column-2345fa76fb291600a224dd79721f7035\" ><p><strong>Telecommunications<\/strong><br \/>\nOptimisation of the Project Management Excellence Initiative, creation of SLAs and business cases for strategic decisions of the Executive Board<\/div><\/div><\/div><\/div>\n<div class=\"sep\"><\/div>","protected":false},"excerpt":{"rendered":"<p>F\u00fcr moderne, dynamische Unternehmen ist Projektmanagement mehr als ein Instrument oder eine reine Technik.\u00a0Projektmanagement ist vielmehr eine wesentliche Schl\u00fcsselkompetenz f\u00fcr eine nachhaltige und zielgerichtete Umsetzung von gr\u00f6\u00dferen Vorhaben im Unternehmen.\u00a0 Erst die Kombination langj\u00e4hriger Erfahrungen im Projektmanagement klassischer Standard-Techniken (z.B. PMI, Prince2, GPMA) geeigneter Moderation der Interessen fr\u00fchzeitiger Vernetzung von Wissen sowie eine \u201eMitnahme\u201c der&#8230;<\/p>","protected":false},"author":2,"featured_media":0,"parent":987814,"menu_order":3,"comment_status":"closed","ping_status":"closed","template":"","meta":{"footnotes":""},"class_list":["post-988037","page","type-page","status-publish","hentry"],"yoast_head":"<!-- This site is optimized with the Yoast SEO plugin v27.4 - https:\/\/yoast.com\/product\/yoast-seo-wordpress\/ -->\n<title>Project Management - Vineyard Management Consulting GmbH<\/title>\n<meta name=\"robots\" content=\"index, follow, max-snippet:-1, max-image-preview:large, max-video-preview:-1\" \/>\n<link rel=\"canonical\" href=\"https:\/\/vineyard-mc.com\/en\/kompetenzen\/project\/\" \/>\n<meta property=\"og:locale\" content=\"en_GB\" \/>\n<meta property=\"og:type\" content=\"article\" \/>\n<meta property=\"og:title\" content=\"Project Management - Vineyard Management Consulting GmbH\" \/>\n<meta property=\"og:description\" content=\"F\u00fcr moderne, dynamische Unternehmen ist Projektmanagement mehr als ein Instrument oder eine reine Technik.\u00a0Projektmanagement ist vielmehr eine wesentliche Schl\u00fcsselkompetenz f\u00fcr eine nachhaltige und zielgerichtete Umsetzung von gr\u00f6\u00dferen Vorhaben im Unternehmen.\u00a0 Erst die Kombination langj\u00e4hriger Erfahrungen im Projektmanagement klassischer Standard-Techniken (z.B. PMI, Prince2, GPMA) geeigneter Moderation der Interessen fr\u00fchzeitiger Vernetzung von Wissen sowie eine \u201eMitnahme\u201c der...\" \/>\n<meta property=\"og:url\" content=\"https:\/\/vineyard-mc.com\/en\/kompetenzen\/project\/\" \/>\n<meta property=\"og:site_name\" content=\"Vineyard Management Consulting GmbH\" \/>\n<meta property=\"article:modified_time\" content=\"2024-01-11T15:57:59+00:00\" \/>\n<meta property=\"og:image\" content=\"https:\/\/vineyard-mc.com\/wp-content\/uploads\/2024\/01\/Laura-Beckervordersandforth_hell-e1704988302637-264x300.jpg\" \/>\n<meta name=\"twitter:card\" content=\"summary_large_image\" \/>\n<meta name=\"twitter:label1\" content=\"Estimated reading time\" \/>\n\t<meta name=\"twitter:data1\" content=\"3 minutes\" \/>\n<script type=\"application\/ld+json\" class=\"yoast-schema-graph\">{\"@context\":\"https:\\\/\\\/schema.org\",\"@graph\":[{\"@type\":\"WebPage\",\"@id\":\"https:\\\/\\\/vineyard-mc.com\\\/kompetenzen\\\/project\\\/\",\"url\":\"https:\\\/\\\/vineyard-mc.com\\\/kompetenzen\\\/project\\\/\",\"name\":\"Project Management - Vineyard Management Consulting GmbH\",\"isPartOf\":{\"@id\":\"https:\\\/\\\/vineyard-mc.com\\\/#website\"},\"primaryImageOfPage\":{\"@id\":\"https:\\\/\\\/vineyard-mc.com\\\/kompetenzen\\\/project\\\/#primaryimage\"},\"image\":{\"@id\":\"https:\\\/\\\/vineyard-mc.com\\\/kompetenzen\\\/project\\\/#primaryimage\"},\"thumbnailUrl\":\"https:\\\/\\\/vineyard-mc.com\\\/wp-content\\\/uploads\\\/2024\\\/01\\\/Laura-Beckervordersandforth_hell-e1704988302637-264x300.jpg\",\"datePublished\":\"2021-03-27T13:59:30+00:00\",\"dateModified\":\"2024-01-11T15:57:59+00:00\",\"breadcrumb\":{\"@id\":\"https:\\\/\\\/vineyard-mc.com\\\/kompetenzen\\\/project\\\/#breadcrumb\"},\"inLanguage\":\"en-GB\",\"potentialAction\":[{\"@type\":\"ReadAction\",\"target\":[\"https:\\\/\\\/vineyard-mc.com\\\/kompetenzen\\\/project\\\/\"]}]},{\"@type\":\"ImageObject\",\"inLanguage\":\"en-GB\",\"@id\":\"https:\\\/\\\/vineyard-mc.com\\\/kompetenzen\\\/project\\\/#primaryimage\",\"url\":\"https:\\\/\\\/vineyard-mc.com\\\/wp-content\\\/uploads\\\/2024\\\/01\\\/Laura-Beckervordersandforth_hell-e1704988302637-264x300.jpg\",\"contentUrl\":\"https:\\\/\\\/vineyard-mc.com\\\/wp-content\\\/uploads\\\/2024\\\/01\\\/Laura-Beckervordersandforth_hell-e1704988302637-264x300.jpg\"},{\"@type\":\"BreadcrumbList\",\"@id\":\"https:\\\/\\\/vineyard-mc.com\\\/kompetenzen\\\/project\\\/#breadcrumb\",\"itemListElement\":[{\"@type\":\"ListItem\",\"position\":1,\"name\":\"Startseite\",\"item\":\"https:\\\/\\\/vineyard-mc.com\\\/\"},{\"@type\":\"ListItem\",\"position\":2,\"name\":\"Kompetenzen\",\"item\":\"https:\\\/\\\/vineyard-mc.com\\\/kompetenzen\\\/\"},{\"@type\":\"ListItem\",\"position\":3,\"name\":\"Project Management\"}]},{\"@type\":\"WebSite\",\"@id\":\"https:\\\/\\\/vineyard-mc.com\\\/#website\",\"url\":\"https:\\\/\\\/vineyard-mc.com\\\/\",\"name\":\"Vineyard Management Consulting GmbH\",\"description\":\"Better Ideas - Better Results\",\"publisher\":{\"@id\":\"https:\\\/\\\/vineyard-mc.com\\\/#organization\"},\"alternateName\":\"VMC GmbH\",\"potentialAction\":[{\"@type\":\"SearchAction\",\"target\":{\"@type\":\"EntryPoint\",\"urlTemplate\":\"https:\\\/\\\/vineyard-mc.com\\\/?s={search_term_string}\"},\"query-input\":{\"@type\":\"PropertyValueSpecification\",\"valueRequired\":true,\"valueName\":\"search_term_string\"}}],\"inLanguage\":\"en-GB\"},{\"@type\":\"Organization\",\"@id\":\"https:\\\/\\\/vineyard-mc.com\\\/#organization\",\"name\":\"Vineyard Management Consulting GmbH\",\"url\":\"https:\\\/\\\/vineyard-mc.com\\\/\",\"logo\":{\"@type\":\"ImageObject\",\"inLanguage\":\"en-GB\",\"@id\":\"https:\\\/\\\/vineyard-mc.com\\\/#\\\/schema\\\/logo\\\/image\\\/\",\"url\":\"https:\\\/\\\/vineyard-mc.com\\\/wp-content\\\/uploads\\\/2021\\\/03\\\/VMC-Logo_1.jpg\",\"contentUrl\":\"https:\\\/\\\/vineyard-mc.com\\\/wp-content\\\/uploads\\\/2021\\\/03\\\/VMC-Logo_1.jpg\",\"width\":506,\"height\":665,\"caption\":\"Vineyard Management Consulting GmbH\"},\"image\":{\"@id\":\"https:\\\/\\\/vineyard-mc.com\\\/#\\\/schema\\\/logo\\\/image\\\/\"},\"sameAs\":[\"https:\\\/\\\/de.linkedin.com\\\/company\\\/vineyard-management-consulting-gmbh\"]}]}<\/script>\n<!-- \/ Yoast SEO plugin. -->","yoast_head_json":{"title":"Project Management - Vineyard Management Consulting GmbH","robots":{"index":"index","follow":"follow","max-snippet":"max-snippet:-1","max-image-preview":"max-image-preview:large","max-video-preview":"max-video-preview:-1"},"canonical":"https:\/\/vineyard-mc.com\/en\/kompetenzen\/project\/","og_locale":"en_GB","og_type":"article","og_title":"Project Management - Vineyard Management Consulting GmbH","og_description":"F\u00fcr moderne, dynamische Unternehmen ist Projektmanagement mehr als ein Instrument oder eine reine Technik.\u00a0Projektmanagement ist vielmehr eine wesentliche Schl\u00fcsselkompetenz f\u00fcr eine nachhaltige und zielgerichtete Umsetzung von gr\u00f6\u00dferen Vorhaben im Unternehmen.\u00a0 Erst die Kombination langj\u00e4hriger Erfahrungen im Projektmanagement klassischer Standard-Techniken (z.B. PMI, Prince2, GPMA) geeigneter Moderation der Interessen fr\u00fchzeitiger Vernetzung von Wissen sowie eine \u201eMitnahme\u201c der...","og_url":"https:\/\/vineyard-mc.com\/en\/kompetenzen\/project\/","og_site_name":"Vineyard Management Consulting GmbH","article_modified_time":"2024-01-11T15:57:59+00:00","og_image":[{"url":"https:\/\/vineyard-mc.com\/wp-content\/uploads\/2024\/01\/Laura-Beckervordersandforth_hell-e1704988302637-264x300.jpg","type":"","width":"","height":""}],"twitter_card":"summary_large_image","twitter_misc":{"Estimated reading time":"3 minutes"},"schema":{"@context":"https:\/\/schema.org","@graph":[{"@type":"WebPage","@id":"https:\/\/vineyard-mc.com\/kompetenzen\/project\/","url":"https:\/\/vineyard-mc.com\/kompetenzen\/project\/","name":"Project Management - Vineyard Management Consulting GmbH","isPartOf":{"@id":"https:\/\/vineyard-mc.com\/#website"},"primaryImageOfPage":{"@id":"https:\/\/vineyard-mc.com\/kompetenzen\/project\/#primaryimage"},"image":{"@id":"https:\/\/vineyard-mc.com\/kompetenzen\/project\/#primaryimage"},"thumbnailUrl":"https:\/\/vineyard-mc.com\/wp-content\/uploads\/2024\/01\/Laura-Beckervordersandforth_hell-e1704988302637-264x300.jpg","datePublished":"2021-03-27T13:59:30+00:00","dateModified":"2024-01-11T15:57:59+00:00","breadcrumb":{"@id":"https:\/\/vineyard-mc.com\/kompetenzen\/project\/#breadcrumb"},"inLanguage":"en-GB","potentialAction":[{"@type":"ReadAction","target":["https:\/\/vineyard-mc.com\/kompetenzen\/project\/"]}]},{"@type":"ImageObject","inLanguage":"en-GB","@id":"https:\/\/vineyard-mc.com\/kompetenzen\/project\/#primaryimage","url":"https:\/\/vineyard-mc.com\/wp-content\/uploads\/2024\/01\/Laura-Beckervordersandforth_hell-e1704988302637-264x300.jpg","contentUrl":"https:\/\/vineyard-mc.com\/wp-content\/uploads\/2024\/01\/Laura-Beckervordersandforth_hell-e1704988302637-264x300.jpg"},{"@type":"BreadcrumbList","@id":"https:\/\/vineyard-mc.com\/kompetenzen\/project\/#breadcrumb","itemListElement":[{"@type":"ListItem","position":1,"name":"Startseite","item":"https:\/\/vineyard-mc.com\/"},{"@type":"ListItem","position":2,"name":"Kompetenzen","item":"https:\/\/vineyard-mc.com\/kompetenzen\/"},{"@type":"ListItem","position":3,"name":"Project Management"}]},{"@type":"WebSite","@id":"https:\/\/vineyard-mc.com\/#website","url":"https:\/\/vineyard-mc.com\/","name":"Vineyard Management Consulting GmbH","description":"Better Ideas - Better Results","publisher":{"@id":"https:\/\/vineyard-mc.com\/#organization"},"alternateName":"VMC GmbH","potentialAction":[{"@type":"SearchAction","target":{"@type":"EntryPoint","urlTemplate":"https:\/\/vineyard-mc.com\/?s={search_term_string}"},"query-input":{"@type":"PropertyValueSpecification","valueRequired":true,"valueName":"search_term_string"}}],"inLanguage":"en-GB"},{"@type":"Organization","@id":"https:\/\/vineyard-mc.com\/#organization","name":"Vineyard Management Consulting GmbH","url":"https:\/\/vineyard-mc.com\/","logo":{"@type":"ImageObject","inLanguage":"en-GB","@id":"https:\/\/vineyard-mc.com\/#\/schema\/logo\/image\/","url":"https:\/\/vineyard-mc.com\/wp-content\/uploads\/2021\/03\/VMC-Logo_1.jpg","contentUrl":"https:\/\/vineyard-mc.com\/wp-content\/uploads\/2021\/03\/VMC-Logo_1.jpg","width":506,"height":665,"caption":"Vineyard Management Consulting GmbH"},"image":{"@id":"https:\/\/vineyard-mc.com\/#\/schema\/logo\/image\/"},"sameAs":["https:\/\/de.linkedin.com\/company\/vineyard-management-consulting-gmbh"]}]}},"_links":{"self":[{"href":"https:\/\/vineyard-mc.com\/en\/wp-json\/wp\/v2\/pages\/988037","targetHints":{"allow":["GET"]}}],"collection":[{"href":"https:\/\/vineyard-mc.com\/en\/wp-json\/wp\/v2\/pages"}],"about":[{"href":"https:\/\/vineyard-mc.com\/en\/wp-json\/wp\/v2\/types\/page"}],"author":[{"embeddable":true,"href":"https:\/\/vineyard-mc.com\/en\/wp-json\/wp\/v2\/users\/2"}],"replies":[{"embeddable":true,"href":"https:\/\/vineyard-mc.com\/en\/wp-json\/wp\/v2\/comments?post=988037"}],"version-history":[{"count":4,"href":"https:\/\/vineyard-mc.com\/en\/wp-json\/wp\/v2\/pages\/988037\/revisions"}],"predecessor-version":[{"id":988753,"href":"https:\/\/vineyard-mc.com\/en\/wp-json\/wp\/v2\/pages\/988037\/revisions\/988753"}],"up":[{"embeddable":true,"href":"https:\/\/vineyard-mc.com\/en\/wp-json\/wp\/v2\/pages\/987814"}],"wp:attachment":[{"href":"https:\/\/vineyard-mc.com\/en\/wp-json\/wp\/v2\/media?parent=988037"}],"curies":[{"name":"wp","href":"https:\/\/api.w.org\/{rel}","templated":true}]}}