{"id":988129,"date":"2021-03-27T16:59:16","date_gmt":"2021-03-27T15:59:16","guid":{"rendered":"https:\/\/vineyard-mc.com\/?page_id=988129"},"modified":"2024-01-11T12:55:10","modified_gmt":"2024-01-11T11:55:10","slug":"karriere","status":"publish","type":"page","link":"https:\/\/vineyard-mc.com\/en\/karriere\/","title":{"rendered":"Career"},"content":{"rendered":"<div class=\"row\"><div class=\"wpv-grid grid-1-1  wpv-first-level first unextended\" style=\"padding-top:0px;padding-bottom:0px\" id=\"about-content\" ><div class=\"row\"><div class=\"wpv-grid grid-1-2  first unextended\" style=\"padding-top:0px;padding-bottom:0px\" id=\"wpv-column-1d8b2975bbd8c98474877d02de9104e4\" ><div class=\"wpv-accordion-wrapper wpv-accordion-1\"><ul class=\"wpv-accordion\" data-collapsible=\"true\"><li class=\"pane-wrapper\" style=\"\">\n\t\t\t\t\t<h4 class=\"tab\"><div class=\"inner\">Management Consultant (m\/w) @ Vineyard MC<\/div><\/h4>\n\t\t\t\t\t<div class=\"pane\"><div class=\"inner\"><div class=\"row\"><div class=\"wpv-grid grid-1-1  first unextended\" style=\"padding-top:0px;padding-bottom:0px\" id=\"wpv-column-399ab48ec0f67a7bf3a98b17a1e3ba01\" ><p><strong>We are looking for committed and flexible reinforcement for our Management Consulting competence team at our Rhine\/Main location:<\/strong><\/p>\n<p><strong>You can expect playing a crucial role in fascinating projects by:<\/strong><\/p>\n<ul>\n<li>Supporting project leads steering complex projects<\/li>\n<li>Taking responsibility for deliverables and deadlines<\/li>\n<li>Independent processing of sub-project topics<\/li>\n<li>Analyzing and presenting of solutions for functional areas<\/li>\n<li>Developing, discussing and presenting work results<\/li>\n<li>Co-organisation of reporting to senior management<\/li>\n<li>Developing innovative and sustainable solution concepts<\/li>\n<\/ul>\n<p><strong>You are characterised by proven qualifications and a high degree of flexibility:<\/strong><\/p>\n<ul>\n<li>Above-average degree in computer science or business informatics<\/li>\n<li>A high degree of flexibility and willingness to travel<\/li>\n<li>Constant willingness to learn, analytical thinking and a structured approach<\/li>\n<li>Willingness to take on responsibility and work independently<\/li>\n<li>Strong customer and team orientation and communication skills<\/li>\n<li>Business fluent in German and English<\/li>\n<\/ul>\n<p>In addition to a future-orientated workplace in a pleasant, collegial atmosphere, we offer you a promising, international working environment. Projects with customers from various industries await you here, which you will develop very quickly with our support. We have flat hierarchies and a principle of openness. Another plus point: thanks to targeted training and the dynamism of an exclusive consultancy, we will help you take a big step forward in your professional and personal development!<\/p>\n<p><strong>Are you interested? We look forward to receiving your application:<\/strong>\u00a0<a href=\"mailto:hr@vineyard-mc.com\">Contact<\/a>.<br \/>\nYour contact person is Mr Alexander Haasper.<\/p>\n<p>Are you a graduate, and your professional exams are approaching?<br \/>\nYou are welcome to join us as part of an internship - get in touch with us as soon as possible:\u00a0<a href=\"mailto:hr@vineyard-mc.com\">Contact<\/a>.<\/div><\/div><\/div><\/div>\n\t\t\t\t\t<\/li><li class=\"pane-wrapper\" style=\"\">\n\t\t\t\t\t<h4 class=\"tab\"><div class=\"inner\">Associate (m\/w) @ Vineyard MC<\/div><\/h4>\n\t\t\t\t\t<div class=\"pane\"><div class=\"inner\"><div class=\"row\"><div class=\"wpv-grid grid-1-1  first unextended\" style=\"padding-top:0px;padding-bottom:0px\" id=\"wpv-column-2b1a7ef534f57f387a2071b66fc073b7\" ><p><strong>To strengthen our consulting network, we are looking for experienced management consultants who would like to work with us as associates in our network.<\/strong><\/p>\n<p><strong>We expect from you:<\/strong><\/p>\n<ul>\n<li>Institutionalised activity as a freelance management consultant (GmbH etc.)<\/li>\n<li>Proven professional or project experience in the consulting business in IT, complexity, transition, change, people and\/or project management<\/li>\n<li>Resilient and attractive customer contacts<\/li>\n<li>Ability to work in a team and flexibility<\/li>\n<li>Convincing demeanour, a strong sense of networking and enjoyment of customer-oriented work<\/li>\n<li>Very good written and spoken English, ideally also in an additional foreign language<\/li>\n<\/ul>\n<p><strong>We offer you:<\/strong><\/p>\n<ul>\n<li>\n<div>A qualified network of consultants and consulting expertise<\/div>\n<\/li>\n<li>Exciting, varied projects and customer contacts<\/li>\n<li>\n<div>Professional sales and marketing platform and established infrastructure<\/div>\n<\/li>\n<li>\n<div>Excellent personal and professional development opportunities<\/div>\n<\/li>\n<li>\n<div>A value-orientated corporate culture and a pleasant working atmosphere<\/div>\n<\/li>\n<\/ul>\n<p>Have we piqued your interest? Do you feel challenged? Then please send your detailed application documents by email to\u00a0<a href=\"mailto:hr@vineyard-mc.com?subject=Bewerbung%20auf%20Ihre%20Stellenanzeige%20%22UnternehmensberaterIn%20f%C3%BCr%20den%20Standort%20Hofheim%20am%20Taunus%22%20bei%20XING%20%5B002151762%20%2F%20VMC_2012003%5D\">hr@vineyard-mc.com<\/a>. Your contact person is Mr Alexander Haasper.<\/p>\n<p><strong>We look forward to getting to know you!<\/strong><\/div><\/div><\/div><\/div>\n\t\t\t\t\t<\/li><\/ul><style>.wpv-accordion-1 .tab .inner { background-color: #CCA876; color: #EDEDED; }<\/style><\/div><\/div>\n<div class=\"wpv-grid grid-1-2  unextended\" style=\"padding-top:0px;padding-bottom:0px\" id=\"wpv-column-343ee2b9921f9e87575aeef9767a8786\" ><p>As a young, dynamic consulting company for the realisation of change, Vineyard Management Consulting GmbH primarily advises financial service providers, telecommunications companies and IT providers throughout Europe. The trust placed in us by our clients is confirmed time and again by our steady growth.<\/p>\n<p><strong>We are looking for outstanding personalities to strengthen our consulting teams.<\/strong><br \/>\nWe offer our employees and associates interesting and varied projects in challenging working environments. Personal room for manoeuvre and cooperation with experienced and successful colleagues guarantee excellent personal and professional development opportunities.<\/p>\n<p><strong>We look forward to receiving your application!<\/strong><\/div><\/div><\/div><\/div>\n<div class=\"push\" style='height:30px'><\/div>\n<div class=\"row\"><div class=\"wpv-grid grid-1-1  wpv-first-level first has-background extended\" style=\"background-color:#EFEFEF;padding-top:20px;padding-bottom:0px\" id=\"wpv-column-d21983e5d8a010416de03c39d6dc6228\" ><div class=\"extended-column-inner\"><style>#wpv-column-d21983e5d8a010416de03c39d6dc6228 p,#wpv-column-d21983e5d8a010416de03c39d6dc6228 em,#wpv-column-d21983e5d8a010416de03c39d6dc6228 .column-title,#wpv-column-d21983e5d8a010416de03c39d6dc6228 .sep-text h2.regular-title-wrapper,#wpv-column-d21983e5d8a010416de03c39d6dc6228 .text-divider-double,#wpv-column-d21983e5d8a010416de03c39d6dc6228 .sep-text .sep-text-line,#wpv-column-d21983e5d8a010416de03c39d6dc6228 .sep,#wpv-column-d21983e5d8a010416de03c39d6dc6228 .sep-2,#wpv-column-d21983e5d8a010416de03c39d6dc6228 .sep-3,#wpv-column-d21983e5d8a010416de03c39d6dc6228 td,#wpv-column-d21983e5d8a010416de03c39d6dc6228 th,#wpv-column-d21983e5d8a010416de03c39d6dc6228 caption{color:#6f6f6f;}#wpv-column-d21983e5d8a010416de03c39d6dc6228:before{background-color:transparent;}<\/style>\t\t<div class=\"sep-text single centered\">\n\t\t\t\t\t\t\t<span class=\"sep-text-before\"><div class=\"sep-text-line\"><\/div><\/span>\n\t\t\t\t\t\t<div class=\"content\">\n\t\t\t\t<h2 class=\"text-divider-double\">\nYou have questions about cooperation or collaboration?<\/h2>\t\t\t<\/div>\n\t\t\t<span class=\"sep-text-after\"><div class=\"sep-text-line\"><\/div><\/span>\n\t\t\t\t\t<\/div>\n\t\n<div class=\"row\"><div class=\"wpv-grid grid-1-1  first unextended\" style=\"padding-top:0px;padding-bottom:0px\" id=\"wpv-column-bd719661d89e267b2a9d6c39e5ebc0cf\" ><div class=\"push\" style='height:10px'><\/div><\/div><\/div>\n<div class=\"row\"><div class=\"wpv-grid grid-1-1  first unextended\" style=\"padding-top:0px;padding-bottom:0px\" id=\"wpv-column-b095b3f24e79382cfd82f5ddf4dab87e\" ><p>\n<div class=\"wpcf7 no-js\" id=\"wpcf7-f10-o1\" lang=\"en-US\" dir=\"ltr\" data-wpcf7-id=\"10\">\n<div class=\"screen-reader-response\"><p role=\"status\" aria-live=\"polite\" aria-atomic=\"true\"><\/p> <ul><\/ul><\/div>\n<form action=\"\/en\/wp-json\/wp\/v2\/pages\/988129#wpcf7-f10-o1\" method=\"post\" class=\"wpcf7-form init\" aria-label=\"Contact form\" novalidate=\"novalidate\" data-status=\"init\" data-trp-original-action=\"\/en\/wp-json\/wp\/v2\/pages\/988129#wpcf7-f10-o1\">\n<fieldset class=\"hidden-fields-container\"><input type=\"hidden\" name=\"_wpcf7\" value=\"10\" \/><input type=\"hidden\" name=\"_wpcf7_version\" value=\"6.1.5\" \/><input type=\"hidden\" name=\"_wpcf7_locale\" value=\"en_US\" \/><input type=\"hidden\" name=\"_wpcf7_unit_tag\" value=\"wpcf7-f10-o1\" \/><input type=\"hidden\" name=\"_wpcf7_container_post\" value=\"0\" \/><input type=\"hidden\" name=\"_wpcf7_posted_data_hash\" value=\"\" \/>\n<\/fieldset>\n<div class=\"row\">\n\t<div class=\"grid-1-3\">\n\t\t<p><span class=\"wpcf7-form-control-wrap\" data-name=\"Name\"><input size=\"40\" maxlength=\"400\" class=\"wpcf7-form-control wpcf7-text wpcf7-validates-as-required\" aria-required=\"true\" aria-invalid=\"false\" value=\"Ihr Name \/ Your name\" type=\"text\" name=\"Name\" \/><\/span>\n\t\t<\/p>\n\t<\/div>\n\t<div class=\"grid-1-3\">\n\t\t<p><span class=\"wpcf7-form-control-wrap\" data-name=\"E-mail\"><input size=\"40\" maxlength=\"400\" class=\"wpcf7-form-control wpcf7-text wpcf7-validates-as-required\" aria-required=\"true\" aria-invalid=\"false\" value=\"E-Mail \/ email\" type=\"text\" name=\"E-mail\" \/><\/span>\n\t\t<\/p>\n\t<\/div>\n\t<div class=\"grid-1-3\">\n\t\t<p><span class=\"wpcf7-form-control-wrap\" data-name=\"Phone\"><input size=\"40\" maxlength=\"400\" class=\"wpcf7-form-control wpcf7-text\" aria-invalid=\"false\" value=\"Telefon \/ Phone\" type=\"text\" name=\"Phone\" \/><\/span>\n\t\t<\/p>\n\t<\/div>\n\t<div class=\"grid-1-1\">\n\t\t<p><span class=\"wpcf7-form-control-wrap\" data-name=\"Subject\"><input size=\"40\" maxlength=\"400\" class=\"wpcf7-form-control wpcf7-text wpcf7-validates-as-required\" aria-required=\"true\" aria-invalid=\"false\" value=\"Ihr Thema \/ Subject\" type=\"text\" name=\"Subject\" \/><\/span>\n\t\t<\/p>\n\t<\/div>\n\t<div class=\"grid-1-1\">\n\t\t<p><span class=\"wpcf7-form-control-wrap\" data-name=\"Message\"><textarea cols=\"40\" rows=\"10\" maxlength=\"2000\" class=\"wpcf7-form-control wpcf7-textarea wpcf7-validates-as-required\" aria-required=\"true\" aria-invalid=\"false\" name=\"Message\">Ihre Nachricht... \/ Your message...<\/textarea><\/span>\n\t\t<\/p>\n\t<\/div>\n\t<div style= \"text-align: center;\">\n\t\t<p><input class=\"wpcf7-form-control wpcf7-submit has-spinner\" type=\"submit\" value=\"Absenden \/ Send \u2192\" \/>\n\t\t<\/p>\n\t<\/div>\n<\/div><div class=\"wpcf7-response-output\" aria-hidden=\"true\"><\/div>\n<input type=\"hidden\" name=\"trp-form-language\" value=\"en\"\/><\/form>\n<\/div>\n<\/div><\/div>\n<div class=\"push\" style='height:30px'><\/div><\/div><\/div><\/div>","protected":false},"excerpt":{"rendered":"<p>Als junges, dynamisches Beratungsunternehmen f\u00fcr die Realisierung von Ver\u00e4nderungen ber\u00e4t die Vineyard Management Consulting GmbH vorrangig Finanzdienstleister und Telekommunikationsunternehmen sowie IT-Provider in ganz Europa. Das von unseren Kunden in uns gelegte Vertrauen best\u00e4tigt sich immer wieder durch unser stetiges Wachstum. Zur Verst\u00e4rung unserer Beratungsteams suchen wir herausragende Pers\u00f6nlichkeiten. Unseren Mitarbeitern und Associates bieten wir\u00a0interessante und&#8230;<\/p>","protected":false},"author":2,"featured_media":0,"parent":0,"menu_order":18,"comment_status":"closed","ping_status":"closed","template":"","meta":{"footnotes":""},"class_list":["post-988129","page","type-page","status-publish","hentry"],"yoast_head":"<!-- This site is optimized with the Yoast SEO plugin v27.4 - https:\/\/yoast.com\/product\/yoast-seo-wordpress\/ -->\n<title>Karriere - Vineyard Management Consulting GmbH<\/title>\n<meta name=\"robots\" content=\"index, follow, max-snippet:-1, max-image-preview:large, max-video-preview:-1\" \/>\n<link rel=\"canonical\" href=\"https:\/\/vineyard-mc.com\/en\/karriere\/\" \/>\n<meta property=\"og:locale\" content=\"en_GB\" \/>\n<meta property=\"og:type\" content=\"article\" \/>\n<meta property=\"og:title\" content=\"Karriere - Vineyard Management Consulting GmbH\" \/>\n<meta property=\"og:description\" content=\"Als junges, dynamisches Beratungsunternehmen f\u00fcr die Realisierung von Ver\u00e4nderungen ber\u00e4t die Vineyard Management Consulting GmbH vorrangig Finanzdienstleister und Telekommunikationsunternehmen sowie IT-Provider in ganz Europa. Das von unseren Kunden in uns gelegte Vertrauen best\u00e4tigt sich immer wieder durch unser stetiges Wachstum. Zur Verst\u00e4rung unserer Beratungsteams suchen wir herausragende Pers\u00f6nlichkeiten. Unseren Mitarbeitern und Associates bieten wir\u00a0interessante und...\" \/>\n<meta property=\"og:url\" content=\"https:\/\/vineyard-mc.com\/en\/karriere\/\" \/>\n<meta property=\"og:site_name\" content=\"Vineyard Management Consulting GmbH\" \/>\n<meta property=\"article:modified_time\" content=\"2024-01-11T11:55:10+00:00\" \/>\n<meta name=\"twitter:card\" content=\"summary_large_image\" \/>\n<meta name=\"twitter:label1\" content=\"Estimated reading time\" \/>\n\t<meta name=\"twitter:data1\" content=\"4 minutes\" \/>\n<script type=\"application\/ld+json\" class=\"yoast-schema-graph\">{\"@context\":\"https:\\\/\\\/schema.org\",\"@graph\":[{\"@type\":\"WebPage\",\"@id\":\"https:\\\/\\\/vineyard-mc.com\\\/de_de\\\/karriere\\\/\",\"url\":\"https:\\\/\\\/vineyard-mc.com\\\/de_de\\\/karriere\\\/\",\"name\":\"Karriere - Vineyard Management Consulting GmbH\",\"isPartOf\":{\"@id\":\"https:\\\/\\\/vineyard-mc.com\\\/#website\"},\"datePublished\":\"2021-03-27T15:59:16+00:00\",\"dateModified\":\"2024-01-11T11:55:10+00:00\",\"breadcrumb\":{\"@id\":\"https:\\\/\\\/vineyard-mc.com\\\/de_de\\\/karriere\\\/#breadcrumb\"},\"inLanguage\":\"en-GB\",\"potentialAction\":[{\"@type\":\"ReadAction\",\"target\":[\"https:\\\/\\\/vineyard-mc.com\\\/de_de\\\/karriere\\\/\"]}]},{\"@type\":\"BreadcrumbList\",\"@id\":\"https:\\\/\\\/vineyard-mc.com\\\/de_de\\\/karriere\\\/#breadcrumb\",\"itemListElement\":[{\"@type\":\"ListItem\",\"position\":1,\"name\":\"Startseite\",\"item\":\"https:\\\/\\\/vineyard-mc.com\\\/\"},{\"@type\":\"ListItem\",\"position\":2,\"name\":\"Karriere\"}]},{\"@type\":\"WebSite\",\"@id\":\"https:\\\/\\\/vineyard-mc.com\\\/#website\",\"url\":\"https:\\\/\\\/vineyard-mc.com\\\/\",\"name\":\"Vineyard Management Consulting GmbH\",\"description\":\"Better Ideas - Better Results\",\"publisher\":{\"@id\":\"https:\\\/\\\/vineyard-mc.com\\\/#organization\"},\"alternateName\":\"VMC GmbH\",\"potentialAction\":[{\"@type\":\"SearchAction\",\"target\":{\"@type\":\"EntryPoint\",\"urlTemplate\":\"https:\\\/\\\/vineyard-mc.com\\\/?s={search_term_string}\"},\"query-input\":{\"@type\":\"PropertyValueSpecification\",\"valueRequired\":true,\"valueName\":\"search_term_string\"}}],\"inLanguage\":\"en-GB\"},{\"@type\":\"Organization\",\"@id\":\"https:\\\/\\\/vineyard-mc.com\\\/#organization\",\"name\":\"Vineyard Management Consulting GmbH\",\"url\":\"https:\\\/\\\/vineyard-mc.com\\\/\",\"logo\":{\"@type\":\"ImageObject\",\"inLanguage\":\"en-GB\",\"@id\":\"https:\\\/\\\/vineyard-mc.com\\\/#\\\/schema\\\/logo\\\/image\\\/\",\"url\":\"https:\\\/\\\/vineyard-mc.com\\\/wp-content\\\/uploads\\\/2021\\\/03\\\/VMC-Logo_1.jpg\",\"contentUrl\":\"https:\\\/\\\/vineyard-mc.com\\\/wp-content\\\/uploads\\\/2021\\\/03\\\/VMC-Logo_1.jpg\",\"width\":506,\"height\":665,\"caption\":\"Vineyard Management Consulting GmbH\"},\"image\":{\"@id\":\"https:\\\/\\\/vineyard-mc.com\\\/#\\\/schema\\\/logo\\\/image\\\/\"},\"sameAs\":[\"https:\\\/\\\/de.linkedin.com\\\/company\\\/vineyard-management-consulting-gmbh\"]}]}<\/script>\n<!-- \/ Yoast SEO plugin. -->","yoast_head_json":{"title":"Karriere - Vineyard Management Consulting GmbH","robots":{"index":"index","follow":"follow","max-snippet":"max-snippet:-1","max-image-preview":"max-image-preview:large","max-video-preview":"max-video-preview:-1"},"canonical":"https:\/\/vineyard-mc.com\/en\/karriere\/","og_locale":"en_GB","og_type":"article","og_title":"Karriere - Vineyard Management Consulting GmbH","og_description":"Als junges, dynamisches Beratungsunternehmen f\u00fcr die Realisierung von Ver\u00e4nderungen ber\u00e4t die Vineyard Management Consulting GmbH vorrangig Finanzdienstleister und Telekommunikationsunternehmen sowie IT-Provider in ganz Europa. Das von unseren Kunden in uns gelegte Vertrauen best\u00e4tigt sich immer wieder durch unser stetiges Wachstum. Zur Verst\u00e4rung unserer Beratungsteams suchen wir herausragende Pers\u00f6nlichkeiten. Unseren Mitarbeitern und Associates bieten wir\u00a0interessante und...","og_url":"https:\/\/vineyard-mc.com\/en\/karriere\/","og_site_name":"Vineyard Management Consulting GmbH","article_modified_time":"2024-01-11T11:55:10+00:00","twitter_card":"summary_large_image","twitter_misc":{"Estimated reading time":"4 minutes"},"schema":{"@context":"https:\/\/schema.org","@graph":[{"@type":"WebPage","@id":"https:\/\/vineyard-mc.com\/de_de\/karriere\/","url":"https:\/\/vineyard-mc.com\/de_de\/karriere\/","name":"Karriere - Vineyard Management Consulting GmbH","isPartOf":{"@id":"https:\/\/vineyard-mc.com\/#website"},"datePublished":"2021-03-27T15:59:16+00:00","dateModified":"2024-01-11T11:55:10+00:00","breadcrumb":{"@id":"https:\/\/vineyard-mc.com\/de_de\/karriere\/#breadcrumb"},"inLanguage":"en-GB","potentialAction":[{"@type":"ReadAction","target":["https:\/\/vineyard-mc.com\/de_de\/karriere\/"]}]},{"@type":"BreadcrumbList","@id":"https:\/\/vineyard-mc.com\/de_de\/karriere\/#breadcrumb","itemListElement":[{"@type":"ListItem","position":1,"name":"Startseite","item":"https:\/\/vineyard-mc.com\/"},{"@type":"ListItem","position":2,"name":"Karriere"}]},{"@type":"WebSite","@id":"https:\/\/vineyard-mc.com\/#website","url":"https:\/\/vineyard-mc.com\/","name":"Vineyard Management Consulting GmbH","description":"Better Ideas - Better Results","publisher":{"@id":"https:\/\/vineyard-mc.com\/#organization"},"alternateName":"VMC GmbH","potentialAction":[{"@type":"SearchAction","target":{"@type":"EntryPoint","urlTemplate":"https:\/\/vineyard-mc.com\/?s={search_term_string}"},"query-input":{"@type":"PropertyValueSpecification","valueRequired":true,"valueName":"search_term_string"}}],"inLanguage":"en-GB"},{"@type":"Organization","@id":"https:\/\/vineyard-mc.com\/#organization","name":"Vineyard Management Consulting GmbH","url":"https:\/\/vineyard-mc.com\/","logo":{"@type":"ImageObject","inLanguage":"en-GB","@id":"https:\/\/vineyard-mc.com\/#\/schema\/logo\/image\/","url":"https:\/\/vineyard-mc.com\/wp-content\/uploads\/2021\/03\/VMC-Logo_1.jpg","contentUrl":"https:\/\/vineyard-mc.com\/wp-content\/uploads\/2021\/03\/VMC-Logo_1.jpg","width":506,"height":665,"caption":"Vineyard Management Consulting GmbH"},"image":{"@id":"https:\/\/vineyard-mc.com\/#\/schema\/logo\/image\/"},"sameAs":["https:\/\/de.linkedin.com\/company\/vineyard-management-consulting-gmbh"]}]}},"_links":{"self":[{"href":"https:\/\/vineyard-mc.com\/en\/wp-json\/wp\/v2\/pages\/988129","targetHints":{"allow":["GET"]}}],"collection":[{"href":"https:\/\/vineyard-mc.com\/en\/wp-json\/wp\/v2\/pages"}],"about":[{"href":"https:\/\/vineyard-mc.com\/en\/wp-json\/wp\/v2\/types\/page"}],"author":[{"embeddable":true,"href":"https:\/\/vineyard-mc.com\/en\/wp-json\/wp\/v2\/users\/2"}],"replies":[{"embeddable":true,"href":"https:\/\/vineyard-mc.com\/en\/wp-json\/wp\/v2\/comments?post=988129"}],"version-history":[{"count":7,"href":"https:\/\/vineyard-mc.com\/en\/wp-json\/wp\/v2\/pages\/988129\/revisions"}],"predecessor-version":[{"id":988556,"href":"https:\/\/vineyard-mc.com\/en\/wp-json\/wp\/v2\/pages\/988129\/revisions\/988556"}],"wp:attachment":[{"href":"https:\/\/vineyard-mc.com\/en\/wp-json\/wp\/v2\/media?parent=988129"}],"curies":[{"name":"wp","href":"https:\/\/api.w.org\/{rel}","templated":true}]}}