{"id":988177,"date":"2021-03-27T18:15:48","date_gmt":"2021-03-27T17:15:48","guid":{"rendered":"https:\/\/vineyard-mc.com\/?page_id=988177"},"modified":"2024-04-22T14:22:57","modified_gmt":"2024-04-22T12:22:57","slug":"neuigkeiten","status":"publish","type":"page","link":"https:\/\/vineyard-mc.com\/en\/aktuelles\/neuigkeiten\/","title":{"rendered":"News"},"content":{"rendered":"<div class=\"row\"><div class=\"wpv-grid grid-1-1  wpv-first-level first unextended\" style=\"padding-top:0px;padding-bottom:0px\" id=\"wpv-column-846f1f2d587c1fae18c1bfc569cb80c7\" ><div class=\"loop-wrapper clearfix regular normal paginated\" data-columns=\"1\"  >\n\t\t<div class=\"page-content post-header clearfix list-item post-1470 post type-post status-publish format-standard hentry category-news\" >\n\t\t\t<div>\n\t\t\t\t<div class=\"post-article no-image-wrapper\">\n\t<div class=\"standard-post-format clearfix as-normal as-standard-post-format\">\n\t\t<div class=\"post-row\">\n\t<div class=\"post-row-left\">\n\t\n<div class=\"post-date\">\n\t<time class=\"date updated\" datetime=\"2020-07-31T19:26:42+02:00\">\n\t\t\t\t\t<span class=\"top-part\">\n\t\t\t\t31\t\t\t<\/span>\n\t\t\t<span class=\"bottom-part\">\n\t\t\t\t07 '20\t\t\t<\/span>\n\t\t\t<\/time>\n<\/div><\/div>\n\t<div class=\"post-row-center\">\n\t\t\t\t<div class=\"post-content-outer\">\n\t\t\t\t\t<header class=\"single\">\n\t\t\t<div class=\"content\">\n\t\t\t\t\t\t\t\t<h3>\n\t\t\t\t\t<a href=\"https:\/\/vineyard-mc.com\/en\/vineyard-seit-10-jahren-als-managementberatung-erfolgreich\/\" title=\"Vineyard has been a successful management consultancy for 10 years!\" class=\"entry-title\">Vineyard has been a successful management consultancy for 10 years!<\/a>\n\t\t\t\t<\/h3>\n\t\t\t<\/div>\n\t\t<\/header>\n\t<div class=\"post-content the-content\">\n\t<p>We are delighted to have been successfully operating in the market as a management consultancy for exactly 10 years this month. We would like to thank everyone for the time, trust and what we have achieved together with our clients, employees and business partners!\n\nJust as when we started out during the fading financial crisis, there are now completely new challenges for all of us in corona times. In this regard, it is important to look ahead positively together! With the appropriate openness and willingness for change, new opportunities will arise. From our point of view, it's all the more important to shape the future of our customers in companies in a sustainable and value-adding way with energy and flexibility as well as skill and appreciation.\n\nThe important thing is not to predict the future,\nbut to be prepared for the future. - Pericles -<\/p>\n<\/div><div class=\"post-meta\">\n\t<nav class=\"clearfix\">\n\t\t\n\t\t\t\t\t\t\t\t\t\t<\/nav>\n<\/div>\t\t<\/div>\n\t<\/div>\n<\/div>\t<\/div>\n<\/div>\n\t\t\t<\/div>\n\t\t<\/div>\n\t\t<div class=\"page-content post-header clearfix list-item post-1129 post type-post status-publish format-standard hentry category-news\" >\n\t\t\t<div>\n\t\t\t\t<div class=\"post-article no-image-wrapper\">\n\t<div class=\"standard-post-format clearfix as-normal as-standard-post-format\">\n\t\t<div class=\"post-row\">\n\t<div class=\"post-row-left\">\n\t\n<div class=\"post-date\">\n\t<time class=\"date updated\" datetime=\"2019-01-02T11:21:30+01:00\">\n\t\t\t\t\t<span class=\"top-part\">\n\t\t\t\t02\t\t\t<\/span>\n\t\t\t<span class=\"bottom-part\">\n\t\t\t\t01 '19\t\t\t<\/span>\n\t\t\t<\/time>\n<\/div><\/div>\n\t<div class=\"post-row-center\">\n\t\t\t\t<div class=\"post-content-outer\">\n\t\t\t\t\t<header class=\"single\">\n\t\t\t<div class=\"content\">\n\t\t\t\t\t\t\t\t<h3>\n\t\t\t\t\t<a href=\"https:\/\/vineyard-mc.com\/en\/consultant-mw-vineyard-mc\/\" title=\"Consultant (m\/w) @ Vineyard MC\" class=\"entry-title\">Consultant (m\/w) @ Vineyard MC<\/a>\n\t\t\t\t<\/h3>\n\t\t\t<\/div>\n\t\t<\/header>\n\t<div class=\"post-content the-content\">\n\t<p>Consultant (m\/f) @ Vineyard MC\n\nBased on our many years of customer and solution-oriented consulting expertise, we support well-known international clients in the implementation of their change projects and IT initiatives. We provide our consulting services, for example, in the context of business transformations, regulatory requirements and the management of processes and IT topics.\n\nWe are looking for committed and flexible reinforcement for our Management Consulting competence team at our Rhine\/Main location:\n\nExciting tasks await you:\n\nSupporting our project managers in the management of complex projects\nTaking responsibility for meeting results and deadlines\nIndependent processing of sub-project topics\nAnalysis and preparation of technical problems\nDevelopment, discussion and presentation of work results\nHelping to shape reporting to senior management\nDevelopment of innovative and sustainable solution concepts\n\nYou are characterized by proven qualifications and a high degree of flexibility:\n\nAbove-average degree in computer science or business informatics\nHigh degree of flexibility and willingness to travel\nConstant willingness to learn, analytical thinking and a structured approach\nWillingness to take on responsibility and work independently\nStrong customer and team orientation and communication skills\nBusiness fluent in German and English.\nIn addition to a future-oriented workplace in a pleasant, collegial atmosphere, we offer you a promising, international working environment. Projects with customers from various industries await you here, in which you will develop very quickly with our support. We have flat hierarchies and a principle of openness. Another plus point: thanks to targeted training and the dynamism of an exclusive consulting company, we will take you a big step forward in your professional and personal development!\n\nAre you interested? We look forward to receiving your application: Contact.\nYour contact person is Mr. Alexander Haasper.\n\nAre you a graduate and your professional exams are approaching?\nYou are also welcome to start an internship with us - contact us as soon as possible: Contact.<\/p>\n<\/div><div class=\"post-meta\">\n\t<nav class=\"clearfix\">\n\t\t\n\t\t\t\t\t\t\t\t\t\t<\/nav>\n<\/div>\t\t<\/div>\n\t<\/div>\n<\/div>\t<\/div>\n<\/div>\n\t\t\t<\/div>\n\t\t<\/div>\n\t\t<div class=\"page-content post-header clearfix list-item post-690 post type-post status-publish format-standard hentry category-news\" >\n\t\t\t<div>\n\t\t\t\t<div class=\"post-article no-image-wrapper\">\n\t<div class=\"standard-post-format clearfix as-normal as-standard-post-format\">\n\t\t<div class=\"post-row\">\n\t<div class=\"post-row-left\">\n\t\n<div class=\"post-date\">\n\t<time class=\"date updated\" datetime=\"2012-06-25T15:24:41+02:00\">\n\t\t\t\t\t<span class=\"top-part\">\n\t\t\t\t25\t\t\t<\/span>\n\t\t\t<span class=\"bottom-part\">\n\t\t\t\t06 '12\t\t\t<\/span>\n\t\t\t<\/time>\n<\/div><\/div>\n\t<div class=\"post-row-center\">\n\t\t\t\t<div class=\"post-content-outer\">\n\t\t\t\t\t<header class=\"single\">\n\t\t\t<div class=\"content\">\n\t\t\t\t\t\t\t\t<h3>\n\t\t\t\t\t<a href=\"https:\/\/vineyard-mc.com\/en\/erweiterung-unserer-netzwerkpartner\/\" title=\"Expansion of our network partners\" class=\"entry-title\">Expansion of our network partners<\/a>\n\t\t\t\t<\/h3>\n\t\t\t<\/div>\n\t\t<\/header>\n\t<div class=\"post-content the-content\">\n\t<p>In recent months, further opportunities for cooperation have arisen for our consulting portfolio. In addition to BECN AG, with whom we have been supporting our clients' change projects in the areas of transition and change management as a network partner since 2007, and Anyhwere.24 GmbH, a specialist for targeted process improvements based on the proven SCAMPISM class A\/B\/C evaluation methods for CMMI\u00ae or SPICE\u00ae (ISO15504\/12207\/AutomotiveSpice), we have entered into a partnership with...<\/p>\n<\/div><div class=\"post-meta\">\n\t<nav class=\"clearfix\">\n\t\t\n\t\t\t\t\t\t\t\t\t\t<\/nav>\n<\/div>\t\t<\/div>\n\t<\/div>\n<\/div>\t<\/div>\n<\/div>\n\t\t\t<\/div>\n\t\t<\/div>\n\t\t<div class=\"page-content post-header clearfix list-item post-987764 post type-post status-publish format-standard hentry category-news\" >\n\t\t\t<div>\n\t\t\t\t<div class=\"post-article no-image-wrapper\">\n\t<div class=\"standard-post-format clearfix as-normal as-standard-post-format\">\n\t\t<div class=\"post-row\">\n\t<div class=\"post-row-left\">\n\t\n<div class=\"post-date\">\n\t<time class=\"date updated\" datetime=\"2012-05-24T18:18:46+02:00\">\n\t\t\t\t\t<span class=\"top-part\">\n\t\t\t\t24\t\t\t<\/span>\n\t\t\t<span class=\"bottom-part\">\n\t\t\t\t05 '12\t\t\t<\/span>\n\t\t\t<\/time>\n<\/div><\/div>\n\t<div class=\"post-row-center\">\n\t\t\t\t<div class=\"post-content-outer\">\n\t\t\t\t\t<header class=\"single\">\n\t\t\t<div class=\"content\">\n\t\t\t\t\t\t\t\t<h3>\n\t\t\t\t\t<a href=\"https:\/\/vineyard-mc.com\/en\/wir-suchen-unternehmensberaterinnen\/\" title=\"We are looking for Management Consultants\" class=\"entry-title\">We are looking for Management Consultants<\/a>\n\t\t\t\t<\/h3>\n\t\t\t<\/div>\n\t\t<\/header>\n\t<div class=\"post-content the-content\">\n\t<p>Vineyard Management Consulting GmbH is a young, dynamic consulting company for the implementation of change, primarily advising financial service providers, telecommunications companies and IT providers throughout Europe. The trust placed in us by our clients is confirmed time and again by our steady growth. We are looking for outstanding personalities to strengthen our consulting teams. We offer our employees interesting and varied opportunities.<\/p>\n<\/div><div class=\"post-meta\">\n\t<nav class=\"clearfix\">\n\t\t\n\t\t\t\t\t\t\t\t\t\t<\/nav>\n<\/div>\t\t<\/div>\n\t<\/div>\n<\/div>\t<\/div>\n<\/div>\n\t\t\t<\/div>\n\t\t<\/div>\n\t\t<div class=\"page-content post-header clearfix list-item post-100 post type-post status-publish format-standard has-post-thumbnail hentry category-news\" >\n\t\t\t<div>\n\t\t\t\t<div class=\"post-article no-image-wrapper\">\n\t<div class=\"standard-post-format clearfix as-normal as-standard-post-format\">\n\t\t<div class=\"post-row\">\n\t<div class=\"post-row-left\">\n\t\n<div class=\"post-date\">\n\t<time class=\"date updated\" datetime=\"2010-07-15T02:05:57+02:00\">\n\t\t\t\t\t<span class=\"top-part\">\n\t\t\t\t15\t\t\t<\/span>\n\t\t\t<span class=\"bottom-part\">\n\t\t\t\t07 '10\t\t\t<\/span>\n\t\t\t<\/time>\n<\/div><\/div>\n\t<div class=\"post-row-center\">\n\t\t\t\t<div class=\"post-content-outer\">\n\t\t\t\t\t<header class=\"single\">\n\t\t\t<div class=\"content\">\n\t\t\t\t\t\t\t\t<h3>\n\t\t\t\t\t<a href=\"https:\/\/vineyard-mc.com\/en\/neue-adresse-der-vineyard-mc\/\" title=\"Foundation of Vineyard MC GmbH\" class=\"entry-title\">Foundation of Vineyard MC GmbH<\/a>\n\t\t\t\t<\/h3>\n\t\t\t<\/div>\n\t\t<\/header>\n\t<div class=\"post-content the-content\">\n\t<p>After its foundation on July 1, 2010 Vineyard Management Consulting GmbH has been started first project work in its new office within an authentic, half-timbered\u00a0house\u00a0in Hofheim am Taunus.\n\nAddress:\nVineyard Management Consulting GmbH\nHerrnh\u00e4userstra\u00dfe 3\n65719 Hofheim am Taunus\nGermany<\/p>\n<\/div><div class=\"post-meta\">\n\t<nav class=\"clearfix\">\n\t\t\n\t\t\t\t\t\t\t\t\t\t<\/nav>\n<\/div>\t\t<\/div>\n\t<\/div>\n<\/div>\t<\/div>\n<\/div>\n\t\t\t<\/div>\n\t\t<\/div>\n<\/div>\n\n<\/div><\/div>","protected":false},"excerpt":{"rendered":"<p>After its foundation on July 1, 2010 Vineyard Management Consulting GmbH has been started first project work in its new office within an authentic, half-timbered\u00a0house\u00a0in Hofheim am Taunus.\n\nAddress:\nVineyard Management Consulting GmbH\nHerrnh\u00e4userstra\u00dfe 3\n65719 Hofheim am Taunus\nGermany<\/p>","protected":false},"author":2,"featured_media":0,"parent":277,"menu_order":15,"comment_status":"closed","ping_status":"closed","template":"","meta":{"footnotes":""},"class_list":["post-988177","page","type-page","status-publish","hentry"],"yoast_head":"<!-- This site is optimized with the Yoast SEO plugin v27.4 - https:\/\/yoast.com\/product\/yoast-seo-wordpress\/ -->\n<title>Neuigkeiten - Vineyard Management Consulting GmbH<\/title>\n<meta name=\"robots\" content=\"index, follow, max-snippet:-1, max-image-preview:large, max-video-preview:-1\" \/>\n<link rel=\"canonical\" href=\"https:\/\/vineyard-mc.com\/en\/aktuelles\/neuigkeiten\/\" \/>\n<meta property=\"og:locale\" content=\"en_GB\" \/>\n<meta property=\"og:type\" content=\"article\" \/>\n<meta property=\"og:title\" content=\"Neuigkeiten - Vineyard Management Consulting GmbH\" \/>\n<meta property=\"og:description\" content=\"Die Vineyard Management Consulting GmbH hat nach ihrer Gr\u00fcndung am 1. Juli 2010 die Arbeit f\u00fcr die ersten Projekte bereits aufgenommen &#8211; und ihr B\u00fcro in einem urigen Fachwerkhaus in Hofheim am Taunus bezogen. Adresse: Vineyard Management Consulting GmbH Herrnh\u00e4userstra\u00dfe 3 65719 Hofheim am Taunus After its foundation on July 1, 2010 Vineyard Management Consulting...\" \/>\n<meta property=\"og:url\" content=\"https:\/\/vineyard-mc.com\/en\/aktuelles\/neuigkeiten\/\" \/>\n<meta property=\"og:site_name\" content=\"Vineyard Management Consulting GmbH\" \/>\n<meta property=\"article:modified_time\" content=\"2024-04-22T12:22:57+00:00\" \/>\n<meta name=\"twitter:card\" content=\"summary_large_image\" \/>\n<meta name=\"twitter:label1\" content=\"Estimated reading time\" \/>\n\t<meta name=\"twitter:data1\" content=\"1 minute\" \/>\n<script type=\"application\/ld+json\" class=\"yoast-schema-graph\">{\"@context\":\"https:\\\/\\\/schema.org\",\"@graph\":[{\"@type\":\"WebPage\",\"@id\":\"https:\\\/\\\/vineyard-mc.com\\\/de_de\\\/aktuelles\\\/neuigkeiten\\\/\",\"url\":\"https:\\\/\\\/vineyard-mc.com\\\/de_de\\\/aktuelles\\\/neuigkeiten\\\/\",\"name\":\"Neuigkeiten - Vineyard Management Consulting GmbH\",\"isPartOf\":{\"@id\":\"https:\\\/\\\/vineyard-mc.com\\\/#website\"},\"datePublished\":\"2021-03-27T17:15:48+00:00\",\"dateModified\":\"2024-04-22T12:22:57+00:00\",\"breadcrumb\":{\"@id\":\"https:\\\/\\\/vineyard-mc.com\\\/de_de\\\/aktuelles\\\/neuigkeiten\\\/#breadcrumb\"},\"inLanguage\":\"en-GB\",\"potentialAction\":[{\"@type\":\"ReadAction\",\"target\":[\"https:\\\/\\\/vineyard-mc.com\\\/de_de\\\/aktuelles\\\/neuigkeiten\\\/\"]}]},{\"@type\":\"BreadcrumbList\",\"@id\":\"https:\\\/\\\/vineyard-mc.com\\\/de_de\\\/aktuelles\\\/neuigkeiten\\\/#breadcrumb\",\"itemListElement\":[{\"@type\":\"ListItem\",\"position\":1,\"name\":\"Startseite\",\"item\":\"https:\\\/\\\/vineyard-mc.com\\\/\"},{\"@type\":\"ListItem\",\"position\":2,\"name\":\"Mediathek\",\"item\":\"https:\\\/\\\/vineyard-mc.com\\\/de_de\\\/aktuelles\\\/\"},{\"@type\":\"ListItem\",\"position\":3,\"name\":\"Neuigkeiten\"}]},{\"@type\":\"WebSite\",\"@id\":\"https:\\\/\\\/vineyard-mc.com\\\/#website\",\"url\":\"https:\\\/\\\/vineyard-mc.com\\\/\",\"name\":\"Vineyard Management Consulting GmbH\",\"description\":\"Better Ideas - Better Results\",\"publisher\":{\"@id\":\"https:\\\/\\\/vineyard-mc.com\\\/#organization\"},\"alternateName\":\"VMC GmbH\",\"potentialAction\":[{\"@type\":\"SearchAction\",\"target\":{\"@type\":\"EntryPoint\",\"urlTemplate\":\"https:\\\/\\\/vineyard-mc.com\\\/?s={search_term_string}\"},\"query-input\":{\"@type\":\"PropertyValueSpecification\",\"valueRequired\":true,\"valueName\":\"search_term_string\"}}],\"inLanguage\":\"en-GB\"},{\"@type\":\"Organization\",\"@id\":\"https:\\\/\\\/vineyard-mc.com\\\/#organization\",\"name\":\"Vineyard Management Consulting GmbH\",\"url\":\"https:\\\/\\\/vineyard-mc.com\\\/\",\"logo\":{\"@type\":\"ImageObject\",\"inLanguage\":\"en-GB\",\"@id\":\"https:\\\/\\\/vineyard-mc.com\\\/#\\\/schema\\\/logo\\\/image\\\/\",\"url\":\"https:\\\/\\\/vineyard-mc.com\\\/wp-content\\\/uploads\\\/2021\\\/03\\\/VMC-Logo_1.jpg\",\"contentUrl\":\"https:\\\/\\\/vineyard-mc.com\\\/wp-content\\\/uploads\\\/2021\\\/03\\\/VMC-Logo_1.jpg\",\"width\":506,\"height\":665,\"caption\":\"Vineyard Management Consulting GmbH\"},\"image\":{\"@id\":\"https:\\\/\\\/vineyard-mc.com\\\/#\\\/schema\\\/logo\\\/image\\\/\"},\"sameAs\":[\"https:\\\/\\\/de.linkedin.com\\\/company\\\/vineyard-management-consulting-gmbh\"]}]}<\/script>\n<!-- \/ Yoast SEO plugin. -->","yoast_head_json":{"title":"Neuigkeiten - Vineyard Management Consulting GmbH","robots":{"index":"index","follow":"follow","max-snippet":"max-snippet:-1","max-image-preview":"max-image-preview:large","max-video-preview":"max-video-preview:-1"},"canonical":"https:\/\/vineyard-mc.com\/en\/aktuelles\/neuigkeiten\/","og_locale":"en_GB","og_type":"article","og_title":"Neuigkeiten - Vineyard Management Consulting GmbH","og_description":"Die Vineyard Management Consulting GmbH hat nach ihrer Gr\u00fcndung am 1. Juli 2010 die Arbeit f\u00fcr die ersten Projekte bereits aufgenommen &#8211; und ihr B\u00fcro in einem urigen Fachwerkhaus in Hofheim am Taunus bezogen. Adresse: Vineyard Management Consulting GmbH Herrnh\u00e4userstra\u00dfe 3 65719 Hofheim am Taunus After its foundation on July 1, 2010 Vineyard Management Consulting...","og_url":"https:\/\/vineyard-mc.com\/en\/aktuelles\/neuigkeiten\/","og_site_name":"Vineyard Management Consulting GmbH","article_modified_time":"2024-04-22T12:22:57+00:00","twitter_card":"summary_large_image","twitter_misc":{"Estimated reading time":"1 minute"},"schema":{"@context":"https:\/\/schema.org","@graph":[{"@type":"WebPage","@id":"https:\/\/vineyard-mc.com\/de_de\/aktuelles\/neuigkeiten\/","url":"https:\/\/vineyard-mc.com\/de_de\/aktuelles\/neuigkeiten\/","name":"Neuigkeiten - Vineyard Management Consulting GmbH","isPartOf":{"@id":"https:\/\/vineyard-mc.com\/#website"},"datePublished":"2021-03-27T17:15:48+00:00","dateModified":"2024-04-22T12:22:57+00:00","breadcrumb":{"@id":"https:\/\/vineyard-mc.com\/de_de\/aktuelles\/neuigkeiten\/#breadcrumb"},"inLanguage":"en-GB","potentialAction":[{"@type":"ReadAction","target":["https:\/\/vineyard-mc.com\/de_de\/aktuelles\/neuigkeiten\/"]}]},{"@type":"BreadcrumbList","@id":"https:\/\/vineyard-mc.com\/de_de\/aktuelles\/neuigkeiten\/#breadcrumb","itemListElement":[{"@type":"ListItem","position":1,"name":"Startseite","item":"https:\/\/vineyard-mc.com\/"},{"@type":"ListItem","position":2,"name":"Mediathek","item":"https:\/\/vineyard-mc.com\/de_de\/aktuelles\/"},{"@type":"ListItem","position":3,"name":"Neuigkeiten"}]},{"@type":"WebSite","@id":"https:\/\/vineyard-mc.com\/#website","url":"https:\/\/vineyard-mc.com\/","name":"Vineyard Management Consulting GmbH","description":"Better Ideas - Better Results","publisher":{"@id":"https:\/\/vineyard-mc.com\/#organization"},"alternateName":"VMC GmbH","potentialAction":[{"@type":"SearchAction","target":{"@type":"EntryPoint","urlTemplate":"https:\/\/vineyard-mc.com\/?s={search_term_string}"},"query-input":{"@type":"PropertyValueSpecification","valueRequired":true,"valueName":"search_term_string"}}],"inLanguage":"en-GB"},{"@type":"Organization","@id":"https:\/\/vineyard-mc.com\/#organization","name":"Vineyard Management Consulting GmbH","url":"https:\/\/vineyard-mc.com\/","logo":{"@type":"ImageObject","inLanguage":"en-GB","@id":"https:\/\/vineyard-mc.com\/#\/schema\/logo\/image\/","url":"https:\/\/vineyard-mc.com\/wp-content\/uploads\/2021\/03\/VMC-Logo_1.jpg","contentUrl":"https:\/\/vineyard-mc.com\/wp-content\/uploads\/2021\/03\/VMC-Logo_1.jpg","width":506,"height":665,"caption":"Vineyard Management Consulting GmbH"},"image":{"@id":"https:\/\/vineyard-mc.com\/#\/schema\/logo\/image\/"},"sameAs":["https:\/\/de.linkedin.com\/company\/vineyard-management-consulting-gmbh"]}]}},"_links":{"self":[{"href":"https:\/\/vineyard-mc.com\/en\/wp-json\/wp\/v2\/pages\/988177","targetHints":{"allow":["GET"]}}],"collection":[{"href":"https:\/\/vineyard-mc.com\/en\/wp-json\/wp\/v2\/pages"}],"about":[{"href":"https:\/\/vineyard-mc.com\/en\/wp-json\/wp\/v2\/types\/page"}],"author":[{"embeddable":true,"href":"https:\/\/vineyard-mc.com\/en\/wp-json\/wp\/v2\/users\/2"}],"replies":[{"embeddable":true,"href":"https:\/\/vineyard-mc.com\/en\/wp-json\/wp\/v2\/comments?post=988177"}],"version-history":[{"count":4,"href":"https:\/\/vineyard-mc.com\/en\/wp-json\/wp\/v2\/pages\/988177\/revisions"}],"predecessor-version":[{"id":988788,"href":"https:\/\/vineyard-mc.com\/en\/wp-json\/wp\/v2\/pages\/988177\/revisions\/988788"}],"up":[{"embeddable":true,"href":"https:\/\/vineyard-mc.com\/en\/wp-json\/wp\/v2\/pages\/277"}],"wp:attachment":[{"href":"https:\/\/vineyard-mc.com\/en\/wp-json\/wp\/v2\/media?parent=988177"}],"curies":[{"name":"wp","href":"https:\/\/api.w.org\/{rel}","templated":true}]}}