{"id":988402,"date":"2024-01-09T09:32:54","date_gmt":"2024-01-09T08:32:54","guid":{"rendered":"https:\/\/vineyard-mc.com\/?page_id=988402"},"modified":"2024-01-11T13:28:12","modified_gmt":"2024-01-11T12:28:12","slug":"neuigkeiten-2","status":"publish","type":"page","link":"https:\/\/vineyard-mc.com\/en\/aktuelles\/neuigkeiten-2\/","title":{"rendered":"Interviews"},"content":{"rendered":"<div class=\"row\"><div class=\"wpv-grid grid-1-1  wpv-first-level first unextended\" style=\"padding-top:0px;padding-bottom:0px\" id=\"wpv-column-ea14dd03f6c7532cfc67735eb0cb4bbf\" ><div class=\"row\"><div class=\"wpv-grid grid-1-3  first unextended\" style=\"padding-top:0px;padding-bottom:0px\" id=\"wpv-column-f0c29633b9b755d13a144feb254669ed\" ><div class=\"clearfix dropcap-wrapper\"><div class=\"dropcap-left\"><span class='dropcap1'>V<\/span><\/div><div class=\"dropcap-text\">IT and Data Protection Legislation<\/div> <\/div> <div class=\"push\" style='height:20px'><\/div>\n<p>Dr Michael Rath, partner at the law firm Luther, on how to gain a competitive edge through the effective management of IT and data protection law. Vineyard Management Consulting interview series.<\/p>\n<p><a href=\"https:\/\/vineyard-mc.com\/en\/wettbewerbsvorteile-erschliesen-durch-das-effektive-management-von-it-und-datenschutzrecht\/\">read more<\/a><\/div>\n<div class=\"wpv-grid grid-1-3  unextended\" style=\"padding-top:0px;padding-bottom:0px\" id=\"wpv-column-90d38bfa3e503cee0fef0b7ede9d3f58\" ><div class=\"clearfix dropcap-wrapper\"><div class=\"dropcap-left\"><span class='dropcap1'>V<\/span><\/div><div class=\"dropcap-text\">IT Security Trends and Frameworks<\/div> <\/div> <div class=\"push\" style='height:20px'><\/div>\n<p>Management consultant Carsten Fabig on IT security trends and frameworks in practice. Vineyard Management Consulting interview series.<\/p>\n<p><a href=\"https:\/\/vineyard-mc.com\/en\/it-security-trends-und-frameworks\/\">read more<\/a><\/div>\n<div class=\"wpv-grid grid-1-3  unextended\" style=\"padding-top:0px;padding-bottom:0px\" id=\"wpv-column-1ee38322c9b338fe5ec1bd9360a4c340\" ><div class=\"clearfix dropcap-wrapper\"><div class=\"dropcap-left\"><span class='dropcap1'>V<\/span><\/div><div class=\"dropcap-text\">Crossing the Knowing-Doing Gaps<\/div> <\/div> <div class=\"push\" style='height:20px'><\/div>\n<p>bildwerkk founder and management consultant Jochen Schuchardt talks about his experiences and solutions for gaps between decisions and execution. Vineyard Management Consulting interview series.<\/p>\n<p><a href=\"https:\/\/vineyard-mc.com\/en\/crossing-the-knowing-doing-gap\/\">read more<\/a><\/div><\/div>\n<div class=\"push\" style='height:30px'><\/div>\n<div class=\"row\"><div class=\"wpv-grid grid-1-3  first unextended\" style=\"padding-top:0px;padding-bottom:0px\" id=\"wpv-column-dda2f3860656a25df9e96ee99ab5e584\" ><div class=\"clearfix dropcap-wrapper\"><div class=\"dropcap-left\"><span class='dropcap1'>V<\/span><\/div><div class=\"dropcap-text\">Balanced Scorecard for SMEs<\/div> <\/div> <div class=\"push\" style='height:20px'><\/div>\n<p>Management consultant Hans-J\u00f6rg Vohl (Project Management Partners) on the special challenges and opportunities of using balanced scorecards in SMEs. Vineyard Management Consulting interview series.<\/p>\n<p><a href=\"https:\/\/vineyard-mc.com\/en\/balanced-scorecard-bsc-im-mittelstand\/\">read more<\/a><\/div>\n<div class=\"wpv-grid grid-1-3  unextended\" style=\"padding-top:0px;padding-bottom:0px\" id=\"wpv-column-f87e68da543f39953a1c5169072097b3\" ><div class=\"clearfix dropcap-wrapper\"><div class=\"dropcap-left\"><span class='dropcap1'>V<\/span><\/div><div class=\"dropcap-text\">Knowledge Management<\/div> <\/div> <div class=\"push\" style='height:20px'><\/div>\n<p>Coach and knowledge management expert Christian Keller explains the opportunities that knowledge management can offer practitioners in the coming years. Vineyard Management Consulting interview series.<\/p>\n<p><a href=\"https:\/\/vineyard-mc.com\/en\/wissensmanagement\/\">read more<\/a><\/div>\n<div class=\"wpv-grid grid-1-3  unextended\" style=\"padding-top:0px;padding-bottom:0px\" id=\"wpv-column-49641552d77a01a9131ad2875fa9fe17\" ><div class=\"clearfix dropcap-wrapper\"><div class=\"dropcap-left\"><span class='dropcap1'>V<\/span><\/div><div class=\"dropcap-text\">Complexity Management<\/div> <\/div> <div class=\"push\" style='height:20px'><\/div>\n<p>Management consultant Alexander Haasper sees opportunities for competitive advantage and innovation in the methodical handling of complexity - simply reducing complexity should not be the goal. Vineyard Management Consulting interview series.<\/p>\n<p><a href=\"https:\/\/vineyard-mc.com\/en\/intelligenter-umgang-mit-komplexitat-lohnt-sich\/\">read more<\/a><\/div><\/div><\/div><\/div>","protected":false},"excerpt":{"rendered":"<p>Dr. Michael Rath, Partner bei der Rechtsanwaltskanzlei Luther, \u00fcber die Erschlie\u00dfung von Wettbewerbsvorteilen durch das effektive Management von IT- und Datenschutzrecht. Vineyard Management Consulting-Interviewreihe. mehr Managementberater Carsten Fabig \u00fcber IT Security Trends und Frameworks in der Praxis. Vineyard Management Consulting-Interviewreihe. mehr bildwerkk-Gr\u00fcnder und Management Berater Jochen Schuchardt zu den Erfahrungen und L\u00f6sungen f\u00fcr Gr\u00e4ben zwischen&#8230;<\/p>","protected":false},"author":2,"featured_media":0,"parent":277,"menu_order":15,"comment_status":"closed","ping_status":"closed","template":"","meta":{"footnotes":""},"class_list":["post-988402","page","type-page","status-publish","hentry"],"yoast_head":"<!-- This site is optimized with the Yoast SEO plugin v27.4 - https:\/\/yoast.com\/product\/yoast-seo-wordpress\/ -->\n<title>Interviews - Vineyard Management Consulting GmbH<\/title>\n<meta name=\"robots\" content=\"index, follow, max-snippet:-1, max-image-preview:large, max-video-preview:-1\" \/>\n<link rel=\"canonical\" href=\"https:\/\/vineyard-mc.com\/en\/aktuelles\/neuigkeiten-2\/\" \/>\n<meta property=\"og:locale\" content=\"en_GB\" \/>\n<meta property=\"og:type\" content=\"article\" \/>\n<meta property=\"og:title\" content=\"Interviews - Vineyard Management Consulting GmbH\" \/>\n<meta property=\"og:description\" content=\"Dr. Michael Rath, Partner bei der Rechtsanwaltskanzlei Luther, \u00fcber die Erschlie\u00dfung von Wettbewerbsvorteilen durch das effektive Management von IT- und Datenschutzrecht. Vineyard Management Consulting-Interviewreihe. mehr Managementberater Carsten Fabig \u00fcber IT Security Trends und Frameworks in der Praxis. Vineyard Management Consulting-Interviewreihe. mehr bildwerkk-Gr\u00fcnder und Management Berater Jochen Schuchardt zu den Erfahrungen und L\u00f6sungen f\u00fcr Gr\u00e4ben zwischen...\" \/>\n<meta property=\"og:url\" content=\"https:\/\/vineyard-mc.com\/en\/aktuelles\/neuigkeiten-2\/\" \/>\n<meta property=\"og:site_name\" content=\"Vineyard Management Consulting GmbH\" \/>\n<meta property=\"article:modified_time\" content=\"2024-01-11T12:28:12+00:00\" \/>\n<meta name=\"twitter:card\" content=\"summary_large_image\" \/>\n<meta name=\"twitter:label1\" content=\"Estimated reading time\" \/>\n\t<meta name=\"twitter:data1\" content=\"2 minutes\" \/>\n<script type=\"application\/ld+json\" class=\"yoast-schema-graph\">{\"@context\":\"https:\\\/\\\/schema.org\",\"@graph\":[{\"@type\":\"WebPage\",\"@id\":\"https:\\\/\\\/vineyard-mc.com\\\/de_de\\\/aktuelles\\\/neuigkeiten-2\\\/\",\"url\":\"https:\\\/\\\/vineyard-mc.com\\\/de_de\\\/aktuelles\\\/neuigkeiten-2\\\/\",\"name\":\"Interviews - Vineyard Management Consulting GmbH\",\"isPartOf\":{\"@id\":\"https:\\\/\\\/vineyard-mc.com\\\/#website\"},\"datePublished\":\"2024-01-09T08:32:54+00:00\",\"dateModified\":\"2024-01-11T12:28:12+00:00\",\"breadcrumb\":{\"@id\":\"https:\\\/\\\/vineyard-mc.com\\\/de_de\\\/aktuelles\\\/neuigkeiten-2\\\/#breadcrumb\"},\"inLanguage\":\"en-GB\",\"potentialAction\":[{\"@type\":\"ReadAction\",\"target\":[\"https:\\\/\\\/vineyard-mc.com\\\/de_de\\\/aktuelles\\\/neuigkeiten-2\\\/\"]}]},{\"@type\":\"BreadcrumbList\",\"@id\":\"https:\\\/\\\/vineyard-mc.com\\\/de_de\\\/aktuelles\\\/neuigkeiten-2\\\/#breadcrumb\",\"itemListElement\":[{\"@type\":\"ListItem\",\"position\":1,\"name\":\"Startseite\",\"item\":\"https:\\\/\\\/vineyard-mc.com\\\/\"},{\"@type\":\"ListItem\",\"position\":2,\"name\":\"Mediathek\",\"item\":\"https:\\\/\\\/vineyard-mc.com\\\/de_de\\\/aktuelles\\\/\"},{\"@type\":\"ListItem\",\"position\":3,\"name\":\"Interviews\"}]},{\"@type\":\"WebSite\",\"@id\":\"https:\\\/\\\/vineyard-mc.com\\\/#website\",\"url\":\"https:\\\/\\\/vineyard-mc.com\\\/\",\"name\":\"Vineyard Management Consulting GmbH\",\"description\":\"Better Ideas - Better Results\",\"publisher\":{\"@id\":\"https:\\\/\\\/vineyard-mc.com\\\/#organization\"},\"alternateName\":\"VMC GmbH\",\"potentialAction\":[{\"@type\":\"SearchAction\",\"target\":{\"@type\":\"EntryPoint\",\"urlTemplate\":\"https:\\\/\\\/vineyard-mc.com\\\/?s={search_term_string}\"},\"query-input\":{\"@type\":\"PropertyValueSpecification\",\"valueRequired\":true,\"valueName\":\"search_term_string\"}}],\"inLanguage\":\"en-GB\"},{\"@type\":\"Organization\",\"@id\":\"https:\\\/\\\/vineyard-mc.com\\\/#organization\",\"name\":\"Vineyard Management Consulting GmbH\",\"url\":\"https:\\\/\\\/vineyard-mc.com\\\/\",\"logo\":{\"@type\":\"ImageObject\",\"inLanguage\":\"en-GB\",\"@id\":\"https:\\\/\\\/vineyard-mc.com\\\/#\\\/schema\\\/logo\\\/image\\\/\",\"url\":\"https:\\\/\\\/vineyard-mc.com\\\/wp-content\\\/uploads\\\/2021\\\/03\\\/VMC-Logo_1.jpg\",\"contentUrl\":\"https:\\\/\\\/vineyard-mc.com\\\/wp-content\\\/uploads\\\/2021\\\/03\\\/VMC-Logo_1.jpg\",\"width\":506,\"height\":665,\"caption\":\"Vineyard Management Consulting GmbH\"},\"image\":{\"@id\":\"https:\\\/\\\/vineyard-mc.com\\\/#\\\/schema\\\/logo\\\/image\\\/\"},\"sameAs\":[\"https:\\\/\\\/de.linkedin.com\\\/company\\\/vineyard-management-consulting-gmbh\"]}]}<\/script>\n<!-- \/ Yoast SEO plugin. -->","yoast_head_json":{"title":"Interviews - Vineyard Management Consulting GmbH","robots":{"index":"index","follow":"follow","max-snippet":"max-snippet:-1","max-image-preview":"max-image-preview:large","max-video-preview":"max-video-preview:-1"},"canonical":"https:\/\/vineyard-mc.com\/en\/aktuelles\/neuigkeiten-2\/","og_locale":"en_GB","og_type":"article","og_title":"Interviews - Vineyard Management Consulting GmbH","og_description":"Dr. Michael Rath, Partner bei der Rechtsanwaltskanzlei Luther, \u00fcber die Erschlie\u00dfung von Wettbewerbsvorteilen durch das effektive Management von IT- und Datenschutzrecht. Vineyard Management Consulting-Interviewreihe. mehr Managementberater Carsten Fabig \u00fcber IT Security Trends und Frameworks in der Praxis. Vineyard Management Consulting-Interviewreihe. mehr bildwerkk-Gr\u00fcnder und Management Berater Jochen Schuchardt zu den Erfahrungen und L\u00f6sungen f\u00fcr Gr\u00e4ben zwischen...","og_url":"https:\/\/vineyard-mc.com\/en\/aktuelles\/neuigkeiten-2\/","og_site_name":"Vineyard Management Consulting GmbH","article_modified_time":"2024-01-11T12:28:12+00:00","twitter_card":"summary_large_image","twitter_misc":{"Estimated reading time":"2 minutes"},"schema":{"@context":"https:\/\/schema.org","@graph":[{"@type":"WebPage","@id":"https:\/\/vineyard-mc.com\/de_de\/aktuelles\/neuigkeiten-2\/","url":"https:\/\/vineyard-mc.com\/de_de\/aktuelles\/neuigkeiten-2\/","name":"Interviews - Vineyard Management Consulting GmbH","isPartOf":{"@id":"https:\/\/vineyard-mc.com\/#website"},"datePublished":"2024-01-09T08:32:54+00:00","dateModified":"2024-01-11T12:28:12+00:00","breadcrumb":{"@id":"https:\/\/vineyard-mc.com\/de_de\/aktuelles\/neuigkeiten-2\/#breadcrumb"},"inLanguage":"en-GB","potentialAction":[{"@type":"ReadAction","target":["https:\/\/vineyard-mc.com\/de_de\/aktuelles\/neuigkeiten-2\/"]}]},{"@type":"BreadcrumbList","@id":"https:\/\/vineyard-mc.com\/de_de\/aktuelles\/neuigkeiten-2\/#breadcrumb","itemListElement":[{"@type":"ListItem","position":1,"name":"Startseite","item":"https:\/\/vineyard-mc.com\/"},{"@type":"ListItem","position":2,"name":"Mediathek","item":"https:\/\/vineyard-mc.com\/de_de\/aktuelles\/"},{"@type":"ListItem","position":3,"name":"Interviews"}]},{"@type":"WebSite","@id":"https:\/\/vineyard-mc.com\/#website","url":"https:\/\/vineyard-mc.com\/","name":"Vineyard Management Consulting GmbH","description":"Better Ideas - Better Results","publisher":{"@id":"https:\/\/vineyard-mc.com\/#organization"},"alternateName":"VMC GmbH","potentialAction":[{"@type":"SearchAction","target":{"@type":"EntryPoint","urlTemplate":"https:\/\/vineyard-mc.com\/?s={search_term_string}"},"query-input":{"@type":"PropertyValueSpecification","valueRequired":true,"valueName":"search_term_string"}}],"inLanguage":"en-GB"},{"@type":"Organization","@id":"https:\/\/vineyard-mc.com\/#organization","name":"Vineyard Management Consulting GmbH","url":"https:\/\/vineyard-mc.com\/","logo":{"@type":"ImageObject","inLanguage":"en-GB","@id":"https:\/\/vineyard-mc.com\/#\/schema\/logo\/image\/","url":"https:\/\/vineyard-mc.com\/wp-content\/uploads\/2021\/03\/VMC-Logo_1.jpg","contentUrl":"https:\/\/vineyard-mc.com\/wp-content\/uploads\/2021\/03\/VMC-Logo_1.jpg","width":506,"height":665,"caption":"Vineyard Management Consulting GmbH"},"image":{"@id":"https:\/\/vineyard-mc.com\/#\/schema\/logo\/image\/"},"sameAs":["https:\/\/de.linkedin.com\/company\/vineyard-management-consulting-gmbh"]}]}},"_links":{"self":[{"href":"https:\/\/vineyard-mc.com\/en\/wp-json\/wp\/v2\/pages\/988402","targetHints":{"allow":["GET"]}}],"collection":[{"href":"https:\/\/vineyard-mc.com\/en\/wp-json\/wp\/v2\/pages"}],"about":[{"href":"https:\/\/vineyard-mc.com\/en\/wp-json\/wp\/v2\/types\/page"}],"author":[{"embeddable":true,"href":"https:\/\/vineyard-mc.com\/en\/wp-json\/wp\/v2\/users\/2"}],"replies":[{"embeddable":true,"href":"https:\/\/vineyard-mc.com\/en\/wp-json\/wp\/v2\/comments?post=988402"}],"version-history":[{"count":5,"href":"https:\/\/vineyard-mc.com\/en\/wp-json\/wp\/v2\/pages\/988402\/revisions"}],"predecessor-version":[{"id":988561,"href":"https:\/\/vineyard-mc.com\/en\/wp-json\/wp\/v2\/pages\/988402\/revisions\/988561"}],"up":[{"embeddable":true,"href":"https:\/\/vineyard-mc.com\/en\/wp-json\/wp\/v2\/pages\/277"}],"wp:attachment":[{"href":"https:\/\/vineyard-mc.com\/en\/wp-json\/wp\/v2\/media?parent=988402"}],"curies":[{"name":"wp","href":"https:\/\/api.w.org\/{rel}","templated":true}]}}