{"id":988978,"date":"2024-06-10T15:25:43","date_gmt":"2024-06-10T13:25:43","guid":{"rendered":"https:\/\/vineyard-mc.com\/?page_id=988978"},"modified":"2025-12-22T15:13:41","modified_gmt":"2025-12-22T14:13:41","slug":"sarah-dayfallah","status":"publish","type":"page","link":"https:\/\/vineyard-mc.com\/en\/das-team-der-vineyard-management-consulting-gmbh\/sarah-dayfallah\/","title":{"rendered":"Sarah Dayfallah"},"content":{"rendered":"<div class=\"row\"><div class=\"wpv-grid grid-2-5  wpv-first-level first unextended\" style=\"padding-top:0px;padding-bottom:0px\" id=\"wpv-column-2387d718d59d9afc96ab4910cc14eb6a\" ><div class=\"row\"><div class=\"wpv-grid grid-1-1  first unextended\" style=\"padding-top:0px;padding-bottom:0px\" id=\"wpv-column-80e1a658fcd1b1a6d389e1a9049d99dd\" ><p><img loading=\"lazy\" decoding=\"async\" class=\"size-medium wp-image-988499 aligncenter\" src=\"https:\/\/vineyard-mc.com\/wp-content\/uploads\/2024\/01\/Miebach_627x896_enhanced-e1704813168695-300x300.jpg\" alt=\"ProfilbildSarahMiebach\" width=\"300\" height=\"300\" srcset=\"https:\/\/vineyard-mc.com\/wp-content\/uploads\/2024\/01\/Miebach_627x896_enhanced-e1704813168695-300x300.jpg 300w, https:\/\/vineyard-mc.com\/wp-content\/uploads\/2024\/01\/Miebach_627x896_enhanced-e1704813168695-150x150.jpg 150w, https:\/\/vineyard-mc.com\/wp-content\/uploads\/2024\/01\/Miebach_627x896_enhanced-e1704813168695-12x12.jpg 12w, https:\/\/vineyard-mc.com\/wp-content\/uploads\/2024\/01\/Miebach_627x896_enhanced-e1704813168695-60x60.jpg 60w, https:\/\/vineyard-mc.com\/wp-content\/uploads\/2024\/01\/Miebach_627x896_enhanced-e1704813168695.jpg 627w\" sizes=\"auto, (max-width: 300px) 100vw, 300px\" \/><\/div><\/div>\n<div class=\"row\"><div class=\"wpv-grid grid-1-1  first unextended\" style=\"padding-top:0px;padding-bottom:0px\" id=\"wpv-column-6c809a86eb85117a88921cc06b8700c5\" ><p>CONTACT:<\/p>\n<p>dayfallah@vineyard-mc.com<\/p>\n<p>EXPERTISE:<\/p>\n<p><a href=\"https:\/\/vineyard-mc.com\/en\/leistungen\/transition\/\">Transition Management<\/a> \u2192<br \/>\n<a href=\"https:\/\/vineyard-mc.com\/en\/leistungen\/project\/\">Project Management<\/a> \u2192<br \/>\nInformation security \u2192<\/p>\n<p>STUDIES:<\/p>\n<p>Bachelor of Science, Johann Wolfgang Goethe-Universit\u00e4t Frankfurt am Main<\/div><\/div><\/div>\n<div class=\"wpv-grid grid-3-5  wpv-first-level unextended\" style=\"padding-top:0px;padding-bottom:0px\" id=\"wpv-column-139dd5455f50f447931b5a4a3eb20c09\" ><div class=\"row\"><div class=\"wpv-grid grid-1-1  first unextended\" style=\"padding-top:0px;padding-bottom:0px\" id=\"wpv-column-7c99e32df946d32e2514f7c09dbfd17c\" ><p>Sarah ist eine erfahrene Unternehmensberaterin mit \u00fcber 7 Jahren Erfahrung in der Steuerung und Umsetzung von Ver\u00e4nderungs- und Transformationsprozessen sowie Organisationsgestaltung und Projektmanagement. Sarah besitzt praktische Beratererfahrung sowohl national als auch international und hat bereits zahlreiche Transformationen und Organisations\u00e4nderungen begleitet (>10 Projekte). Dank ihrer Erfahrung in organisatorischen Transformationen und Coaching gelingt es ihr Ver\u00e4nderungsma\u00dfnahmen wirkungsvoll und nachhaltig gemeinsam mit F\u00fchrungskr\u00e4ften und Mitarbeitenden umzusetzen. Sarah verf\u00fcgt neben ihrer Expertise in Ver\u00e4nderungsprozessen \u00fcber langj\u00e4hrige Erfahrung im Projekt- und Programmmanagement. Sie unterst\u00fctzt Kunden dabei, selbst in komplexen Umgebungen schlanke und effiziente Strukturen zu etablieren, Stakeholder orientiert zu kommunizieren und Programme erfolgreich auf- und umzusetzen.<\/p>\n<p>Kernkompetenzen von Sarah sind:<\/p>\n<ul>\n<li><b>Projektmanagement \/ Programmmanagement <\/b>in gro\u00dfen Transformationsprojekten, insbesondere bei der Einf\u00fchrung neuer Organisationsstrukturen, Prozesse und Zusammenarbeitsmodellen (agil, digital). Sarah bietet umfassende Unterst\u00fctzung bei der Projektplanung, Koordination und Nachverfolgung aller Ma\u00dfnahmen (inkl. Aktivit\u00e4ten, Termine, Verantwortlichkeiten und Effekte) sowie bei der effektiven Kommunikation und Berichterstattung. Dies gew\u00e4hrleistet eine reibungslose Umsetzung und nachhaltigen Erfolg von Transformationsprojekten<\/li>\n<li><b>Begleitung von organisatorischen Ver\u00e4nderungen, Transformations- und Change-Prozessen<\/b> mit Fokus auf ergebnisorientierte Steuerung und Umsetzung. Sarah hat bereits zahlreiche Ver\u00e4nderungsprozesse begleitet und unterst\u00fctzt Kunden neben ihrer Expertise in Steuerung und Kommunikation vor allem dank ihrer Coaching Ausbildung auch in Teamentwicklungsthemen, Kultur und F\u00fchrungsthemen.<\/li>\n<li><b>Projekt-Portfolio-Steuerung<\/b> mit dem Schwerpunkt auf Unterst\u00fctzung bei der Priorisierung, Koordination und Monitoring aller Projekte innerhalb eines Portfolios, inklusive transparenter Kommunikation und regelm\u00e4\u00dfige Berichterstattung an Key Stakeholder (Gesch\u00e4ftsf\u00fchrung, Programmleitung, etc.) mit dem Ziel, dass Projekte im Einklang mit den strategischen Zielen des Unternehmens umgesetzt werden<\/li>\n<li><b>Organisationsgestaltung<\/b>: Sowohl Unterst\u00fctzung bei strategischen Analysen und konzeptioneller Arbeit sowie bei der Umsetzung organisatorischer Ver\u00e4nderungen. Sarah besitzt langj\u00e4hrige Erfahrung in der Entwicklung und Umsetzung von Target Operating Models (TOM), Ma\u00dfnahmen zur Effizienzsteigerung sowie Optimierung von Organisationsstrukturen und Verbesserung funktions\u00fcbergreifender Zusammenarbeit<\/li>\n<li><b>Coaching im Rahmen von Ver\u00e4nderungsprozessen<\/b>, implizit im Rahmen der Begleitung von Transformationsprojekten und organisatorischen Ver\u00e4nderungen sowie explizit auf Anfrage bei Ver\u00e4nderung der F\u00fchrungsverantwortung, Einf\u00fchrung neuer Teamstrukturen oder beruflicher Ver\u00e4nderung (neue Position\/Rolle, neues Team, etc.)<\/li>\n<\/ul>\n<p>Sarah hat ihren Master-Abschluss in International Business an der University of St. Andrews erworben sowie ihren Bachelor (B.Sc.) in Wirtschaftswissenschaften an der Goethe-Universit\u00e4t Frankfurt. Zu diesen geh\u00f6ren:<\/p>\n<ul>\n<li>Business Coaching Zertifikat<\/li>\n<li>Resilienz Trainer Zertifikat<\/li>\n<li><b>Technology &#038; Tools: <\/b>MS Office (Word, Excel, PowerPoint, ThinkCell, MS Project), SharePoint<\/li>\n<\/ul><\/div><\/div><\/div><\/div>\n<div class=\"row\"><div class=\"wpv-grid grid-1-1  wpv-first-level first unextended\" style=\"padding-top:0px;padding-bottom:0px\" id=\"wpv-column-2703be769716c27004ef8a6ece7ccaa6\" >\t\t<div class=\"sep-text single centered\">\n\t\t\t\t\t\t\t<span class=\"sep-text-before\"><div class=\"sep-text-line\"><\/div><\/span>\n\t\t\t\t\t\t<div class=\"content\">\n\t\t\t\t<h2 class=\"text-divider-double\">Your Message<\/h2>\t\t\t<\/div>\n\t\t\t<span class=\"sep-text-after\"><div class=\"sep-text-line\"><\/div><\/span>\n\t\t\t\t\t<\/div>\n\t<div class=\"row\"><div class=\"wpv-grid grid-1-1  first unextended\" style=\"padding-top:0px;padding-bottom:0px\" id=\"wpv-column-a00a08337321c19be937b9f82df40f26\" ><p>\n<div class=\"wpcf7 no-js\" id=\"wpcf7-f10-o1\" lang=\"en-US\" dir=\"ltr\" data-wpcf7-id=\"10\">\n<div class=\"screen-reader-response\"><p role=\"status\" aria-live=\"polite\" aria-atomic=\"true\"><\/p> <ul><\/ul><\/div>\n<form action=\"\/en\/wp-json\/wp\/v2\/pages\/988978#wpcf7-f10-o1\" method=\"post\" class=\"wpcf7-form init\" aria-label=\"Contact form\" novalidate=\"novalidate\" data-status=\"init\" data-trp-original-action=\"\/en\/wp-json\/wp\/v2\/pages\/988978#wpcf7-f10-o1\">\n<fieldset class=\"hidden-fields-container\"><input type=\"hidden\" name=\"_wpcf7\" value=\"10\" \/><input type=\"hidden\" name=\"_wpcf7_version\" value=\"6.1.5\" \/><input type=\"hidden\" name=\"_wpcf7_locale\" value=\"en_US\" \/><input type=\"hidden\" name=\"_wpcf7_unit_tag\" value=\"wpcf7-f10-o1\" \/><input type=\"hidden\" name=\"_wpcf7_container_post\" value=\"0\" \/><input type=\"hidden\" name=\"_wpcf7_posted_data_hash\" value=\"\" \/>\n<\/fieldset>\n<div class=\"row\">\n\t<div class=\"grid-1-3\">\n\t\t<p><span class=\"wpcf7-form-control-wrap\" data-name=\"Name\"><input size=\"40\" maxlength=\"400\" class=\"wpcf7-form-control wpcf7-text wpcf7-validates-as-required\" aria-required=\"true\" aria-invalid=\"false\" value=\"Ihr Name \/ Your name\" type=\"text\" name=\"Name\" \/><\/span>\n\t\t<\/p>\n\t<\/div>\n\t<div class=\"grid-1-3\">\n\t\t<p><span class=\"wpcf7-form-control-wrap\" data-name=\"E-mail\"><input size=\"40\" maxlength=\"400\" class=\"wpcf7-form-control wpcf7-text wpcf7-validates-as-required\" aria-required=\"true\" aria-invalid=\"false\" value=\"E-Mail \/ email\" type=\"text\" name=\"E-mail\" \/><\/span>\n\t\t<\/p>\n\t<\/div>\n\t<div class=\"grid-1-3\">\n\t\t<p><span class=\"wpcf7-form-control-wrap\" data-name=\"Phone\"><input size=\"40\" maxlength=\"400\" class=\"wpcf7-form-control wpcf7-text\" aria-invalid=\"false\" value=\"Telefon \/ Phone\" type=\"text\" name=\"Phone\" \/><\/span>\n\t\t<\/p>\n\t<\/div>\n\t<div class=\"grid-1-1\">\n\t\t<p><span class=\"wpcf7-form-control-wrap\" data-name=\"Subject\"><input size=\"40\" maxlength=\"400\" class=\"wpcf7-form-control wpcf7-text wpcf7-validates-as-required\" aria-required=\"true\" aria-invalid=\"false\" value=\"Ihr Thema \/ Subject\" type=\"text\" name=\"Subject\" \/><\/span>\n\t\t<\/p>\n\t<\/div>\n\t<div class=\"grid-1-1\">\n\t\t<p><span class=\"wpcf7-form-control-wrap\" data-name=\"Message\"><textarea cols=\"40\" rows=\"10\" maxlength=\"2000\" class=\"wpcf7-form-control wpcf7-textarea wpcf7-validates-as-required\" aria-required=\"true\" aria-invalid=\"false\" name=\"Message\">Ihre Nachricht... \/ Your message...<\/textarea><\/span>\n\t\t<\/p>\n\t<\/div>\n\t<div style= \"text-align: center;\">\n\t\t<p><input class=\"wpcf7-form-control wpcf7-submit has-spinner\" type=\"submit\" value=\"Absenden \/ Send \u2192\" \/>\n\t\t<\/p>\n\t<\/div>\n<\/div><div class=\"wpcf7-response-output\" aria-hidden=\"true\"><\/div>\n<input type=\"hidden\" name=\"trp-form-language\" value=\"en\"\/><\/form>\n<\/div>\n<\/div><\/div><\/div><\/div>","protected":false},"excerpt":{"rendered":"<p>KONTAKT: dayfallah@vineyard-mc.com SCHWERPUNKTE: Transition Management \u2192 Project Management \u2192 Informationssicherheit \u2192 STUDIUM: Bachelor of Science, Johann Wolfgang Goethe-Universit\u00e4t Frankfurt am Main Sarah ist eine erfahrene Unternehmensberaterin mit \u00fcber 7 Jahren Erfahrung in der Steuerung und Umsetzung von Ver\u00e4nderungs- und Transformationsprozessen sowie Organisationsgestaltung und Projektmanagement. Sarah besitzt praktische Beratererfahrung sowohl national als auch international und hat&#8230;<\/p>","protected":false},"author":6,"featured_media":0,"parent":7774,"menu_order":0,"comment_status":"closed","ping_status":"closed","template":"","meta":{"footnotes":""},"class_list":["post-988978","page","type-page","status-publish","hentry"],"yoast_head":"<!-- This site is optimized with the Yoast SEO plugin v27.3 - https:\/\/yoast.com\/product\/yoast-seo-wordpress\/ -->\n<title>Sarah Dayfallah - Vineyard Management Consulting GmbH<\/title>\n<meta name=\"robots\" content=\"index, follow, max-snippet:-1, max-image-preview:large, max-video-preview:-1\" \/>\n<link rel=\"canonical\" href=\"https:\/\/vineyard-mc.com\/en\/das-team-der-vineyard-management-consulting-gmbh\/sarah-dayfallah\/\" \/>\n<meta property=\"og:locale\" content=\"en_GB\" \/>\n<meta property=\"og:type\" content=\"article\" \/>\n<meta property=\"og:title\" content=\"Sarah Dayfallah - Vineyard Management Consulting GmbH\" \/>\n<meta property=\"og:description\" content=\"KONTAKT: dayfallah@vineyard-mc.com SCHWERPUNKTE: Transition Management \u2192 Project Management \u2192 Informationssicherheit \u2192 STUDIUM: Bachelor of Science, Johann Wolfgang Goethe-Universit\u00e4t Frankfurt am Main Sarah ist eine erfahrene Unternehmensberaterin mit \u00fcber 7 Jahren Erfahrung in der Steuerung und Umsetzung von Ver\u00e4nderungs- und Transformationsprozessen sowie Organisationsgestaltung und Projektmanagement. Sarah besitzt praktische Beratererfahrung sowohl national als auch international und hat...\" \/>\n<meta property=\"og:url\" content=\"https:\/\/vineyard-mc.com\/en\/das-team-der-vineyard-management-consulting-gmbh\/sarah-dayfallah\/\" \/>\n<meta property=\"og:site_name\" content=\"Vineyard Management Consulting GmbH\" \/>\n<meta property=\"article:modified_time\" content=\"2025-12-22T14:13:41+00:00\" \/>\n<meta property=\"og:image\" content=\"https:\/\/vineyard-mc.com\/wp-content\/uploads\/2024\/01\/Miebach_627x896_enhanced-e1704813168695.jpg\" \/>\n\t<meta property=\"og:image:width\" content=\"627\" \/>\n\t<meta property=\"og:image:height\" content=\"627\" \/>\n\t<meta property=\"og:image:type\" content=\"image\/jpeg\" \/>\n<meta name=\"twitter:card\" content=\"summary_large_image\" \/>\n<meta name=\"twitter:label1\" content=\"Estimated reading time\" \/>\n\t<meta name=\"twitter:data1\" content=\"3 minutes\" \/>\n<script type=\"application\/ld+json\" class=\"yoast-schema-graph\">{\"@context\":\"https:\\\/\\\/schema.org\",\"@graph\":[{\"@type\":\"WebPage\",\"@id\":\"https:\\\/\\\/vineyard-mc.com\\\/das-team-der-vineyard-management-consulting-gmbh\\\/sarah-dayfallah\\\/\",\"url\":\"https:\\\/\\\/vineyard-mc.com\\\/das-team-der-vineyard-management-consulting-gmbh\\\/sarah-dayfallah\\\/\",\"name\":\"Sarah Dayfallah - Vineyard Management Consulting GmbH\",\"isPartOf\":{\"@id\":\"https:\\\/\\\/vineyard-mc.com\\\/#website\"},\"primaryImageOfPage\":{\"@id\":\"https:\\\/\\\/vineyard-mc.com\\\/das-team-der-vineyard-management-consulting-gmbh\\\/sarah-dayfallah\\\/#primaryimage\"},\"image\":{\"@id\":\"https:\\\/\\\/vineyard-mc.com\\\/das-team-der-vineyard-management-consulting-gmbh\\\/sarah-dayfallah\\\/#primaryimage\"},\"thumbnailUrl\":\"https:\\\/\\\/vineyard-mc.com\\\/wp-content\\\/uploads\\\/2024\\\/01\\\/Miebach_627x896_enhanced-e1704813168695-300x300.jpg\",\"datePublished\":\"2024-06-10T13:25:43+00:00\",\"dateModified\":\"2025-12-22T14:13:41+00:00\",\"breadcrumb\":{\"@id\":\"https:\\\/\\\/vineyard-mc.com\\\/das-team-der-vineyard-management-consulting-gmbh\\\/sarah-dayfallah\\\/#breadcrumb\"},\"inLanguage\":\"en-GB\",\"potentialAction\":[{\"@type\":\"ReadAction\",\"target\":[\"https:\\\/\\\/vineyard-mc.com\\\/das-team-der-vineyard-management-consulting-gmbh\\\/sarah-dayfallah\\\/\"]}]},{\"@type\":\"ImageObject\",\"inLanguage\":\"en-GB\",\"@id\":\"https:\\\/\\\/vineyard-mc.com\\\/das-team-der-vineyard-management-consulting-gmbh\\\/sarah-dayfallah\\\/#primaryimage\",\"url\":\"https:\\\/\\\/vineyard-mc.com\\\/wp-content\\\/uploads\\\/2024\\\/01\\\/Miebach_627x896_enhanced-e1704813168695-300x300.jpg\",\"contentUrl\":\"https:\\\/\\\/vineyard-mc.com\\\/wp-content\\\/uploads\\\/2024\\\/01\\\/Miebach_627x896_enhanced-e1704813168695-300x300.jpg\"},{\"@type\":\"BreadcrumbList\",\"@id\":\"https:\\\/\\\/vineyard-mc.com\\\/das-team-der-vineyard-management-consulting-gmbh\\\/sarah-dayfallah\\\/#breadcrumb\",\"itemListElement\":[{\"@type\":\"ListItem\",\"position\":1,\"name\":\"Startseite\",\"item\":\"https:\\\/\\\/vineyard-mc.com\\\/\"},{\"@type\":\"ListItem\",\"position\":2,\"name\":\"Unser Team\",\"item\":\"https:\\\/\\\/vineyard-mc.com\\\/das-team-der-vineyard-management-consulting-gmbh\\\/\"},{\"@type\":\"ListItem\",\"position\":3,\"name\":\"Sarah Dayfallah\"}]},{\"@type\":\"WebSite\",\"@id\":\"https:\\\/\\\/vineyard-mc.com\\\/#website\",\"url\":\"https:\\\/\\\/vineyard-mc.com\\\/\",\"name\":\"Vineyard Management Consulting GmbH\",\"description\":\"Better Ideas - Better Results\",\"publisher\":{\"@id\":\"https:\\\/\\\/vineyard-mc.com\\\/#organization\"},\"alternateName\":\"VMC GmbH\",\"potentialAction\":[{\"@type\":\"SearchAction\",\"target\":{\"@type\":\"EntryPoint\",\"urlTemplate\":\"https:\\\/\\\/vineyard-mc.com\\\/?s={search_term_string}\"},\"query-input\":{\"@type\":\"PropertyValueSpecification\",\"valueRequired\":true,\"valueName\":\"search_term_string\"}}],\"inLanguage\":\"en-GB\"},{\"@type\":\"Organization\",\"@id\":\"https:\\\/\\\/vineyard-mc.com\\\/#organization\",\"name\":\"Vineyard Management Consulting GmbH\",\"url\":\"https:\\\/\\\/vineyard-mc.com\\\/\",\"logo\":{\"@type\":\"ImageObject\",\"inLanguage\":\"en-GB\",\"@id\":\"https:\\\/\\\/vineyard-mc.com\\\/#\\\/schema\\\/logo\\\/image\\\/\",\"url\":\"https:\\\/\\\/vineyard-mc.com\\\/wp-content\\\/uploads\\\/2021\\\/03\\\/VMC-Logo_1.jpg\",\"contentUrl\":\"https:\\\/\\\/vineyard-mc.com\\\/wp-content\\\/uploads\\\/2021\\\/03\\\/VMC-Logo_1.jpg\",\"width\":506,\"height\":665,\"caption\":\"Vineyard Management Consulting GmbH\"},\"image\":{\"@id\":\"https:\\\/\\\/vineyard-mc.com\\\/#\\\/schema\\\/logo\\\/image\\\/\"},\"sameAs\":[\"https:\\\/\\\/de.linkedin.com\\\/company\\\/vineyard-management-consulting-gmbh\"]}]}<\/script>\n<!-- \/ Yoast SEO plugin. -->","yoast_head_json":{"title":"Sarah Dayfallah - Vineyard Management Consulting GmbH","robots":{"index":"index","follow":"follow","max-snippet":"max-snippet:-1","max-image-preview":"max-image-preview:large","max-video-preview":"max-video-preview:-1"},"canonical":"https:\/\/vineyard-mc.com\/en\/das-team-der-vineyard-management-consulting-gmbh\/sarah-dayfallah\/","og_locale":"en_GB","og_type":"article","og_title":"Sarah Dayfallah - Vineyard Management Consulting GmbH","og_description":"KONTAKT: dayfallah@vineyard-mc.com SCHWERPUNKTE: Transition Management \u2192 Project Management \u2192 Informationssicherheit \u2192 STUDIUM: Bachelor of Science, Johann Wolfgang Goethe-Universit\u00e4t Frankfurt am Main Sarah ist eine erfahrene Unternehmensberaterin mit \u00fcber 7 Jahren Erfahrung in der Steuerung und Umsetzung von Ver\u00e4nderungs- und Transformationsprozessen sowie Organisationsgestaltung und Projektmanagement. Sarah besitzt praktische Beratererfahrung sowohl national als auch international und hat...","og_url":"https:\/\/vineyard-mc.com\/en\/das-team-der-vineyard-management-consulting-gmbh\/sarah-dayfallah\/","og_site_name":"Vineyard Management Consulting GmbH","article_modified_time":"2025-12-22T14:13:41+00:00","og_image":[{"width":627,"height":627,"url":"https:\/\/vineyard-mc.com\/wp-content\/uploads\/2024\/01\/Miebach_627x896_enhanced-e1704813168695.jpg","type":"image\/jpeg"}],"twitter_card":"summary_large_image","twitter_misc":{"Estimated reading time":"3 minutes"},"schema":{"@context":"https:\/\/schema.org","@graph":[{"@type":"WebPage","@id":"https:\/\/vineyard-mc.com\/das-team-der-vineyard-management-consulting-gmbh\/sarah-dayfallah\/","url":"https:\/\/vineyard-mc.com\/das-team-der-vineyard-management-consulting-gmbh\/sarah-dayfallah\/","name":"Sarah Dayfallah - Vineyard Management Consulting GmbH","isPartOf":{"@id":"https:\/\/vineyard-mc.com\/#website"},"primaryImageOfPage":{"@id":"https:\/\/vineyard-mc.com\/das-team-der-vineyard-management-consulting-gmbh\/sarah-dayfallah\/#primaryimage"},"image":{"@id":"https:\/\/vineyard-mc.com\/das-team-der-vineyard-management-consulting-gmbh\/sarah-dayfallah\/#primaryimage"},"thumbnailUrl":"https:\/\/vineyard-mc.com\/wp-content\/uploads\/2024\/01\/Miebach_627x896_enhanced-e1704813168695-300x300.jpg","datePublished":"2024-06-10T13:25:43+00:00","dateModified":"2025-12-22T14:13:41+00:00","breadcrumb":{"@id":"https:\/\/vineyard-mc.com\/das-team-der-vineyard-management-consulting-gmbh\/sarah-dayfallah\/#breadcrumb"},"inLanguage":"en-GB","potentialAction":[{"@type":"ReadAction","target":["https:\/\/vineyard-mc.com\/das-team-der-vineyard-management-consulting-gmbh\/sarah-dayfallah\/"]}]},{"@type":"ImageObject","inLanguage":"en-GB","@id":"https:\/\/vineyard-mc.com\/das-team-der-vineyard-management-consulting-gmbh\/sarah-dayfallah\/#primaryimage","url":"https:\/\/vineyard-mc.com\/wp-content\/uploads\/2024\/01\/Miebach_627x896_enhanced-e1704813168695-300x300.jpg","contentUrl":"https:\/\/vineyard-mc.com\/wp-content\/uploads\/2024\/01\/Miebach_627x896_enhanced-e1704813168695-300x300.jpg"},{"@type":"BreadcrumbList","@id":"https:\/\/vineyard-mc.com\/das-team-der-vineyard-management-consulting-gmbh\/sarah-dayfallah\/#breadcrumb","itemListElement":[{"@type":"ListItem","position":1,"name":"Startseite","item":"https:\/\/vineyard-mc.com\/"},{"@type":"ListItem","position":2,"name":"Unser Team","item":"https:\/\/vineyard-mc.com\/das-team-der-vineyard-management-consulting-gmbh\/"},{"@type":"ListItem","position":3,"name":"Sarah Dayfallah"}]},{"@type":"WebSite","@id":"https:\/\/vineyard-mc.com\/#website","url":"https:\/\/vineyard-mc.com\/","name":"Vineyard Management Consulting GmbH","description":"Better Ideas - Better Results","publisher":{"@id":"https:\/\/vineyard-mc.com\/#organization"},"alternateName":"VMC GmbH","potentialAction":[{"@type":"SearchAction","target":{"@type":"EntryPoint","urlTemplate":"https:\/\/vineyard-mc.com\/?s={search_term_string}"},"query-input":{"@type":"PropertyValueSpecification","valueRequired":true,"valueName":"search_term_string"}}],"inLanguage":"en-GB"},{"@type":"Organization","@id":"https:\/\/vineyard-mc.com\/#organization","name":"Vineyard Management Consulting GmbH","url":"https:\/\/vineyard-mc.com\/","logo":{"@type":"ImageObject","inLanguage":"en-GB","@id":"https:\/\/vineyard-mc.com\/#\/schema\/logo\/image\/","url":"https:\/\/vineyard-mc.com\/wp-content\/uploads\/2021\/03\/VMC-Logo_1.jpg","contentUrl":"https:\/\/vineyard-mc.com\/wp-content\/uploads\/2021\/03\/VMC-Logo_1.jpg","width":506,"height":665,"caption":"Vineyard Management Consulting GmbH"},"image":{"@id":"https:\/\/vineyard-mc.com\/#\/schema\/logo\/image\/"},"sameAs":["https:\/\/de.linkedin.com\/company\/vineyard-management-consulting-gmbh"]}]}},"_links":{"self":[{"href":"https:\/\/vineyard-mc.com\/en\/wp-json\/wp\/v2\/pages\/988978","targetHints":{"allow":["GET"]}}],"collection":[{"href":"https:\/\/vineyard-mc.com\/en\/wp-json\/wp\/v2\/pages"}],"about":[{"href":"https:\/\/vineyard-mc.com\/en\/wp-json\/wp\/v2\/types\/page"}],"author":[{"embeddable":true,"href":"https:\/\/vineyard-mc.com\/en\/wp-json\/wp\/v2\/users\/6"}],"replies":[{"embeddable":true,"href":"https:\/\/vineyard-mc.com\/en\/wp-json\/wp\/v2\/comments?post=988978"}],"version-history":[{"count":12,"href":"https:\/\/vineyard-mc.com\/en\/wp-json\/wp\/v2\/pages\/988978\/revisions"}],"predecessor-version":[{"id":989616,"href":"https:\/\/vineyard-mc.com\/en\/wp-json\/wp\/v2\/pages\/988978\/revisions\/989616"}],"up":[{"embeddable":true,"href":"https:\/\/vineyard-mc.com\/en\/wp-json\/wp\/v2\/pages\/7774"}],"wp:attachment":[{"href":"https:\/\/vineyard-mc.com\/en\/wp-json\/wp\/v2\/media?parent=988978"}],"curies":[{"name":"wp","href":"https:\/\/api.w.org\/{rel}","templated":true}]}}